{"id":9394,"date":"2021-06-28T10:43:55","date_gmt":"2021-06-28T08:43:55","guid":{"rendered":"https:\/\/www.huilecauvin.com\/?page_id=9394"},"modified":"2024-01-08T21:54:36","modified_gmt":"2024-01-08T20:54:36","slug":"politique-de-confidentialite-2","status":"publish","type":"page","link":"https:\/\/www.huilecauvin.com\/en\/politique-de-confidentialite-2\/","title":{"rendered":"Privacy policy"},"content":{"rendered":"<div data-elementor-type=\"wp-page\" data-elementor-id=\"9394\" class=\"elementor elementor-9394\">\n\t\t\t\t\t\t<section class=\"elementor-section elementor-top-section elementor-element elementor-element-0561da2 elementor-section-boxed elementor-section-height-default elementor-section-height-default\" data-id=\"0561da2\" data-element_type=\"section\" data-e-type=\"section\">\n\t\t\t\t\t\t<div class=\"elementor-container elementor-column-gap-default\">\n\t\t\t\t\t<div class=\"elementor-column elementor-col-100 elementor-top-column elementor-element elementor-element-dc6677b\" data-id=\"dc6677b\" data-element_type=\"column\" data-e-type=\"column\">\n\t\t\t<div class=\"elementor-widget-wrap\">\n\t\t\t\t\t\t\t<\/div>\n\t\t<\/div>\n\t\t\t\t\t<\/div>\n\t\t<\/section>\n\t\t\t\t<section class=\"elementor-section elementor-top-section elementor-element elementor-element-14dd999 elementor-section-boxed elementor-section-height-default elementor-section-height-default\" data-id=\"14dd999\" data-element_type=\"section\" data-e-type=\"section\">\n\t\t\t\t\t\t<div class=\"elementor-container elementor-column-gap-default\">\n\t\t\t\t\t<div class=\"elementor-column elementor-col-100 elementor-top-column elementor-element elementor-element-9f298c3\" data-id=\"9f298c3\" data-element_type=\"column\" data-e-type=\"column\">\n\t\t\t<div class=\"elementor-widget-wrap elementor-element-populated\">\n\t\t\t\t\t\t<div class=\"elementor-element elementor-element-8426e72 elementor-widget elementor-widget-text-editor\" data-id=\"8426e72\" data-element_type=\"widget\" data-e-type=\"widget\" data-widget_type=\"text-editor.default\">\n\t\t\t\t<div class=\"elementor-widget-container\">\n\t\t\t\t\t\t\t\t\t<h2>Politique de cookies<\/h2>\n<p>Lors de la consultation du site internet<strong>&nbsp;<\/strong><strong><a href=\"https:\/\/www.huilecauvin.com\/en\/\">https:\/\/www.huilecauvin.com<\/a><\/strong>&nbsp;(le&nbsp;\u00ab&nbsp;<strong>Site<\/strong>&nbsp;\u00bb), des informations relatives \u00e0 la navigation de votre terminal (ordinateur, tablette, smartphone, etc.), sont susceptibles d\u2019\u00eatre enregistr\u00e9es dans des fichiers \u00ab&nbsp;<strong>Cookies<\/strong>&nbsp;\u00bb install\u00e9s sur votre terminal, conform\u00e9ment aux choix que vous avez exprim\u00e9s et que vous pouvez modifier \u00e0 tout moment.<\/p>\n<h3><strong>1. D\u00e9finition des Cookies<\/strong><\/h3>\n<p>Un Cookie ou \u00ab&nbsp;traceur&nbsp;\u00bb est un petit fichier texte susceptible d\u2019\u00eatre enregistr\u00e9, sous r\u00e9serve de vos choix, dans un espace d\u00e9di\u00e9 de l\u2019espace de stockage de votre terminal, \u00e0 l\u2019occasion de la consultation de notre site internet. Un fichier Cookie permet \u00e0 son \u00e9metteur d\u2019identifier le terminal dans lequel il est enregistr\u00e9, pendant la dur\u00e9e de validit\u00e9 ou d\u2019enregistrement du Cookie.<\/p>\n<p>L&#8217;utilisation de ces traceurs est soumise \u00e0 votre consentement d\u00e8s lors qu&#8217;ils ne sont pas strictement&nbsp;n\u00e9cessaires au fonctionnement de notre Site ou que leur finalit\u00e9 ne se limite pas \u00e0 la seule mesure d\u2019audience.<\/p>\n<h3><strong>2. Quels sont les Cookies utilis\u00e9s et pour quelles finalit\u00e9s ?<\/strong><\/h3>\n<p>Dans le cadre de l\u2019exploitation du Site, vous \u00eates inform\u00e9s que nous mettons en place, directement ou indirectement, les cookies<strong>&nbsp;<\/strong>list\u00e9s ci-dessous.<strong>&nbsp;<\/strong><strong>&nbsp;<\/strong><\/p>\n<h4><strong>&nbsp;&nbsp;&nbsp;&nbsp;&nbsp;&nbsp;&nbsp;&nbsp;&nbsp;&nbsp;&nbsp; 2.1. Les Cookies strictement n\u00e9cessaires au fonctionnement du Site<\/strong><\/h4>\n<p>Ces Cookies sont n\u00e9cessaires pour assurer&nbsp;le fonctionnement optimal du Site et contribuent \u00e0 rendre le Site utilisable en activant des fonctions de base comme la navigation de page et l&#8217;acc\u00e8s aux zones s\u00e9curis\u00e9es du Site. Le Site ne peut pas fonctionner correctement sans ces cookies.<\/p>\n<p>Nous vous rappelons que ces Cookies techniques \u00e9tant strictement n\u00e9cessaires au bon fonctionnement du Site, ils ne peuvent \u00eatre param\u00e9tr\u00e9s.<\/p>\n<h4><strong>&nbsp;&nbsp;&nbsp;&nbsp;&nbsp;&nbsp;&nbsp;&nbsp;&nbsp;&nbsp; 2.2. Les Cookies fonctionnels pour personnaliser votre navigation sur le Site<\/strong><\/h4>\n<p>Ces Cookies permettent de se souvenir de vos pr\u00e9f\u00e9rences et des choix que vous avez exprim\u00e9s (langue utilis\u00e9e, r\u00e9solution d&#8217;affichage, syst\u00e8me d&#8217;exploitation utilis\u00e9) afin d&#8217;adapter la pr\u00e9sentation de notre Site.<br><br><\/p>\n<h4><strong>&nbsp;&nbsp;&nbsp;&nbsp;&nbsp;&nbsp;&nbsp;&nbsp;&nbsp; 2.3. Les Cookies analytique, de mesure d\u2019audience<\/strong><\/h4>\n<p>Ces Cookies permettent de recueillir des informations sur la fa\u00e7on dont vous utilisez le Site (par exemple&nbsp;: les pages du Site le plus souvent consult\u00e9es). Ces Cookies permettent d&#8217;\u00e9tablir des statistiques et volumes de fr\u00e9quentation et d&#8217;utilisation des divers \u00e9l\u00e9ments composant notre Site (rubriques et contenus visit\u00e9s, parcours), nous aidant \u00e0 am\u00e9liorer l&#8217;int\u00e9r\u00eat et l&#8217;ergonomie de nos services.<\/p>\n<p><strong>Nom du Cookie &nbsp;&nbsp;&nbsp;&nbsp;&nbsp;&nbsp;&nbsp;&nbsp;&nbsp;&nbsp;&nbsp;&nbsp;&nbsp;<\/strong><strong>&nbsp;<\/strong><strong>Finalit\u00e9(s)&nbsp;&nbsp;&nbsp;&nbsp;&nbsp;&nbsp;&nbsp;&nbsp;&nbsp;&nbsp;&nbsp;&nbsp;&nbsp;&nbsp;&nbsp;&nbsp;&nbsp;<\/strong><strong>&nbsp;<\/strong><strong>Expiration<\/strong><strong>&nbsp;<\/strong><br>Google Tag Manager&nbsp;&nbsp;&nbsp;&nbsp;&nbsp;&nbsp;&nbsp;&nbsp;&nbsp;Mesure d&#8217;audience&nbsp;&nbsp;&nbsp;&nbsp; 13 mois<\/p>\n<p><\/p>\n<h4><strong>&nbsp;&nbsp;&nbsp;&nbsp;&nbsp;&nbsp;&nbsp;&nbsp; 2.4. Les Cookies publicitaires<\/strong><\/h4>\n<p>Les Cookies publicitaires peuvent \u00eatre cr\u00e9\u00e9s par le Site directement, mais \u00e9galement par d\u2019autres sites internet diffusant des publicit\u00e9s, annonces, widgets ou autres \u00e9l\u00e9ments sur la page affich\u00e9e. Ces Cookies peuvent notamment \u00eatre utilis\u00e9s pour effectuer de la publicit\u00e9 cibl\u00e9e, c\u2019est-\u00e0-dire de la publicit\u00e9 d\u00e9termin\u00e9e en fonction de la navigation de l\u2019utilisateur.<\/p>\n<p><strong>&nbsp;&nbsp;&nbsp;&nbsp;&nbsp;&nbsp;&nbsp;&nbsp;&nbsp;&nbsp;&nbsp;&nbsp;&nbsp;&nbsp; 2.4.1. Les Cookies publicitaires mis en place directement sur notre Site<\/strong><strong>&nbsp;<\/strong><\/p>\n<p><strong>Nom du Cookie &nbsp;&nbsp;&nbsp;&nbsp;&nbsp;&nbsp;&nbsp;&nbsp;&nbsp;&nbsp;&nbsp;&nbsp;&nbsp;<\/strong><strong>&nbsp;<\/strong><strong>Finalit\u00e9(s)&nbsp;&nbsp;&nbsp;&nbsp;&nbsp;&nbsp;&nbsp;&nbsp;&nbsp;&nbsp;&nbsp;&nbsp;&nbsp;&nbsp;&nbsp;&nbsp;&nbsp;<\/strong><strong>&nbsp;<\/strong><strong>Expiration<\/strong><strong>&nbsp;<\/strong><br>Aucun cookie de ce type.<br><strong>&nbsp;&nbsp;&nbsp;&nbsp;&nbsp;&nbsp;&nbsp;&nbsp;&nbsp;&nbsp;&nbsp;&nbsp;&nbsp;&nbsp;<\/strong><strong>&nbsp;<\/strong><strong>2.4.2. Les Cookies publicitaires mis en place par des tiers (exemple facebook, twitter, youtube, \u2026)<\/strong><\/p>\n<p><strong>Nom du Cookie &nbsp;&nbsp;&nbsp;&nbsp;&nbsp;&nbsp;&nbsp;&nbsp;&nbsp;&nbsp;&nbsp;&nbsp;&nbsp;<\/strong><strong>&nbsp;<\/strong><strong>Finalit\u00e9(s)&nbsp;&nbsp;&nbsp;&nbsp;&nbsp;&nbsp;&nbsp;&nbsp;&nbsp;&nbsp;&nbsp;&nbsp;&nbsp;&nbsp;&nbsp;&nbsp;&nbsp;<\/strong><strong>&nbsp;<\/strong><strong>Expiration<\/strong><strong>&nbsp;<\/strong><br>Aucun cookie de ce type.<\/p>\n<h3><strong>3. Combien de temps sont conserv\u00e9s les Cookies&nbsp;?<\/strong><\/h3>\n<p>Nous vous informons que l\u2019usage des Cookies peut \u00eatre limit\u00e9 \u00e0 la dur\u00e9e de votre navigation sur le Site avec une suppression automatique lorsque vous quittez le Site (Cookies de session) ou bien \u00eatre conserv\u00e9 pendant un laps de temps d\u00e9fini apr\u00e8s votre passage sur le site (Cookies persistants). En tout \u00e9tat de cause, la dur\u00e9e de conservation des Cookies ne saurait d\u00e9passer six (6) mois \u00e0 l\u2019exception des cookies mesure d\u2019audience qui peuvent \u00eatre conserv\u00e9s jusqu\u2019\u00e0 treize (13) mois.<\/p>\n<h3><strong>4.<\/strong>&nbsp;<strong>Comment accepter et d\u00e9sactiver les Cookies<\/strong><strong>&nbsp;?<\/strong><\/h3>\n<p>Votre consentement pr\u00e9alable est n\u00e9cessaire avant l\u2019installation de certains Cookies.<\/p>\n<p>Ainsi, lors de votre premi\u00e8re visite sur le Site, un \u00ab&nbsp;Bandeau cookies&nbsp;\u00bb appara\u00eet en page d\u2019acc\u00e8s qui vous permet d\u2019accepter les cookies ou de les refuser.&nbsp;<\/p>\n<p>Il vous est \u00e9galement possible de vous opposer par d\u00e9faut au d\u00e9p\u00f4t de Cookies en configurant votre navigateur. En effet, votre navigateur peut \u00eatre configur\u00e9 pour accepter automatiquement les Cookies ou les refuser. Vous avez \u00e9galement la possibilit\u00e9 de d\u00e9sactiver le stockage des Cookies, d\u2019\u00eatre alert\u00e9 quand un Cookie est \u00e9mis et de voir son contenu et sa dur\u00e9e de validit\u00e9.<\/p>\n<p>Nous vous indiquons que le fait de d\u00e9sinstaller un Cookie ou de vous opposer \u00e0 l\u2019installation de Cookies sur vos appareils peut modifier votre exp\u00e9rience de navigation et vous emp\u00eacher de b\u00e9n\u00e9ficier de certains services du Site.<\/p>\n<p>Pour vous accompagner, vous trouverez ci-apr\u00e8s les instructions en mati\u00e8re de gestion des Cookies sur les navigateurs les plus couramment utilis\u00e9s :<\/p>\n<p>Mozilla Firefox&nbsp;:<br><a href=\"https:\/\/support.mozilla.org\/fr\/kb\/activer-desactiver-cookies\">https:\/\/support.mozilla.org\/fr\/kb\/activer-desactiver-cookies<\/a><br>Ou<br><a href=\"https:\/\/support.mozilla.org\/en-US\/kb\/enable-and-disable-cookies-website-preferences\">https:\/\/support.mozilla.org\/en-US\/kb\/enable-and-disable-cookies-website-preferences<\/a><\/p>\n<p>Google Chrome:<br><a href=\"https:\/\/support.google.com\/chrome\/answer\/95647?hl=fr\">https:\/\/support.google.com\/chrome\/answer\/95647?hl=fr<\/a><br>correspond<br><a href=\"https:\/\/policies.google.com\/technologies\/managing\">https:\/\/policies.google.com\/technologies\/managing<\/a><\/p>\n<p>Apple&nbsp;:<br><a href=\"http:\/\/support.apple.com\/kb\/HT1677?viewlocale=fr_FR&amp;locale=fr_FR\">http:\/\/support.apple.com\/kb\/HT1677?viewlocale=fr_FR&amp;locale=fr_FR<\/a><\/p>\n<p>Microsoft Edge&nbsp;:<br><a href=\"https:\/\/support.microsoft.com\/fr-fr\/help\/4468242\/microsoft-edge-browsing-data-and-privacy-microsoft-privacy\">https:\/\/support.microsoft.com\/fr-fr\/help\/4468242\/microsoft-edge-browsing-data-and-privacy-microsoft-privacy<\/a><\/p>\n<p>Opera&nbsp;:<br><a href=\"https:\/\/help.opera.com\/en\/latest\/web-preferences\/\">https:\/\/help.opera.com\/en\/latest\/web-preferences\/<\/a><\/p>\n<p>Si vous souhaitez de plus amples informations sur les outils de maitrise des Cookies, nous vous invitons \u00e0 consulter le site internet de la Commission Nationale de l\u2019Informatique et des Libert\u00e9s (CNIL) en cliquant sur le lien suivant&nbsp;:&nbsp;<a href=\"http:\/\/www.cnil.fr\/vos-droits\/vos-traces\/les-cookies\">www.cnil.fr\/vos-droits\/vos-traces\/les-cookies<\/a>.<\/p>\t\t\t\t\t\t\t\t<\/div>\n\t\t\t\t<\/div>\n\t\t\t\t\t<\/div>\n\t\t<\/div>\n\t\t\t\t\t<\/div>\n\t\t<\/section>\n\t\t\t\t<\/div>","protected":false},"excerpt":{"rendered":"<p>Politique de cookies Lors de la consultation du site internet&nbsp;https:\/\/www.huilecauvin.com&nbsp;(le&nbsp;\u00ab&nbsp;Site&nbsp;\u00bb), des informations relatives \u00e0 la navigation de votre terminal (ordinateur, tablette, smartphone, etc.), sont susceptibles d\u2019\u00eatre enregistr\u00e9es dans des fichiers \u00ab&nbsp;Cookies&nbsp;\u00bb install\u00e9s sur votre terminal, conform\u00e9ment aux choix que vous avez exprim\u00e9s et que vous pouvez modifier \u00e0 tout moment. 1. D\u00e9finition des Cookies Un [&hellip;]<\/p>\n","protected":false},"author":1,"featured_media":0,"parent":0,"menu_order":0,"comment_status":"closed","ping_status":"closed","template":"elementor_header_footer","meta":{"_monsterinsights_skip_tracking":false,"_monsterinsights_sitenote_active":false,"_monsterinsights_sitenote_note":"","_monsterinsights_sitenote_category":0,"footnotes":""},"class_list":["post-9394","page","type-page","status-publish","hentry"],"_links":{"self":[{"href":"https:\/\/www.huilecauvin.com\/en\/wp-json\/wp\/v2\/pages\/9394","targetHints":{"allow":["GET"]}}],"collection":[{"href":"https:\/\/www.huilecauvin.com\/en\/wp-json\/wp\/v2\/pages"}],"about":[{"href":"https:\/\/www.huilecauvin.com\/en\/wp-json\/wp\/v2\/types\/page"}],"author":[{"embeddable":true,"href":"https:\/\/www.huilecauvin.com\/en\/wp-json\/wp\/v2\/users\/1"}],"replies":[{"embeddable":true,"href":"https:\/\/www.huilecauvin.com\/en\/wp-json\/wp\/v2\/comments?post=9394"}],"version-history":[{"count":0,"href":"https:\/\/www.huilecauvin.com\/en\/wp-json\/wp\/v2\/pages\/9394\/revisions"}],"wp:attachment":[{"href":"https:\/\/www.huilecauvin.com\/en\/wp-json\/wp\/v2\/media?parent=9394"}],"curies":[{"name":"wp","href":"https:\/\/api.w.org\/{rel}","templated":true}]}}