{"id":792,"date":"2020-05-12T16:47:49","date_gmt":"2020-05-12T14:47:49","guid":{"rendered":"http:\/\/localhost\/wordpress\/?page_id=792"},"modified":"2025-03-27T16:33:18","modified_gmt":"2025-03-27T15:33:18","slug":"les-huiles-creatives","status":"publish","type":"page","link":"https:\/\/www.huilecauvin.com\/en\/cave-a-huile\/les-huiles-creatives\/","title":{"rendered":"Creative"},"content":{"rendered":"<div data-elementor-type=\"wp-page\" data-elementor-id=\"792\" class=\"elementor elementor-792\">\n\t\t\t\t\t\t<section class=\"elementor-section elementor-top-section elementor-element elementor-element-fbd6f43 elementor-section-stretched elementor-section-boxed elementor-section-height-default elementor-section-height-default\" data-id=\"fbd6f43\" data-element_type=\"section\" data-e-type=\"section\" data-settings=\"{&quot;stretch_section&quot;:&quot;section-stretched&quot;}\">\n\t\t\t\t\t\t<div class=\"elementor-container elementor-column-gap-default\">\n\t\t\t\t\t<div class=\"elementor-column elementor-col-100 elementor-top-column elementor-element elementor-element-aff1dd8\" data-id=\"aff1dd8\" data-element_type=\"column\" data-e-type=\"column\">\n\t\t\t<div class=\"elementor-widget-wrap elementor-element-populated\">\n\t\t\t\t\t\t<div class=\"elementor-element elementor-element-d1a194c elementor-widget elementor-widget-spacer\" data-id=\"d1a194c\" data-element_type=\"widget\" data-e-type=\"widget\" data-widget_type=\"spacer.default\">\n\t\t\t\t<div class=\"elementor-widget-container\">\n\t\t\t\t\t\t\t<div class=\"elementor-spacer\">\n\t\t\t<div class=\"elementor-spacer-inner\"><\/div>\n\t\t<\/div>\n\t\t\t\t\t\t<\/div>\n\t\t\t\t<\/div>\n\t\t\t\t<div class=\"elementor-element elementor-element-bfae17e elementor-widget elementor-widget-heading\" data-id=\"bfae17e\" data-element_type=\"widget\" data-e-type=\"widget\" data-widget_type=\"heading.default\">\n\t\t\t\t<div class=\"elementor-widget-container\">\n\t\t\t\t\t<h2 class=\"elementor-heading-title elementor-size-default\">Creative<\/h2>\t\t\t\t<\/div>\n\t\t\t\t<\/div>\n\t\t\t\t<div class=\"elementor-element elementor-element-7be3b36 elementor-widget elementor-widget-text-editor\" data-id=\"7be3b36\" data-element_type=\"widget\" data-e-type=\"widget\" data-widget_type=\"text-editor.default\">\n\t\t\t\t<div class=\"elementor-widget-container\">\n\t\t\t\t\t\t\t\t\t<p><strong>Our new range of organic oils with natural aromas : The Creative Oils<\/strong><\/p><p>A breath of fresh air both in the recipes and in the packaging. A range of seven innovative products for consumers looking for originality.<\/p>\t\t\t\t\t\t\t\t<\/div>\n\t\t\t\t<\/div>\n\t\t\t\t\t<\/div>\n\t\t<\/div>\n\t\t\t\t\t<\/div>\n\t\t<\/section>\n\t\t\t\t<section class=\"elementor-section elementor-top-section elementor-element elementor-element-56d6b0b elementor-section-stretched elementor-section-boxed elementor-section-height-default elementor-section-height-default\" data-id=\"56d6b0b\" data-element_type=\"section\" data-e-type=\"section\" data-settings=\"{&quot;stretch_section&quot;:&quot;section-stretched&quot;}\">\n\t\t\t\t\t\t<div class=\"elementor-container elementor-column-gap-default\">\n\t\t\t\t\t<div class=\"elementor-column elementor-col-33 elementor-top-column elementor-element elementor-element-57a8656\" data-id=\"57a8656\" data-element_type=\"column\" data-e-type=\"column\">\n\t\t\t<div class=\"elementor-widget-wrap elementor-element-populated\">\n\t\t\t\t\t\t<div class=\"elementor-element elementor-element-63739fb elementor-widget elementor-widget-image\" data-id=\"63739fb\" data-element_type=\"widget\" data-e-type=\"widget\" data-widget_type=\"image.default\">\n\t\t\t\t<div class=\"elementor-widget-container\">\n\t\t\t\t\t\t\t\t\t\t\t\t\t\t\t\t<a href=\"\/en\/cave-a-huile\/les-huiles-creatives\/huile-ail-persil-les-creatives\/\">\n\t\t\t\t\t\t\t<img fetchpriority=\"high\" decoding=\"async\" width=\"1024\" height=\"1024\" src=\"https:\/\/www.huilecauvin.com\/wp-content\/uploads\/2025\/03\/ail-persil-1024x1024.png\" class=\"elementor-animation-pop attachment-large size-large wp-image-14349\" alt=\"Cr\u00e9atives - Ail Persil\" srcset=\"https:\/\/www.huilecauvin.com\/wp-content\/uploads\/2025\/03\/ail-persil-1024x1024.png 1024w, https:\/\/www.huilecauvin.com\/wp-content\/uploads\/2025\/03\/ail-persil-300x300.png 300w, https:\/\/www.huilecauvin.com\/wp-content\/uploads\/2025\/03\/ail-persil-150x150.png 150w, https:\/\/www.huilecauvin.com\/wp-content\/uploads\/2025\/03\/ail-persil-768x768.png 768w, https:\/\/www.huilecauvin.com\/wp-content\/uploads\/2025\/03\/ail-persil-1536x1536.png 1536w, https:\/\/www.huilecauvin.com\/wp-content\/uploads\/2025\/03\/ail-persil-2048x2048.png 2048w, https:\/\/www.huilecauvin.com\/wp-content\/uploads\/2025\/03\/ail-persil-12x12.png 12w, https:\/\/www.huilecauvin.com\/wp-content\/uploads\/2025\/03\/ail-persil-75x75.png 75w\" sizes=\"(max-width: 1024px) 100vw, 1024px\" \/>\t\t\t\t\t\t\t\t<\/a>\n\t\t\t\t\t\t\t\t\t\t\t\t\t\t\t<\/div>\n\t\t\t\t<\/div>\n\t\t\t\t<div class=\"elementor-element elementor-element-7990ee8 elementor-widget elementor-widget-heading\" data-id=\"7990ee8\" data-element_type=\"widget\" data-e-type=\"widget\" data-widget_type=\"heading.default\">\n\t\t\t\t<div class=\"elementor-widget-container\">\n\t\t\t\t\t<h2 class=\"elementor-heading-title elementor-size-default\"><a href=\"\/en\/cave-a-huile\/les-huiles-creatives\/huile-ail-persil-les-creatives\/\"> Garlic &amp; parsley<\/a><\/h2>\t\t\t\t<\/div>\n\t\t\t\t<\/div>\n\t\t\t\t\t<\/div>\n\t\t<\/div>\n\t\t\t\t<div class=\"elementor-column elementor-col-33 elementor-top-column elementor-element elementor-element-ef01ebd\" data-id=\"ef01ebd\" data-element_type=\"column\" data-e-type=\"column\">\n\t\t\t<div class=\"elementor-widget-wrap elementor-element-populated\">\n\t\t\t\t\t\t<div class=\"elementor-element elementor-element-84abcf3 elementor-widget elementor-widget-image\" data-id=\"84abcf3\" data-element_type=\"widget\" data-e-type=\"widget\" data-widget_type=\"image.default\">\n\t\t\t\t<div class=\"elementor-widget-container\">\n\t\t\t\t\t\t\t\t\t\t\t\t\t\t\t\t<a href=\"\/en\/cave-a-huile\/les-huiles-creatives\/huile-pignons-basilic-les-creatives\/\">\n\t\t\t\t\t\t\t<img decoding=\"async\" width=\"1024\" height=\"1024\" src=\"https:\/\/www.huilecauvin.com\/wp-content\/uploads\/2025\/03\/basilic-1024x1024.png\" class=\"elementor-animation-pop attachment-large size-large wp-image-14348\" alt=\"Basilic\" srcset=\"https:\/\/www.huilecauvin.com\/wp-content\/uploads\/2025\/03\/basilic-1024x1024.png 1024w, https:\/\/www.huilecauvin.com\/wp-content\/uploads\/2025\/03\/basilic-300x300.png 300w, https:\/\/www.huilecauvin.com\/wp-content\/uploads\/2025\/03\/basilic-150x150.png 150w, https:\/\/www.huilecauvin.com\/wp-content\/uploads\/2025\/03\/basilic-768x768.png 768w, https:\/\/www.huilecauvin.com\/wp-content\/uploads\/2025\/03\/basilic-1536x1536.png 1536w, https:\/\/www.huilecauvin.com\/wp-content\/uploads\/2025\/03\/basilic-2048x2048.png 2048w, https:\/\/www.huilecauvin.com\/wp-content\/uploads\/2025\/03\/basilic-12x12.png 12w, https:\/\/www.huilecauvin.com\/wp-content\/uploads\/2025\/03\/basilic-75x75.png 75w\" sizes=\"(max-width: 1024px) 100vw, 1024px\" \/>\t\t\t\t\t\t\t\t<\/a>\n\t\t\t\t\t\t\t\t\t\t\t\t\t\t\t<\/div>\n\t\t\t\t<\/div>\n\t\t\t\t<div class=\"elementor-element elementor-element-e363b65 elementor-widget elementor-widget-heading\" data-id=\"e363b65\" data-element_type=\"widget\" data-e-type=\"widget\" data-widget_type=\"heading.default\">\n\t\t\t\t<div class=\"elementor-widget-container\">\n\t\t\t\t\t<h2 class=\"elementor-heading-title elementor-size-default\"><a href=\"\/en\/cave-a-huile\/les-huiles-creatives\/huile-pignons-basilic-les-creatives\/\">Basilic<\/a><\/h2>\t\t\t\t<\/div>\n\t\t\t\t<\/div>\n\t\t\t\t\t<\/div>\n\t\t<\/div>\n\t\t\t\t<div class=\"elementor-column elementor-col-33 elementor-top-column elementor-element elementor-element-b22e9b8\" data-id=\"b22e9b8\" data-element_type=\"column\" data-e-type=\"column\">\n\t\t\t<div class=\"elementor-widget-wrap elementor-element-populated\">\n\t\t\t\t\t\t<div class=\"elementor-element elementor-element-7e9ba33 elementor-widget elementor-widget-image\" data-id=\"7e9ba33\" data-element_type=\"widget\" data-e-type=\"widget\" data-widget_type=\"image.default\">\n\t\t\t\t<div class=\"elementor-widget-container\">\n\t\t\t\t\t\t\t\t\t\t\t\t\t\t\t\t<a href=\"\/en\/cave-a-huile\/les-huiles-creatives\/huile-sesame-cumin-les-creatives\/\">\n\t\t\t\t\t\t\t<img decoding=\"async\" width=\"1024\" height=\"1024\" src=\"https:\/\/www.huilecauvin.com\/wp-content\/uploads\/2025\/03\/sesame-cumin-1024x1024.png\" class=\"elementor-animation-pop attachment-large size-large wp-image-14350\" alt=\"Cr\u00e9atives - S\u00e9same cumin\" srcset=\"https:\/\/www.huilecauvin.com\/wp-content\/uploads\/2025\/03\/sesame-cumin-1024x1024.png 1024w, https:\/\/www.huilecauvin.com\/wp-content\/uploads\/2025\/03\/sesame-cumin-300x300.png 300w, https:\/\/www.huilecauvin.com\/wp-content\/uploads\/2025\/03\/sesame-cumin-150x150.png 150w, https:\/\/www.huilecauvin.com\/wp-content\/uploads\/2025\/03\/sesame-cumin-768x768.png 768w, https:\/\/www.huilecauvin.com\/wp-content\/uploads\/2025\/03\/sesame-cumin-1536x1536.png 1536w, https:\/\/www.huilecauvin.com\/wp-content\/uploads\/2025\/03\/sesame-cumin-2048x2048.png 2048w, https:\/\/www.huilecauvin.com\/wp-content\/uploads\/2025\/03\/sesame-cumin-12x12.png 12w, https:\/\/www.huilecauvin.com\/wp-content\/uploads\/2025\/03\/sesame-cumin-75x75.png 75w\" sizes=\"(max-width: 1024px) 100vw, 1024px\" \/>\t\t\t\t\t\t\t\t<\/a>\n\t\t\t\t\t\t\t\t\t\t\t\t\t\t\t<\/div>\n\t\t\t\t<\/div>\n\t\t\t\t<div class=\"elementor-element elementor-element-bae25d2 elementor-widget elementor-widget-heading\" data-id=\"bae25d2\" data-element_type=\"widget\" data-e-type=\"widget\" data-widget_type=\"heading.default\">\n\t\t\t\t<div class=\"elementor-widget-container\">\n\t\t\t\t\t<h2 class=\"elementor-heading-title elementor-size-default\"><a href=\"\/en\/cave-a-huile\/les-huiles-creatives\/huile-sesame-cumin-les-creatives\/\">Sesame &amp; cumin<\/a><\/h2>\t\t\t\t<\/div>\n\t\t\t\t<\/div>\n\t\t\t\t\t<\/div>\n\t\t<\/div>\n\t\t\t\t\t<\/div>\n\t\t<\/section>\n\t\t\t\t<section class=\"elementor-section elementor-top-section elementor-element elementor-element-169192d elementor-section-stretched elementor-section-boxed elementor-section-height-default elementor-section-height-default\" data-id=\"169192d\" data-element_type=\"section\" data-e-type=\"section\" data-settings=\"{&quot;stretch_section&quot;:&quot;section-stretched&quot;}\">\n\t\t\t\t\t\t<div class=\"elementor-container elementor-column-gap-default\">\n\t\t\t\t\t<div class=\"elementor-column elementor-col-100 elementor-top-column elementor-element elementor-element-aa8b377\" data-id=\"aa8b377\" data-element_type=\"column\" data-e-type=\"column\">\n\t\t\t<div class=\"elementor-widget-wrap elementor-element-populated\">\n\t\t\t\t\t\t<div class=\"elementor-element elementor-element-0699437 elementor-widget elementor-widget-spacer\" data-id=\"0699437\" data-element_type=\"widget\" data-e-type=\"widget\" data-widget_type=\"spacer.default\">\n\t\t\t\t<div class=\"elementor-widget-container\">\n\t\t\t\t\t\t\t<div class=\"elementor-spacer\">\n\t\t\t<div class=\"elementor-spacer-inner\"><\/div>\n\t\t<\/div>\n\t\t\t\t\t\t<\/div>\n\t\t\t\t<\/div>\n\t\t\t\t\t<\/div>\n\t\t<\/div>\n\t\t\t\t\t<\/div>\n\t\t<\/section>\n\t\t\t\t<\/div>","protected":false},"excerpt":{"rendered":"<p>Les Cr\u00e9atives Notre nouvelle gamme d\u2019huiles Biologiques aux ar\u00f4mes naturels : Les Cr\u00e9atives Un vent de fra\u00eecheur tant par les recettes que par le packaging.\u00a0Une gamme de 7 produits innovants pour les consommateurs en recherche d\u2019originalit\u00e9. Ail &#038; Persil Basilic S\u00e9same &#038; Cumin<\/p>","protected":false},"author":1,"featured_media":0,"parent":133,"menu_order":0,"comment_status":"closed","ping_status":"closed","template":"elementor_header_footer","meta":{"_monsterinsights_skip_tracking":false,"_monsterinsights_sitenote_active":false,"_monsterinsights_sitenote_note":"","_monsterinsights_sitenote_category":0,"footnotes":""},"class_list":["post-792","page","type-page","status-publish","hentry"],"_links":{"self":[{"href":"https:\/\/www.huilecauvin.com\/en\/wp-json\/wp\/v2\/pages\/792","targetHints":{"allow":["GET"]}}],"collection":[{"href":"https:\/\/www.huilecauvin.com\/en\/wp-json\/wp\/v2\/pages"}],"about":[{"href":"https:\/\/www.huilecauvin.com\/en\/wp-json\/wp\/v2\/types\/page"}],"author":[{"embeddable":true,"href":"https:\/\/www.huilecauvin.com\/en\/wp-json\/wp\/v2\/users\/1"}],"replies":[{"embeddable":true,"href":"https:\/\/www.huilecauvin.com\/en\/wp-json\/wp\/v2\/comments?post=792"}],"version-history":[{"count":0,"href":"https:\/\/www.huilecauvin.com\/en\/wp-json\/wp\/v2\/pages\/792\/revisions"}],"up":[{"embeddable":true,"href":"https:\/\/www.huilecauvin.com\/en\/wp-json\/wp\/v2\/pages\/133"}],"wp:attachment":[{"href":"https:\/\/www.huilecauvin.com\/en\/wp-json\/wp\/v2\/media?parent=792"}],"curies":[{"name":"wp","href":"https:\/\/api.w.org\/{rel}","templated":true}]}}