{"id":775,"date":"2020-05-12T15:54:49","date_gmt":"2020-05-12T13:54:49","guid":{"rendered":"http:\/\/localhost\/wordpress\/?page_id=775"},"modified":"2025-04-01T11:15:21","modified_gmt":"2025-04-01T09:15:21","slug":"les-huiles-decouvertes","status":"publish","type":"page","link":"https:\/\/www.huilecauvin.com\/en\/cave-a-huile\/les-huiles-decouvertes\/","title":{"rendered":"The Discovery oils"},"content":{"rendered":"<div data-elementor-type=\"wp-page\" data-elementor-id=\"775\" class=\"elementor elementor-775\">\n\t\t\t\t\t\t<section class=\"elementor-section elementor-top-section elementor-element elementor-element-1d8c288 elementor-section-stretched elementor-section-boxed elementor-section-height-default elementor-section-height-default\" data-id=\"1d8c288\" data-element_type=\"section\" data-e-type=\"section\" data-settings=\"{&quot;stretch_section&quot;:&quot;section-stretched&quot;}\">\n\t\t\t\t\t\t<div class=\"elementor-container elementor-column-gap-default\">\n\t\t\t\t\t<div class=\"elementor-column elementor-col-100 elementor-top-column elementor-element elementor-element-27a7938\" data-id=\"27a7938\" data-element_type=\"column\" data-e-type=\"column\">\n\t\t\t<div class=\"elementor-widget-wrap elementor-element-populated\">\n\t\t\t\t\t\t<div class=\"elementor-element elementor-element-355c747 elementor-widget elementor-widget-spacer\" data-id=\"355c747\" data-element_type=\"widget\" data-e-type=\"widget\" data-widget_type=\"spacer.default\">\n\t\t\t\t<div class=\"elementor-widget-container\">\n\t\t\t\t\t\t\t<div class=\"elementor-spacer\">\n\t\t\t<div class=\"elementor-spacer-inner\"><\/div>\n\t\t<\/div>\n\t\t\t\t\t\t<\/div>\n\t\t\t\t<\/div>\n\t\t\t\t<div class=\"elementor-element elementor-element-3db6daa elementor-widget elementor-widget-heading\" data-id=\"3db6daa\" data-element_type=\"widget\" data-e-type=\"widget\" data-widget_type=\"heading.default\">\n\t\t\t\t<div class=\"elementor-widget-container\">\n\t\t\t\t\t<h2 class=\"elementor-heading-title elementor-size-default\">The Discovery oils<\/h2>\t\t\t\t<\/div>\n\t\t\t\t<\/div>\n\t\t\t\t<div class=\"elementor-element elementor-element-eb6e15a elementor-widget elementor-widget-text-editor\" data-id=\"eb6e15a\" data-element_type=\"widget\" data-e-type=\"widget\" data-widget_type=\"text-editor.default\">\n\t\t\t\t<div class=\"elementor-widget-container\">\n\t\t\t\t\t\t\t\t\t<p>Notre plan\u00e8te regorge de surprises et de saveurs audacieuses\u2026&nbsp;Ces ar\u00f4mes sont \u00e0 vous avec cette gamme d\u2019huiles \u00e0 go\u00fbt, d\u00e9nich\u00e9es \u00e0 travers le monde. D\u00e9couvrez nos huiles d\u00e9couvertes juste ici !<\/p>\t\t\t\t\t\t\t\t<\/div>\n\t\t\t\t<\/div>\n\t\t\t\t\t<\/div>\n\t\t<\/div>\n\t\t\t\t\t<\/div>\n\t\t<\/section>\n\t\t\t\t<section class=\"elementor-section elementor-top-section elementor-element elementor-element-85aea0f elementor-section-stretched elementor-section-boxed elementor-section-height-default elementor-section-height-default\" data-id=\"85aea0f\" data-element_type=\"section\" data-e-type=\"section\" data-settings=\"{&quot;stretch_section&quot;:&quot;section-stretched&quot;}\">\n\t\t\t\t\t\t<div class=\"elementor-container elementor-column-gap-default\">\n\t\t\t\t\t<div class=\"elementor-column elementor-col-33 elementor-top-column elementor-element elementor-element-f02042f\" data-id=\"f02042f\" data-element_type=\"column\" data-e-type=\"column\">\n\t\t\t<div class=\"elementor-widget-wrap elementor-element-populated\">\n\t\t\t\t\t\t<div class=\"elementor-element elementor-element-39ba330 elementor-invisible elementor-widget elementor-widget-image\" data-id=\"39ba330\" data-element_type=\"widget\" data-e-type=\"widget\" data-settings=\"{&quot;_animation&quot;:&quot;pulse&quot;}\" data-widget_type=\"image.default\">\n\t\t\t\t<div class=\"elementor-widget-container\">\n\t\t\t\t\t\t\t\t\t\t\t\t\t\t\t\t<a href=\"\/en\/cave-a-huile\/les-huiles-decouvertes\/huile-davocat\/\">\n\t\t\t\t\t\t\t<img fetchpriority=\"high\" decoding=\"async\" width=\"300\" height=\"300\" src=\"https:\/\/www.huilecauvin.com\/wp-content\/uploads\/2025\/03\/avocat.png\" class=\"elementor-animation-pop attachment-medium size-medium wp-image-14318\" alt=\"Huiles d\u00e9couvertes : avocat\" \/>\t\t\t\t\t\t\t\t<\/a>\n\t\t\t\t\t\t\t\t\t\t\t\t\t\t\t<\/div>\n\t\t\t\t<\/div>\n\t\t\t\t<div class=\"elementor-element elementor-element-a807d03 elementor-widget elementor-widget-heading\" data-id=\"a807d03\" data-element_type=\"widget\" data-e-type=\"widget\" data-widget_type=\"heading.default\">\n\t\t\t\t<div class=\"elementor-widget-container\">\n\t\t\t\t\t<h2 class=\"elementor-heading-title elementor-size-default\"><a href=\"\/en\/cave-a-huile\/les-huiles-decouvertes\/huile-davocat\/\">Avocado oil<\/a><\/h2>\t\t\t\t<\/div>\n\t\t\t\t<\/div>\n\t\t\t\t\t<\/div>\n\t\t<\/div>\n\t\t\t\t<div class=\"elementor-column elementor-col-33 elementor-top-column elementor-element elementor-element-a70f75a\" data-id=\"a70f75a\" data-element_type=\"column\" data-e-type=\"column\">\n\t\t\t<div class=\"elementor-widget-wrap elementor-element-populated\">\n\t\t\t\t\t\t<div class=\"elementor-element elementor-element-466ee2e elementor-invisible elementor-widget elementor-widget-image\" data-id=\"466ee2e\" data-element_type=\"widget\" data-e-type=\"widget\" data-settings=\"{&quot;_animation&quot;:&quot;pulse&quot;}\" data-widget_type=\"image.default\">\n\t\t\t\t<div class=\"elementor-widget-container\">\n\t\t\t\t\t\t\t\t\t\t\t\t\t\t\t\t<a href=\"\/en\/cave-a-huile\/les-huiles-decouvertes\/huile-vierge-de-sesame-grille\/\">\n\t\t\t\t\t\t\t<img decoding=\"async\" width=\"300\" height=\"300\" src=\"https:\/\/www.huilecauvin.com\/wp-content\/uploads\/2025\/03\/sesame-300x300.png\" class=\"elementor-animation-pop attachment-medium size-medium wp-image-14320\" alt=\"Huiles d\u00e9couvertes : s\u00e9same\" srcset=\"https:\/\/www.huilecauvin.com\/wp-content\/uploads\/2025\/03\/sesame-300x300.png 300w, https:\/\/www.huilecauvin.com\/wp-content\/uploads\/2025\/03\/sesame-1024x1024.png 1024w, https:\/\/www.huilecauvin.com\/wp-content\/uploads\/2025\/03\/sesame-150x150.png 150w, https:\/\/www.huilecauvin.com\/wp-content\/uploads\/2025\/03\/sesame-768x768.png 768w\" sizes=\"(max-width: 300px) 100vw, 300px\" \/>\t\t\t\t\t\t\t\t<\/a>\n\t\t\t\t\t\t\t\t\t\t\t\t\t\t\t<\/div>\n\t\t\t\t<\/div>\n\t\t\t\t<div class=\"elementor-element elementor-element-852c700 elementor-widget elementor-widget-heading\" data-id=\"852c700\" data-element_type=\"widget\" data-e-type=\"widget\" data-widget_type=\"heading.default\">\n\t\t\t\t<div class=\"elementor-widget-container\">\n\t\t\t\t\t<h2 class=\"elementor-heading-title elementor-size-default\"><a href=\"http:\/\/s\/cave-a-huile\/les-huiles-decouvertes\/huile-vierge-de-sesame-grille\/\">Virgin toasted sesame oil<\/a><\/h2>\t\t\t\t<\/div>\n\t\t\t\t<\/div>\n\t\t\t\t\t<\/div>\n\t\t<\/div>\n\t\t\t\t<div class=\"elementor-column elementor-col-33 elementor-top-column elementor-element elementor-element-616ad06\" data-id=\"616ad06\" data-element_type=\"column\" data-e-type=\"column\">\n\t\t\t<div class=\"elementor-widget-wrap elementor-element-populated\">\n\t\t\t\t\t\t<div class=\"elementor-element elementor-element-39a449c elementor-invisible elementor-widget elementor-widget-image\" data-id=\"39a449c\" data-element_type=\"widget\" data-e-type=\"widget\" data-settings=\"{&quot;_animation&quot;:&quot;pulse&quot;}\" data-widget_type=\"image.default\">\n\t\t\t\t<div class=\"elementor-widget-container\">\n\t\t\t\t\t\t\t\t\t\t\t\t\t\t\t\t<a href=\"\/en\/cave-a-huile\/les-huiles-decouvertes\/huile-de-noix\/\">\n\t\t\t\t\t\t\t<img decoding=\"async\" width=\"300\" height=\"300\" src=\"https:\/\/www.huilecauvin.com\/wp-content\/uploads\/2025\/03\/noix-300x300.png\" class=\"elementor-animation-pop attachment-medium size-medium wp-image-14325\" alt=\"Gamme d\u00e9couverte : noix\" srcset=\"https:\/\/www.huilecauvin.com\/wp-content\/uploads\/2025\/03\/noix-300x300.png 300w, https:\/\/www.huilecauvin.com\/wp-content\/uploads\/2025\/03\/noix-1024x1024.png 1024w, https:\/\/www.huilecauvin.com\/wp-content\/uploads\/2025\/03\/noix-150x150.png 150w, https:\/\/www.huilecauvin.com\/wp-content\/uploads\/2025\/03\/noix-768x768.png 768w, https:\/\/www.huilecauvin.com\/wp-content\/uploads\/2025\/03\/noix-1536x1536.png 1536w, https:\/\/www.huilecauvin.com\/wp-content\/uploads\/2025\/03\/noix-2048x2048.png 2048w, https:\/\/www.huilecauvin.com\/wp-content\/uploads\/2025\/03\/noix-12x12.png 12w, https:\/\/www.huilecauvin.com\/wp-content\/uploads\/2025\/03\/noix-75x75.png 75w\" sizes=\"(max-width: 300px) 100vw, 300px\" \/>\t\t\t\t\t\t\t\t<\/a>\n\t\t\t\t\t\t\t\t\t\t\t\t\t\t\t<\/div>\n\t\t\t\t<\/div>\n\t\t\t\t<div class=\"elementor-element elementor-element-cdf6064 elementor-widget elementor-widget-heading\" data-id=\"cdf6064\" data-element_type=\"widget\" data-e-type=\"widget\" data-widget_type=\"heading.default\">\n\t\t\t\t<div class=\"elementor-widget-container\">\n\t\t\t\t\t<h2 class=\"elementor-heading-title elementor-size-default\"><a href=\"\/en\/cave-a-huile\/les-huiles-decouvertes\/huile-de-noix\/\">Walnut oil<\/a><\/h2>\t\t\t\t<\/div>\n\t\t\t\t<\/div>\n\t\t\t\t\t<\/div>\n\t\t<\/div>\n\t\t\t\t\t<\/div>\n\t\t<\/section>\n\t\t\t\t<section class=\"elementor-section elementor-top-section elementor-element elementor-element-7b83055 elementor-section-stretched elementor-section-boxed elementor-section-height-default elementor-section-height-default\" data-id=\"7b83055\" data-element_type=\"section\" data-e-type=\"section\" data-settings=\"{&quot;stretch_section&quot;:&quot;section-stretched&quot;}\">\n\t\t\t\t\t\t<div class=\"elementor-container elementor-column-gap-default\">\n\t\t\t\t\t<div class=\"elementor-column elementor-col-100 elementor-top-column elementor-element elementor-element-0b6295a\" data-id=\"0b6295a\" data-element_type=\"column\" data-e-type=\"column\">\n\t\t\t<div class=\"elementor-widget-wrap elementor-element-populated\">\n\t\t\t\t\t\t<div class=\"elementor-element elementor-element-95cd7bc elementor-widget elementor-widget-spacer\" data-id=\"95cd7bc\" data-element_type=\"widget\" data-e-type=\"widget\" data-widget_type=\"spacer.default\">\n\t\t\t\t<div class=\"elementor-widget-container\">\n\t\t\t\t\t\t\t<div class=\"elementor-spacer\">\n\t\t\t<div class=\"elementor-spacer-inner\"><\/div>\n\t\t<\/div>\n\t\t\t\t\t\t<\/div>\n\t\t\t\t<\/div>\n\t\t\t\t\t<\/div>\n\t\t<\/div>\n\t\t\t\t\t<\/div>\n\t\t<\/section>\n\t\t\t\t<section class=\"elementor-section elementor-top-section elementor-element elementor-element-f2cd280 elementor-section-stretched elementor-section-boxed elementor-section-height-default elementor-section-height-default\" data-id=\"f2cd280\" data-element_type=\"section\" data-e-type=\"section\" data-settings=\"{&quot;stretch_section&quot;:&quot;section-stretched&quot;}\">\n\t\t\t\t\t\t<div class=\"elementor-container elementor-column-gap-default\">\n\t\t\t\t\t<div class=\"elementor-column elementor-col-50 elementor-top-column elementor-element elementor-element-769ef43\" data-id=\"769ef43\" data-element_type=\"column\" data-e-type=\"column\">\n\t\t\t<div class=\"elementor-widget-wrap elementor-element-populated\">\n\t\t\t\t\t\t<div class=\"elementor-element elementor-element-36a9d07 elementor-invisible elementor-widget elementor-widget-image\" data-id=\"36a9d07\" data-element_type=\"widget\" data-e-type=\"widget\" data-settings=\"{&quot;_animation&quot;:&quot;pulse&quot;}\" data-widget_type=\"image.default\">\n\t\t\t\t<div class=\"elementor-widget-container\">\n\t\t\t\t\t\t\t\t\t\t\t\t\t\t\t\t<a href=\"\/en\/cave-a-huile\/les-huiles-decouvertes\/huile-vierge-de-noisette\/\">\n\t\t\t\t\t\t\t<img loading=\"lazy\" decoding=\"async\" width=\"768\" height=\"768\" src=\"https:\/\/www.huilecauvin.com\/wp-content\/uploads\/2025\/03\/noisette-1-768x768.png\" class=\"elementor-animation-pop attachment-medium_large size-medium_large wp-image-14327\" alt=\"Hazelnut\" srcset=\"https:\/\/www.huilecauvin.com\/wp-content\/uploads\/2025\/03\/noisette-1-768x768.png 768w, https:\/\/www.huilecauvin.com\/wp-content\/uploads\/2025\/03\/noisette-1-300x300.png 300w, https:\/\/www.huilecauvin.com\/wp-content\/uploads\/2025\/03\/noisette-1-1024x1024.png 1024w, https:\/\/www.huilecauvin.com\/wp-content\/uploads\/2025\/03\/noisette-1-150x150.png 150w, https:\/\/www.huilecauvin.com\/wp-content\/uploads\/2025\/03\/noisette-1-1536x1536.png 1536w, https:\/\/www.huilecauvin.com\/wp-content\/uploads\/2025\/03\/noisette-1-2048x2048.png 2048w, https:\/\/www.huilecauvin.com\/wp-content\/uploads\/2025\/03\/noisette-1-12x12.png 12w, https:\/\/www.huilecauvin.com\/wp-content\/uploads\/2025\/03\/noisette-1-75x75.png 75w\" sizes=\"(max-width: 768px) 100vw, 768px\" \/>\t\t\t\t\t\t\t\t<\/a>\n\t\t\t\t\t\t\t\t\t\t\t\t\t\t\t<\/div>\n\t\t\t\t<\/div>\n\t\t\t\t<div class=\"elementor-element elementor-element-cf25f7d elementor-widget elementor-widget-heading\" data-id=\"cf25f7d\" data-element_type=\"widget\" data-e-type=\"widget\" data-widget_type=\"heading.default\">\n\t\t\t\t<div class=\"elementor-widget-container\">\n\t\t\t\t\t<h2 class=\"elementor-heading-title elementor-size-default\"><a href=\"\/en\/cave-a-huile\/les-huiles-decouvertes\/huile-vierge-de-noisette\/\">Hazelnut oil<\/a><\/h2>\t\t\t\t<\/div>\n\t\t\t\t<\/div>\n\t\t\t\t\t<\/div>\n\t\t<\/div>\n\t\t\t\t<div class=\"elementor-column elementor-col-50 elementor-top-column elementor-element elementor-element-b9737c7\" data-id=\"b9737c7\" data-element_type=\"column\" data-e-type=\"column\">\n\t\t\t<div class=\"elementor-widget-wrap elementor-element-populated\">\n\t\t\t\t\t\t<div class=\"elementor-element elementor-element-d639b94 elementor-invisible elementor-widget elementor-widget-image\" data-id=\"d639b94\" data-element_type=\"widget\" data-e-type=\"widget\" data-settings=\"{&quot;_animation&quot;:&quot;pulse&quot;}\" data-widget_type=\"image.default\">\n\t\t\t\t<div class=\"elementor-widget-container\">\n\t\t\t\t\t\t\t\t\t\t\t\t\t\t\t\t<a href=\"\/en\/cave-a-huile\/les-huiles-decouvertes\/huile-pimentee-pour-pizza\/\">\n\t\t\t\t\t\t\t<img loading=\"lazy\" decoding=\"async\" width=\"768\" height=\"768\" src=\"https:\/\/www.huilecauvin.com\/wp-content\/uploads\/2025\/03\/pizza-768x768.png\" class=\"elementor-animation-pop attachment-medium_large size-medium_large wp-image-14328\" alt=\"Spicy oil for pizza\" srcset=\"https:\/\/www.huilecauvin.com\/wp-content\/uploads\/2025\/03\/pizza-768x768.png 768w, https:\/\/www.huilecauvin.com\/wp-content\/uploads\/2025\/03\/pizza-300x300.png 300w, https:\/\/www.huilecauvin.com\/wp-content\/uploads\/2025\/03\/pizza-1024x1024.png 1024w, https:\/\/www.huilecauvin.com\/wp-content\/uploads\/2025\/03\/pizza-150x150.png 150w, https:\/\/www.huilecauvin.com\/wp-content\/uploads\/2025\/03\/pizza-1536x1536.png 1536w, https:\/\/www.huilecauvin.com\/wp-content\/uploads\/2025\/03\/pizza-2048x2048.png 2048w, https:\/\/www.huilecauvin.com\/wp-content\/uploads\/2025\/03\/pizza-12x12.png 12w, https:\/\/www.huilecauvin.com\/wp-content\/uploads\/2025\/03\/pizza-75x75.png 75w\" sizes=\"(max-width: 768px) 100vw, 768px\" \/>\t\t\t\t\t\t\t\t<\/a>\n\t\t\t\t\t\t\t\t\t\t\t\t\t\t\t<\/div>\n\t\t\t\t<\/div>\n\t\t\t\t<div class=\"elementor-element elementor-element-c383241 elementor-widget elementor-widget-heading\" data-id=\"c383241\" data-element_type=\"widget\" data-e-type=\"widget\" data-widget_type=\"heading.default\">\n\t\t\t\t<div class=\"elementor-widget-container\">\n\t\t\t\t\t<h2 class=\"elementor-heading-title elementor-size-default\"><a href=\"\/en\/cave-a-huile\/les-huiles-decouvertes\/huile-pimentee-pour-pizza\/\">Spicy oil for pizza<\/a><\/h2>\t\t\t\t<\/div>\n\t\t\t\t<\/div>\n\t\t\t\t\t<\/div>\n\t\t<\/div>\n\t\t\t\t\t<\/div>\n\t\t<\/section>\n\t\t\t\t<section class=\"elementor-section elementor-top-section elementor-element elementor-element-84ef74b elementor-section-stretched elementor-section-boxed elementor-section-height-default elementor-section-height-default\" data-id=\"84ef74b\" data-element_type=\"section\" data-e-type=\"section\" data-settings=\"{&quot;stretch_section&quot;:&quot;section-stretched&quot;}\">\n\t\t\t\t\t\t<div class=\"elementor-container elementor-column-gap-default\">\n\t\t\t\t\t<div class=\"elementor-column elementor-col-100 elementor-top-column elementor-element elementor-element-7944799\" data-id=\"7944799\" data-element_type=\"column\" data-e-type=\"column\">\n\t\t\t<div class=\"elementor-widget-wrap elementor-element-populated\">\n\t\t\t\t\t\t<div class=\"elementor-element elementor-element-3453059 elementor-widget elementor-widget-spacer\" data-id=\"3453059\" data-element_type=\"widget\" data-e-type=\"widget\" data-widget_type=\"spacer.default\">\n\t\t\t\t<div class=\"elementor-widget-container\">\n\t\t\t\t\t\t\t<div class=\"elementor-spacer\">\n\t\t\t<div class=\"elementor-spacer-inner\"><\/div>\n\t\t<\/div>\n\t\t\t\t\t\t<\/div>\n\t\t\t\t<\/div>\n\t\t\t\t\t<\/div>\n\t\t<\/div>\n\t\t\t\t\t<\/div>\n\t\t<\/section>\n\t\t\t\t<\/div>","protected":false},"excerpt":{"rendered":"<p>Les huiles d\u00e9couvertes Notre plan\u00e8te regorge de surprises et de saveurs audacieuses\u2026&nbsp;Ces ar\u00f4mes sont \u00e0 vous avec cette gamme d\u2019huiles \u00e0 go\u00fbt, d\u00e9nich\u00e9es \u00e0 travers le monde. D\u00e9couvrez nos huiles d\u00e9couvertes juste ici ! Huile d&#8217;Avocat Huile vierge de s\u00e9same grill\u00e9 Huile de Noix Huile de Noisette Huile piment\u00e9e pour pizza<\/p>","protected":false},"author":1,"featured_media":0,"parent":133,"menu_order":0,"comment_status":"closed","ping_status":"closed","template":"elementor_header_footer","meta":{"_monsterinsights_skip_tracking":false,"_monsterinsights_sitenote_active":false,"_monsterinsights_sitenote_note":"","_monsterinsights_sitenote_category":0,"footnotes":""},"class_list":["post-775","page","type-page","status-publish","hentry"],"_links":{"self":[{"href":"https:\/\/www.huilecauvin.com\/en\/wp-json\/wp\/v2\/pages\/775","targetHints":{"allow":["GET"]}}],"collection":[{"href":"https:\/\/www.huilecauvin.com\/en\/wp-json\/wp\/v2\/pages"}],"about":[{"href":"https:\/\/www.huilecauvin.com\/en\/wp-json\/wp\/v2\/types\/page"}],"author":[{"embeddable":true,"href":"https:\/\/www.huilecauvin.com\/en\/wp-json\/wp\/v2\/users\/1"}],"replies":[{"embeddable":true,"href":"https:\/\/www.huilecauvin.com\/en\/wp-json\/wp\/v2\/comments?post=775"}],"version-history":[{"count":0,"href":"https:\/\/www.huilecauvin.com\/en\/wp-json\/wp\/v2\/pages\/775\/revisions"}],"up":[{"embeddable":true,"href":"https:\/\/www.huilecauvin.com\/en\/wp-json\/wp\/v2\/pages\/133"}],"wp:attachment":[{"href":"https:\/\/www.huilecauvin.com\/en\/wp-json\/wp\/v2\/media?parent=775"}],"curies":[{"name":"wp","href":"https:\/\/api.w.org\/{rel}","templated":true}]}}