{"id":2067,"date":"2020-06-30T11:53:37","date_gmt":"2020-06-30T09:53:37","guid":{"rendered":"http:\/\/localhost\/wordpress\/?page_id=2067"},"modified":"2021-02-09T09:44:00","modified_gmt":"2021-02-09T08:44:00","slug":"salade-de-chevre","status":"publish","type":"page","link":"https:\/\/www.huilecauvin.com\/en\/recettes\/aperitifs-entrees\/salade-de-chevre\/","title":{"rendered":"Goat cheese salad"},"content":{"rendered":"<div data-elementor-type=\"wp-page\" data-elementor-id=\"2067\" class=\"elementor elementor-2067\">\n\t\t\t\t\t\t<section class=\"elementor-section elementor-top-section elementor-element elementor-element-2b53e00 elementor-section-stretched elementor-section-boxed elementor-section-height-default elementor-section-height-default\" data-id=\"2b53e00\" data-element_type=\"section\" data-e-type=\"section\" data-settings=\"{&quot;stretch_section&quot;:&quot;section-stretched&quot;}\">\n\t\t\t\t\t\t<div class=\"elementor-container elementor-column-gap-default\">\n\t\t\t\t\t<div class=\"elementor-column elementor-col-100 elementor-top-column elementor-element elementor-element-4cd8d41\" data-id=\"4cd8d41\" data-element_type=\"column\" data-e-type=\"column\">\n\t\t\t<div class=\"elementor-widget-wrap elementor-element-populated\">\n\t\t\t\t\t\t<div class=\"elementor-element elementor-element-cd39a1e elementor-widget elementor-widget-spacer\" data-id=\"cd39a1e\" data-element_type=\"widget\" data-e-type=\"widget\" data-widget_type=\"spacer.default\">\n\t\t\t\t<div class=\"elementor-widget-container\">\n\t\t\t\t\t\t\t<div class=\"elementor-spacer\">\n\t\t\t<div class=\"elementor-spacer-inner\"><\/div>\n\t\t<\/div>\n\t\t\t\t\t\t<\/div>\n\t\t\t\t<\/div>\n\t\t\t\t<div class=\"elementor-element elementor-element-4b5c76d elementor-widget elementor-widget-heading\" data-id=\"4b5c76d\" data-element_type=\"widget\" data-e-type=\"widget\" data-widget_type=\"heading.default\">\n\t\t\t\t<div class=\"elementor-widget-container\">\n\t\t\t\t\t<h2 class=\"elementor-heading-title elementor-size-default\">Goat cheese salad<\/h2>\t\t\t\t<\/div>\n\t\t\t\t<\/div>\n\t\t\t\t<div class=\"elementor-element elementor-element-ced6b0f elementor-widget elementor-widget-spacer\" data-id=\"ced6b0f\" data-element_type=\"widget\" data-e-type=\"widget\" data-widget_type=\"spacer.default\">\n\t\t\t\t<div class=\"elementor-widget-container\">\n\t\t\t\t\t\t\t<div class=\"elementor-spacer\">\n\t\t\t<div class=\"elementor-spacer-inner\"><\/div>\n\t\t<\/div>\n\t\t\t\t\t\t<\/div>\n\t\t\t\t<\/div>\n\t\t\t\t\t<\/div>\n\t\t<\/div>\n\t\t\t\t\t<\/div>\n\t\t<\/section>\n\t\t\t\t<section class=\"elementor-section elementor-top-section elementor-element elementor-element-db061a6 elementor-section-stretched elementor-section-boxed elementor-section-height-default elementor-section-height-default\" data-id=\"db061a6\" data-element_type=\"section\" data-e-type=\"section\" data-settings=\"{&quot;stretch_section&quot;:&quot;section-stretched&quot;}\">\n\t\t\t\t\t\t<div class=\"elementor-container elementor-column-gap-default\">\n\t\t\t\t\t<div class=\"elementor-column elementor-col-50 elementor-top-column elementor-element elementor-element-efd2089\" data-id=\"efd2089\" data-element_type=\"column\" data-e-type=\"column\">\n\t\t\t<div class=\"elementor-widget-wrap elementor-element-populated\">\n\t\t\t\t\t\t<div class=\"elementor-element elementor-element-ad496da elementor-widget elementor-widget-text-editor\" data-id=\"ad496da\" data-element_type=\"widget\" data-e-type=\"widget\" data-widget_type=\"text-editor.default\">\n\t\t\t\t<div class=\"elementor-widget-container\">\n\t\t\t\t\t\t\t\t\t<div dir=\"ltr\"><strong>For 4 people<\/strong><\/div><div dir=\"ltr\">\u00a0<\/div><div dir=\"ltr\"><b>INGREDIENTS<\/b><strong>\u00a0\u00a0<\/strong><\/div><ul><li>1 lettuce of your choice (curly endive, oak leaf, etc.)<\/li><li>150 g diced bacon<\/li><li>1 goat cheese log<\/li><li>2 tomatoes<\/li><li>baguette or other type of bread<\/li><li>3 tbsp <a href=\"\/en\/cave-a-huile\/cuisine-equilibre\/assaisonnement-bio-colza-olive\/\"><strong>Cauvin organic seasoning rapeseed and olive oil<\/strong><\/a><\/li><li>1 tbsp <a href=\"\/en\/cave-a-huile\/les-vinaigres\/vinaigre-balsamique-de-modene-bio\/\"><strong>Cauvin organic balsamic vinegar<\/strong><\/a><\/li><\/ul><div dir=\"ltr\"><b>PREPARATION<\/b><\/div><div dir=\"ltr\">\u00a0<\/div><ol><li dir=\"ltr\">Preheat your oven to 200 \u00b0C.<\/li><li dir=\"ltr\">Wash the lettuce. Wash and slice the tomatoes.<\/li><li dir=\"ltr\">Brown the bacon in a pan and let it cool.<\/li><li dir=\"ltr\">Slice the goat cheese into rounds and place on slices of bread. Place in the oven for about 5 min to melt the cheese.<\/li><li dir=\"ltr\">Spread the lettuce on the plates and then the tomatoes. Add the bacon. Place the hot goat cheese toast on top.<\/li><li dir=\"ltr\">Add a drizzle of <a href=\"\/en\/cave-a-huile\/cuisine-equilibre\/assaisonnement-bio-colza-olive\/\"><strong>Cauvin organic seasoning rapeseed and olive oil<\/strong><\/a> and a little <a href=\"\/en\/cave-a-huile\/les-vinaigres\/vinaigre-balsamique-de-modene-bio\/\"><strong>Cauvin organic balsamic vinegar<\/strong><\/a><\/li><\/ol>\t\t\t\t\t\t\t\t<\/div>\n\t\t\t\t<\/div>\n\t\t\t\t\t<\/div>\n\t\t<\/div>\n\t\t\t\t<div class=\"elementor-column elementor-col-50 elementor-top-column elementor-element elementor-element-6aa4235\" data-id=\"6aa4235\" data-element_type=\"column\" data-e-type=\"column\">\n\t\t\t<div class=\"elementor-widget-wrap elementor-element-populated\">\n\t\t\t\t\t\t<div class=\"elementor-element elementor-element-f1f3883 elementor-widget elementor-widget-image\" data-id=\"f1f3883\" data-element_type=\"widget\" data-e-type=\"widget\" data-widget_type=\"image.default\">\n\t\t\t\t<div class=\"elementor-widget-container\">\n\t\t\t\t\t\t\t\t\t\t\t\t\t\t\t<img fetchpriority=\"high\" decoding=\"async\" width=\"768\" height=\"768\" src=\"https:\/\/www.huilecauvin.com\/wp-content\/uploads\/2020\/06\/salade-chevre-768x768.png\" class=\"attachment-medium_large size-medium_large wp-image-1192\" alt=\"\" srcset=\"https:\/\/www.huilecauvin.com\/wp-content\/uploads\/2020\/06\/salade-chevre-768x768.png 768w, https:\/\/www.huilecauvin.com\/wp-content\/uploads\/2020\/06\/salade-chevre-300x300.png 300w, https:\/\/www.huilecauvin.com\/wp-content\/uploads\/2020\/06\/salade-chevre-1024x1024.png 1024w, https:\/\/www.huilecauvin.com\/wp-content\/uploads\/2020\/06\/salade-chevre-150x150.png 150w, https:\/\/www.huilecauvin.com\/wp-content\/uploads\/2020\/06\/salade-chevre-1536x1536.png 1536w, https:\/\/www.huilecauvin.com\/wp-content\/uploads\/2020\/06\/salade-chevre.png 2000w\" sizes=\"(max-width: 768px) 100vw, 768px\" \/>\t\t\t\t\t\t\t\t\t\t\t\t\t\t\t<\/div>\n\t\t\t\t<\/div>\n\t\t\t\t\t<\/div>\n\t\t<\/div>\n\t\t\t\t\t<\/div>\n\t\t<\/section>\n\t\t\t\t<section class=\"elementor-section elementor-top-section elementor-element elementor-element-ea807b2 elementor-section-stretched elementor-section-boxed elementor-section-height-default elementor-section-height-default\" data-id=\"ea807b2\" data-element_type=\"section\" data-e-type=\"section\" data-settings=\"{&quot;stretch_section&quot;:&quot;section-stretched&quot;}\">\n\t\t\t\t\t\t<div class=\"elementor-container elementor-column-gap-default\">\n\t\t\t\t\t<div class=\"elementor-column elementor-col-100 elementor-top-column elementor-element elementor-element-ce2b618\" data-id=\"ce2b618\" data-element_type=\"column\" data-e-type=\"column\">\n\t\t\t<div class=\"elementor-widget-wrap elementor-element-populated\">\n\t\t\t\t\t\t<div class=\"elementor-element elementor-element-afc82b1 elementor-widget elementor-widget-spacer\" data-id=\"afc82b1\" data-element_type=\"widget\" data-e-type=\"widget\" data-widget_type=\"spacer.default\">\n\t\t\t\t<div class=\"elementor-widget-container\">\n\t\t\t\t\t\t\t<div class=\"elementor-spacer\">\n\t\t\t<div class=\"elementor-spacer-inner\"><\/div>\n\t\t<\/div>\n\t\t\t\t\t\t<\/div>\n\t\t\t\t<\/div>\n\t\t\t\t\t<\/div>\n\t\t<\/div>\n\t\t\t\t\t<\/div>\n\t\t<\/section>\n\t\t\t\t<\/div>","protected":false},"excerpt":{"rendered":"<p>Salade de ch\u00e8vre Pour 4 personnes\u00a0INGR\u00c9DIENTS\u00a0\u00a0 1 salade de votre choix (fris\u00e9e, feuille de ch\u00eane&#8230;) 150 g de lardons 1 b\u00fbche de fromage de ch\u00e8vre 2 tomates baguette ou autres pains 3 cuill\u00e8res \u00e0 soupe d\u2019 assaisonnement Colza &amp; Olive Bio Cauvin 1 cuill\u00e8re \u00e0 soupe de vinaigre balsamique Bio Cauvin PR\u00c9PARATION\u00a0 Pr\u00e9chauffez votre four [&hellip;]<\/p>\n","protected":false},"author":1,"featured_media":0,"parent":466,"menu_order":0,"comment_status":"closed","ping_status":"closed","template":"elementor_header_footer","meta":{"_monsterinsights_skip_tracking":false,"_monsterinsights_sitenote_active":false,"_monsterinsights_sitenote_note":"","_monsterinsights_sitenote_category":0,"footnotes":""},"class_list":["post-2067","page","type-page","status-publish","hentry"],"_links":{"self":[{"href":"https:\/\/www.huilecauvin.com\/en\/wp-json\/wp\/v2\/pages\/2067","targetHints":{"allow":["GET"]}}],"collection":[{"href":"https:\/\/www.huilecauvin.com\/en\/wp-json\/wp\/v2\/pages"}],"about":[{"href":"https:\/\/www.huilecauvin.com\/en\/wp-json\/wp\/v2\/types\/page"}],"author":[{"embeddable":true,"href":"https:\/\/www.huilecauvin.com\/en\/wp-json\/wp\/v2\/users\/1"}],"replies":[{"embeddable":true,"href":"https:\/\/www.huilecauvin.com\/en\/wp-json\/wp\/v2\/comments?post=2067"}],"version-history":[{"count":0,"href":"https:\/\/www.huilecauvin.com\/en\/wp-json\/wp\/v2\/pages\/2067\/revisions"}],"up":[{"embeddable":true,"href":"https:\/\/www.huilecauvin.com\/en\/wp-json\/wp\/v2\/pages\/466"}],"wp:attachment":[{"href":"https:\/\/www.huilecauvin.com\/en\/wp-json\/wp\/v2\/media?parent=2067"}],"curies":[{"name":"wp","href":"https:\/\/api.w.org\/{rel}","templated":true}]}}