{"id":2056,"date":"2020-06-30T10:42:32","date_gmt":"2020-06-30T08:42:32","guid":{"rendered":"http:\/\/localhost\/wordpress\/?page_id=2056"},"modified":"2021-02-09T10:33:57","modified_gmt":"2021-02-09T09:33:57","slug":"puree-de-courge","status":"publish","type":"page","link":"https:\/\/www.huilecauvin.com\/en\/recettes\/plats\/puree-de-courge\/","title":{"rendered":"Pumpkin puree"},"content":{"rendered":"<div data-elementor-type=\"wp-page\" data-elementor-id=\"2056\" class=\"elementor elementor-2056\">\n\t\t\t\t\t\t<section class=\"elementor-section elementor-top-section elementor-element elementor-element-0ed3c4d elementor-section-stretched elementor-section-boxed elementor-section-height-default elementor-section-height-default\" data-id=\"0ed3c4d\" data-element_type=\"section\" data-e-type=\"section\" data-settings=\"{&quot;stretch_section&quot;:&quot;section-stretched&quot;}\">\n\t\t\t\t\t\t<div class=\"elementor-container elementor-column-gap-default\">\n\t\t\t\t\t<div class=\"elementor-column elementor-col-100 elementor-top-column elementor-element elementor-element-545f69a\" data-id=\"545f69a\" data-element_type=\"column\" data-e-type=\"column\">\n\t\t\t<div class=\"elementor-widget-wrap elementor-element-populated\">\n\t\t\t\t\t\t<div class=\"elementor-element elementor-element-b309fbd elementor-widget elementor-widget-spacer\" data-id=\"b309fbd\" data-element_type=\"widget\" data-e-type=\"widget\" data-widget_type=\"spacer.default\">\n\t\t\t\t<div class=\"elementor-widget-container\">\n\t\t\t\t\t\t\t<div class=\"elementor-spacer\">\n\t\t\t<div class=\"elementor-spacer-inner\"><\/div>\n\t\t<\/div>\n\t\t\t\t\t\t<\/div>\n\t\t\t\t<\/div>\n\t\t\t\t<div class=\"elementor-element elementor-element-5a7b077 elementor-widget elementor-widget-heading\" data-id=\"5a7b077\" data-element_type=\"widget\" data-e-type=\"widget\" data-widget_type=\"heading.default\">\n\t\t\t\t<div class=\"elementor-widget-container\">\n\t\t\t\t\t<h2 class=\"elementor-heading-title elementor-size-default\">Pumpkin puree<\/h2>\t\t\t\t<\/div>\n\t\t\t\t<\/div>\n\t\t\t\t<div class=\"elementor-element elementor-element-f324f43 elementor-widget elementor-widget-spacer\" data-id=\"f324f43\" data-element_type=\"widget\" data-e-type=\"widget\" data-widget_type=\"spacer.default\">\n\t\t\t\t<div class=\"elementor-widget-container\">\n\t\t\t\t\t\t\t<div class=\"elementor-spacer\">\n\t\t\t<div class=\"elementor-spacer-inner\"><\/div>\n\t\t<\/div>\n\t\t\t\t\t\t<\/div>\n\t\t\t\t<\/div>\n\t\t\t\t\t<\/div>\n\t\t<\/div>\n\t\t\t\t\t<\/div>\n\t\t<\/section>\n\t\t\t\t<section class=\"elementor-section elementor-top-section elementor-element elementor-element-5fa1497 elementor-section-stretched elementor-section-boxed elementor-section-height-default elementor-section-height-default\" data-id=\"5fa1497\" data-element_type=\"section\" data-e-type=\"section\" data-settings=\"{&quot;stretch_section&quot;:&quot;section-stretched&quot;}\">\n\t\t\t\t\t\t<div class=\"elementor-container elementor-column-gap-default\">\n\t\t\t\t\t<div class=\"elementor-column elementor-col-66 elementor-top-column elementor-element elementor-element-b2f6729\" data-id=\"b2f6729\" data-element_type=\"column\" data-e-type=\"column\">\n\t\t\t<div class=\"elementor-widget-wrap elementor-element-populated\">\n\t\t\t\t\t\t<div class=\"elementor-element elementor-element-85dcf22 elementor-widget elementor-widget-text-editor\" data-id=\"85dcf22\" data-element_type=\"widget\" data-e-type=\"widget\" data-widget_type=\"text-editor.default\">\n\t\t\t\t<div class=\"elementor-widget-container\">\n\t\t\t\t\t\t\t\t\t<p><strong>For 6 people<\/strong><\/p><p><strong>INGREDIENTS<\/strong><\/p><ul><li>800 g pumpkin\u00a0<\/li><li>2 or 3 potatoes<\/li><li>15 cl milk<\/li><li>3 cl <a href=\"\/en\/cave-a-huile\/les-huiles-decouvertes-bio\/huile-vierge-de-pepins-de-courge\/\"><strong>Organic virgin pumpkin seed oil<\/strong><\/a><\/li><li>salt &amp; pepper<\/li><\/ul><p><strong>PREPARATION<\/strong><\/p><ol><li><p>Peel the pumpkin and potatoes. Cut them into pieces.<\/p><\/li><li><p>Cook for about 20 minutes.<\/p><\/li><li><p>Mash the pumpkin and potatoes with a potato masher or fork.<\/p><\/li><li><p>Add the milk and <a href=\"\/en\/cave-a-huile\/les-huiles-decouvertes-bio\/huile-vierge-de-pepins-de-courge\/\"><strong>Organic virgin pumpkin seed oil<\/strong><\/a>. Mix.<\/p><\/li><li>Season with salt and pepper.<\/li><\/ol>\t\t\t\t\t\t\t\t<\/div>\n\t\t\t\t<\/div>\n\t\t\t\t\t<\/div>\n\t\t<\/div>\n\t\t\t\t<div class=\"elementor-column elementor-col-33 elementor-top-column elementor-element elementor-element-2636339\" data-id=\"2636339\" data-element_type=\"column\" data-e-type=\"column\">\n\t\t\t<div class=\"elementor-widget-wrap elementor-element-populated\">\n\t\t\t\t\t\t<div class=\"elementor-element elementor-element-9452df7 elementor-widget elementor-widget-image\" data-id=\"9452df7\" data-element_type=\"widget\" data-e-type=\"widget\" data-widget_type=\"image.default\">\n\t\t\t\t<div class=\"elementor-widget-container\">\n\t\t\t\t\t\t\t\t\t\t\t\t\t\t\t<img fetchpriority=\"high\" decoding=\"async\" width=\"768\" height=\"768\" src=\"https:\/\/www.huilecauvin.com\/wp-content\/uploads\/2020\/06\/puree-courge-768x768.png\" class=\"attachment-medium_large size-medium_large wp-image-1244\" alt=\"\" srcset=\"https:\/\/www.huilecauvin.com\/wp-content\/uploads\/2020\/06\/puree-courge-768x768.png 768w, https:\/\/www.huilecauvin.com\/wp-content\/uploads\/2020\/06\/puree-courge-300x300.png 300w, https:\/\/www.huilecauvin.com\/wp-content\/uploads\/2020\/06\/puree-courge-1024x1024.png 1024w, https:\/\/www.huilecauvin.com\/wp-content\/uploads\/2020\/06\/puree-courge-150x150.png 150w, https:\/\/www.huilecauvin.com\/wp-content\/uploads\/2020\/06\/puree-courge-1536x1536.png 1536w, https:\/\/www.huilecauvin.com\/wp-content\/uploads\/2020\/06\/puree-courge.png 2000w\" sizes=\"(max-width: 768px) 100vw, 768px\" \/>\t\t\t\t\t\t\t\t\t\t\t\t\t\t\t<\/div>\n\t\t\t\t<\/div>\n\t\t\t\t\t<\/div>\n\t\t<\/div>\n\t\t\t\t\t<\/div>\n\t\t<\/section>\n\t\t\t\t<section class=\"elementor-section elementor-top-section elementor-element elementor-element-6c86e23 elementor-section-stretched elementor-section-boxed elementor-section-height-default elementor-section-height-default\" data-id=\"6c86e23\" data-element_type=\"section\" data-e-type=\"section\" data-settings=\"{&quot;stretch_section&quot;:&quot;section-stretched&quot;}\">\n\t\t\t\t\t\t<div class=\"elementor-container elementor-column-gap-default\">\n\t\t\t\t\t<div class=\"elementor-column elementor-col-100 elementor-top-column elementor-element elementor-element-a8a085c\" data-id=\"a8a085c\" data-element_type=\"column\" data-e-type=\"column\">\n\t\t\t<div class=\"elementor-widget-wrap elementor-element-populated\">\n\t\t\t\t\t\t<div class=\"elementor-element elementor-element-26dbe1c elementor-widget elementor-widget-spacer\" data-id=\"26dbe1c\" data-element_type=\"widget\" data-e-type=\"widget\" data-widget_type=\"spacer.default\">\n\t\t\t\t<div class=\"elementor-widget-container\">\n\t\t\t\t\t\t\t<div class=\"elementor-spacer\">\n\t\t\t<div class=\"elementor-spacer-inner\"><\/div>\n\t\t<\/div>\n\t\t\t\t\t\t<\/div>\n\t\t\t\t<\/div>\n\t\t\t\t\t<\/div>\n\t\t<\/div>\n\t\t\t\t\t<\/div>\n\t\t<\/section>\n\t\t\t\t<\/div>","protected":false},"excerpt":{"rendered":"<p>Pur\u00e9e de courge Pour 6 personnes Ingr\u00e9dients 800 g de courge\u00a0 2 ou 3 pommes de terre 15 cl de lait 3 cl d&#8217;huile vierge de p\u00e9pins de courge Sel, poivre Pr\u00e9paration \u00c9pluchez la courge et les pommes de terre. Coupez-les en morceaux. Faites-les cuire, environ 20 minutes. Passez les pommes de terres et la [&hellip;]<\/p>\n","protected":false},"author":1,"featured_media":0,"parent":470,"menu_order":0,"comment_status":"closed","ping_status":"closed","template":"elementor_header_footer","meta":{"_monsterinsights_skip_tracking":false,"_monsterinsights_sitenote_active":false,"_monsterinsights_sitenote_note":"","_monsterinsights_sitenote_category":0,"footnotes":""},"class_list":["post-2056","page","type-page","status-publish","hentry"],"_links":{"self":[{"href":"https:\/\/www.huilecauvin.com\/en\/wp-json\/wp\/v2\/pages\/2056","targetHints":{"allow":["GET"]}}],"collection":[{"href":"https:\/\/www.huilecauvin.com\/en\/wp-json\/wp\/v2\/pages"}],"about":[{"href":"https:\/\/www.huilecauvin.com\/en\/wp-json\/wp\/v2\/types\/page"}],"author":[{"embeddable":true,"href":"https:\/\/www.huilecauvin.com\/en\/wp-json\/wp\/v2\/users\/1"}],"replies":[{"embeddable":true,"href":"https:\/\/www.huilecauvin.com\/en\/wp-json\/wp\/v2\/comments?post=2056"}],"version-history":[{"count":0,"href":"https:\/\/www.huilecauvin.com\/en\/wp-json\/wp\/v2\/pages\/2056\/revisions"}],"up":[{"embeddable":true,"href":"https:\/\/www.huilecauvin.com\/en\/wp-json\/wp\/v2\/pages\/470"}],"wp:attachment":[{"href":"https:\/\/www.huilecauvin.com\/en\/wp-json\/wp\/v2\/media?parent=2056"}],"curies":[{"name":"wp","href":"https:\/\/api.w.org\/{rel}","templated":true}]}}