{"id":1897,"date":"2020-06-24T10:30:51","date_gmt":"2020-06-24T08:30:51","guid":{"rendered":"http:\/\/localhost\/wordpress\/?page_id=1897"},"modified":"2021-02-09T10:31:09","modified_gmt":"2021-02-09T09:31:09","slug":"gambas-grillees-et-son-emulsion-vanillee","status":"publish","type":"page","link":"https:\/\/www.huilecauvin.com\/en\/recettes\/plats\/gambas-grillees-et-son-emulsion-vanillee\/","title":{"rendered":"Grilled prawns in vanilla sauce"},"content":{"rendered":"<div data-elementor-type=\"wp-page\" data-elementor-id=\"1897\" class=\"elementor elementor-1897\">\n\t\t\t\t\t\t<section class=\"elementor-section elementor-top-section elementor-element elementor-element-0ed3c4d elementor-section-stretched elementor-section-boxed elementor-section-height-default elementor-section-height-default\" data-id=\"0ed3c4d\" data-element_type=\"section\" data-e-type=\"section\" data-settings=\"{&quot;stretch_section&quot;:&quot;section-stretched&quot;}\">\n\t\t\t\t\t\t<div class=\"elementor-container elementor-column-gap-default\">\n\t\t\t\t\t<div class=\"elementor-column elementor-col-100 elementor-top-column elementor-element elementor-element-545f69a\" data-id=\"545f69a\" data-element_type=\"column\" data-e-type=\"column\">\n\t\t\t<div class=\"elementor-widget-wrap elementor-element-populated\">\n\t\t\t\t\t\t<div class=\"elementor-element elementor-element-b309fbd elementor-widget elementor-widget-spacer\" data-id=\"b309fbd\" data-element_type=\"widget\" data-e-type=\"widget\" data-widget_type=\"spacer.default\">\n\t\t\t\t<div class=\"elementor-widget-container\">\n\t\t\t\t\t\t\t<div class=\"elementor-spacer\">\n\t\t\t<div class=\"elementor-spacer-inner\"><\/div>\n\t\t<\/div>\n\t\t\t\t\t\t<\/div>\n\t\t\t\t<\/div>\n\t\t\t\t<div class=\"elementor-element elementor-element-5a7b077 elementor-widget elementor-widget-heading\" data-id=\"5a7b077\" data-element_type=\"widget\" data-e-type=\"widget\" data-widget_type=\"heading.default\">\n\t\t\t\t<div class=\"elementor-widget-container\">\n\t\t\t\t\t<h2 class=\"elementor-heading-title elementor-size-default\">Grilled prawns in vanilla sauce<\/h2>\t\t\t\t<\/div>\n\t\t\t\t<\/div>\n\t\t\t\t<div class=\"elementor-element elementor-element-f324f43 elementor-widget elementor-widget-spacer\" data-id=\"f324f43\" data-element_type=\"widget\" data-e-type=\"widget\" data-widget_type=\"spacer.default\">\n\t\t\t\t<div class=\"elementor-widget-container\">\n\t\t\t\t\t\t\t<div class=\"elementor-spacer\">\n\t\t\t<div class=\"elementor-spacer-inner\"><\/div>\n\t\t<\/div>\n\t\t\t\t\t\t<\/div>\n\t\t\t\t<\/div>\n\t\t\t\t\t<\/div>\n\t\t<\/div>\n\t\t\t\t\t<\/div>\n\t\t<\/section>\n\t\t\t\t<section class=\"elementor-section elementor-top-section elementor-element elementor-element-5fa1497 elementor-section-stretched elementor-section-boxed elementor-section-height-default elementor-section-height-default\" data-id=\"5fa1497\" data-element_type=\"section\" data-e-type=\"section\" data-settings=\"{&quot;stretch_section&quot;:&quot;section-stretched&quot;}\">\n\t\t\t\t\t\t<div class=\"elementor-container elementor-column-gap-default\">\n\t\t\t\t\t<div class=\"elementor-column elementor-col-66 elementor-top-column elementor-element elementor-element-b2f6729\" data-id=\"b2f6729\" data-element_type=\"column\" data-e-type=\"column\">\n\t\t\t<div class=\"elementor-widget-wrap elementor-element-populated\">\n\t\t\t\t\t\t<div class=\"elementor-element elementor-element-85dcf22 elementor-widget elementor-widget-text-editor\" data-id=\"85dcf22\" data-element_type=\"widget\" data-e-type=\"widget\" data-widget_type=\"text-editor.default\">\n\t\t\t\t<div class=\"elementor-widget-container\">\n\t\t\t\t\t\t\t\t\t<p><strong>For 6 people<\/strong><\/p><p><strong>INGREDIENTS<\/strong><\/p><ul><li>24 medium-sized prawns<\/li><li>1 and a half vanilla beans<\/li><li>2 tablespoons <strong><a href=\"\/en\/cave-a-huile\/les-vinaigres\/vinaigre-de-vin-blanc-bio\/\">Vi<\/a>n<\/strong><a href=\"\/en\/cave-a-huile\/les-vinaigres\/vinaigre-de-vin-blanc-bio\/\"><strong>Cauvin organic white wine vinegar<\/strong><\/a><\/li><li><a href=\"\/en\/cave-a-huile\/cuisine-equilibre\/huile-vierge-de-colza-bio\/\"><strong>Cauvin organic virgin rapeseed oil<\/strong><\/a><\/li><li>assortment of baby vegetables according to the season: carrots, cherry tomatoes, scallions, snow peas, etc.<\/li><li>125 ml coconut milk<\/li><\/ul><p><strong>PREPARATION<\/strong><\/p><ol><li>Ass some <a href=\"\/en\/cave-a-huile\/cuisine-equilibre\/huile-vierge-de-colza-bio\/\"><strong>l&#8217;huile vierge de Colza Bio Cauvin<\/strong><\/a>\u00a0to a frying pan or wok and fry the prawns and a vanilla bean split lengthwise.<\/li><li>Halfway through cooking, turn the prawns over, so that they become golden brown, and add the baby vegetables, which should remain crunchy.<\/li><li>Remove the prawns and baby vegetables and deglaze the pan with <a href=\"\/en\/cave-a-huile\/les-vinaigres\/vinaigre-de-vin-blanc-bio\/\"><strong>Cauvin white wine vinegar<\/strong><\/a>. Keep warm.<\/li><li>Split the half vanilla bean lengthwise. Scrape the inside to collect all the seeds and add them to the coconut milk.<\/li><li>Transfer the coconut milk and seeds to a saucepan and bring to the boil. Let steep for 30 minutes.<\/li><li>Just before serving, strain and transfer the lukewarm vanilla coconut milk to a siphon, insert a gas cartridge and shake well.<\/li><\/ol>\t\t\t\t\t\t\t\t<\/div>\n\t\t\t\t<\/div>\n\t\t\t\t\t<\/div>\n\t\t<\/div>\n\t\t\t\t<div class=\"elementor-column elementor-col-33 elementor-top-column elementor-element elementor-element-2636339\" data-id=\"2636339\" data-element_type=\"column\" data-e-type=\"column\">\n\t\t\t<div class=\"elementor-widget-wrap elementor-element-populated\">\n\t\t\t\t\t\t<div class=\"elementor-element elementor-element-9452df7 elementor-widget elementor-widget-image\" data-id=\"9452df7\" data-element_type=\"widget\" data-e-type=\"widget\" data-widget_type=\"image.default\">\n\t\t\t\t<div class=\"elementor-widget-container\">\n\t\t\t\t\t\t\t\t\t\t\t\t\t\t\t<img fetchpriority=\"high\" decoding=\"async\" width=\"500\" height=\"500\" src=\"https:\/\/www.huilecauvin.com\/wp-content\/uploads\/2020\/06\/recette-gambas-vanille-cauvin.png\" class=\"attachment-medium_large size-medium_large wp-image-1899\" alt=\"\" srcset=\"https:\/\/www.huilecauvin.com\/wp-content\/uploads\/2020\/06\/recette-gambas-vanille-cauvin.png 500w, https:\/\/www.huilecauvin.com\/wp-content\/uploads\/2020\/06\/recette-gambas-vanille-cauvin-300x300.png 300w, https:\/\/www.huilecauvin.com\/wp-content\/uploads\/2020\/06\/recette-gambas-vanille-cauvin-150x150.png 150w\" sizes=\"(max-width: 500px) 100vw, 500px\" \/>\t\t\t\t\t\t\t\t\t\t\t\t\t\t\t<\/div>\n\t\t\t\t<\/div>\n\t\t\t\t\t<\/div>\n\t\t<\/div>\n\t\t\t\t\t<\/div>\n\t\t<\/section>\n\t\t\t\t<section class=\"elementor-section elementor-top-section elementor-element elementor-element-6c86e23 elementor-section-stretched elementor-section-boxed elementor-section-height-default elementor-section-height-default\" data-id=\"6c86e23\" data-element_type=\"section\" data-e-type=\"section\" data-settings=\"{&quot;stretch_section&quot;:&quot;section-stretched&quot;}\">\n\t\t\t\t\t\t<div class=\"elementor-container elementor-column-gap-default\">\n\t\t\t\t\t<div class=\"elementor-column elementor-col-100 elementor-top-column elementor-element elementor-element-a8a085c\" data-id=\"a8a085c\" data-element_type=\"column\" data-e-type=\"column\">\n\t\t\t<div class=\"elementor-widget-wrap elementor-element-populated\">\n\t\t\t\t\t\t<div class=\"elementor-element elementor-element-26dbe1c elementor-widget elementor-widget-spacer\" data-id=\"26dbe1c\" data-element_type=\"widget\" data-e-type=\"widget\" data-widget_type=\"spacer.default\">\n\t\t\t\t<div class=\"elementor-widget-container\">\n\t\t\t\t\t\t\t<div class=\"elementor-spacer\">\n\t\t\t<div class=\"elementor-spacer-inner\"><\/div>\n\t\t<\/div>\n\t\t\t\t\t\t<\/div>\n\t\t\t\t<\/div>\n\t\t\t\t\t<\/div>\n\t\t<\/div>\n\t\t\t\t\t<\/div>\n\t\t<\/section>\n\t\t\t\t<\/div>","protected":false},"excerpt":{"rendered":"<p>Gambas grill\u00e9es et son \u00e9mulsion vanill\u00e9e Pour 6 personnes Ingr\u00e9dients 24 Gambas de taille moyenne Une gousse et demie de vanille 2 cuill\u00e8res \u00e0 soupe de Vinaigre de Vin Blanc Bio Cauvin Huile vierge de Colza Bio Cauvin Assortiment de mini-l\u00e9gumes suivant saison : carottes, tomates cerise, c\u00e9bette, pois gourmands\u2026 125 ml de lait de [&hellip;]<\/p>\n","protected":false},"author":1,"featured_media":0,"parent":470,"menu_order":0,"comment_status":"closed","ping_status":"closed","template":"elementor_header_footer","meta":{"_monsterinsights_skip_tracking":false,"_monsterinsights_sitenote_active":false,"_monsterinsights_sitenote_note":"","_monsterinsights_sitenote_category":0,"footnotes":""},"class_list":["post-1897","page","type-page","status-publish","hentry"],"_links":{"self":[{"href":"https:\/\/www.huilecauvin.com\/en\/wp-json\/wp\/v2\/pages\/1897","targetHints":{"allow":["GET"]}}],"collection":[{"href":"https:\/\/www.huilecauvin.com\/en\/wp-json\/wp\/v2\/pages"}],"about":[{"href":"https:\/\/www.huilecauvin.com\/en\/wp-json\/wp\/v2\/types\/page"}],"author":[{"embeddable":true,"href":"https:\/\/www.huilecauvin.com\/en\/wp-json\/wp\/v2\/users\/1"}],"replies":[{"embeddable":true,"href":"https:\/\/www.huilecauvin.com\/en\/wp-json\/wp\/v2\/comments?post=1897"}],"version-history":[{"count":0,"href":"https:\/\/www.huilecauvin.com\/en\/wp-json\/wp\/v2\/pages\/1897\/revisions"}],"up":[{"embeddable":true,"href":"https:\/\/www.huilecauvin.com\/en\/wp-json\/wp\/v2\/pages\/470"}],"wp:attachment":[{"href":"https:\/\/www.huilecauvin.com\/en\/wp-json\/wp\/v2\/media?parent=1897"}],"curies":[{"name":"wp","href":"https:\/\/api.w.org\/{rel}","templated":true}]}}