{"id":1703,"date":"2020-06-12T15:51:40","date_gmt":"2020-06-12T13:51:40","guid":{"rendered":"http:\/\/localhost\/wordpress\/?page_id=1703"},"modified":"2021-02-09T09:41:15","modified_gmt":"2021-02-09T08:41:15","slug":"houmous","status":"publish","type":"page","link":"https:\/\/www.huilecauvin.com\/en\/recettes\/aperitifs-entrees\/houmous\/","title":{"rendered":"Hummus"},"content":{"rendered":"<div data-elementor-type=\"wp-page\" data-elementor-id=\"1703\" class=\"elementor elementor-1703\">\n\t\t\t\t\t\t<section class=\"elementor-section elementor-top-section elementor-element elementor-element-1134790 elementor-section-stretched elementor-section-boxed elementor-section-height-default elementor-section-height-default\" data-id=\"1134790\" data-element_type=\"section\" data-e-type=\"section\" data-settings=\"{&quot;stretch_section&quot;:&quot;section-stretched&quot;}\">\n\t\t\t\t\t\t<div class=\"elementor-container elementor-column-gap-default\">\n\t\t\t\t\t<div class=\"elementor-column elementor-col-100 elementor-top-column elementor-element elementor-element-f4fd6b2\" data-id=\"f4fd6b2\" data-element_type=\"column\" data-e-type=\"column\">\n\t\t\t<div class=\"elementor-widget-wrap elementor-element-populated\">\n\t\t\t\t\t\t<div class=\"elementor-element elementor-element-8795c0c elementor-widget elementor-widget-spacer\" data-id=\"8795c0c\" data-element_type=\"widget\" data-e-type=\"widget\" data-widget_type=\"spacer.default\">\n\t\t\t\t<div class=\"elementor-widget-container\">\n\t\t\t\t\t\t\t<div class=\"elementor-spacer\">\n\t\t\t<div class=\"elementor-spacer-inner\"><\/div>\n\t\t<\/div>\n\t\t\t\t\t\t<\/div>\n\t\t\t\t<\/div>\n\t\t\t\t<div class=\"elementor-element elementor-element-4b5c76d elementor-widget elementor-widget-heading\" data-id=\"4b5c76d\" data-element_type=\"widget\" data-e-type=\"widget\" data-widget_type=\"heading.default\">\n\t\t\t\t<div class=\"elementor-widget-container\">\n\t\t\t\t\t<h2 class=\"elementor-heading-title elementor-size-default\">Hummus<\/h2>\t\t\t\t<\/div>\n\t\t\t\t<\/div>\n\t\t\t\t<div class=\"elementor-element elementor-element-eb68ae4 elementor-widget elementor-widget-spacer\" data-id=\"eb68ae4\" data-element_type=\"widget\" data-e-type=\"widget\" data-widget_type=\"spacer.default\">\n\t\t\t\t<div class=\"elementor-widget-container\">\n\t\t\t\t\t\t\t<div class=\"elementor-spacer\">\n\t\t\t<div class=\"elementor-spacer-inner\"><\/div>\n\t\t<\/div>\n\t\t\t\t\t\t<\/div>\n\t\t\t\t<\/div>\n\t\t\t\t\t<\/div>\n\t\t<\/div>\n\t\t\t\t\t<\/div>\n\t\t<\/section>\n\t\t\t\t<section class=\"elementor-section elementor-top-section elementor-element elementor-element-db061a6 elementor-section-stretched elementor-section-boxed elementor-section-height-default elementor-section-height-default\" data-id=\"db061a6\" data-element_type=\"section\" data-e-type=\"section\" data-settings=\"{&quot;stretch_section&quot;:&quot;section-stretched&quot;}\">\n\t\t\t\t\t\t<div class=\"elementor-container elementor-column-gap-default\">\n\t\t\t\t\t<div class=\"elementor-column elementor-col-50 elementor-top-column elementor-element elementor-element-efd2089\" data-id=\"efd2089\" data-element_type=\"column\" data-e-type=\"column\">\n\t\t\t<div class=\"elementor-widget-wrap elementor-element-populated\">\n\t\t\t\t\t\t<div class=\"elementor-element elementor-element-9029069 elementor-widget elementor-widget-spacer\" data-id=\"9029069\" data-element_type=\"widget\" data-e-type=\"widget\" data-widget_type=\"spacer.default\">\n\t\t\t\t<div class=\"elementor-widget-container\">\n\t\t\t\t\t\t\t<div class=\"elementor-spacer\">\n\t\t\t<div class=\"elementor-spacer-inner\"><\/div>\n\t\t<\/div>\n\t\t\t\t\t\t<\/div>\n\t\t\t\t<\/div>\n\t\t\t\t<div class=\"elementor-element elementor-element-ad496da elementor-widget elementor-widget-text-editor\" data-id=\"ad496da\" data-element_type=\"widget\" data-e-type=\"widget\" data-widget_type=\"text-editor.default\">\n\t\t\t\t<div class=\"elementor-widget-container\">\n\t\t\t\t\t\t\t\t\t<p><strong>For 4 people<\/strong><\/p><p><b>INGREDIENTS<\/b><\/p><ul><li>250 g cooked chickpeas<\/li><li>2 tbsp sesame paste\u00a0<\/li><li>3 tbsp <a href=\"\/en\/cave-a-huile\/les-huiles-decouvertes-bio\/huile-vierge-de-sesame-grille-bio\/\"><strong>Cauvin Discovery organic toasted sesame oil\u00a0<i><\/i><\/strong><\/a><\/li><li>1 lemon<\/li><li>1 tsp cumin<\/li><li>1 clove of garlic<\/li><li>salt<\/li><\/ul><p><b>PREPARATION<\/b><\/p><ol><li>Rinse the chickpeas in clean water and drain them.<\/li><li>Blend the chickpeas with the sesame paste, <a href=\"\/en\/cave-a-huile\/les-huiles-decouvertes-bio\/huile-vierge-de-sesame-grille-bio\/\"><strong>the Cauvin organic sesame oil<\/strong><\/a> and the lemon juice<\/li><li>Press the garlic<\/li><li>Add the seasoning of garlic, cumin and salt and mix.<\/li><li>Enjoy it with an aperitif or in pita bread.<\/li><\/ol>\t\t\t\t\t\t\t\t<\/div>\n\t\t\t\t<\/div>\n\t\t\t\t\t<\/div>\n\t\t<\/div>\n\t\t\t\t<div class=\"elementor-column elementor-col-50 elementor-top-column elementor-element elementor-element-b3f7269\" data-id=\"b3f7269\" data-element_type=\"column\" data-e-type=\"column\">\n\t\t\t<div class=\"elementor-widget-wrap elementor-element-populated\">\n\t\t\t\t\t\t<div class=\"elementor-element elementor-element-d3e2f07 elementor-widget elementor-widget-spacer\" data-id=\"d3e2f07\" data-element_type=\"widget\" data-e-type=\"widget\" data-widget_type=\"spacer.default\">\n\t\t\t\t<div class=\"elementor-widget-container\">\n\t\t\t\t\t\t\t<div class=\"elementor-spacer\">\n\t\t\t<div class=\"elementor-spacer-inner\"><\/div>\n\t\t<\/div>\n\t\t\t\t\t\t<\/div>\n\t\t\t\t<\/div>\n\t\t\t\t<div class=\"elementor-element elementor-element-16ce953 elementor-widget elementor-widget-image\" data-id=\"16ce953\" data-element_type=\"widget\" data-e-type=\"widget\" data-widget_type=\"image.default\">\n\t\t\t\t<div class=\"elementor-widget-container\">\n\t\t\t\t\t\t\t\t\t\t\t\t\t\t\t<img fetchpriority=\"high\" decoding=\"async\" width=\"768\" height=\"768\" src=\"https:\/\/www.huilecauvin.com\/wp-content\/uploads\/2020\/06\/houmous-sesame-1-768x768.png\" class=\"attachment-medium_large size-medium_large wp-image-1706\" alt=\"\" srcset=\"https:\/\/www.huilecauvin.com\/wp-content\/uploads\/2020\/06\/houmous-sesame-1-768x768.png 768w, https:\/\/www.huilecauvin.com\/wp-content\/uploads\/2020\/06\/houmous-sesame-1-300x300.png 300w, https:\/\/www.huilecauvin.com\/wp-content\/uploads\/2020\/06\/houmous-sesame-1-1024x1024.png 1024w, https:\/\/www.huilecauvin.com\/wp-content\/uploads\/2020\/06\/houmous-sesame-1-150x150.png 150w, https:\/\/www.huilecauvin.com\/wp-content\/uploads\/2020\/06\/houmous-sesame-1-1536x1536.png 1536w, https:\/\/www.huilecauvin.com\/wp-content\/uploads\/2020\/06\/houmous-sesame-1.png 2000w\" sizes=\"(max-width: 768px) 100vw, 768px\" \/>\t\t\t\t\t\t\t\t\t\t\t\t\t\t\t<\/div>\n\t\t\t\t<\/div>\n\t\t\t\t\t<\/div>\n\t\t<\/div>\n\t\t\t\t\t<\/div>\n\t\t<\/section>\n\t\t\t\t<section class=\"elementor-section elementor-top-section elementor-element elementor-element-ea807b2 elementor-section-stretched elementor-section-boxed elementor-section-height-default elementor-section-height-default\" data-id=\"ea807b2\" data-element_type=\"section\" data-e-type=\"section\" data-settings=\"{&quot;stretch_section&quot;:&quot;section-stretched&quot;}\">\n\t\t\t\t\t\t<div class=\"elementor-container elementor-column-gap-default\">\n\t\t\t\t\t<div class=\"elementor-column elementor-col-100 elementor-top-column elementor-element elementor-element-ce2b618\" data-id=\"ce2b618\" data-element_type=\"column\" data-e-type=\"column\">\n\t\t\t<div class=\"elementor-widget-wrap elementor-element-populated\">\n\t\t\t\t\t\t<div class=\"elementor-element elementor-element-afc82b1 elementor-widget elementor-widget-spacer\" data-id=\"afc82b1\" data-element_type=\"widget\" data-e-type=\"widget\" data-widget_type=\"spacer.default\">\n\t\t\t\t<div class=\"elementor-widget-container\">\n\t\t\t\t\t\t\t<div class=\"elementor-spacer\">\n\t\t\t<div class=\"elementor-spacer-inner\"><\/div>\n\t\t<\/div>\n\t\t\t\t\t\t<\/div>\n\t\t\t\t<\/div>\n\t\t\t\t\t<\/div>\n\t\t<\/div>\n\t\t\t\t\t<\/div>\n\t\t<\/section>\n\t\t\t\t<\/div>","protected":false},"excerpt":{"rendered":"<p>Houmous Pour 4 personnes INGR\u00c9DIENTS 250g de pois chiches cuits 2 cuil. \u00e0 soupe de pur\u00e9e de s\u00e9same\u00a0 3 cuil. \u00e0 soupe d&#8217; huile de s\u00e9same grill\u00e9 Bio Cauvin D\u00e9couvertes\u00a0 1 citron 1 cuil. \u00e0 caf\u00e9 de cumin 1 gousse d&#8217;ail Sel PR\u00c9PARATION Rincez les pois chiches \u00e0 l&#8217;eau claire puis les \u00e9goutter Mixez les [&hellip;]<\/p>\n","protected":false},"author":1,"featured_media":0,"parent":466,"menu_order":0,"comment_status":"closed","ping_status":"closed","template":"elementor_header_footer","meta":{"_monsterinsights_skip_tracking":false,"_monsterinsights_sitenote_active":false,"_monsterinsights_sitenote_note":"","_monsterinsights_sitenote_category":0,"footnotes":""},"class_list":["post-1703","page","type-page","status-publish","hentry"],"_links":{"self":[{"href":"https:\/\/www.huilecauvin.com\/en\/wp-json\/wp\/v2\/pages\/1703","targetHints":{"allow":["GET"]}}],"collection":[{"href":"https:\/\/www.huilecauvin.com\/en\/wp-json\/wp\/v2\/pages"}],"about":[{"href":"https:\/\/www.huilecauvin.com\/en\/wp-json\/wp\/v2\/types\/page"}],"author":[{"embeddable":true,"href":"https:\/\/www.huilecauvin.com\/en\/wp-json\/wp\/v2\/users\/1"}],"replies":[{"embeddable":true,"href":"https:\/\/www.huilecauvin.com\/en\/wp-json\/wp\/v2\/comments?post=1703"}],"version-history":[{"count":0,"href":"https:\/\/www.huilecauvin.com\/en\/wp-json\/wp\/v2\/pages\/1703\/revisions"}],"up":[{"embeddable":true,"href":"https:\/\/www.huilecauvin.com\/en\/wp-json\/wp\/v2\/pages\/466"}],"wp:attachment":[{"href":"https:\/\/www.huilecauvin.com\/en\/wp-json\/wp\/v2\/media?parent=1703"}],"curies":[{"name":"wp","href":"https:\/\/api.w.org\/{rel}","templated":true}]}}