{"id":13663,"date":"2024-05-15T11:58:31","date_gmt":"2024-05-15T09:58:31","guid":{"rendered":"https:\/\/www.huilecauvin.com\/?page_id=13663"},"modified":"2024-05-15T15:42:37","modified_gmt":"2024-05-15T13:42:37","slug":"sauces-et-marinades","status":"publish","type":"page","link":"https:\/\/www.huilecauvin.com\/en\/sauces-et-marinades\/","title":{"rendered":"Sauces et Marinades"},"content":{"rendered":"<div data-elementor-type=\"wp-page\" data-elementor-id=\"13663\" class=\"elementor elementor-13663\">\n\t\t\t\t\t\t<section class=\"elementor-section elementor-top-section elementor-element elementor-element-3170d66 elementor-section-boxed elementor-section-height-default elementor-section-height-default\" data-id=\"3170d66\" data-element_type=\"section\" data-e-type=\"section\">\n\t\t\t\t\t\t<div class=\"elementor-container elementor-column-gap-default\">\n\t\t\t\t\t<div class=\"elementor-column elementor-col-100 elementor-top-column elementor-element elementor-element-1a19707\" data-id=\"1a19707\" data-element_type=\"column\" data-e-type=\"column\">\n\t\t\t<div class=\"elementor-widget-wrap elementor-element-populated\">\n\t\t\t\t\t\t<section class=\"elementor-section elementor-inner-section elementor-element elementor-element-df46b39 elementor-section-boxed elementor-section-height-default elementor-section-height-default\" data-id=\"df46b39\" data-element_type=\"section\" data-e-type=\"section\">\n\t\t\t\t\t\t<div class=\"elementor-container elementor-column-gap-default\">\n\t\t\t\t\t<div class=\"elementor-column elementor-col-100 elementor-inner-column elementor-element elementor-element-322a720\" data-id=\"322a720\" data-element_type=\"column\" data-e-type=\"column\">\n\t\t\t<div class=\"elementor-widget-wrap elementor-element-populated\">\n\t\t\t\t\t\t<div class=\"elementor-element elementor-element-275c9d8 elementor-widget elementor-widget-heading\" data-id=\"275c9d8\" data-element_type=\"widget\" data-e-type=\"widget\" data-widget_type=\"heading.default\">\n\t\t\t\t<div class=\"elementor-widget-container\">\n\t\t\t\t\t<h2 class=\"elementor-heading-title elementor-size-default\">Une gamme naturelle<\/h2>\t\t\t\t<\/div>\n\t\t\t\t<\/div>\n\t\t\t\t\t<\/div>\n\t\t<\/div>\n\t\t\t\t\t<\/div>\n\t\t<\/section>\n\t\t\t\t<div class=\"elementor-element elementor-element-a41756a elementor-align-center elementor-icon-list--layout-traditional elementor-list-item-link-full_width elementor-widget elementor-widget-icon-list\" data-id=\"a41756a\" data-element_type=\"widget\" data-e-type=\"widget\" data-widget_type=\"icon-list.default\">\n\t\t\t\t<div class=\"elementor-widget-container\">\n\t\t\t\t\t\t\t<ul class=\"elementor-icon-list-items\">\n\t\t\t\t\t\t\t<li class=\"elementor-icon-list-item\">\n\t\t\t\t\t\t\t\t\t\t\t<span class=\"elementor-icon-list-icon\">\n\t\t\t\t\t\t\t<i aria-hidden=\"true\" class=\"fas fa-dot-circle\"><\/i>\t\t\t\t\t\t<\/span>\n\t\t\t\t\t\t\t\t\t\t<span class=\"elementor-icon-list-text\">Sans conservateur<\/span>\n\t\t\t\t\t\t\t\t\t<\/li>\n\t\t\t\t\t\t\t\t<li class=\"elementor-icon-list-item\">\n\t\t\t\t\t\t\t\t\t\t\t<span class=\"elementor-icon-list-icon\">\n\t\t\t\t\t\t\t<i aria-hidden=\"true\" class=\"fas fa-dot-circle\"><\/i>\t\t\t\t\t\t<\/span>\n\t\t\t\t\t\t\t\t\t\t<span class=\"elementor-icon-list-text\">No added salt.<\/span>\n\t\t\t\t\t\t\t\t\t<\/li>\n\t\t\t\t\t\t\t\t<li class=\"elementor-icon-list-item\">\n\t\t\t\t\t\t\t\t\t\t\t<span class=\"elementor-icon-list-icon\">\n\t\t\t\t\t\t\t<i aria-hidden=\"true\" class=\"fas fa-dot-circle\"><\/i>\t\t\t\t\t\t<\/span>\n\t\t\t\t\t\t\t\t\t\t<span class=\"elementor-icon-list-text\">Avec des ingr\u00e9dients simples<\/span>\n\t\t\t\t\t\t\t\t\t<\/li>\n\t\t\t\t\t\t\t\t<li class=\"elementor-icon-list-item\">\n\t\t\t\t\t\t\t\t\t\t\t<span class=\"elementor-icon-list-icon\">\n\t\t\t\t\t\t\t<i aria-hidden=\"true\" class=\"fas fa-dot-circle\"><\/i>\t\t\t\t\t\t<\/span>\n\t\t\t\t\t\t\t\t\t\t<span class=\"elementor-icon-list-text\">Pr\u00eate \u00e0 l'emploi<\/span>\n\t\t\t\t\t\t\t\t\t<\/li>\n\t\t\t\t\t\t\t\t<li class=\"elementor-icon-list-item\">\n\t\t\t\t\t\t\t\t\t\t\t<span class=\"elementor-icon-list-icon\">\n\t\t\t\t\t\t\t<i aria-hidden=\"true\" class=\"fas fa-dot-circle\"><\/i>\t\t\t\t\t\t<\/span>\n\t\t\t\t\t\t\t\t\t\t<span class=\"elementor-icon-list-text\">Avec un format 24 cl adapt\u00e9 \u00e0 l'usage<\/span>\n\t\t\t\t\t\t\t\t\t<\/li>\n\t\t\t\t\t\t<\/ul>\n\t\t\t\t\t\t<\/div>\n\t\t\t\t<\/div>\n\t\t\t\t\t<\/div>\n\t\t<\/div>\n\t\t\t\t\t<\/div>\n\t\t<\/section>\n\t\t\t\t<section class=\"elementor-section elementor-top-section elementor-element elementor-element-908447a elementor-section-full_width elementor-section-height-default elementor-section-height-default\" data-id=\"908447a\" data-element_type=\"section\" data-e-type=\"section\">\n\t\t\t\t\t\t<div class=\"elementor-container elementor-column-gap-default\">\n\t\t\t\t\t<div class=\"elementor-column elementor-col-100 elementor-top-column elementor-element elementor-element-b211d31\" data-id=\"b211d31\" data-element_type=\"column\" data-e-type=\"column\">\n\t\t\t<div class=\"elementor-widget-wrap elementor-element-populated\">\n\t\t\t\t\t\t<div class=\"elementor-element elementor-element-3af1c8a elementor-widget elementor-widget-heading\" data-id=\"3af1c8a\" data-element_type=\"widget\" data-e-type=\"widget\" data-widget_type=\"heading.default\">\n\t\t\t\t<div class=\"elementor-widget-container\">\n\t\t\t\t\t<h2 class=\"elementor-heading-title elementor-size-default\"> de 4 recettes originales<\/h2>\t\t\t\t<\/div>\n\t\t\t\t<\/div>\n\t\t\t\t<section class=\"elementor-section elementor-inner-section elementor-element elementor-element-45e281c elementor-section-boxed elementor-section-height-default elementor-section-height-default\" data-id=\"45e281c\" data-element_type=\"section\" data-e-type=\"section\">\n\t\t\t\t\t\t<div class=\"elementor-container elementor-column-gap-default\">\n\t\t\t\t\t<div class=\"elementor-column elementor-col-25 elementor-inner-column elementor-element elementor-element-e43ac35\" data-id=\"e43ac35\" data-element_type=\"column\" data-e-type=\"column\">\n\t\t\t<div class=\"elementor-widget-wrap elementor-element-populated\">\n\t\t\t\t\t\t<div class=\"elementor-element elementor-element-633d8b0 elementor-widget elementor-widget-text-editor\" data-id=\"633d8b0\" data-element_type=\"widget\" data-e-type=\"widget\" data-widget_type=\"text-editor.default\">\n\t\t\t\t<div class=\"elementor-widget-container\">\n\t\t\t\t\t\t\t\t\t<p>TEX MEX<\/p><p><img decoding=\"async\" class=\"alignnone wp-image-13668\" src=\"https:\/\/www.huilecauvin.com\/wp-content\/uploads\/2024\/05\/logo-illustration-marinade-tex-mex-298x300.png\" alt=\"\" width=\"148\" height=\"149\" srcset=\"https:\/\/www.huilecauvin.com\/wp-content\/uploads\/2024\/05\/logo-illustration-marinade-tex-mex-298x300.png 298w, https:\/\/www.huilecauvin.com\/wp-content\/uploads\/2024\/05\/logo-illustration-marinade-tex-mex-150x150.png 150w, https:\/\/www.huilecauvin.com\/wp-content\/uploads\/2024\/05\/logo-illustration-marinade-tex-mex-12x12.png 12w, https:\/\/www.huilecauvin.com\/wp-content\/uploads\/2024\/05\/logo-illustration-marinade-tex-mex-75x75.png 75w, https:\/\/www.huilecauvin.com\/wp-content\/uploads\/2024\/05\/logo-illustration-marinade-tex-mex.png 358w\" sizes=\"(max-width: 148px) 100vw, 148px\" \/><\/p><p>Paprika &#8211; Piment &#8211; Curry<\/p>\t\t\t\t\t\t\t\t<\/div>\n\t\t\t\t<\/div>\n\t\t\t\t\t<\/div>\n\t\t<\/div>\n\t\t\t\t<div class=\"elementor-column elementor-col-25 elementor-inner-column elementor-element elementor-element-5b476e2\" data-id=\"5b476e2\" data-element_type=\"column\" data-e-type=\"column\">\n\t\t\t<div class=\"elementor-widget-wrap elementor-element-populated\">\n\t\t\t\t\t\t<div class=\"elementor-element elementor-element-5e9a62a elementor-widget__width-initial elementor-widget elementor-widget-text-editor\" data-id=\"5e9a62a\" data-element_type=\"widget\" data-e-type=\"widget\" data-widget_type=\"text-editor.default\">\n\t\t\t\t<div class=\"elementor-widget-container\">\n\t\t\t\t\t\t\t\t\t<p>YUZU CITRUS<\/p><p><img decoding=\"async\" class=\"alignnone wp-image-13669\" src=\"https:\/\/www.huilecauvin.com\/wp-content\/uploads\/2024\/05\/logo-illustration-marinades-yuzu-300x237.png\" alt=\"\" width=\"197\" height=\"156\" srcset=\"https:\/\/www.huilecauvin.com\/wp-content\/uploads\/2024\/05\/logo-illustration-marinades-yuzu-300x237.png 300w, https:\/\/www.huilecauvin.com\/wp-content\/uploads\/2024\/05\/logo-illustration-marinades-yuzu-15x12.png 15w, https:\/\/www.huilecauvin.com\/wp-content\/uploads\/2024\/05\/logo-illustration-marinades-yuzu.png 371w\" sizes=\"(max-width: 197px) 100vw, 197px\" \/><\/p><p>Citron Yuzu &#8211; Poivre de Sichuan<\/p>\t\t\t\t\t\t\t\t<\/div>\n\t\t\t\t<\/div>\n\t\t\t\t\t<\/div>\n\t\t<\/div>\n\t\t\t\t<div class=\"elementor-column elementor-col-25 elementor-inner-column elementor-element elementor-element-3b6266a\" data-id=\"3b6266a\" data-element_type=\"column\" data-e-type=\"column\">\n\t\t\t<div class=\"elementor-widget-wrap elementor-element-populated\">\n\t\t\t\t\t\t<div class=\"elementor-element elementor-element-d298cc7 elementor-widget elementor-widget-text-editor\" data-id=\"d298cc7\" data-element_type=\"widget\" data-e-type=\"widget\" data-widget_type=\"text-editor.default\">\n\t\t\t\t<div class=\"elementor-widget-container\">\n\t\t\t\t\t\t\t\t\t<p>ASIATIQUE<\/p><p><img decoding=\"async\" class=\"alignnone wp-image-13666\" src=\"https:\/\/www.huilecauvin.com\/wp-content\/uploads\/2024\/05\/logo-illustration-marinade-asiatique-296x300.png\" alt=\"\" width=\"154\" height=\"156\" srcset=\"https:\/\/www.huilecauvin.com\/wp-content\/uploads\/2024\/05\/logo-illustration-marinade-asiatique-296x300.png 296w, https:\/\/www.huilecauvin.com\/wp-content\/uploads\/2024\/05\/logo-illustration-marinade-asiatique-12x12.png 12w, https:\/\/www.huilecauvin.com\/wp-content\/uploads\/2024\/05\/logo-illustration-marinade-asiatique-75x75.png 75w, https:\/\/www.huilecauvin.com\/wp-content\/uploads\/2024\/05\/logo-illustration-marinade-asiatique.png 367w\" sizes=\"(max-width: 154px) 100vw, 154px\" \/><\/p><p>Huile de S\u00e9same &#8211; Saveur sauce Soja<\/p>\t\t\t\t\t\t\t\t<\/div>\n\t\t\t\t<\/div>\n\t\t\t\t\t<\/div>\n\t\t<\/div>\n\t\t\t\t<div class=\"elementor-column elementor-col-25 elementor-inner-column elementor-element elementor-element-6f25565\" data-id=\"6f25565\" data-element_type=\"column\" data-e-type=\"column\">\n\t\t\t<div class=\"elementor-widget-wrap elementor-element-populated\">\n\t\t\t\t\t\t<div class=\"elementor-element elementor-element-bf6dc10 elementor-widget elementor-widget-text-editor\" data-id=\"bf6dc10\" data-element_type=\"widget\" data-e-type=\"widget\" data-widget_type=\"text-editor.default\">\n\t\t\t\t<div class=\"elementor-widget-container\">\n\t\t\t\t\t\t\t\t\t<p>PROVENCALE<\/p><p><img loading=\"lazy\" decoding=\"async\" class=\"alignnone wp-image-13667\" src=\"https:\/\/www.huilecauvin.com\/wp-content\/uploads\/2024\/05\/logo-illustration-marinade-provencale-300x220.png\" alt=\"\" width=\"213\" height=\"156\" srcset=\"https:\/\/www.huilecauvin.com\/wp-content\/uploads\/2024\/05\/logo-illustration-marinade-provencale-300x220.png 300w, https:\/\/www.huilecauvin.com\/wp-content\/uploads\/2024\/05\/logo-illustration-marinade-provencale-16x12.png 16w, https:\/\/www.huilecauvin.com\/wp-content\/uploads\/2024\/05\/logo-illustration-marinade-provencale.png 441w\" sizes=\"(max-width: 213px) 100vw, 213px\" \/><\/p><p>Huile d&#8217;olive &#8211; Herbes aromatiques<\/p>\t\t\t\t\t\t\t\t<\/div>\n\t\t\t\t<\/div>\n\t\t\t\t\t<\/div>\n\t\t<\/div>\n\t\t\t\t\t<\/div>\n\t\t<\/section>\n\t\t\t\t\t<\/div>\n\t\t<\/div>\n\t\t\t\t\t<\/div>\n\t\t<\/section>\n\t\t\t\t<section class=\"elementor-section elementor-top-section elementor-element elementor-element-cffd70c elementor-section-boxed elementor-section-height-default elementor-section-height-default\" data-id=\"cffd70c\" data-element_type=\"section\" data-e-type=\"section\">\n\t\t\t\t\t\t<div class=\"elementor-container elementor-column-gap-default\">\n\t\t\t\t\t<div class=\"elementor-column elementor-col-100 elementor-top-column elementor-element elementor-element-55fe70c\" data-id=\"55fe70c\" data-element_type=\"column\" data-e-type=\"column\">\n\t\t\t<div class=\"elementor-widget-wrap elementor-element-populated\">\n\t\t\t\t\t\t<div class=\"elementor-element elementor-element-f3f16d5 elementor-widget elementor-widget-heading\" data-id=\"f3f16d5\" data-element_type=\"widget\" data-e-type=\"widget\" data-widget_type=\"heading.default\">\n\t\t\t\t<div class=\"elementor-widget-container\">\n\t\t\t\t\t<h2 class=\"elementor-heading-title elementor-size-default\">pour une cuisine inventive<\/h2>\t\t\t\t<\/div>\n\t\t\t\t<\/div>\n\t\t\t\t<section class=\"elementor-section elementor-inner-section elementor-element elementor-element-eb163fd elementor-section-boxed elementor-section-height-default elementor-section-height-default\" data-id=\"eb163fd\" data-element_type=\"section\" data-e-type=\"section\">\n\t\t\t\t\t\t<div class=\"elementor-container elementor-column-gap-default\">\n\t\t\t\t\t<div class=\"elementor-column elementor-col-25 elementor-inner-column elementor-element elementor-element-931e232\" data-id=\"931e232\" data-element_type=\"column\" data-e-type=\"column\">\n\t\t\t<div class=\"elementor-widget-wrap elementor-element-populated\">\n\t\t\t\t\t\t<div class=\"elementor-element elementor-element-c15b992 elementor-widget__width-initial elementor-widget elementor-widget-text-editor\" data-id=\"c15b992\" data-element_type=\"widget\" data-e-type=\"widget\" data-widget_type=\"text-editor.default\">\n\t\t\t\t<div class=\"elementor-widget-container\">\n\t\t\t\t\t\t\t\t\t<p><img loading=\"lazy\" decoding=\"async\" class=\"alignnone size-medium wp-image-13676\" src=\"https:\/\/www.huilecauvin.com\/wp-content\/uploads\/2024\/05\/food-8752911_1280-300x200.jpg\" alt=\"\" width=\"300\" height=\"200\" srcset=\"https:\/\/www.huilecauvin.com\/wp-content\/uploads\/2024\/05\/food-8752911_1280-300x200.jpg 300w, https:\/\/www.huilecauvin.com\/wp-content\/uploads\/2024\/05\/food-8752911_1280-1024x682.jpg 1024w, https:\/\/www.huilecauvin.com\/wp-content\/uploads\/2024\/05\/food-8752911_1280-768x512.jpg 768w, https:\/\/www.huilecauvin.com\/wp-content\/uploads\/2024\/05\/food-8752911_1280-18x12.jpg 18w, https:\/\/www.huilecauvin.com\/wp-content\/uploads\/2024\/05\/food-8752911_1280.jpg 1280w\" sizes=\"(max-width: 300px) 100vw, 300px\" \/>MARINADE de viandes pour barbecue<\/p><p><img loading=\"lazy\" decoding=\"async\" class=\"size-medium wp-image-13683\" src=\"https:\/\/www.huilecauvin.com\/wp-content\/uploads\/2024\/05\/24927823_l_normal_none-recadree-300x200.jpg\" alt=\"\" width=\"300\" height=\"200\" srcset=\"https:\/\/www.huilecauvin.com\/wp-content\/uploads\/2024\/05\/24927823_l_normal_none-recadree-300x200.jpg 300w, https:\/\/www.huilecauvin.com\/wp-content\/uploads\/2024\/05\/24927823_l_normal_none-recadree-1024x682.jpg 1024w, https:\/\/www.huilecauvin.com\/wp-content\/uploads\/2024\/05\/24927823_l_normal_none-recadree-768x512.jpg 768w, https:\/\/www.huilecauvin.com\/wp-content\/uploads\/2024\/05\/24927823_l_normal_none-recadree-18x12.jpg 18w, https:\/\/www.huilecauvin.com\/wp-content\/uploads\/2024\/05\/24927823_l_normal_none-recadree.jpg 1181w\" sizes=\"(max-width: 300px) 100vw, 300px\" \/>\u00a0SAUCE de salade de quinoa, d&#8217;avocat vinaigrette ou de chile con carne<\/p>\t\t\t\t\t\t\t\t<\/div>\n\t\t\t\t<\/div>\n\t\t\t\t\t<\/div>\n\t\t<\/div>\n\t\t\t\t<div class=\"elementor-column elementor-col-25 elementor-inner-column elementor-element elementor-element-bbd057c\" data-id=\"bbd057c\" data-element_type=\"column\" data-e-type=\"column\">\n\t\t\t<div class=\"elementor-widget-wrap elementor-element-populated\">\n\t\t\t\t\t\t<div class=\"elementor-element elementor-element-c04397c elementor-widget elementor-widget-text-editor\" data-id=\"c04397c\" data-element_type=\"widget\" data-e-type=\"widget\" data-widget_type=\"text-editor.default\">\n\t\t\t\t<div class=\"elementor-widget-container\">\n\t\t\t\t\t\t\t\t\t<p><img loading=\"lazy\" decoding=\"async\" class=\"alignnone size-medium wp-image-13680\" src=\"https:\/\/www.huilecauvin.com\/wp-content\/uploads\/2024\/05\/grilled-1238668_1280-1-300x200.jpg\" alt=\"\" width=\"300\" height=\"200\" srcset=\"https:\/\/www.huilecauvin.com\/wp-content\/uploads\/2024\/05\/grilled-1238668_1280-1-300x200.jpg 300w, https:\/\/www.huilecauvin.com\/wp-content\/uploads\/2024\/05\/grilled-1238668_1280-1-1024x682.jpg 1024w, https:\/\/www.huilecauvin.com\/wp-content\/uploads\/2024\/05\/grilled-1238668_1280-1-768x512.jpg 768w, https:\/\/www.huilecauvin.com\/wp-content\/uploads\/2024\/05\/grilled-1238668_1280-1-18x12.jpg 18w, https:\/\/www.huilecauvin.com\/wp-content\/uploads\/2024\/05\/grilled-1238668_1280-1.jpg 1181w\" sizes=\"(max-width: 300px) 100vw, 300px\" \/>MARINADE de poissons ou de crustac\u00e9s<\/p><p><img loading=\"lazy\" decoding=\"async\" class=\"alignnone size-medium wp-image-13685\" src=\"https:\/\/www.huilecauvin.com\/wp-content\/uploads\/2024\/05\/meal-1307604_1280-300x200.jpg\" alt=\"\" width=\"300\" height=\"200\" srcset=\"https:\/\/www.huilecauvin.com\/wp-content\/uploads\/2024\/05\/meal-1307604_1280-300x200.jpg 300w, https:\/\/www.huilecauvin.com\/wp-content\/uploads\/2024\/05\/meal-1307604_1280-1024x683.jpg 1024w, https:\/\/www.huilecauvin.com\/wp-content\/uploads\/2024\/05\/meal-1307604_1280-768x512.jpg 768w, https:\/\/www.huilecauvin.com\/wp-content\/uploads\/2024\/05\/meal-1307604_1280-18x12.jpg 18w, https:\/\/www.huilecauvin.com\/wp-content\/uploads\/2024\/05\/meal-1307604_1280.jpg 1181w\" sizes=\"(max-width: 300px) 100vw, 300px\" \/>SAUCE pour p\u00e2tes, pommes de terre vapeur ou asperges<\/p>\t\t\t\t\t\t\t\t<\/div>\n\t\t\t\t<\/div>\n\t\t\t\t\t<\/div>\n\t\t<\/div>\n\t\t\t\t<div class=\"elementor-column elementor-col-25 elementor-inner-column elementor-element elementor-element-97fda06\" data-id=\"97fda06\" data-element_type=\"column\" data-e-type=\"column\">\n\t\t\t<div class=\"elementor-widget-wrap elementor-element-populated\">\n\t\t\t\t\t\t<div class=\"elementor-element elementor-element-231605d elementor-widget elementor-widget-text-editor\" data-id=\"231605d\" data-element_type=\"widget\" data-e-type=\"widget\" data-widget_type=\"text-editor.default\">\n\t\t\t\t<div class=\"elementor-widget-container\">\n\t\t\t\t\t\t\t\t\t<p><img loading=\"lazy\" decoding=\"async\" class=\"alignnone size-medium wp-image-13682\" src=\"https:\/\/www.huilecauvin.com\/wp-content\/uploads\/2024\/05\/wok-8589237_1280-1-300x200.jpg\" alt=\"\" width=\"300\" height=\"200\" srcset=\"https:\/\/www.huilecauvin.com\/wp-content\/uploads\/2024\/05\/wok-8589237_1280-1-300x200.jpg 300w, https:\/\/www.huilecauvin.com\/wp-content\/uploads\/2024\/05\/wok-8589237_1280-1-1024x682.jpg 1024w, https:\/\/www.huilecauvin.com\/wp-content\/uploads\/2024\/05\/wok-8589237_1280-1-768x512.jpg 768w, https:\/\/www.huilecauvin.com\/wp-content\/uploads\/2024\/05\/wok-8589237_1280-1-18x12.jpg 18w, https:\/\/www.huilecauvin.com\/wp-content\/uploads\/2024\/05\/wok-8589237_1280-1.jpg 1181w\" sizes=\"(max-width: 300px) 100vw, 300px\" \/>MARINADE pour wok\u00a0<\/p><p><span style=\"font-size: 16px;\"><img loading=\"lazy\" decoding=\"async\" class=\"alignnone size-medium wp-image-13722\" src=\"https:\/\/www.huilecauvin.com\/wp-content\/uploads\/2024\/05\/pexels-cottonbro-3297366-300x200.jpg\" alt=\"\" width=\"300\" height=\"200\" srcset=\"https:\/\/www.huilecauvin.com\/wp-content\/uploads\/2024\/05\/pexels-cottonbro-3297366-300x200.jpg 300w, https:\/\/www.huilecauvin.com\/wp-content\/uploads\/2024\/05\/pexels-cottonbro-3297366-1024x683.jpg 1024w, https:\/\/www.huilecauvin.com\/wp-content\/uploads\/2024\/05\/pexels-cottonbro-3297366-768x512.jpg 768w, https:\/\/www.huilecauvin.com\/wp-content\/uploads\/2024\/05\/pexels-cottonbro-3297366-18x12.jpg 18w, https:\/\/www.huilecauvin.com\/wp-content\/uploads\/2024\/05\/pexels-cottonbro-3297366.jpg 1181w\" sizes=\"(max-width: 300px) 100vw, 300px\" \/>SAUCE pour nouilles chinoises, wok de l\u00e9gumes ou poke bowl<\/span><\/p>\t\t\t\t\t\t\t\t<\/div>\n\t\t\t\t<\/div>\n\t\t\t\t\t<\/div>\n\t\t<\/div>\n\t\t\t\t<div class=\"elementor-column elementor-col-25 elementor-inner-column elementor-element elementor-element-f564d61\" data-id=\"f564d61\" data-element_type=\"column\" data-e-type=\"column\">\n\t\t\t<div class=\"elementor-widget-wrap elementor-element-populated\">\n\t\t\t\t\t\t<div class=\"elementor-element elementor-element-85c523d elementor-widget elementor-widget-text-editor\" data-id=\"85c523d\" data-element_type=\"widget\" data-e-type=\"widget\" data-widget_type=\"text-editor.default\">\n\t\t\t\t<div class=\"elementor-widget-container\">\n\t\t\t\t\t\t\t\t\t<p><img loading=\"lazy\" decoding=\"async\" class=\"alignnone size-medium wp-image-13738\" src=\"https:\/\/www.huilecauvin.com\/wp-content\/uploads\/2024\/05\/shish-kebab-417994_1280-300x200.jpg\" alt=\"\" width=\"300\" height=\"200\" srcset=\"https:\/\/www.huilecauvin.com\/wp-content\/uploads\/2024\/05\/shish-kebab-417994_1280-300x200.jpg 300w, https:\/\/www.huilecauvin.com\/wp-content\/uploads\/2024\/05\/shish-kebab-417994_1280-1024x682.jpg 1024w, https:\/\/www.huilecauvin.com\/wp-content\/uploads\/2024\/05\/shish-kebab-417994_1280-768x512.jpg 768w, https:\/\/www.huilecauvin.com\/wp-content\/uploads\/2024\/05\/shish-kebab-417994_1280-18x12.jpg 18w, https:\/\/www.huilecauvin.com\/wp-content\/uploads\/2024\/05\/shish-kebab-417994_1280.jpg 1181w\" sizes=\"(max-width: 300px) 100vw, 300px\" \/>MARINADE pour plancha<\/p><p><img loading=\"lazy\" decoding=\"async\" class=\"alignnone size-medium wp-image-13687\" src=\"https:\/\/www.huilecauvin.com\/wp-content\/uploads\/2024\/05\/pexels-dana-tentis-118658-1213710-300x200.jpg\" alt=\"\" width=\"300\" height=\"200\" srcset=\"https:\/\/www.huilecauvin.com\/wp-content\/uploads\/2024\/05\/pexels-dana-tentis-118658-1213710-300x200.jpg 300w, https:\/\/www.huilecauvin.com\/wp-content\/uploads\/2024\/05\/pexels-dana-tentis-118658-1213710-1024x682.jpg 1024w, https:\/\/www.huilecauvin.com\/wp-content\/uploads\/2024\/05\/pexels-dana-tentis-118658-1213710-768x512.jpg 768w, https:\/\/www.huilecauvin.com\/wp-content\/uploads\/2024\/05\/pexels-dana-tentis-118658-1213710-18x12.jpg 18w, https:\/\/www.huilecauvin.com\/wp-content\/uploads\/2024\/05\/pexels-dana-tentis-118658-1213710.jpg 1181w\" sizes=\"(max-width: 300px) 100vw, 300px\" \/><span style=\"font-size: 16px;\">SAUCE de salades, d&#8217;aubergines au four ou de spaghettis<\/span><\/p>\t\t\t\t\t\t\t\t<\/div>\n\t\t\t\t<\/div>\n\t\t\t\t\t<\/div>\n\t\t<\/div>\n\t\t\t\t\t<\/div>\n\t\t<\/section>\n\t\t\t\t\t<\/div>\n\t\t<\/div>\n\t\t\t\t\t<\/div>\n\t\t<\/section>\n\t\t\t\t<\/div>","protected":false},"excerpt":{"rendered":"<p>Une gamme naturelle Sans conservateur Sans sel ajout\u00e9 Avec des ingr\u00e9dients simples Pr\u00eate \u00e0 l&#8217;emploi Avec un format 24 cl adapt\u00e9 \u00e0 l&#8217;usage de 4 recettes originales TEX MEX Paprika &#8211; Piment &#8211; Curry YUZU CITRUS Citron Yuzu &#8211; Poivre de Sichuan ASIATIQUE Huile de S\u00e9same &#8211; Saveur sauce Soja PROVENCALE Huile d&#8217;olive &#8211; Herbes [&hellip;]<\/p>\n","protected":false},"author":1,"featured_media":0,"parent":0,"menu_order":0,"comment_status":"closed","ping_status":"closed","template":"","meta":{"_monsterinsights_skip_tracking":false,"_monsterinsights_sitenote_active":false,"_monsterinsights_sitenote_note":"","_monsterinsights_sitenote_category":0,"footnotes":""},"class_list":["post-13663","page","type-page","status-publish","hentry"],"_links":{"self":[{"href":"https:\/\/www.huilecauvin.com\/en\/wp-json\/wp\/v2\/pages\/13663","targetHints":{"allow":["GET"]}}],"collection":[{"href":"https:\/\/www.huilecauvin.com\/en\/wp-json\/wp\/v2\/pages"}],"about":[{"href":"https:\/\/www.huilecauvin.com\/en\/wp-json\/wp\/v2\/types\/page"}],"author":[{"embeddable":true,"href":"https:\/\/www.huilecauvin.com\/en\/wp-json\/wp\/v2\/users\/1"}],"replies":[{"embeddable":true,"href":"https:\/\/www.huilecauvin.com\/en\/wp-json\/wp\/v2\/comments?post=13663"}],"version-history":[{"count":0,"href":"https:\/\/www.huilecauvin.com\/en\/wp-json\/wp\/v2\/pages\/13663\/revisions"}],"wp:attachment":[{"href":"https:\/\/www.huilecauvin.com\/en\/wp-json\/wp\/v2\/media?parent=13663"}],"curies":[{"name":"wp","href":"https:\/\/api.w.org\/{rel}","templated":true}]}}