{"id":13375,"date":"2024-01-31T14:49:02","date_gmt":"2024-01-31T13:49:02","guid":{"rendered":"https:\/\/www.huilecauvin.com\/?page_id=13375"},"modified":"2025-03-28T10:05:01","modified_gmt":"2025-03-28T09:05:01","slug":"les-twists","status":"publish","type":"page","link":"https:\/\/www.huilecauvin.com\/en\/cave-a-huile\/les-twists\/","title":{"rendered":"Twists"},"content":{"rendered":"<div data-elementor-type=\"wp-page\" data-elementor-id=\"13375\" class=\"elementor elementor-13375\">\n\t\t\t\t\t\t<section class=\"elementor-section elementor-top-section elementor-element elementor-element-f31111e elementor-section-stretched elementor-section-boxed elementor-section-height-default elementor-section-height-default\" data-id=\"f31111e\" data-element_type=\"section\" data-e-type=\"section\" data-settings=\"{&quot;stretch_section&quot;:&quot;section-stretched&quot;}\">\n\t\t\t\t\t\t<div class=\"elementor-container elementor-column-gap-default\">\n\t\t\t\t\t<div class=\"elementor-column elementor-col-100 elementor-top-column elementor-element elementor-element-9e09dee\" data-id=\"9e09dee\" data-element_type=\"column\" data-e-type=\"column\">\n\t\t\t<div class=\"elementor-widget-wrap elementor-element-populated\">\n\t\t\t\t\t\t<div class=\"elementor-element elementor-element-213fb05 elementor-widget elementor-widget-spacer\" data-id=\"213fb05\" data-element_type=\"widget\" data-e-type=\"widget\" data-widget_type=\"spacer.default\">\n\t\t\t\t<div class=\"elementor-widget-container\">\n\t\t\t\t\t\t\t<div class=\"elementor-spacer\">\n\t\t\t<div class=\"elementor-spacer-inner\"><\/div>\n\t\t<\/div>\n\t\t\t\t\t\t<\/div>\n\t\t\t\t<\/div>\n\t\t\t\t<div class=\"elementor-element elementor-element-87b6108 elementor-widget elementor-widget-heading\" data-id=\"87b6108\" data-element_type=\"widget\" data-e-type=\"widget\" data-widget_type=\"heading.default\">\n\t\t\t\t<div class=\"elementor-widget-container\">\n\t\t\t\t\t<h2 class=\"elementor-heading-title elementor-size-default\">Twists<\/h2>\t\t\t\t<\/div>\n\t\t\t\t<\/div>\n\t\t\t\t<div class=\"elementor-element elementor-element-a42124a elementor-widget elementor-widget-text-editor\" data-id=\"a42124a\" data-element_type=\"widget\" data-e-type=\"widget\" data-widget_type=\"text-editor.default\">\n\t\t\t\t<div class=\"elementor-widget-container\">\n\t\t\t\t\t\t\t\t\t<p>A range of ready-to-use Sauces and Marinades<\/p>\t\t\t\t\t\t\t\t<\/div>\n\t\t\t\t<\/div>\n\t\t\t\t\t<\/div>\n\t\t<\/div>\n\t\t\t\t\t<\/div>\n\t\t<\/section>\n\t\t\t\t<section class=\"elementor-section elementor-top-section elementor-element elementor-element-21bf351 elementor-section-stretched elementor-section-boxed elementor-section-height-default elementor-section-height-default\" data-id=\"21bf351\" data-element_type=\"section\" data-e-type=\"section\" data-settings=\"{&quot;stretch_section&quot;:&quot;section-stretched&quot;}\">\n\t\t\t\t\t\t<div class=\"elementor-container elementor-column-gap-default\">\n\t\t\t\t\t<div class=\"elementor-column elementor-col-25 elementor-top-column elementor-element elementor-element-927f468\" data-id=\"927f468\" data-element_type=\"column\" data-e-type=\"column\">\n\t\t\t<div class=\"elementor-widget-wrap elementor-element-populated\">\n\t\t\t\t\t\t<div class=\"elementor-element elementor-element-6f991bc elementor-widget elementor-widget-image\" data-id=\"6f991bc\" data-element_type=\"widget\" data-e-type=\"widget\" data-widget_type=\"image.default\">\n\t\t\t\t<div class=\"elementor-widget-container\">\n\t\t\t\t\t\t\t\t\t\t\t\t\t\t\t\t<a href=\"https:\/\/www.huilecauvin.com\/en\/cave-a-huile\/les-twists\/la-yuzu\/\">\n\t\t\t\t\t\t\t<img fetchpriority=\"high\" decoding=\"async\" width=\"300\" height=\"300\" src=\"https:\/\/www.huilecauvin.com\/wp-content\/uploads\/2024\/01\/marinade-Cauvin-twist-YUZU-300x300.png\" class=\"elementor-animation-pop attachment-medium size-medium wp-image-13381\" alt=\"Marinade Twist YUZU\" srcset=\"https:\/\/www.huilecauvin.com\/wp-content\/uploads\/2024\/01\/marinade-Cauvin-twist-YUZU-300x300.png 300w, https:\/\/www.huilecauvin.com\/wp-content\/uploads\/2024\/01\/marinade-Cauvin-twist-YUZU-150x150.png 150w, https:\/\/www.huilecauvin.com\/wp-content\/uploads\/2024\/01\/marinade-Cauvin-twist-YUZU-768x768.png 768w, https:\/\/www.huilecauvin.com\/wp-content\/uploads\/2024\/01\/marinade-Cauvin-twist-YUZU-12x12.png 12w, https:\/\/www.huilecauvin.com\/wp-content\/uploads\/2024\/01\/marinade-Cauvin-twist-YUZU-75x75.png 75w, https:\/\/www.huilecauvin.com\/wp-content\/uploads\/2024\/01\/marinade-Cauvin-twist-YUZU.png 1000w\" sizes=\"(max-width: 300px) 100vw, 300px\" \/>\t\t\t\t\t\t\t\t<\/a>\n\t\t\t\t\t\t\t\t\t\t\t\t\t\t\t<\/div>\n\t\t\t\t<\/div>\n\t\t\t\t<div class=\"elementor-element elementor-element-bd4abbd elementor-widget elementor-widget-heading\" data-id=\"bd4abbd\" data-element_type=\"widget\" data-e-type=\"widget\" data-widget_type=\"heading.default\">\n\t\t\t\t<div class=\"elementor-widget-container\">\n\t\t\t\t\t<h2 class=\"elementor-heading-title elementor-size-default\"><a href=\"https:\/\/www.huilecauvin.com\/en\/cave-a-huile\/les-twists\/la-yuzu\/\">The Yuzu citrus<\/a><\/h2>\t\t\t\t<\/div>\n\t\t\t\t<\/div>\n\t\t\t\t\t<\/div>\n\t\t<\/div>\n\t\t\t\t<div class=\"elementor-column elementor-col-25 elementor-top-column elementor-element elementor-element-f48eb88\" data-id=\"f48eb88\" data-element_type=\"column\" data-e-type=\"column\">\n\t\t\t<div class=\"elementor-widget-wrap elementor-element-populated\">\n\t\t\t\t\t\t<div class=\"elementor-element elementor-element-39ac02f elementor-widget elementor-widget-image\" data-id=\"39ac02f\" data-element_type=\"widget\" data-e-type=\"widget\" data-widget_type=\"image.default\">\n\t\t\t\t<div class=\"elementor-widget-container\">\n\t\t\t\t\t\t\t\t\t\t\t\t\t\t\t\t<a href=\"https:\/\/www.huilecauvin.com\/en\/cave-a-huile\/les-twists\/la-tex-mex\/\">\n\t\t\t\t\t\t\t<img decoding=\"async\" width=\"300\" height=\"300\" src=\"https:\/\/www.huilecauvin.com\/wp-content\/uploads\/2024\/01\/marinade-Cauvin-twist-TEX-MEX-300x300.png\" class=\"elementor-animation-pop attachment-medium size-medium wp-image-13380\" alt=\"marinade les twist Tex Mex\" srcset=\"https:\/\/www.huilecauvin.com\/wp-content\/uploads\/2024\/01\/marinade-Cauvin-twist-TEX-MEX-300x300.png 300w, https:\/\/www.huilecauvin.com\/wp-content\/uploads\/2024\/01\/marinade-Cauvin-twist-TEX-MEX-150x150.png 150w, https:\/\/www.huilecauvin.com\/wp-content\/uploads\/2024\/01\/marinade-Cauvin-twist-TEX-MEX-768x768.png 768w, https:\/\/www.huilecauvin.com\/wp-content\/uploads\/2024\/01\/marinade-Cauvin-twist-TEX-MEX-12x12.png 12w, https:\/\/www.huilecauvin.com\/wp-content\/uploads\/2024\/01\/marinade-Cauvin-twist-TEX-MEX-75x75.png 75w, https:\/\/www.huilecauvin.com\/wp-content\/uploads\/2024\/01\/marinade-Cauvin-twist-TEX-MEX.png 1000w\" sizes=\"(max-width: 300px) 100vw, 300px\" \/>\t\t\t\t\t\t\t\t<\/a>\n\t\t\t\t\t\t\t\t\t\t\t\t\t\t\t<\/div>\n\t\t\t\t<\/div>\n\t\t\t\t<div class=\"elementor-element elementor-element-d54a2e3 elementor-widget elementor-widget-heading\" data-id=\"d54a2e3\" data-element_type=\"widget\" data-e-type=\"widget\" data-widget_type=\"heading.default\">\n\t\t\t\t<div class=\"elementor-widget-container\">\n\t\t\t\t\t<h2 class=\"elementor-heading-title elementor-size-default\"><a href=\"https:\/\/www.huilecauvin.com\/en\/cave-a-huile\/les-twists\/la-tex-mex\/\">The Tex Mex<\/a><\/h2>\t\t\t\t<\/div>\n\t\t\t\t<\/div>\n\t\t\t\t\t<\/div>\n\t\t<\/div>\n\t\t\t\t<div class=\"elementor-column elementor-col-25 elementor-top-column elementor-element elementor-element-208deda\" data-id=\"208deda\" data-element_type=\"column\" data-e-type=\"column\">\n\t\t\t<div class=\"elementor-widget-wrap elementor-element-populated\">\n\t\t\t\t\t\t<div class=\"elementor-element elementor-element-b0a8d01 elementor-widget elementor-widget-image\" data-id=\"b0a8d01\" data-element_type=\"widget\" data-e-type=\"widget\" data-widget_type=\"image.default\">\n\t\t\t\t<div class=\"elementor-widget-container\">\n\t\t\t\t\t\t\t\t\t\t\t\t\t\t\t\t<a href=\"https:\/\/www.huilecauvin.com\/en\/cave-a-huile\/les-twists\/lasiatique\/\">\n\t\t\t\t\t\t\t<img decoding=\"async\" width=\"1000\" height=\"1000\" src=\"https:\/\/www.huilecauvin.com\/wp-content\/uploads\/2024\/01\/marinade-Cauvin-twist-ASIATIQUE.png\" class=\"elementor-animation-pop attachment-large size-large wp-image-13378\" alt=\"marinade les twists l&#039;asiatique\" srcset=\"https:\/\/www.huilecauvin.com\/wp-content\/uploads\/2024\/01\/marinade-Cauvin-twist-ASIATIQUE.png 1000w, https:\/\/www.huilecauvin.com\/wp-content\/uploads\/2024\/01\/marinade-Cauvin-twist-ASIATIQUE-300x300.png 300w, https:\/\/www.huilecauvin.com\/wp-content\/uploads\/2024\/01\/marinade-Cauvin-twist-ASIATIQUE-150x150.png 150w, https:\/\/www.huilecauvin.com\/wp-content\/uploads\/2024\/01\/marinade-Cauvin-twist-ASIATIQUE-768x768.png 768w, https:\/\/www.huilecauvin.com\/wp-content\/uploads\/2024\/01\/marinade-Cauvin-twist-ASIATIQUE-12x12.png 12w, https:\/\/www.huilecauvin.com\/wp-content\/uploads\/2024\/01\/marinade-Cauvin-twist-ASIATIQUE-75x75.png 75w\" sizes=\"(max-width: 1000px) 100vw, 1000px\" \/>\t\t\t\t\t\t\t\t<\/a>\n\t\t\t\t\t\t\t\t\t\t\t\t\t\t\t<\/div>\n\t\t\t\t<\/div>\n\t\t\t\t<div class=\"elementor-element elementor-element-fbab339 elementor-widget elementor-widget-heading\" data-id=\"fbab339\" data-element_type=\"widget\" data-e-type=\"widget\" data-widget_type=\"heading.default\">\n\t\t\t\t<div class=\"elementor-widget-container\">\n\t\t\t\t\t<h2 class=\"elementor-heading-title elementor-size-default\"><a href=\"https:\/\/www.huilecauvin.com\/en\/cave-a-huile\/les-twists\/lasiatique\/\">The Asiatic<\/a><\/h2>\t\t\t\t<\/div>\n\t\t\t\t<\/div>\n\t\t\t\t\t<\/div>\n\t\t<\/div>\n\t\t\t\t<div class=\"elementor-column elementor-col-25 elementor-top-column elementor-element elementor-element-ee76dfc\" data-id=\"ee76dfc\" data-element_type=\"column\" data-e-type=\"column\">\n\t\t\t<div class=\"elementor-widget-wrap elementor-element-populated\">\n\t\t\t\t\t\t<div class=\"elementor-element elementor-element-aaa5a51 elementor-widget elementor-widget-image\" data-id=\"aaa5a51\" data-element_type=\"widget\" data-e-type=\"widget\" data-widget_type=\"image.default\">\n\t\t\t\t<div class=\"elementor-widget-container\">\n\t\t\t\t\t\t\t\t\t\t\t\t\t\t\t\t<a href=\"https:\/\/www.huilecauvin.com\/en\/cave-a-huile\/les-twists\/la-provencale\/\">\n\t\t\t\t\t\t\t<img loading=\"lazy\" decoding=\"async\" width=\"1000\" height=\"1000\" src=\"https:\/\/www.huilecauvin.com\/wp-content\/uploads\/2024\/01\/marinade-Cauvin-twist-PROVENCALE.png\" class=\"elementor-animation-pop attachment-large size-large wp-image-13379\" alt=\"marinade les twists la provencale\" srcset=\"https:\/\/www.huilecauvin.com\/wp-content\/uploads\/2024\/01\/marinade-Cauvin-twist-PROVENCALE.png 1000w, https:\/\/www.huilecauvin.com\/wp-content\/uploads\/2024\/01\/marinade-Cauvin-twist-PROVENCALE-300x300.png 300w, https:\/\/www.huilecauvin.com\/wp-content\/uploads\/2024\/01\/marinade-Cauvin-twist-PROVENCALE-150x150.png 150w, https:\/\/www.huilecauvin.com\/wp-content\/uploads\/2024\/01\/marinade-Cauvin-twist-PROVENCALE-768x768.png 768w, https:\/\/www.huilecauvin.com\/wp-content\/uploads\/2024\/01\/marinade-Cauvin-twist-PROVENCALE-12x12.png 12w, https:\/\/www.huilecauvin.com\/wp-content\/uploads\/2024\/01\/marinade-Cauvin-twist-PROVENCALE-75x75.png 75w\" sizes=\"(max-width: 1000px) 100vw, 1000px\" \/>\t\t\t\t\t\t\t\t<\/a>\n\t\t\t\t\t\t\t\t\t\t\t\t\t\t\t<\/div>\n\t\t\t\t<\/div>\n\t\t\t\t<div class=\"elementor-element elementor-element-3fe926c elementor-widget elementor-widget-heading\" data-id=\"3fe926c\" data-element_type=\"widget\" data-e-type=\"widget\" data-widget_type=\"heading.default\">\n\t\t\t\t<div class=\"elementor-widget-container\">\n\t\t\t\t\t<h2 class=\"elementor-heading-title elementor-size-default\"><a href=\"https:\/\/www.huilecauvin.com\/en\/cave-a-huile\/les-twists\/la-provencale\/\">The Provencal<\/a><\/h2>\t\t\t\t<\/div>\n\t\t\t\t<\/div>\n\t\t\t\t\t<\/div>\n\t\t<\/div>\n\t\t\t\t\t<\/div>\n\t\t<\/section>\n\t\t\t\t<section class=\"elementor-section elementor-top-section elementor-element elementor-element-90649c6 elementor-section-stretched elementor-section-boxed elementor-section-height-default elementor-section-height-default\" data-id=\"90649c6\" data-element_type=\"section\" data-e-type=\"section\" data-settings=\"{&quot;stretch_section&quot;:&quot;section-stretched&quot;}\">\n\t\t\t\t\t\t<div class=\"elementor-container elementor-column-gap-default\">\n\t\t\t\t\t<div class=\"elementor-column elementor-col-100 elementor-top-column elementor-element elementor-element-ad4cfef\" data-id=\"ad4cfef\" data-element_type=\"column\" data-e-type=\"column\">\n\t\t\t<div class=\"elementor-widget-wrap elementor-element-populated\">\n\t\t\t\t\t\t<div class=\"elementor-element elementor-element-4fe9273 elementor-widget elementor-widget-spacer\" data-id=\"4fe9273\" data-element_type=\"widget\" data-e-type=\"widget\" data-widget_type=\"spacer.default\">\n\t\t\t\t<div class=\"elementor-widget-container\">\n\t\t\t\t\t\t\t<div class=\"elementor-spacer\">\n\t\t\t<div class=\"elementor-spacer-inner\"><\/div>\n\t\t<\/div>\n\t\t\t\t\t\t<\/div>\n\t\t\t\t<\/div>\n\t\t\t\t\t<\/div>\n\t\t<\/div>\n\t\t\t\t\t<\/div>\n\t\t<\/section>\n\t\t\t\t<\/div>","protected":false},"excerpt":{"rendered":"<p>Les Twists Une gamme de Sauces et Marinades pr\u00eates \u00e0 l&#8217;emploi La Yuzu Citrus La Tex Mex L&#8217; Asiatique La Proven\u00e7ale<\/p>","protected":false},"author":1,"featured_media":0,"parent":133,"menu_order":0,"comment_status":"closed","ping_status":"closed","template":"elementor_header_footer","meta":{"_monsterinsights_skip_tracking":false,"_monsterinsights_sitenote_active":false,"_monsterinsights_sitenote_note":"","_monsterinsights_sitenote_category":0,"footnotes":""},"class_list":["post-13375","page","type-page","status-publish","hentry"],"_links":{"self":[{"href":"https:\/\/www.huilecauvin.com\/en\/wp-json\/wp\/v2\/pages\/13375","targetHints":{"allow":["GET"]}}],"collection":[{"href":"https:\/\/www.huilecauvin.com\/en\/wp-json\/wp\/v2\/pages"}],"about":[{"href":"https:\/\/www.huilecauvin.com\/en\/wp-json\/wp\/v2\/types\/page"}],"author":[{"embeddable":true,"href":"https:\/\/www.huilecauvin.com\/en\/wp-json\/wp\/v2\/users\/1"}],"replies":[{"embeddable":true,"href":"https:\/\/www.huilecauvin.com\/en\/wp-json\/wp\/v2\/comments?post=13375"}],"version-history":[{"count":0,"href":"https:\/\/www.huilecauvin.com\/en\/wp-json\/wp\/v2\/pages\/13375\/revisions"}],"up":[{"embeddable":true,"href":"https:\/\/www.huilecauvin.com\/en\/wp-json\/wp\/v2\/pages\/133"}],"wp:attachment":[{"href":"https:\/\/www.huilecauvin.com\/en\/wp-json\/wp\/v2\/media?parent=13375"}],"curies":[{"name":"wp","href":"https:\/\/api.w.org\/{rel}","templated":true}]}}