{"id":12966,"date":"2023-10-19T09:28:34","date_gmt":"2023-10-19T07:28:34","guid":{"rendered":"https:\/\/www.huilecauvin.com\/?page_id=12966"},"modified":"2025-03-27T16:52:04","modified_gmt":"2025-03-27T15:52:04","slug":"zero-residu-de-pesticides","status":"publish","type":"page","link":"https:\/\/www.huilecauvin.com\/en\/cave-a-huile\/zero-residu-de-pesticides\/","title":{"rendered":"Zero pesticide residues"},"content":{"rendered":"<div data-elementor-type=\"wp-page\" data-elementor-id=\"12966\" class=\"elementor elementor-12966\">\n\t\t\t\t\t\t<section class=\"elementor-section elementor-top-section elementor-element elementor-element-bab293e elementor-section-boxed elementor-section-height-default elementor-section-height-default\" data-id=\"bab293e\" data-element_type=\"section\" data-e-type=\"section\">\n\t\t\t\t\t\t<div class=\"elementor-container elementor-column-gap-default\">\n\t\t\t\t\t<div class=\"elementor-column elementor-col-100 elementor-top-column elementor-element elementor-element-f684938\" data-id=\"f684938\" data-element_type=\"column\" data-e-type=\"column\">\n\t\t\t<div class=\"elementor-widget-wrap elementor-element-populated\">\n\t\t\t\t\t\t<div class=\"elementor-element elementor-element-1ef280e elementor-widget elementor-widget-spacer\" data-id=\"1ef280e\" data-element_type=\"widget\" data-e-type=\"widget\" data-widget_type=\"spacer.default\">\n\t\t\t\t<div class=\"elementor-widget-container\">\n\t\t\t\t\t\t\t<div class=\"elementor-spacer\">\n\t\t\t<div class=\"elementor-spacer-inner\"><\/div>\n\t\t<\/div>\n\t\t\t\t\t\t<\/div>\n\t\t\t\t<\/div>\n\t\t\t\t<div class=\"elementor-element elementor-element-60776f8 elementor-widget elementor-widget-heading\" data-id=\"60776f8\" data-element_type=\"widget\" data-e-type=\"widget\" data-widget_type=\"heading.default\">\n\t\t\t\t<div class=\"elementor-widget-container\">\n\t\t\t\t\t<h2 class=\"elementor-heading-title elementor-size-default\">Zero pesticide residues<\/h2>\t\t\t\t<\/div>\n\t\t\t\t<\/div>\n\t\t\t\t<div class=\"elementor-element elementor-element-9a1695e elementor-widget elementor-widget-text-editor\" data-id=\"9a1695e\" data-element_type=\"widget\" data-e-type=\"widget\" data-widget_type=\"text-editor.default\">\n\t\t\t\t<div class=\"elementor-widget-container\">\n\t\t\t\t\t\t\t\t\t<p>Nous nous engageons \u00e0 effectuer une analyse compl\u00e8te de pr\u00e8s de 600 pesticides sur chaque lot d&#8217;huile par un laboratoire ind\u00e9pendant, cr\u00e9dit\u00e9 par la CODRAC. Nous garantissons que la teneur en pesticide dans le p\u00e9rim\u00e8tre d&#8217;analyse est inf\u00e9rieur au seuil de quantification.\u00a0<\/p>\t\t\t\t\t\t\t\t<\/div>\n\t\t\t\t<\/div>\n\t\t\t\t\t<\/div>\n\t\t<\/div>\n\t\t\t\t\t<\/div>\n\t\t<\/section>\n\t\t\t\t<section class=\"elementor-section elementor-top-section elementor-element elementor-element-db8100b elementor-section-boxed elementor-section-height-default elementor-section-height-default\" data-id=\"db8100b\" data-element_type=\"section\" data-e-type=\"section\">\n\t\t\t\t\t\t<div class=\"elementor-container elementor-column-gap-default\">\n\t\t\t\t\t<div class=\"elementor-column elementor-col-33 elementor-top-column elementor-element elementor-element-5f75e27\" data-id=\"5f75e27\" data-element_type=\"column\" data-e-type=\"column\">\n\t\t\t<div class=\"elementor-widget-wrap elementor-element-populated\">\n\t\t\t\t\t\t<div class=\"elementor-element elementor-element-00b23f6 elementor-widget elementor-widget-image\" data-id=\"00b23f6\" data-element_type=\"widget\" data-e-type=\"widget\" data-widget_type=\"image.default\">\n\t\t\t\t<div class=\"elementor-widget-container\">\n\t\t\t\t\t\t\t\t\t\t\t\t\t\t\t\t<a href=\"https:\/\/www.huilecauvin.com\/en\/cave-a-huile\/cuisine-equilibre\/huile-de-colza-zero-residu-de-pesticides\/\">\n\t\t\t\t\t\t\t<img fetchpriority=\"high\" decoding=\"async\" width=\"1024\" height=\"1024\" src=\"https:\/\/www.huilecauvin.com\/wp-content\/uploads\/2025\/03\/colza-zrp-1024x1024.png\" class=\"elementor-animation-pop attachment-large size-large wp-image-14357\" alt=\"Cuisine et \u00e9quilibre - Huile de colza z\u00e9ro r\u00e9sidu de pesticides\" srcset=\"https:\/\/www.huilecauvin.com\/wp-content\/uploads\/2025\/03\/colza-zrp-1024x1024.png 1024w, https:\/\/www.huilecauvin.com\/wp-content\/uploads\/2025\/03\/colza-zrp-300x300.png 300w, https:\/\/www.huilecauvin.com\/wp-content\/uploads\/2025\/03\/colza-zrp-150x150.png 150w, https:\/\/www.huilecauvin.com\/wp-content\/uploads\/2025\/03\/colza-zrp-768x768.png 768w, https:\/\/www.huilecauvin.com\/wp-content\/uploads\/2025\/03\/colza-zrp-1536x1536.png 1536w, https:\/\/www.huilecauvin.com\/wp-content\/uploads\/2025\/03\/colza-zrp-2048x2048.png 2048w, https:\/\/www.huilecauvin.com\/wp-content\/uploads\/2025\/03\/colza-zrp-12x12.png 12w, https:\/\/www.huilecauvin.com\/wp-content\/uploads\/2025\/03\/colza-zrp-75x75.png 75w\" sizes=\"(max-width: 1024px) 100vw, 1024px\" \/>\t\t\t\t\t\t\t\t<\/a>\n\t\t\t\t\t\t\t\t\t\t\t\t\t\t\t<\/div>\n\t\t\t\t<\/div>\n\t\t\t\t<div class=\"elementor-element elementor-element-a526383 elementor-widget elementor-widget-heading\" data-id=\"a526383\" data-element_type=\"widget\" data-e-type=\"widget\" data-widget_type=\"heading.default\">\n\t\t\t\t<div class=\"elementor-widget-container\">\n\t\t\t\t\t<h3 class=\"elementor-heading-title elementor-size-default\"><a href=\"https:\/\/www.huilecauvin.com\/en\/cave-a-huile\/cuisine-equilibre\/huile-de-colza-zero-residu-de-pesticides\/\">Rapeseed oil Zero pesticide residue<\/a><\/h3>\t\t\t\t<\/div>\n\t\t\t\t<\/div>\n\t\t\t\t\t<\/div>\n\t\t<\/div>\n\t\t\t\t<div class=\"elementor-column elementor-col-33 elementor-top-column elementor-element elementor-element-03e86c1\" data-id=\"03e86c1\" data-element_type=\"column\" data-e-type=\"column\">\n\t\t\t<div class=\"elementor-widget-wrap elementor-element-populated\">\n\t\t\t\t\t\t<div class=\"elementor-element elementor-element-56fd083 elementor-widget elementor-widget-image\" data-id=\"56fd083\" data-element_type=\"widget\" data-e-type=\"widget\" data-widget_type=\"image.default\">\n\t\t\t\t<div class=\"elementor-widget-container\">\n\t\t\t\t\t\t\t\t\t\t\t\t\t\t\t\t<a href=\"https:\/\/www.huilecauvin.com\/en\/cave-a-huile\/cuisine-equilibre\/huile-equilibre-saveur-mediterranee-zero-residu-de-pesticides\/\">\n\t\t\t\t\t\t\t<img decoding=\"async\" width=\"1024\" height=\"1024\" src=\"https:\/\/www.huilecauvin.com\/wp-content\/uploads\/2025\/03\/triomega-1024x1024.png\" class=\"elementor-animation-pop attachment-large size-large wp-image-14358\" alt=\"Cuisine et \u00e9quilibre - Trio&#039;m\u00e9ga\" srcset=\"https:\/\/www.huilecauvin.com\/wp-content\/uploads\/2025\/03\/triomega-1024x1024.png 1024w, https:\/\/www.huilecauvin.com\/wp-content\/uploads\/2025\/03\/triomega-300x300.png 300w, https:\/\/www.huilecauvin.com\/wp-content\/uploads\/2025\/03\/triomega-150x150.png 150w, https:\/\/www.huilecauvin.com\/wp-content\/uploads\/2025\/03\/triomega-768x768.png 768w, https:\/\/www.huilecauvin.com\/wp-content\/uploads\/2025\/03\/triomega-1536x1536.png 1536w, https:\/\/www.huilecauvin.com\/wp-content\/uploads\/2025\/03\/triomega-2048x2048.png 2048w, https:\/\/www.huilecauvin.com\/wp-content\/uploads\/2025\/03\/triomega-12x12.png 12w, https:\/\/www.huilecauvin.com\/wp-content\/uploads\/2025\/03\/triomega-75x75.png 75w, https:\/\/www.huilecauvin.com\/wp-content\/uploads\/2025\/03\/elementor\/thumbs\/triomega-r2p182pelzxnu0vo4bq1ciqdcjc008u5by9jo36pag.png 500w\" sizes=\"(max-width: 1024px) 100vw, 1024px\" \/>\t\t\t\t\t\t\t\t<\/a>\n\t\t\t\t\t\t\t\t\t\t\t\t\t\t\t<\/div>\n\t\t\t\t<\/div>\n\t\t\t\t<div class=\"elementor-element elementor-element-2c7fb33 elementor-widget elementor-widget-heading\" data-id=\"2c7fb33\" data-element_type=\"widget\" data-e-type=\"widget\" data-widget_type=\"heading.default\">\n\t\t\t\t<div class=\"elementor-widget-container\">\n\t\t\t\t\t<h3 class=\"elementor-heading-title elementor-size-default\"><a href=\"https:\/\/www.huilecauvin.com\/en\/cave-a-huile\/cuisine-equilibre\/huile-equilibre-saveur-mediterranee-zero-residu-de-pesticides\/\">Trio'm\u00e9ga Z\u00e9ro r\u00e9sidu de pesticides<\/a><\/h3>\t\t\t\t<\/div>\n\t\t\t\t<\/div>\n\t\t\t\t\t<\/div>\n\t\t<\/div>\n\t\t\t\t<div class=\"elementor-column elementor-col-33 elementor-top-column elementor-element elementor-element-1094358\" data-id=\"1094358\" data-element_type=\"column\" data-e-type=\"column\">\n\t\t\t<div class=\"elementor-widget-wrap elementor-element-populated\">\n\t\t\t\t\t\t<div class=\"elementor-element elementor-element-5fbc24d elementor-widget elementor-widget-image\" data-id=\"5fbc24d\" data-element_type=\"widget\" data-e-type=\"widget\" data-widget_type=\"image.default\">\n\t\t\t\t<div class=\"elementor-widget-container\">\n\t\t\t\t\t\t\t\t\t\t\t\t\t\t\t\t<a href=\"https:\/\/www.huilecauvin.com\/en\/cave-a-huile\/cuisine-equilibre\/lhuile-dolive-vierge-extra-zero-residu-de-pesticides\/\">\n\t\t\t\t\t\t\t<img decoding=\"async\" width=\"1024\" height=\"1024\" src=\"https:\/\/www.huilecauvin.com\/wp-content\/uploads\/2025\/03\/OLIVE-ZRP-1024x1024.png\" class=\"elementor-animation-pop attachment-large size-large wp-image-14291\" alt=\"Huiles d&#039;olive : Z\u00e9ro r\u00e9sidu de pesticides\" srcset=\"https:\/\/www.huilecauvin.com\/wp-content\/uploads\/2025\/03\/OLIVE-ZRP-1024x1024.png 1024w, https:\/\/www.huilecauvin.com\/wp-content\/uploads\/2025\/03\/OLIVE-ZRP-300x300.png 300w, https:\/\/www.huilecauvin.com\/wp-content\/uploads\/2025\/03\/OLIVE-ZRP-150x150.png 150w, https:\/\/www.huilecauvin.com\/wp-content\/uploads\/2025\/03\/OLIVE-ZRP-768x768.png 768w, https:\/\/www.huilecauvin.com\/wp-content\/uploads\/2025\/03\/OLIVE-ZRP-1536x1536.png 1536w, https:\/\/www.huilecauvin.com\/wp-content\/uploads\/2025\/03\/OLIVE-ZRP-2048x2048.png 2048w, https:\/\/www.huilecauvin.com\/wp-content\/uploads\/2025\/03\/OLIVE-ZRP-12x12.png 12w, https:\/\/www.huilecauvin.com\/wp-content\/uploads\/2025\/03\/OLIVE-ZRP-75x75.png 75w\" sizes=\"(max-width: 1024px) 100vw, 1024px\" \/>\t\t\t\t\t\t\t\t<\/a>\n\t\t\t\t\t\t\t\t\t\t\t\t\t\t\t<\/div>\n\t\t\t\t<\/div>\n\t\t\t\t<div class=\"elementor-element elementor-element-dee5c47 elementor-widget elementor-widget-heading\" data-id=\"dee5c47\" data-element_type=\"widget\" data-e-type=\"widget\" data-widget_type=\"heading.default\">\n\t\t\t\t<div class=\"elementor-widget-container\">\n\t\t\t\t\t<h3 class=\"elementor-heading-title elementor-size-default\"><a href=\"https:\/\/www.huilecauvin.com\/en\/cave-a-huile\/les-huiles-dolive\/lhuile-dolive-vierge-extra-zero-residu-de-pesticides\/\">Huile d'olive vierge extra Z\u00e9ro r\u00e9sidu de pesticides<\/a><\/h3>\t\t\t\t<\/div>\n\t\t\t\t<\/div>\n\t\t\t\t\t<\/div>\n\t\t<\/div>\n\t\t\t\t\t<\/div>\n\t\t<\/section>\n\t\t\t\t<section class=\"elementor-section elementor-top-section elementor-element elementor-element-19483b7 elementor-section-boxed elementor-section-height-default elementor-section-height-default\" data-id=\"19483b7\" data-element_type=\"section\" data-e-type=\"section\">\n\t\t\t\t\t\t<div class=\"elementor-container elementor-column-gap-default\">\n\t\t\t\t\t<div class=\"elementor-column elementor-col-100 elementor-top-column elementor-element elementor-element-4db3b5d\" data-id=\"4db3b5d\" data-element_type=\"column\" data-e-type=\"column\">\n\t\t\t<div class=\"elementor-widget-wrap elementor-element-populated\">\n\t\t\t\t\t\t<div class=\"elementor-element elementor-element-d6bafa5 elementor-widget elementor-widget-spacer\" data-id=\"d6bafa5\" data-element_type=\"widget\" data-e-type=\"widget\" data-widget_type=\"spacer.default\">\n\t\t\t\t<div class=\"elementor-widget-container\">\n\t\t\t\t\t\t\t<div class=\"elementor-spacer\">\n\t\t\t<div class=\"elementor-spacer-inner\"><\/div>\n\t\t<\/div>\n\t\t\t\t\t\t<\/div>\n\t\t\t\t<\/div>\n\t\t\t\t\t<\/div>\n\t\t<\/div>\n\t\t\t\t\t<\/div>\n\t\t<\/section>\n\t\t\t\t<\/div>","protected":false},"excerpt":{"rendered":"<p>Z\u00e9ro r\u00e9sidu de pesticides Nous nous engageons \u00e0 effectuer une analyse compl\u00e8te de pr\u00e8s de 600 pesticides sur chaque lot d&#8217;huile par un laboratoire ind\u00e9pendant, cr\u00e9dit\u00e9 par la CODRAC. Nous garantissons que la teneur en pesticide dans le p\u00e9rim\u00e8tre d&#8217;analyse est inf\u00e9rieur au seuil de quantification.\u00a0 Huile de Colza Z\u00e9ro r\u00e9sidu de pesticides Trio&#8217;m\u00e9ga Z\u00e9ro [&hellip;]<\/p>\n","protected":false},"author":1,"featured_media":0,"parent":133,"menu_order":0,"comment_status":"closed","ping_status":"closed","template":"elementor_header_footer","meta":{"_monsterinsights_skip_tracking":false,"_monsterinsights_sitenote_active":false,"_monsterinsights_sitenote_note":"","_monsterinsights_sitenote_category":0,"footnotes":""},"class_list":["post-12966","page","type-page","status-publish","hentry"],"_links":{"self":[{"href":"https:\/\/www.huilecauvin.com\/en\/wp-json\/wp\/v2\/pages\/12966","targetHints":{"allow":["GET"]}}],"collection":[{"href":"https:\/\/www.huilecauvin.com\/en\/wp-json\/wp\/v2\/pages"}],"about":[{"href":"https:\/\/www.huilecauvin.com\/en\/wp-json\/wp\/v2\/types\/page"}],"author":[{"embeddable":true,"href":"https:\/\/www.huilecauvin.com\/en\/wp-json\/wp\/v2\/users\/1"}],"replies":[{"embeddable":true,"href":"https:\/\/www.huilecauvin.com\/en\/wp-json\/wp\/v2\/comments?post=12966"}],"version-history":[{"count":0,"href":"https:\/\/www.huilecauvin.com\/en\/wp-json\/wp\/v2\/pages\/12966\/revisions"}],"up":[{"embeddable":true,"href":"https:\/\/www.huilecauvin.com\/en\/wp-json\/wp\/v2\/pages\/133"}],"wp:attachment":[{"href":"https:\/\/www.huilecauvin.com\/en\/wp-json\/wp\/v2\/media?parent=12966"}],"curies":[{"name":"wp","href":"https:\/\/api.w.org\/{rel}","templated":true}]}}