{"id":9698,"date":"2021-09-24T10:04:57","date_gmt":"2021-09-24T08:04:57","guid":{"rendered":"https:\/\/www.huilecauvin.com\/?page_id=9698"},"modified":"2025-03-27T14:57:16","modified_gmt":"2025-03-27T13:57:16","slug":"notre-evolution","status":"publish","type":"page","link":"https:\/\/www.huilecauvin.com\/de\/cauvin\/notre-evolution\/","title":{"rendered":"Entwicklung unserer Marke"},"content":{"rendered":"<div data-elementor-type=\"wp-post\" data-elementor-id=\"9698\" class=\"elementor elementor-9698\">\n\t\t\t\t\t\t<section class=\"elementor-section elementor-top-section elementor-element elementor-element-91cea4c elementor-section-stretched elementor-section-content-middle elementor-section-boxed elementor-section-height-default elementor-section-height-default\" data-id=\"91cea4c\" data-element_type=\"section\" data-e-type=\"section\" data-settings=\"{&quot;stretch_section&quot;:&quot;section-stretched&quot;,&quot;background_background&quot;:&quot;classic&quot;}\">\n\t\t\t\t\t\t\t<div class=\"elementor-background-overlay\"><\/div>\n\t\t\t\t\t\t\t<div class=\"elementor-container elementor-column-gap-no\">\n\t\t\t\t\t<div class=\"elementor-column elementor-col-100 elementor-top-column elementor-element elementor-element-126039b\" data-id=\"126039b\" data-element_type=\"column\" data-e-type=\"column\" data-settings=\"{&quot;background_background&quot;:&quot;classic&quot;}\">\n\t\t\t<div class=\"elementor-widget-wrap elementor-element-populated\">\n\t\t\t\t\t\t<div class=\"elementor-element elementor-element-68df6dd elementor-widget elementor-widget-spacer\" data-id=\"68df6dd\" data-element_type=\"widget\" data-e-type=\"widget\" data-widget_type=\"spacer.default\">\n\t\t\t\t<div class=\"elementor-widget-container\">\n\t\t\t\t\t\t\t<div class=\"elementor-spacer\">\n\t\t\t<div class=\"elementor-spacer-inner\"><\/div>\n\t\t<\/div>\n\t\t\t\t\t\t<\/div>\n\t\t\t\t<\/div>\n\t\t\t\t<div class=\"elementor-element elementor-element-be84ff9 elementor-widget elementor-widget-heading\" data-id=\"be84ff9\" data-element_type=\"widget\" data-e-type=\"widget\" data-widget_type=\"heading.default\">\n\t\t\t\t<div class=\"elementor-widget-container\">\n\t\t\t\t\t<h1 class=\"elementor-heading-title elementor-size-default\">\u00c9volution de notre marque<\/h1>\t\t\t\t<\/div>\n\t\t\t\t<\/div>\n\t\t\t\t<section class=\"elementor-section elementor-inner-section elementor-element elementor-element-fa1f695 elementor-section-boxed elementor-section-height-default elementor-section-height-default\" data-id=\"fa1f695\" data-element_type=\"section\" data-e-type=\"section\">\n\t\t\t\t\t\t<div class=\"elementor-container elementor-column-gap-default\">\n\t\t\t\t\t<div class=\"elementor-column elementor-col-50 elementor-inner-column elementor-element elementor-element-14afeb7\" data-id=\"14afeb7\" data-element_type=\"column\" data-e-type=\"column\">\n\t\t\t<div class=\"elementor-widget-wrap elementor-element-populated\">\n\t\t\t\t\t\t<div class=\"elementor-element elementor-element-956d413 elementor-view-default elementor-widget elementor-widget-icon\" data-id=\"956d413\" data-element_type=\"widget\" data-e-type=\"widget\" data-widget_type=\"icon.default\">\n\t\t\t\t<div class=\"elementor-widget-container\">\n\t\t\t\t\t\t\t<div class=\"elementor-icon-wrapper\">\n\t\t\t<div class=\"elementor-icon\">\n\t\t\t<i aria-hidden=\"true\" class=\"fas fa-users\"><\/i>\t\t\t<\/div>\n\t\t<\/div>\n\t\t\t\t\t\t<\/div>\n\t\t\t\t<\/div>\n\t\t\t\t\t<\/div>\n\t\t<\/div>\n\t\t\t\t<div class=\"elementor-column elementor-col-50 elementor-inner-column elementor-element elementor-element-b5089d5\" data-id=\"b5089d5\" data-element_type=\"column\" data-e-type=\"column\">\n\t\t\t<div class=\"elementor-widget-wrap elementor-element-populated\">\n\t\t\t\t\t\t<div class=\"elementor-element elementor-element-4ba933c elementor-widget elementor-widget-text-editor\" data-id=\"4ba933c\" data-element_type=\"widget\" data-e-type=\"widget\" data-widget_type=\"text-editor.default\">\n\t\t\t\t<div class=\"elementor-widget-container\">\n\t\t\t\t\t\t\t\t\t<p><span style=\"font-size: 16px; text-align: justify; font-style: inherit; font-weight: inherit;\">\u00a0<\/span><span style=\"font-style: inherit; font-weight: inherit; color: #333333; font-family: Heebo, sans-serif; font-size: 16px;\">Une \u00e9quipe marketing au service de la marque, qui a su la faire \u00e9voluer depuis des d\u00e9cennies !\u00a0<\/span><\/p><p><span style=\"font-style: inherit; font-weight: inherit; color: #333333; font-family: Heebo, sans-serif; font-size: 16px;\">A<\/span><span style=\"font-style: inherit; font-weight: inherit; color: #333333; font-family: Heebo, sans-serif; font-size: 16px;\">vec Karine VOINCHET<\/span><\/p>\t\t\t\t\t\t\t\t<\/div>\n\t\t\t\t<\/div>\n\t\t\t\t\t<\/div>\n\t\t<\/div>\n\t\t\t\t\t<\/div>\n\t\t<\/section>\n\t\t\t\t<section class=\"elementor-section elementor-inner-section elementor-element elementor-element-02a16fd elementor-section-boxed elementor-section-height-default elementor-section-height-default\" data-id=\"02a16fd\" data-element_type=\"section\" data-e-type=\"section\">\n\t\t\t\t\t\t<div class=\"elementor-container elementor-column-gap-default\">\n\t\t\t\t\t<div class=\"elementor-column elementor-col-50 elementor-inner-column elementor-element elementor-element-00d93af\" data-id=\"00d93af\" data-element_type=\"column\" data-e-type=\"column\">\n\t\t\t<div class=\"elementor-widget-wrap elementor-element-populated\">\n\t\t\t\t\t\t<div class=\"elementor-element elementor-element-6b2a76d elementor-widget elementor-widget-heading\" data-id=\"6b2a76d\" data-element_type=\"widget\" data-e-type=\"widget\" data-widget_type=\"heading.default\">\n\t\t\t\t<div class=\"elementor-widget-container\">\n\t\t\t\t\t<h3 class=\"elementor-heading-title elementor-size-default\">Historisches Logo <\/h3>\t\t\t\t<\/div>\n\t\t\t\t<\/div>\n\t\t\t\t<div class=\"elementor-element elementor-element-a913d78 elementor-widget elementor-widget-text-editor\" data-id=\"a913d78\" data-element_type=\"widget\" data-e-type=\"widget\" data-widget_type=\"text-editor.default\">\n\t\t\t\t<div class=\"elementor-widget-container\">\n\t\t\t\t\t\t\t\t\t<p><span style=\"font-size: 16px; text-align: justify; font-style: inherit; font-weight: inherit;\">\u00a0<\/span><\/p><p><span style=\"font-size: 16px; font-style: inherit; font-weight: inherit; text-align: justify;\">\u00c0 l&#8217;\u00e9poque il est sans baseline, en revanche la mention &#8220;huiles&#8221; au pluriel est accot\u00e9e au nom de la marque pour exprimer la diversit\u00e9 de l&#8217;offre.<\/span><\/p><p><span style=\"font-size: 16px; text-align: justify; font-style: inherit; font-weight: inherit;\">\u00a0<\/span><\/p>\t\t\t\t\t\t\t\t<\/div>\n\t\t\t\t<\/div>\n\t\t\t\t\t<\/div>\n\t\t<\/div>\n\t\t\t\t<div class=\"elementor-column elementor-col-50 elementor-inner-column elementor-element elementor-element-6b926e6\" data-id=\"6b926e6\" data-element_type=\"column\" data-e-type=\"column\">\n\t\t\t<div class=\"elementor-widget-wrap elementor-element-populated\">\n\t\t\t\t\t\t<div class=\"elementor-element elementor-element-90b8521 elementor-widget elementor-widget-image\" data-id=\"90b8521\" data-element_type=\"widget\" data-e-type=\"widget\" data-widget_type=\"image.default\">\n\t\t\t\t<div class=\"elementor-widget-container\">\n\t\t\t\t\t\t\t\t\t\t\t\t\t\t\t<img fetchpriority=\"high\" decoding=\"async\" width=\"300\" height=\"169\" src=\"https:\/\/www.huilecauvin.com\/wp-content\/uploads\/2021\/09\/logo-old-300x169.png\" class=\"attachment-medium size-medium wp-image-9705\" alt=\"\u00c9volution logo historique\" srcset=\"https:\/\/www.huilecauvin.com\/wp-content\/uploads\/2021\/09\/logo-old-300x169.png 300w, https:\/\/www.huilecauvin.com\/wp-content\/uploads\/2021\/09\/logo-old-768x433.png 768w, https:\/\/www.huilecauvin.com\/wp-content\/uploads\/2021\/09\/logo-old-18x10.png 18w, https:\/\/www.huilecauvin.com\/wp-content\/uploads\/2021\/09\/logo-old.png 885w\" sizes=\"(max-width: 300px) 100vw, 300px\" \/>\t\t\t\t\t\t\t\t\t\t\t\t\t\t\t<\/div>\n\t\t\t\t<\/div>\n\t\t\t\t\t<\/div>\n\t\t<\/div>\n\t\t\t\t\t<\/div>\n\t\t<\/section>\n\t\t\t\t<div class=\"elementor-element elementor-element-4b51ded elementor-widget elementor-widget-spacer\" data-id=\"4b51ded\" data-element_type=\"widget\" data-e-type=\"widget\" data-widget_type=\"spacer.default\">\n\t\t\t\t<div class=\"elementor-widget-container\">\n\t\t\t\t\t\t\t<div class=\"elementor-spacer\">\n\t\t\t<div class=\"elementor-spacer-inner\"><\/div>\n\t\t<\/div>\n\t\t\t\t\t\t<\/div>\n\t\t\t\t<\/div>\n\t\t\t\t<section class=\"elementor-section elementor-inner-section elementor-element elementor-element-4ff43c6 elementor-section-boxed elementor-section-height-default elementor-section-height-default\" data-id=\"4ff43c6\" data-element_type=\"section\" data-e-type=\"section\">\n\t\t\t\t\t\t<div class=\"elementor-container elementor-column-gap-default\">\n\t\t\t\t\t<div class=\"elementor-column elementor-col-50 elementor-inner-column elementor-element elementor-element-3962bbe\" data-id=\"3962bbe\" data-element_type=\"column\" data-e-type=\"column\">\n\t\t\t<div class=\"elementor-widget-wrap elementor-element-populated\">\n\t\t\t\t\t\t<div class=\"elementor-element elementor-element-e0a5512 elementor-widget elementor-widget-heading\" data-id=\"e0a5512\" data-element_type=\"widget\" data-e-type=\"widget\" data-widget_type=\"heading.default\">\n\t\t\t\t<div class=\"elementor-widget-container\">\n\t\t\t\t\t<h3 class=\"elementor-heading-title elementor-size-default\">2007<\/h3>\t\t\t\t<\/div>\n\t\t\t\t<\/div>\n\t\t\t\t<div class=\"elementor-element elementor-element-c309ef0 elementor-widget elementor-widget-text-editor\" data-id=\"c309ef0\" data-element_type=\"widget\" data-e-type=\"widget\" data-widget_type=\"text-editor.default\">\n\t\t\t\t<div class=\"elementor-widget-container\">\n\t\t\t\t\t\t\t\t\t<p>Die Grundlinie verweist auf das Fachwissen von Cauvin.\u00a0<span style=\"font-style: inherit; font-weight: inherit;\">V\u00e9ritable connaisseur des huiles, i<\/span><span style=\"font-style: inherit; font-weight: inherit;\">l vous invite \u00e0 devenir, vous aussi, un amateur \u00e9clair\u00e9.<\/span><\/p>\t\t\t\t\t\t\t\t<\/div>\n\t\t\t\t<\/div>\n\t\t\t\t\t<\/div>\n\t\t<\/div>\n\t\t\t\t<div class=\"elementor-column elementor-col-50 elementor-inner-column elementor-element elementor-element-40c892a\" data-id=\"40c892a\" data-element_type=\"column\" data-e-type=\"column\">\n\t\t\t<div class=\"elementor-widget-wrap elementor-element-populated\">\n\t\t\t\t\t\t<div class=\"elementor-element elementor-element-81e308e elementor-widget elementor-widget-spacer\" data-id=\"81e308e\" data-element_type=\"widget\" data-e-type=\"widget\" data-widget_type=\"spacer.default\">\n\t\t\t\t<div class=\"elementor-widget-container\">\n\t\t\t\t\t\t\t<div class=\"elementor-spacer\">\n\t\t\t<div class=\"elementor-spacer-inner\"><\/div>\n\t\t<\/div>\n\t\t\t\t\t\t<\/div>\n\t\t\t\t<\/div>\n\t\t\t\t<div class=\"elementor-element elementor-element-efdb5c5 elementor-widget elementor-widget-image\" data-id=\"efdb5c5\" data-element_type=\"widget\" data-e-type=\"widget\" data-widget_type=\"image.default\">\n\t\t\t\t<div class=\"elementor-widget-container\">\n\t\t\t\t\t\t\t\t\t\t\t\t\t\t\t<img decoding=\"async\" src=\"https:\/\/www.huilecauvin.com\/wp-content\/uploads\/elementor\/thumbs\/logo-2007-pdktjcm2llnjtawzxuk2wd9n7vu3uhihdzd0pm4zjc.png\" title=\"\u00c9volution logo 2007\" alt=\"\u00c9volution logo 2007\" loading=\"lazy\" \/>\t\t\t\t\t\t\t\t\t\t\t\t\t\t\t<\/div>\n\t\t\t\t<\/div>\n\t\t\t\t\t<\/div>\n\t\t<\/div>\n\t\t\t\t\t<\/div>\n\t\t<\/section>\n\t\t\t\t<div class=\"elementor-element elementor-element-4e519c9 elementor-widget elementor-widget-spacer\" data-id=\"4e519c9\" data-element_type=\"widget\" data-e-type=\"widget\" data-widget_type=\"spacer.default\">\n\t\t\t\t<div class=\"elementor-widget-container\">\n\t\t\t\t\t\t\t<div class=\"elementor-spacer\">\n\t\t\t<div class=\"elementor-spacer-inner\"><\/div>\n\t\t<\/div>\n\t\t\t\t\t\t<\/div>\n\t\t\t\t<\/div>\n\t\t\t\t<section class=\"elementor-section elementor-inner-section elementor-element elementor-element-3ed4f33 elementor-section-boxed elementor-section-height-default elementor-section-height-default\" data-id=\"3ed4f33\" data-element_type=\"section\" data-e-type=\"section\">\n\t\t\t\t\t\t<div class=\"elementor-container elementor-column-gap-default\">\n\t\t\t\t\t<div class=\"elementor-column elementor-col-50 elementor-inner-column elementor-element elementor-element-528b0b1\" data-id=\"528b0b1\" data-element_type=\"column\" data-e-type=\"column\">\n\t\t\t<div class=\"elementor-widget-wrap elementor-element-populated\">\n\t\t\t\t\t\t<div class=\"elementor-element elementor-element-8ec6141 elementor-widget elementor-widget-heading\" data-id=\"8ec6141\" data-element_type=\"widget\" data-e-type=\"widget\" data-widget_type=\"heading.default\">\n\t\t\t\t<div class=\"elementor-widget-container\">\n\t\t\t\t\t<h3 class=\"elementor-heading-title elementor-size-default\">2017<\/h3>\t\t\t\t<\/div>\n\t\t\t\t<\/div>\n\t\t\t\t<div class=\"elementor-element elementor-element-ce15811 elementor-widget elementor-widget-text-editor\" data-id=\"ce15811\" data-element_type=\"widget\" data-e-type=\"widget\" data-widget_type=\"text-editor.default\">\n\t\t\t\t<div class=\"elementor-widget-container\">\n\t\t\t\t\t\t\t\t\t<p>Mit dem Konzept der Eliteverkoster wurde eine ungew\u00f6hnliche Strategie gew\u00e4hlt. Cauvin enth\u00fcllt die Essenz seiner Mission: Die Eliteverkoster setzen ihr Know-how ein, um schmackhafte und originelle \u00d6le zu entdecken.<\/p><p>Cauvin d\u00e9veloppe une nouvelle activit\u00e9 aupr\u00e8s de l&#8217;industrie cosm\u00e9tique et signe d&#8217;une baseline sp\u00e9cifique : les huiles ont aussi des vertus de beaut\u00e9.<\/p>\t\t\t\t\t\t\t\t<\/div>\n\t\t\t\t<\/div>\n\t\t\t\t\t<\/div>\n\t\t<\/div>\n\t\t\t\t<div class=\"elementor-column elementor-col-50 elementor-inner-column elementor-element elementor-element-40e6649\" data-id=\"40e6649\" data-element_type=\"column\" data-e-type=\"column\">\n\t\t\t<div class=\"elementor-widget-wrap elementor-element-populated\">\n\t\t\t\t\t\t<div class=\"elementor-element elementor-element-fae91f0 elementor-widget elementor-widget-image\" data-id=\"fae91f0\" data-element_type=\"widget\" data-e-type=\"widget\" data-widget_type=\"image.default\">\n\t\t\t\t<div class=\"elementor-widget-container\">\n\t\t\t\t\t\t\t\t\t\t\t\t\t\t\t<img decoding=\"async\" src=\"https:\/\/www.huilecauvin.com\/wp-content\/uploads\/elementor\/thumbs\/1-pdkuq8ywieesltab41h1997zznakoyru5a7g95l3nc.png\" title=\"\u00c9volution logo 2017\" alt=\"\u00c9volution logo 2017\" loading=\"lazy\" \/>\t\t\t\t\t\t\t\t\t\t\t\t\t\t\t<\/div>\n\t\t\t\t<\/div>\n\t\t\t\t<div class=\"elementor-element elementor-element-c310e26 elementor-widget elementor-widget-spacer\" data-id=\"c310e26\" data-element_type=\"widget\" data-e-type=\"widget\" data-widget_type=\"spacer.default\">\n\t\t\t\t<div class=\"elementor-widget-container\">\n\t\t\t\t\t\t\t<div class=\"elementor-spacer\">\n\t\t\t<div class=\"elementor-spacer-inner\"><\/div>\n\t\t<\/div>\n\t\t\t\t\t\t<\/div>\n\t\t\t\t<\/div>\n\t\t\t\t\t<\/div>\n\t\t<\/div>\n\t\t\t\t\t<\/div>\n\t\t<\/section>\n\t\t\t\t<section class=\"elementor-section elementor-inner-section elementor-element elementor-element-18c608d elementor-section-boxed elementor-section-height-default elementor-section-height-default\" data-id=\"18c608d\" data-element_type=\"section\" data-e-type=\"section\">\n\t\t\t\t\t\t<div class=\"elementor-container elementor-column-gap-default\">\n\t\t\t\t\t<div class=\"elementor-column elementor-col-50 elementor-inner-column elementor-element elementor-element-c61c672\" data-id=\"c61c672\" data-element_type=\"column\" data-e-type=\"column\">\n\t\t\t<div class=\"elementor-widget-wrap elementor-element-populated\">\n\t\t\t\t\t\t<div class=\"elementor-element elementor-element-c59192a elementor-widget elementor-widget-heading\" data-id=\"c59192a\" data-element_type=\"widget\" data-e-type=\"widget\" data-widget_type=\"heading.default\">\n\t\t\t\t<div class=\"elementor-widget-container\">\n\t\t\t\t\t<h3 class=\"elementor-heading-title elementor-size-default\">2020<\/h3>\t\t\t\t<\/div>\n\t\t\t\t<\/div>\n\t\t\t\t<div class=\"elementor-element elementor-element-a9ddad4 elementor-widget elementor-widget-text-editor\" data-id=\"a9ddad4\" data-element_type=\"widget\" data-e-type=\"widget\" data-widget_type=\"text-editor.default\">\n\t\t\t\t<div class=\"elementor-widget-container\">\n\t\t\t\t\t\t\t\t\t<span style=\"font-style: inherit; font-weight: inherit;\">Cauvin ist der \"Geschmackspartner\", der uns schon immer begleitet hat! Das Wort \"Quelle\" bringt uns zur\u00fcck zum Ursprung des Geschmacks.<\/span>\n\n<span style=\"font-style: inherit; font-weight: inherit;\">Mais les huiles, de par leur composition, offrent \u00e9galement de nombreuses propri\u00e9t\u00e9s cosm\u00e9tiques, qui en font une v\u00e9ritable &#8220;Source de Beaut\u00e9&#8221;.<\/span>\t\t\t\t\t\t\t\t<\/div>\n\t\t\t\t<\/div>\n\t\t\t\t\t<\/div>\n\t\t<\/div>\n\t\t\t\t<div class=\"elementor-column elementor-col-50 elementor-inner-column elementor-element elementor-element-140fa38\" data-id=\"140fa38\" data-element_type=\"column\" data-e-type=\"column\">\n\t\t\t<div class=\"elementor-widget-wrap elementor-element-populated\">\n\t\t\t\t\t\t<div class=\"elementor-element elementor-element-cbb14f5 elementor-widget elementor-widget-image\" data-id=\"cbb14f5\" data-element_type=\"widget\" data-e-type=\"widget\" data-widget_type=\"image.default\">\n\t\t\t\t<div class=\"elementor-widget-container\">\n\t\t\t\t\t\t\t\t\t\t\t\t\t\t\t<img decoding=\"async\" width=\"300\" height=\"300\" src=\"https:\/\/www.huilecauvin.com\/wp-content\/uploads\/2021\/10\/3-300x300.png\" class=\"attachment-medium size-medium wp-image-9768\" alt=\"\u00c9volution logo 2020\" srcset=\"https:\/\/www.huilecauvin.com\/wp-content\/uploads\/2021\/10\/3-300x300.png 300w, https:\/\/www.huilecauvin.com\/wp-content\/uploads\/2021\/10\/3-1024x1024.png 1024w, https:\/\/www.huilecauvin.com\/wp-content\/uploads\/2021\/10\/3-150x150.png 150w, https:\/\/www.huilecauvin.com\/wp-content\/uploads\/2021\/10\/3-768x768.png 768w, https:\/\/www.huilecauvin.com\/wp-content\/uploads\/2021\/10\/3-12x12.png 12w, https:\/\/www.huilecauvin.com\/wp-content\/uploads\/2021\/10\/3-75x75.png 75w, https:\/\/www.huilecauvin.com\/wp-content\/uploads\/2021\/10\/3.png 1080w\" sizes=\"(max-width: 300px) 100vw, 300px\" \/>\t\t\t\t\t\t\t\t\t\t\t\t\t\t\t<\/div>\n\t\t\t\t<\/div>\n\t\t\t\t\t<\/div>\n\t\t<\/div>\n\t\t\t\t\t<\/div>\n\t\t<\/section>\n\t\t\t\t<section class=\"elementor-section elementor-inner-section elementor-element elementor-element-05a14f4 elementor-section-boxed elementor-section-height-default elementor-section-height-default\" data-id=\"05a14f4\" data-element_type=\"section\" data-e-type=\"section\">\n\t\t\t\t\t\t<div class=\"elementor-container elementor-column-gap-default\">\n\t\t\t\t\t<div class=\"elementor-column elementor-col-50 elementor-inner-column elementor-element elementor-element-9882ea1\" data-id=\"9882ea1\" data-element_type=\"column\" data-e-type=\"column\">\n\t\t\t<div class=\"elementor-widget-wrap elementor-element-populated\">\n\t\t\t\t\t\t<div class=\"elementor-element elementor-element-3e96837 elementor-widget elementor-widget-heading\" data-id=\"3e96837\" data-element_type=\"widget\" data-e-type=\"widget\" data-widget_type=\"heading.default\">\n\t\t\t\t<div class=\"elementor-widget-container\">\n\t\t\t\t\t<h2 class=\"elementor-heading-title elementor-size-default\">2021<\/h2>\t\t\t\t<\/div>\n\t\t\t\t<\/div>\n\t\t\t\t<div class=\"elementor-element elementor-element-19a9c3b elementor-widget elementor-widget-text-editor\" data-id=\"19a9c3b\" data-element_type=\"widget\" data-e-type=\"widget\" data-widget_type=\"text-editor.default\">\n\t\t\t\t<div class=\"elementor-widget-container\">\n\t\t\t\t\t\t\t\t\t<p>Pour accompagner le d\u00e9veloppement de l\u2019entreprise \u00e0 l\u2019export, une marque d\u00e9di\u00e9e est cr\u00e9\u00e9e : les Huiles de Cauvin, signant une trentaine de produits.<\/p>\t\t\t\t\t\t\t\t<\/div>\n\t\t\t\t<\/div>\n\t\t\t\t\t<\/div>\n\t\t<\/div>\n\t\t\t\t<div class=\"elementor-column elementor-col-50 elementor-inner-column elementor-element elementor-element-d51fac9\" data-id=\"d51fac9\" data-element_type=\"column\" data-e-type=\"column\">\n\t\t\t<div class=\"elementor-widget-wrap elementor-element-populated\">\n\t\t\t\t\t\t<div class=\"elementor-element elementor-element-10d6c2b elementor-widget elementor-widget-image\" data-id=\"10d6c2b\" data-element_type=\"widget\" data-e-type=\"widget\" data-widget_type=\"image.default\">\n\t\t\t\t<div class=\"elementor-widget-container\">\n\t\t\t\t\t\t\t\t\t\t\t\t\t\t\t<img decoding=\"async\" src=\"https:\/\/www.huilecauvin.com\/wp-content\/uploads\/elementor\/thumbs\/HC-drapeaux-pe2lhcvupgyray9lhq8h9ewnjwvnw3s7r0o5jzzcuo.png\" title=\"Die \u00d6le von Cauvin,\" alt=\"Die \u00d6le von Cauvin,\" loading=\"lazy\" \/>\t\t\t\t\t\t\t\t\t\t\t\t\t\t\t<\/div>\n\t\t\t\t<\/div>\n\t\t\t\t\t<\/div>\n\t\t<\/div>\n\t\t\t\t\t<\/div>\n\t\t<\/section>\n\t\t\t\t<section class=\"elementor-section elementor-inner-section elementor-element elementor-element-719ff6f elementor-section-boxed elementor-section-height-default elementor-section-height-default\" data-id=\"719ff6f\" data-element_type=\"section\" data-e-type=\"section\">\n\t\t\t\t\t\t<div class=\"elementor-container elementor-column-gap-default\">\n\t\t\t\t\t<div class=\"elementor-column elementor-col-50 elementor-inner-column elementor-element elementor-element-f638b54\" data-id=\"f638b54\" data-element_type=\"column\" data-e-type=\"column\">\n\t\t\t<div class=\"elementor-widget-wrap elementor-element-populated\">\n\t\t\t\t\t\t<div class=\"elementor-element elementor-element-86c3da8 elementor-widget elementor-widget-heading\" data-id=\"86c3da8\" data-element_type=\"widget\" data-e-type=\"widget\" data-widget_type=\"heading.default\">\n\t\t\t\t<div class=\"elementor-widget-container\">\n\t\t\t\t\t<h3 class=\"elementor-heading-title elementor-size-default\">2022<\/h3>\t\t\t\t<\/div>\n\t\t\t\t<\/div>\n\t\t\t\t<div class=\"elementor-element elementor-element-8b3b86e elementor-widget elementor-widget-text-editor\" data-id=\"8b3b86e\" data-element_type=\"widget\" data-e-type=\"widget\" data-widget_type=\"text-editor.default\">\n\t\t\t\t<div class=\"elementor-widget-container\">\n\t\t\t\t\t\t\t\t\t<p>Neues Jahr, neue Flasche<\/p><p>Im Jahr 2022 erh\u00e4lt die Cauvin-Flasche eine neue Verpackung, die Ergonomie, N\u00fcchternheit und Modernit\u00e4t vereint: eine elegante schwarze Flasche, klare Informationen.<\/p><p><span style=\"font-style: inherit; font-weight: inherit;\">Une bouteille qui \u00e9volue, mais un go\u00fbt qui demeure&#8230; plus que jamais Cauvin est le partenaire de vos envies, avec une gamme de saveurs qui vous accompagne au quotidien dans la r\u00e9alisation de vos plats gourmands.\u00a0<\/span><\/p><p><span style=\"font-style: inherit; font-weight: inherit;\">Cauvin Source de Go\u00fbt, vor allem.<\/span><\/p>\t\t\t\t\t\t\t\t<\/div>\n\t\t\t\t<\/div>\n\t\t\t\t<div class=\"elementor-element elementor-element-158644d elementor-widget elementor-widget-spacer\" data-id=\"158644d\" data-element_type=\"widget\" data-e-type=\"widget\" data-widget_type=\"spacer.default\">\n\t\t\t\t<div class=\"elementor-widget-container\">\n\t\t\t\t\t\t\t<div class=\"elementor-spacer\">\n\t\t\t<div class=\"elementor-spacer-inner\"><\/div>\n\t\t<\/div>\n\t\t\t\t\t\t<\/div>\n\t\t\t\t<\/div>\n\t\t\t\t\t<\/div>\n\t\t<\/div>\n\t\t\t\t<div class=\"elementor-column elementor-col-50 elementor-inner-column elementor-element elementor-element-c2cf862\" data-id=\"c2cf862\" data-element_type=\"column\" data-e-type=\"column\">\n\t\t\t<div class=\"elementor-widget-wrap elementor-element-populated\">\n\t\t\t\t\t\t<div class=\"elementor-element elementor-element-702a75f elementor-widget elementor-widget-spacer\" data-id=\"702a75f\" data-element_type=\"widget\" data-e-type=\"widget\" data-widget_type=\"spacer.default\">\n\t\t\t\t<div class=\"elementor-widget-container\">\n\t\t\t\t\t\t\t<div class=\"elementor-spacer\">\n\t\t\t<div class=\"elementor-spacer-inner\"><\/div>\n\t\t<\/div>\n\t\t\t\t\t\t<\/div>\n\t\t\t\t<\/div>\n\t\t\t\t<div class=\"elementor-element elementor-element-ed4d8ae elementor-widget elementor-widget-image\" data-id=\"ed4d8ae\" data-element_type=\"widget\" data-e-type=\"widget\" data-widget_type=\"image.default\">\n\t\t\t\t<div class=\"elementor-widget-container\">\n\t\t\t\t\t\t\t\t\t\t\t\t\t\t\t<img decoding=\"async\" width=\"300\" height=\"212\" src=\"https:\/\/www.huilecauvin.com\/wp-content\/uploads\/2025\/03\/visuel_evolution_marque_2022-300x212.jpg\" class=\"attachment-medium size-medium wp-image-14244\" alt=\"Nouvelle bouteille\" srcset=\"https:\/\/www.huilecauvin.com\/wp-content\/uploads\/2025\/03\/visuel_evolution_marque_2022-300x212.jpg 300w, https:\/\/www.huilecauvin.com\/wp-content\/uploads\/2025\/03\/visuel_evolution_marque_2022-1024x724.jpg 1024w, https:\/\/www.huilecauvin.com\/wp-content\/uploads\/2025\/03\/visuel_evolution_marque_2022-768x543.jpg 768w, https:\/\/www.huilecauvin.com\/wp-content\/uploads\/2025\/03\/visuel_evolution_marque_2022-1536x1086.jpg 1536w, https:\/\/www.huilecauvin.com\/wp-content\/uploads\/2025\/03\/visuel_evolution_marque_2022-2048x1448.jpg 2048w, https:\/\/www.huilecauvin.com\/wp-content\/uploads\/2025\/03\/visuel_evolution_marque_2022-18x12.jpg 18w\" sizes=\"(max-width: 300px) 100vw, 300px\" \/>\t\t\t\t\t\t\t\t\t\t\t\t\t\t\t<\/div>\n\t\t\t\t<\/div>\n\t\t\t\t\t<\/div>\n\t\t<\/div>\n\t\t\t\t\t<\/div>\n\t\t<\/section>\n\t\t\t\t\t<\/div>\n\t\t<\/div>\n\t\t\t\t\t<\/div>\n\t\t<\/section>\n\t\t\t\t<\/div>","protected":false},"excerpt":{"rendered":"<p>\u00c9volution de notre marque \u00a0Une \u00e9quipe marketing au service de la marque, qui a su la faire \u00e9voluer depuis des d\u00e9cennies !\u00a0 Avec Karine VOINCHET Logo historique \u00a0 \u00c0 l&#8217;\u00e9poque il est sans baseline, en revanche la mention &#8220;huiles&#8221; au pluriel est accot\u00e9e au nom de la marque pour exprimer la diversit\u00e9 de l&#8217;offre. \u00a0 [&hellip;]<\/p>\n","protected":false},"author":1,"featured_media":0,"parent":1074,"menu_order":0,"comment_status":"closed","ping_status":"closed","template":"elementor_header_footer","meta":{"_monsterinsights_skip_tracking":false,"_monsterinsights_sitenote_active":false,"_monsterinsights_sitenote_note":"","_monsterinsights_sitenote_category":0,"footnotes":""},"class_list":["post-9698","page","type-page","status-publish","hentry"],"_links":{"self":[{"href":"https:\/\/www.huilecauvin.com\/de\/wp-json\/wp\/v2\/pages\/9698","targetHints":{"allow":["GET"]}}],"collection":[{"href":"https:\/\/www.huilecauvin.com\/de\/wp-json\/wp\/v2\/pages"}],"about":[{"href":"https:\/\/www.huilecauvin.com\/de\/wp-json\/wp\/v2\/types\/page"}],"author":[{"embeddable":true,"href":"https:\/\/www.huilecauvin.com\/de\/wp-json\/wp\/v2\/users\/1"}],"replies":[{"embeddable":true,"href":"https:\/\/www.huilecauvin.com\/de\/wp-json\/wp\/v2\/comments?post=9698"}],"version-history":[{"count":0,"href":"https:\/\/www.huilecauvin.com\/de\/wp-json\/wp\/v2\/pages\/9698\/revisions"}],"up":[{"embeddable":true,"href":"https:\/\/www.huilecauvin.com\/de\/wp-json\/wp\/v2\/pages\/1074"}],"wp:attachment":[{"href":"https:\/\/www.huilecauvin.com\/de\/wp-json\/wp\/v2\/media?parent=9698"}],"curies":[{"name":"wp","href":"https:\/\/api.w.org\/{rel}","templated":true}]}}