{"id":9394,"date":"2021-06-28T10:43:55","date_gmt":"2021-06-28T08:43:55","guid":{"rendered":"https:\/\/www.huilecauvin.com\/?page_id=9394"},"modified":"2024-01-08T21:54:36","modified_gmt":"2024-01-08T20:54:36","slug":"politique-de-confidentialite-2","status":"publish","type":"page","link":"https:\/\/www.huilecauvin.com\/de\/politique-de-confidentialite-2\/","title":{"rendered":"Datenschutz"},"content":{"rendered":"<div data-elementor-type=\"wp-page\" data-elementor-id=\"9394\" class=\"elementor elementor-9394\">\n\t\t\t\t\t\t<section class=\"elementor-section elementor-top-section elementor-element elementor-element-0561da2 elementor-section-boxed elementor-section-height-default elementor-section-height-default\" data-id=\"0561da2\" data-element_type=\"section\" data-e-type=\"section\">\n\t\t\t\t\t\t<div class=\"elementor-container elementor-column-gap-default\">\n\t\t\t\t\t<div class=\"elementor-column elementor-col-100 elementor-top-column elementor-element elementor-element-dc6677b\" data-id=\"dc6677b\" data-element_type=\"column\" data-e-type=\"column\">\n\t\t\t<div class=\"elementor-widget-wrap\">\n\t\t\t\t\t\t\t<\/div>\n\t\t<\/div>\n\t\t\t\t\t<\/div>\n\t\t<\/section>\n\t\t\t\t<section class=\"elementor-section elementor-top-section elementor-element elementor-element-14dd999 elementor-section-boxed elementor-section-height-default elementor-section-height-default\" data-id=\"14dd999\" data-element_type=\"section\" data-e-type=\"section\">\n\t\t\t\t\t\t<div class=\"elementor-container elementor-column-gap-default\">\n\t\t\t\t\t<div class=\"elementor-column elementor-col-100 elementor-top-column elementor-element elementor-element-9f298c3\" data-id=\"9f298c3\" data-element_type=\"column\" data-e-type=\"column\">\n\t\t\t<div class=\"elementor-widget-wrap elementor-element-populated\">\n\t\t\t\t\t\t<div class=\"elementor-element elementor-element-8426e72 elementor-widget elementor-widget-text-editor\" data-id=\"8426e72\" data-element_type=\"widget\" data-e-type=\"widget\" data-widget_type=\"text-editor.default\">\n\t\t\t\t<div class=\"elementor-widget-container\">\n\t\t\t\t\t\t\t\t\t<h2>Cookie-Richtlinie<\/h2>\n<p>Beim Aufrufen der Website<strong>&nbsp;<\/strong><strong><a href=\"https:\/\/www.huilecauvin.com\/de\/\">https:\/\/www.huilecauvin.com<\/a><\/strong>&nbsp;(im Folgenden als&nbsp;<strong>\u201eWebsite\u201c<\/strong>&nbsp;bezeichnet) k\u00f6nnen Informationen \u00fcber Ihr Navigationsverhalten auf Ihrem Endger\u00e4t (Computer, Tablet, Smartphone usw.) anhand von&nbsp;<strong>\u201eCookies\u201c<\/strong>&nbsp;aufgezeichnet werden. Das sind kleine Textdateien, die gem\u00e4\u00df Ihren Entscheidungen (die Sie jederzeit \u00e4ndern k\u00f6nnen) auf Ihrem Endger\u00e4t installiert werden<\/p>\n<h3><strong>1. Definition von Cookies<\/strong><\/h3>\n<p>Ein Cookie oder \u201eTracker\u201c ist eine kleine Textdatei, die gem\u00e4\u00df Ihren Entscheidungen in einem speziellen Speicherbereich Ihres Endger\u00e4ts gespeichert werden kann, wenn Sie unsere Website besuchen. Durch ein Cookie kann der Website-Betreiber das Endger\u00e4t, in dem es gespeichert ist, f\u00fcr die Dauer der G\u00fcltigkeit oder Speicherung des Cookies identifizieren.<\/p>\n<p>Die Verwendung dieser Tracker unterliegt Ihrer Zustimmung, wenn sie nicht unbedingt f\u00fcr den Betrieb unserer Website erforderlich sind und wenn ihr Zweck nicht auf die Webanalyse beschr\u00e4nkt ist.<\/p>\n<h3><strong>2. Welche Cookies werden verwendet, und f\u00fcr welche Zwecke?<\/strong><\/h3>\n<p>Bei der Nutzung der Website werden Sie dar\u00fcber informiert, dass wir direkt oder indirekt die<strong>&nbsp;<\/strong>unten aufgef\u00fchrten Cookies setzen.<strong>&nbsp;<\/strong><strong>&nbsp;<\/strong><\/p>\n<h4><strong>&nbsp;&nbsp;&nbsp;&nbsp;&nbsp;&nbsp;&nbsp;&nbsp;&nbsp;&nbsp;&nbsp; 2.1. F\u00fcr die Funktion der Website erforderliche Cookies<\/strong><\/h4>\n<p>Diese Cookies sind notwendig, um die optimale Funktion der Website zu gew\u00e4hrleisten und tragen dazu bei, die Website nutzbar zu machen, indem sie grundlegende Funktionen wie die Seitennavigation und den Zugang zu gesicherten Bereichen der Website erm\u00f6glichen. Ohne diese Cookies kann die Website nicht korrekt funktionieren.<\/p>\n<p>Wir weisen darauf hin, dass diese technischen Cookies f\u00fcr die ordnungsgem\u00e4\u00dfe Funktion der Website unbedingt erforderlich sind und nicht konfiguriert werden k\u00f6nnen.<\/p>\n<h4><strong>&nbsp;&nbsp;&nbsp;&nbsp;&nbsp;&nbsp;&nbsp;&nbsp;&nbsp;&nbsp; 2.2. Funktionelle Cookies zur Personalisierung Ihrer Navigation auf der Website<\/strong><\/h4>\n<p>Durch diese Cookies k\u00f6nnen wir Ihre Pr\u00e4ferenzen und die von Ihnen vorgenommenen Einstellungen (verwendete Sprache, Bildschirmaufl\u00f6sung, verwendetes Betriebssystem) speichern, um die Darstellung unserer Website anzupassen.<br><br><\/p>\n<h4><strong>&nbsp;&nbsp;&nbsp;&nbsp;&nbsp;&nbsp;&nbsp;&nbsp;&nbsp; 2.3. Analytische Cookies und Webanalyse-Cookies<\/strong><\/h4>\n<p>Durch diese Cookies k\u00f6nnen wir Informationen dar\u00fcber sammeln, wie Sie die Website nutzen (zum Beispiel, welche Seiten der Website Sie am h\u00e4ufigsten besuchen). Durch diese Cookies k\u00f6nnen wir Statistiken erstellen und den Traffic und die Nutzung der verschiedenen Elemente unserer Website messen (besuchte Rubriken und Inhalte, Navigationsverhalten). Dies dient dazu, unsere Dienstleistungen interessanter zu machen und zu verbessern.<\/p>\n<p><strong>Name des Cookies &nbsp;&nbsp;&nbsp;&nbsp;&nbsp;&nbsp;&nbsp;&nbsp;&nbsp;&nbsp;&nbsp;&nbsp;&nbsp;<\/strong><strong>&nbsp;<\/strong><strong>Zweck(e)&nbsp;&nbsp;&nbsp;&nbsp;&nbsp;&nbsp;&nbsp;&nbsp;&nbsp;&nbsp;&nbsp;&nbsp;&nbsp;&nbsp;&nbsp;&nbsp;&nbsp;<\/strong><strong>&nbsp;<\/strong><strong>Ablauf<\/strong><strong>&nbsp;<\/strong><br>Google Tag Manager\u00a0\u00a0\u00a0\u00a0\u00a0\u00a0\u00a0\u00a0    \u00a0WebAnalyse\u00a0\u00a0\u00a0\u00a0                13 Monate<\/p>\n<p><\/p>\n<h4><strong>&nbsp;&nbsp;&nbsp;&nbsp;&nbsp;&nbsp;&nbsp;&nbsp; 2.4. Werbe-Cookies<\/strong><\/h4>\n<p>Werbe-Cookies k\u00f6nnen direkt von der Website erstellt werden, aber auch von anderen Websites, die Werbung, Ank\u00fcndigungen, Widgets oder andere Elemente auf der angezeigten Seite anzeigen. Diese Cookies k\u00f6nnen f\u00fcr gezielte Werbung verwendet werden (d. h. Werbung, die auf das Navigationsverhalten des Nutzers abgestimmt ist).<\/p>\n<p><strong>&nbsp;&nbsp;&nbsp;&nbsp;&nbsp;&nbsp;&nbsp;&nbsp;&nbsp;&nbsp;&nbsp;&nbsp;&nbsp;&nbsp; 2.4.1. Direkt auf unserer Seite platzierte Werbe-Cookies<\/strong><strong>&nbsp;<\/strong><\/p>\n<p><strong>Name des Cookies &nbsp;&nbsp;&nbsp;&nbsp;&nbsp;&nbsp;&nbsp;&nbsp;&nbsp;&nbsp;&nbsp;&nbsp;&nbsp;<\/strong><strong>&nbsp;<\/strong><strong>Zweck(e)&nbsp;&nbsp;&nbsp;&nbsp;&nbsp;&nbsp;&nbsp;&nbsp;&nbsp;&nbsp;&nbsp;&nbsp;&nbsp;&nbsp;&nbsp;&nbsp;&nbsp;<\/strong><strong>&nbsp;<\/strong><strong>Ablauf<\/strong><strong>&nbsp;<\/strong><br>Aucun cookie de ce type.<br><strong>&nbsp;&nbsp;&nbsp;&nbsp;&nbsp;&nbsp;&nbsp;&nbsp;&nbsp;&nbsp;&nbsp;&nbsp;&nbsp;&nbsp;<\/strong><strong>&nbsp;<\/strong><strong>2.4.2. Werbe-Cookies, die von Dritten gesetzt werden (z. B. Facebook, Twitter, Youtube...)<\/strong><\/p>\n<p><strong>Name des Cookies &nbsp;&nbsp;&nbsp;&nbsp;&nbsp;&nbsp;&nbsp;&nbsp;&nbsp;&nbsp;&nbsp;&nbsp;&nbsp;<\/strong><strong>&nbsp;<\/strong><strong>Zweck(e)&nbsp;&nbsp;&nbsp;&nbsp;&nbsp;&nbsp;&nbsp;&nbsp;&nbsp;&nbsp;&nbsp;&nbsp;&nbsp;&nbsp;&nbsp;&nbsp;&nbsp;<\/strong><strong>&nbsp;<\/strong><strong>Ablauf<\/strong><strong>&nbsp;<\/strong><br>Aucun cookie de ce type.<\/p>\n<h3><strong>3. Wie lange werden Cookies gespeichert?<\/strong><\/h3>\n<p>Wir informieren Sie dar\u00fcber, dass die Verwendung von Cookies entweder auf die Dauer Ihres Website-Besuchs beschr\u00e4nkt sein kann (diese \u201eSitzungs-Cookies\u201c werden automatisch gel\u00f6scht, wenn Sie die Website verlassen), andere Cookies (\u201epersistente Cookies\u201c) jedoch auch nach Ihrem Besuch der Website f\u00fcr einen bestimmten Zeitraum aufbewahrt werden k\u00f6nnen. Die Speicherdauer von Cookies darf jedoch keinesfalls sechs (6) Monate \u00fcberschreiten, mit Ausnahme von Web-Analyse-Cookies, die bis zu dreizehn (13) Monate gespeichert werden d\u00fcrfen.<\/p>\n<h3><strong>4.<\/strong>&nbsp;<strong>Wie kann ich Cookies akzeptieren und deaktivieren?<\/strong><strong>&nbsp;?<\/strong><\/h3>\n<p>F\u00fcr die Installation bestimmter Cookies ist Ihre vorherige Zustimmung erforderlich.<\/p>\n<p>Bei Ihrem ersten Besuch der Website wird ein \u201eCookie-Banner\u201c auf der Startseite angezeigt, das die M\u00f6glichkeit bietet, Cookies zu akzeptieren oder abzulehnen.&nbsp;<\/p>\n<p>In der Konfiguration Ihres Browsers k\u00f6nnen Sie das Speichern von Cookies auch standardm\u00e4\u00dfig ablehnen. Ein Browser kann so konfiguriert werden, dass er Cookies automatisch akzeptiert oder ablehnt. Sie k\u00f6nnen die Speicherung von Cookies auch deaktivieren, sich benachrichtigen lassen, wenn ein Cookie gesetzt wird und dessen Inhalt und G\u00fcltigkeitsdauer einsehen.<\/p>\n<p>Bitte beachten Sie, dass die Deinstallation eines Cookies oder die Ablehnung der Installation von Cookies auf Ihren Ger\u00e4ten Ihr Navigationserlebnis ver\u00e4ndern und Sie bestimmte Dienste auf der Website evtl. nicht nutzen k\u00f6nnen.<\/p>\n<p>Zu Ihrer Hilfe haben wir im Folgenden eine Anleitung zur Verwaltung von Cookies in den bekanntesten Browsern zusammengestellt:<\/p>\n<p>Mozilla Firefox:<br><a href=\"https:\/\/support.mozilla.org\/fr\/kb\/activer-desactiver-cookies\">https:\/\/support.mozilla.org\/fr\/kb\/activer-desactiver-cookies<\/a><br>Oder<br><a href=\"https:\/\/support.mozilla.org\/en-US\/kb\/enable-and-disable-cookies-website-preferences\">https:\/\/support.mozilla.org\/en-US\/kb\/enable-and-disable-cookies-website-preferences<\/a><\/p>\n<p>Google Chrome:<br><a href=\"https:\/\/support.google.com\/chrome\/answer\/95647?hl=fr\">https:\/\/support.google.com\/chrome\/answer\/95647?hl=fr<\/a><br>Oder<br><a href=\"https:\/\/policies.google.com\/technologies\/managing\">https:\/\/policies.google.com\/technologies\/managing<\/a><\/p>\n<p>Apple:<br><a href=\"http:\/\/support.apple.com\/kb\/HT1677?viewlocale=fr_FR&amp;locale=fr_FR\">http:\/\/support.apple.com\/kb\/HT1677?viewlocale=fr_FR&amp;locale=fr_FR<\/a><\/p>\n<p>Microsoft Edge:<br><a href=\"https:\/\/support.microsoft.com\/fr-fr\/help\/4468242\/microsoft-edge-browsing-data-and-privacy-microsoft-privacy\">https:\/\/support.microsoft.com\/fr-fr\/help\/4468242\/microsoft-edge-browsing-data-and-privacy-microsoft-privacy<\/a><\/p>\n<p>Opera:<br><a href=\"https:\/\/help.opera.com\/en\/latest\/web-preferences\/\">https:\/\/help.opera.com\/en\/latest\/web-preferences\/<\/a><\/p>\n<p>Wenn Sie weitere Informationen zur Cookie-Verwaltung w\u00fcnschen, k\u00f6nnen Sie mit folgendem Link klicken die Website der franz\u00f6sischen Datenschutzkommission (CNIL) besuchen (in franz\u00f6sischer Sprache):&nbsp;<a href=\"http:\/\/www.cnil.fr\/vos-droits\/vos-traces\/les-cookies\">www.cnil.fr\/vos-droits\/vos-traces\/les-cookies<\/a>.<\/p>\t\t\t\t\t\t\t\t<\/div>\n\t\t\t\t<\/div>\n\t\t\t\t\t<\/div>\n\t\t<\/div>\n\t\t\t\t\t<\/div>\n\t\t<\/section>\n\t\t\t\t<\/div>","protected":false},"excerpt":{"rendered":"<p>Politique de cookies Lors de la consultation du site internet&nbsp;https:\/\/www.huilecauvin.com&nbsp;(le&nbsp;\u00ab&nbsp;Site&nbsp;\u00bb), des informations relatives \u00e0 la navigation de votre terminal (ordinateur, tablette, smartphone, etc.), sont susceptibles d\u2019\u00eatre enregistr\u00e9es dans des fichiers \u00ab&nbsp;Cookies&nbsp;\u00bb install\u00e9s sur votre terminal, conform\u00e9ment aux choix que vous avez exprim\u00e9s et que vous pouvez modifier \u00e0 tout moment. 1. D\u00e9finition des Cookies Un [&hellip;]<\/p>\n","protected":false},"author":1,"featured_media":0,"parent":0,"menu_order":0,"comment_status":"closed","ping_status":"closed","template":"elementor_header_footer","meta":{"_monsterinsights_skip_tracking":false,"_monsterinsights_sitenote_active":false,"_monsterinsights_sitenote_note":"","_monsterinsights_sitenote_category":0,"footnotes":""},"class_list":["post-9394","page","type-page","status-publish","hentry"],"_links":{"self":[{"href":"https:\/\/www.huilecauvin.com\/de\/wp-json\/wp\/v2\/pages\/9394","targetHints":{"allow":["GET"]}}],"collection":[{"href":"https:\/\/www.huilecauvin.com\/de\/wp-json\/wp\/v2\/pages"}],"about":[{"href":"https:\/\/www.huilecauvin.com\/de\/wp-json\/wp\/v2\/types\/page"}],"author":[{"embeddable":true,"href":"https:\/\/www.huilecauvin.com\/de\/wp-json\/wp\/v2\/users\/1"}],"replies":[{"embeddable":true,"href":"https:\/\/www.huilecauvin.com\/de\/wp-json\/wp\/v2\/comments?post=9394"}],"version-history":[{"count":0,"href":"https:\/\/www.huilecauvin.com\/de\/wp-json\/wp\/v2\/pages\/9394\/revisions"}],"wp:attachment":[{"href":"https:\/\/www.huilecauvin.com\/de\/wp-json\/wp\/v2\/media?parent=9394"}],"curies":[{"name":"wp","href":"https:\/\/api.w.org\/{rel}","templated":true}]}}