{"id":781,"date":"2020-05-12T16:30:47","date_gmt":"2020-05-12T14:30:47","guid":{"rendered":"http:\/\/localhost\/wordpress\/?page_id=781"},"modified":"2026-01-15T15:22:28","modified_gmt":"2026-01-15T14:22:28","slug":"les-huiles-dolive","status":"publish","type":"page","link":"https:\/\/www.huilecauvin.com\/de\/cave-a-huile\/les-huiles-dolive\/","title":{"rendered":"Oliven\u00f6le"},"content":{"rendered":"<div data-elementor-type=\"wp-page\" data-elementor-id=\"781\" class=\"elementor elementor-781\">\n\t\t\t\t\t\t<section class=\"elementor-section elementor-top-section elementor-element elementor-element-55346ad elementor-section-stretched elementor-section-boxed elementor-section-height-default elementor-section-height-default\" data-id=\"55346ad\" data-element_type=\"section\" data-e-type=\"section\" data-settings=\"{&quot;stretch_section&quot;:&quot;section-stretched&quot;}\">\n\t\t\t\t\t\t<div class=\"elementor-container elementor-column-gap-default\">\n\t\t\t\t\t<div class=\"elementor-column elementor-col-100 elementor-top-column elementor-element elementor-element-06422a0\" data-id=\"06422a0\" data-element_type=\"column\" data-e-type=\"column\">\n\t\t\t<div class=\"elementor-widget-wrap elementor-element-populated\">\n\t\t\t\t\t\t<div class=\"elementor-element elementor-element-b284645 elementor-widget elementor-widget-spacer\" data-id=\"b284645\" data-element_type=\"widget\" data-e-type=\"widget\" data-widget_type=\"spacer.default\">\n\t\t\t\t<div class=\"elementor-widget-container\">\n\t\t\t\t\t\t\t<div class=\"elementor-spacer\">\n\t\t\t<div class=\"elementor-spacer-inner\"><\/div>\n\t\t<\/div>\n\t\t\t\t\t\t<\/div>\n\t\t\t\t<\/div>\n\t\t\t\t<div class=\"elementor-element elementor-element-baccd1c elementor-widget elementor-widget-heading\" data-id=\"baccd1c\" data-element_type=\"widget\" data-e-type=\"widget\" data-widget_type=\"heading.default\">\n\t\t\t\t<div class=\"elementor-widget-container\">\n\t\t\t\t\t<h2 class=\"elementor-heading-title elementor-size-default\">Les Huiles d'Olive<\/h2>\t\t\t\t<\/div>\n\t\t\t\t<\/div>\n\t\t\t\t<div class=\"elementor-element elementor-element-5ed6261 elementor-widget elementor-widget-text-editor\" data-id=\"5ed6261\" data-element_type=\"widget\" data-e-type=\"widget\" data-widget_type=\"text-editor.default\">\n\t\t\t\t<div class=\"elementor-widget-container\">\n\t\t\t\t\t\t\t\t\t<p><span style=\"background-color: inherit; font-weight: var( --e-global-typography-text-font-weight ); font-size: 1rem;\">D\u00e9couvrez nos huiles d&#8217;olive juste ici !<\/span><\/p><p>Oliven\u00f6l war das erste Produkt des Unternehmens Cauvin. Heute bieten wir verschiedene Oliven\u00f6le an, die sich in Herkunft, Sorte und Geschmack unterscheiden.<\/p><p style=\"font-weight: 400;\">L\u2019huile fige autour de 16 degr\u00e9s environ, ce qui peut donner la pr\u00e9sence de perles ou de biphasage \u00a0dans la bouteille. Ceci est un ph\u00e9nom\u00e8ne naturel qui n\u2019a aucun impact sur la qualit\u00e9 du produit. L\u2019huile, remise \u00e0 temp\u00e9rature plus \u00e9lev\u00e9e, reprend son aspect habituel au bout de quelques temps.\u00a0<\/p>\t\t\t\t\t\t\t\t<\/div>\n\t\t\t\t<\/div>\n\t\t\t\t\t<\/div>\n\t\t<\/div>\n\t\t\t\t\t<\/div>\n\t\t<\/section>\n\t\t\t\t<section class=\"elementor-section elementor-top-section elementor-element elementor-element-c3f94cd elementor-section-stretched elementor-section-boxed elementor-section-height-default elementor-section-height-default\" data-id=\"c3f94cd\" data-element_type=\"section\" data-e-type=\"section\" data-settings=\"{&quot;stretch_section&quot;:&quot;section-stretched&quot;}\">\n\t\t\t\t\t\t<div class=\"elementor-container elementor-column-gap-default\">\n\t\t\t\t\t<div class=\"elementor-column elementor-col-50 elementor-top-column elementor-element elementor-element-43c1b9a\" data-id=\"43c1b9a\" data-element_type=\"column\" data-e-type=\"column\">\n\t\t\t<div class=\"elementor-widget-wrap elementor-element-populated\">\n\t\t\t\t\t\t<div class=\"elementor-element elementor-element-d84d118 elementor-invisible elementor-widget elementor-widget-image\" data-id=\"d84d118\" data-element_type=\"widget\" data-e-type=\"widget\" data-settings=\"{&quot;_animation&quot;:&quot;pulse&quot;}\" data-widget_type=\"image.default\">\n\t\t\t\t<div class=\"elementor-widget-container\">\n\t\t\t\t\t\t\t\t\t\t\t\t\t\t\t\t<a href=\"https:\/\/www.huilecauvin.com\/de\/cave-a-huile\/les-huiles-dolive\/loriginale-huile-dolive-vierge\/\">\n\t\t\t\t\t\t\t<img fetchpriority=\"high\" decoding=\"async\" width=\"768\" height=\"768\" src=\"https:\/\/www.huilecauvin.com\/wp-content\/uploads\/2025\/03\/Plan-de-travail-1-768x768.png\" class=\"elementor-animation-pop attachment-medium_large size-medium_large wp-image-14288\" alt=\"Huiles d&#039;olive : l&#039;olive\" srcset=\"https:\/\/www.huilecauvin.com\/wp-content\/uploads\/2025\/03\/Plan-de-travail-1-768x768.png 768w, https:\/\/www.huilecauvin.com\/wp-content\/uploads\/2025\/03\/Plan-de-travail-1-300x300.png 300w, https:\/\/www.huilecauvin.com\/wp-content\/uploads\/2025\/03\/Plan-de-travail-1-1024x1024.png 1024w, https:\/\/www.huilecauvin.com\/wp-content\/uploads\/2025\/03\/Plan-de-travail-1-150x150.png 150w, https:\/\/www.huilecauvin.com\/wp-content\/uploads\/2025\/03\/Plan-de-travail-1-1536x1536.png 1536w, https:\/\/www.huilecauvin.com\/wp-content\/uploads\/2025\/03\/Plan-de-travail-1-2048x2048.png 2048w, https:\/\/www.huilecauvin.com\/wp-content\/uploads\/2025\/03\/Plan-de-travail-1-12x12.png 12w, https:\/\/www.huilecauvin.com\/wp-content\/uploads\/2025\/03\/Plan-de-travail-1-75x75.png 75w\" sizes=\"(max-width: 768px) 100vw, 768px\" \/>\t\t\t\t\t\t\t\t<\/a>\n\t\t\t\t\t\t\t\t\t\t\t\t\t\t\t<\/div>\n\t\t\t\t<\/div>\n\t\t\t\t<div class=\"elementor-element elementor-element-687516c elementor-widget elementor-widget-heading\" data-id=\"687516c\" data-element_type=\"widget\" data-e-type=\"widget\" data-widget_type=\"heading.default\">\n\t\t\t\t<div class=\"elementor-widget-container\">\n\t\t\t\t\t<h2 class=\"elementor-heading-title elementor-size-default\"><a href=\"\/de\/cave-a-huile\/les-huiles-dolive\/loriginale-huile-dolive-vierge\/\">L'Olive<\/a><\/h2>\t\t\t\t<\/div>\n\t\t\t\t<\/div>\n\t\t\t\t\t<\/div>\n\t\t<\/div>\n\t\t\t\t<div class=\"elementor-column elementor-col-50 elementor-top-column elementor-element elementor-element-17f1a67\" data-id=\"17f1a67\" data-element_type=\"column\" data-e-type=\"column\">\n\t\t\t<div class=\"elementor-widget-wrap elementor-element-populated\">\n\t\t\t\t\t\t<div class=\"elementor-element elementor-element-308db86 elementor-widget__width-initial elementor-invisible elementor-widget elementor-widget-image\" data-id=\"308db86\" data-element_type=\"widget\" data-e-type=\"widget\" data-settings=\"{&quot;_animation&quot;:&quot;pulse&quot;}\" data-widget_type=\"image.default\">\n\t\t\t\t<div class=\"elementor-widget-container\">\n\t\t\t\t\t\t\t\t\t\t\t\t\t\t\t\t<a href=\"\/de\/cave-a-huile\/les-huiles-dolive\/la-fruitee-huile-dolive-vierge-extra\/\">\n\t\t\t\t\t\t\t<img decoding=\"async\" width=\"768\" height=\"768\" src=\"https:\/\/www.huilecauvin.com\/wp-content\/uploads\/2025\/03\/FRUITEE-1-768x768.png\" class=\"elementor-animation-pop attachment-medium_large size-medium_large wp-image-14294\" alt=\"Huiles d&#039;olive : la fruit\u00e9e\" srcset=\"https:\/\/www.huilecauvin.com\/wp-content\/uploads\/2025\/03\/FRUITEE-1-768x768.png 768w, https:\/\/www.huilecauvin.com\/wp-content\/uploads\/2025\/03\/FRUITEE-1-300x300.png 300w, https:\/\/www.huilecauvin.com\/wp-content\/uploads\/2025\/03\/FRUITEE-1-1024x1024.png 1024w, https:\/\/www.huilecauvin.com\/wp-content\/uploads\/2025\/03\/FRUITEE-1-150x150.png 150w, https:\/\/www.huilecauvin.com\/wp-content\/uploads\/2025\/03\/FRUITEE-1-1536x1536.png 1536w, https:\/\/www.huilecauvin.com\/wp-content\/uploads\/2025\/03\/FRUITEE-1-2048x2048.png 2048w, https:\/\/www.huilecauvin.com\/wp-content\/uploads\/2025\/03\/FRUITEE-1-12x12.png 12w, https:\/\/www.huilecauvin.com\/wp-content\/uploads\/2025\/03\/FRUITEE-1-75x75.png 75w\" sizes=\"(max-width: 768px) 100vw, 768px\" \/>\t\t\t\t\t\t\t\t<\/a>\n\t\t\t\t\t\t\t\t\t\t\t\t\t\t\t<\/div>\n\t\t\t\t<\/div>\n\t\t\t\t<div class=\"elementor-element elementor-element-de63d29 elementor-widget elementor-widget-spacer\" data-id=\"de63d29\" data-element_type=\"widget\" data-e-type=\"widget\" data-widget_type=\"spacer.default\">\n\t\t\t\t<div class=\"elementor-widget-container\">\n\t\t\t\t\t\t\t<div class=\"elementor-spacer\">\n\t\t\t<div class=\"elementor-spacer-inner\"><\/div>\n\t\t<\/div>\n\t\t\t\t\t\t<\/div>\n\t\t\t\t<\/div>\n\t\t\t\t<div class=\"elementor-element elementor-element-90f8069 elementor-widget elementor-widget-heading\" data-id=\"90f8069\" data-element_type=\"widget\" data-e-type=\"widget\" data-widget_type=\"heading.default\">\n\t\t\t\t<div class=\"elementor-widget-container\">\n\t\t\t\t\t<h2 class=\"elementor-heading-title elementor-size-default\"><a href=\"\/de\/cave-a-huile\/les-huiles-dolive\/loriginale-huile-dolive-vierge\/\">Fruity<\/a><\/h2>\t\t\t\t<\/div>\n\t\t\t\t<\/div>\n\t\t\t\t\t<\/div>\n\t\t<\/div>\n\t\t\t\t\t<\/div>\n\t\t<\/section>\n\t\t\t\t<section class=\"elementor-section elementor-top-section elementor-element elementor-element-026ccd7 elementor-section-stretched elementor-section-boxed elementor-section-height-default elementor-section-height-default\" data-id=\"026ccd7\" data-element_type=\"section\" data-e-type=\"section\" data-settings=\"{&quot;stretch_section&quot;:&quot;section-stretched&quot;}\">\n\t\t\t\t\t\t<div class=\"elementor-container elementor-column-gap-default\">\n\t\t\t\t\t<div class=\"elementor-column elementor-col-50 elementor-top-column elementor-element elementor-element-b9f51a8\" data-id=\"b9f51a8\" data-element_type=\"column\" data-e-type=\"column\">\n\t\t\t<div class=\"elementor-widget-wrap elementor-element-populated\">\n\t\t\t\t\t\t<div class=\"elementor-element elementor-element-8460dd4 elementor-invisible elementor-widget elementor-widget-image\" data-id=\"8460dd4\" data-element_type=\"widget\" data-e-type=\"widget\" data-settings=\"{&quot;_animation&quot;:&quot;pulse&quot;}\" data-widget_type=\"image.default\">\n\t\t\t\t<div class=\"elementor-widget-container\">\n\t\t\t\t\t\t\t\t\t\t\t\t\t\t\t\t<a href=\"https:\/\/www.huilecauvin.com\/de\/cave-a-huile\/cuisine-equilibre\/lhuile-dolive-vierge-extra-zero-residu-de-pesticides\/\">\n\t\t\t\t\t\t\t<img decoding=\"async\" width=\"768\" height=\"768\" src=\"https:\/\/www.huilecauvin.com\/wp-content\/uploads\/2025\/03\/OLIVE-ZRP-768x768.png\" class=\"elementor-animation-pop attachment-medium_large size-medium_large wp-image-14291\" alt=\"Huiles d&#039;olive : Z\u00e9ro r\u00e9sidu de pesticides\" srcset=\"https:\/\/www.huilecauvin.com\/wp-content\/uploads\/2025\/03\/OLIVE-ZRP-768x768.png 768w, https:\/\/www.huilecauvin.com\/wp-content\/uploads\/2025\/03\/OLIVE-ZRP-300x300.png 300w, https:\/\/www.huilecauvin.com\/wp-content\/uploads\/2025\/03\/OLIVE-ZRP-1024x1024.png 1024w, https:\/\/www.huilecauvin.com\/wp-content\/uploads\/2025\/03\/OLIVE-ZRP-150x150.png 150w, https:\/\/www.huilecauvin.com\/wp-content\/uploads\/2025\/03\/OLIVE-ZRP-1536x1536.png 1536w, https:\/\/www.huilecauvin.com\/wp-content\/uploads\/2025\/03\/OLIVE-ZRP-2048x2048.png 2048w, https:\/\/www.huilecauvin.com\/wp-content\/uploads\/2025\/03\/OLIVE-ZRP-12x12.png 12w, https:\/\/www.huilecauvin.com\/wp-content\/uploads\/2025\/03\/OLIVE-ZRP-75x75.png 75w\" sizes=\"(max-width: 768px) 100vw, 768px\" \/>\t\t\t\t\t\t\t\t<\/a>\n\t\t\t\t\t\t\t\t\t\t\t\t\t\t\t<\/div>\n\t\t\t\t<\/div>\n\t\t\t\t<div class=\"elementor-element elementor-element-2255729 elementor-widget elementor-widget-heading\" data-id=\"2255729\" data-element_type=\"widget\" data-e-type=\"widget\" data-widget_type=\"heading.default\">\n\t\t\t\t<div class=\"elementor-widget-container\">\n\t\t\t\t\t<h2 class=\"elementor-heading-title elementor-size-default\"><a href=\"https:\/\/www.huilecauvin.com\/de\/cave-a-huile\/les-huiles-dolive\/lhuile-dolive-vierge-extra-zero-residu-de-pesticides\/\">Oliven\u00f6l Null Pestizidr\u00fcckst\u00e4nde<\/a><\/h2>\t\t\t\t<\/div>\n\t\t\t\t<\/div>\n\t\t\t\t\t<\/div>\n\t\t<\/div>\n\t\t\t\t<div class=\"elementor-column elementor-col-50 elementor-top-column elementor-element elementor-element-6f7a3fd\" data-id=\"6f7a3fd\" data-element_type=\"column\" data-e-type=\"column\">\n\t\t\t<div class=\"elementor-widget-wrap elementor-element-populated\">\n\t\t\t\t\t\t<div class=\"elementor-element elementor-element-e036de3 elementor-invisible elementor-widget elementor-widget-image\" data-id=\"e036de3\" data-element_type=\"widget\" data-e-type=\"widget\" data-settings=\"{&quot;_animation&quot;:&quot;pulse&quot;}\" data-widget_type=\"image.default\">\n\t\t\t\t<div class=\"elementor-widget-container\">\n\t\t\t\t\t\t\t\t\t\t\t\t\t\t\t\t<a href=\"https:\/\/www.huilecauvin.com\/de\/la-bio-huile-dolive-vierge-extra\/\">\n\t\t\t\t\t\t\t<img loading=\"lazy\" decoding=\"async\" width=\"768\" height=\"768\" src=\"https:\/\/www.huilecauvin.com\/wp-content\/uploads\/2025\/03\/OLIVE-BIO-1-768x768.png\" class=\"elementor-animation-pop attachment-medium_large size-medium_large wp-image-14296\" alt=\"L&#039;Olive bio\" srcset=\"https:\/\/www.huilecauvin.com\/wp-content\/uploads\/2025\/03\/OLIVE-BIO-1-768x768.png 768w, https:\/\/www.huilecauvin.com\/wp-content\/uploads\/2025\/03\/OLIVE-BIO-1-300x300.png 300w, https:\/\/www.huilecauvin.com\/wp-content\/uploads\/2025\/03\/OLIVE-BIO-1-1024x1024.png 1024w, https:\/\/www.huilecauvin.com\/wp-content\/uploads\/2025\/03\/OLIVE-BIO-1-150x150.png 150w, https:\/\/www.huilecauvin.com\/wp-content\/uploads\/2025\/03\/OLIVE-BIO-1-1536x1536.png 1536w, https:\/\/www.huilecauvin.com\/wp-content\/uploads\/2025\/03\/OLIVE-BIO-1-2048x2048.png 2048w, https:\/\/www.huilecauvin.com\/wp-content\/uploads\/2025\/03\/OLIVE-BIO-1-12x12.png 12w, https:\/\/www.huilecauvin.com\/wp-content\/uploads\/2025\/03\/OLIVE-BIO-1-75x75.png 75w\" sizes=\"(max-width: 768px) 100vw, 768px\" \/>\t\t\t\t\t\t\t\t<\/a>\n\t\t\t\t\t\t\t\t\t\t\t\t\t\t\t<\/div>\n\t\t\t\t<\/div>\n\t\t\t\t<div class=\"elementor-element elementor-element-77a048e elementor-widget elementor-widget-heading\" data-id=\"77a048e\" data-element_type=\"widget\" data-e-type=\"widget\" data-widget_type=\"heading.default\">\n\t\t\t\t<div class=\"elementor-widget-container\">\n\t\t\t\t\t<h2 class=\"elementor-heading-title elementor-size-default\"><a href=\"https:\/\/www.huilecauvin.com\/de\/la-bio-huile-dolive-vierge-extra\/\">BIO SPEZIAL<\/a><\/h2>\t\t\t\t<\/div>\n\t\t\t\t<\/div>\n\t\t\t\t\t<\/div>\n\t\t<\/div>\n\t\t\t\t\t<\/div>\n\t\t<\/section>\n\t\t\t\t<\/div>","protected":false},"excerpt":{"rendered":"<p>Les Huiles d&#8217;Olive D\u00e9couvrez nos huiles d&#8217;olive juste ici ! L\u2019huile d\u2019olive est le produit historique de la soci\u00e9t\u00e9 Cauvin. Elle se d\u00e9cline aujourd\u2019hui par origine, par vari\u00e9t\u00e9 et donc selon son go\u00fbt avant tout. L\u2019huile fige autour de 16 degr\u00e9s environ, ce qui peut donner la pr\u00e9sence de perles ou de biphasage \u00a0dans la [&hellip;]<\/p>\n","protected":false},"author":1,"featured_media":0,"parent":133,"menu_order":0,"comment_status":"closed","ping_status":"closed","template":"elementor_header_footer","meta":{"_monsterinsights_skip_tracking":false,"_monsterinsights_sitenote_active":false,"_monsterinsights_sitenote_note":"","_monsterinsights_sitenote_category":0,"footnotes":""},"class_list":["post-781","page","type-page","status-publish","hentry"],"_links":{"self":[{"href":"https:\/\/www.huilecauvin.com\/de\/wp-json\/wp\/v2\/pages\/781","targetHints":{"allow":["GET"]}}],"collection":[{"href":"https:\/\/www.huilecauvin.com\/de\/wp-json\/wp\/v2\/pages"}],"about":[{"href":"https:\/\/www.huilecauvin.com\/de\/wp-json\/wp\/v2\/types\/page"}],"author":[{"embeddable":true,"href":"https:\/\/www.huilecauvin.com\/de\/wp-json\/wp\/v2\/users\/1"}],"replies":[{"embeddable":true,"href":"https:\/\/www.huilecauvin.com\/de\/wp-json\/wp\/v2\/comments?post=781"}],"version-history":[{"count":3,"href":"https:\/\/www.huilecauvin.com\/de\/wp-json\/wp\/v2\/pages\/781\/revisions"}],"predecessor-version":[{"id":15586,"href":"https:\/\/www.huilecauvin.com\/de\/wp-json\/wp\/v2\/pages\/781\/revisions\/15586"}],"up":[{"embeddable":true,"href":"https:\/\/www.huilecauvin.com\/de\/wp-json\/wp\/v2\/pages\/133"}],"wp:attachment":[{"href":"https:\/\/www.huilecauvin.com\/de\/wp-json\/wp\/v2\/media?parent=781"}],"curies":[{"name":"wp","href":"https:\/\/api.w.org\/{rel}","templated":true}]}}