{"id":6465,"date":"2020-12-15T17:26:24","date_gmt":"2020-12-15T16:26:24","guid":{"rendered":"https:\/\/www.huilecauvin.com\/?page_id=6465"},"modified":"2023-10-03T14:27:46","modified_gmt":"2023-10-03T12:27:46","slug":"foodservice","status":"publish","type":"page","link":"https:\/\/www.huilecauvin.com\/de\/cauvin\/foodservice\/","title":{"rendered":"Food Service"},"content":{"rendered":"<div data-elementor-type=\"wp-page\" data-elementor-id=\"6465\" class=\"elementor elementor-6465\">\n\t\t\t\t\t\t<section class=\"elementor-section elementor-top-section elementor-element elementor-element-e7bbb10 elementor-section-boxed elementor-section-height-default elementor-section-height-default\" data-id=\"e7bbb10\" data-element_type=\"section\" data-e-type=\"section\">\n\t\t\t\t\t\t<div class=\"elementor-container elementor-column-gap-default\">\n\t\t\t\t\t<div class=\"elementor-column elementor-col-100 elementor-top-column elementor-element elementor-element-6205bbf\" data-id=\"6205bbf\" data-element_type=\"column\" data-e-type=\"column\">\n\t\t\t<div class=\"elementor-widget-wrap elementor-element-populated\">\n\t\t\t\t\t\t<div class=\"elementor-element elementor-element-f8b089c elementor-widget elementor-widget-heading\" data-id=\"f8b089c\" data-element_type=\"widget\" data-e-type=\"widget\" data-widget_type=\"heading.default\">\n\t\t\t\t<div class=\"elementor-widget-container\">\n\t\t\t\t\t<h2 class=\"elementor-heading-title elementor-size-default\">Food Service<\/h2>\t\t\t\t<\/div>\n\t\t\t\t<\/div>\n\t\t\t\t<div class=\"elementor-element elementor-element-08e0105 elementor-widget elementor-widget-spacer\" data-id=\"08e0105\" data-element_type=\"widget\" data-e-type=\"widget\" data-widget_type=\"spacer.default\">\n\t\t\t\t<div class=\"elementor-widget-container\">\n\t\t\t\t\t\t\t<div class=\"elementor-spacer\">\n\t\t\t<div class=\"elementor-spacer-inner\"><\/div>\n\t\t<\/div>\n\t\t\t\t\t\t<\/div>\n\t\t\t\t<\/div>\n\t\t\t\t<div class=\"elementor-element elementor-element-9d1dc6b elementor-widget elementor-widget-heading\" data-id=\"9d1dc6b\" data-element_type=\"widget\" data-e-type=\"widget\" data-widget_type=\"heading.default\">\n\t\t\t\t<div class=\"elementor-widget-container\">\n\t\t\t\t\t<h2 class=\"elementor-heading-title elementor-size-default\">Die Food-Service-Profis von Cauvin\n<\/h2>\t\t\t\t<\/div>\n\t\t\t\t<\/div>\n\t\t\t\t<section class=\"elementor-section elementor-inner-section elementor-element elementor-element-0c9cf8d elementor-section-boxed elementor-section-height-default elementor-section-height-default\" data-id=\"0c9cf8d\" data-element_type=\"section\" data-e-type=\"section\">\n\t\t\t\t\t\t<div class=\"elementor-container elementor-column-gap-default\">\n\t\t\t\t\t<div class=\"elementor-column elementor-col-50 elementor-inner-column elementor-element elementor-element-a37c950\" data-id=\"a37c950\" data-element_type=\"column\" data-e-type=\"column\">\n\t\t\t<div class=\"elementor-widget-wrap elementor-element-populated\">\n\t\t\t\t\t\t<div class=\"elementor-element elementor-element-1fc5700 elementor-view-default elementor-widget elementor-widget-icon\" data-id=\"1fc5700\" data-element_type=\"widget\" data-e-type=\"widget\" data-widget_type=\"icon.default\">\n\t\t\t\t<div class=\"elementor-widget-container\">\n\t\t\t\t\t\t\t<div class=\"elementor-icon-wrapper\">\n\t\t\t<div class=\"elementor-icon\">\n\t\t\t<i aria-hidden=\"true\" class=\"fas fa-user-friends\"><\/i>\t\t\t<\/div>\n\t\t<\/div>\n\t\t\t\t\t\t<\/div>\n\t\t\t\t<\/div>\n\t\t\t\t\t<\/div>\n\t\t<\/div>\n\t\t\t\t<div class=\"elementor-column elementor-col-50 elementor-inner-column elementor-element elementor-element-44e6f4d\" data-id=\"44e6f4d\" data-element_type=\"column\" data-e-type=\"column\">\n\t\t\t<div class=\"elementor-widget-wrap elementor-element-populated\">\n\t\t\t\t\t\t<div class=\"elementor-element elementor-element-0ba5ad6 elementor-widget elementor-widget-text-editor\" data-id=\"0ba5ad6\" data-element_type=\"widget\" data-e-type=\"widget\" data-widget_type=\"text-editor.default\">\n\t\t\t\t<div class=\"elementor-widget-container\">\n\t\t\t\t\t\t\t\t\t<p><span class=\"bluet_tooltip tooltipy-kw tooltipy-kw-8594\" data-tooltip=\"8594\">Jean-Manuel Greciet et&nbsp;<\/span><span class=\"bluet_tooltip tooltipy-kw tooltipy-kw-8594\" data-tooltip=\"8594\">Marc Fromentin <\/span>, unsere Industriespezialisten, unterst\u00fctzen Sie gerne.<\/p>\t\t\t\t\t\t\t\t<\/div>\n\t\t\t\t<\/div>\n\t\t\t\t\t<\/div>\n\t\t<\/div>\n\t\t\t\t\t<\/div>\n\t\t<\/section>\n\t\t\t\t\t<\/div>\n\t\t<\/div>\n\t\t\t\t\t<\/div>\n\t\t<\/section>\n\t\t\t\t<section class=\"elementor-section elementor-top-section elementor-element elementor-element-bf9a09a elementor-section-boxed elementor-section-height-default elementor-section-height-default\" data-id=\"bf9a09a\" data-element_type=\"section\" data-e-type=\"section\">\n\t\t\t\t\t\t\t<div class=\"elementor-background-overlay\"><\/div>\n\t\t\t\t\t\t\t<div class=\"elementor-container elementor-column-gap-default\">\n\t\t\t\t\t<div class=\"elementor-column elementor-col-50 elementor-top-column elementor-element elementor-element-dcadc1d\" data-id=\"dcadc1d\" data-element_type=\"column\" data-e-type=\"column\">\n\t\t\t<div class=\"elementor-widget-wrap elementor-element-populated\">\n\t\t\t\t\t\t<div class=\"elementor-element elementor-element-a72060c elementor-widget elementor-widget-text-editor\" data-id=\"a72060c\" data-element_type=\"widget\" data-e-type=\"widget\" data-widget_type=\"text-editor.default\">\n\t\t\t\t<div class=\"elementor-widget-container\">\n\t\t\t\t\t\t\t\t\t<p>Das Unternehmen Cauvin kennt die Anforderungen der Lebensmittelindustrie genau und erweitert sein Angebot st\u00e4ndig, um alle Bed\u00fcrfnisse unserer Foodservice-Kunden zu erf\u00fcllen.<\/p><p>Cauvin unterst\u00fctzt Sie bei der Auswahl von Produkten, die f\u00fcr Ihre Anforderungen geeignet sind, und passt sein Angebot an Ihren Bedarf an.<\/p>\t\t\t\t\t\t\t\t<\/div>\n\t\t\t\t<\/div>\n\t\t\t\t<div class=\"elementor-element elementor-element-0976081 elementor-widget elementor-widget-heading\" data-id=\"0976081\" data-element_type=\"widget\" data-e-type=\"widget\" data-widget_type=\"heading.default\">\n\t\t\t\t<div class=\"elementor-widget-container\">\n\t\t\t\t\t<h2 class=\"elementor-heading-title elementor-size-default\">Die Fachkompetenz von Cauvin:<\/h2>\t\t\t\t<\/div>\n\t\t\t\t<\/div>\n\t\t\t\t<div class=\"elementor-element elementor-element-3f9281c elementor-widget elementor-widget-text-editor\" data-id=\"3f9281c\" data-element_type=\"widget\" data-e-type=\"widget\" data-widget_type=\"text-editor.default\">\n\t\t\t\t<div class=\"elementor-widget-container\">\n\t\t\t\t\t\t\t\t\t<p>Cauvin bietet hohe Fachkompetenz, spezifische und hochwertige \u00d6le sowie Ratschl\u00e4ge zu ihrer korrekten Verwendung, um optimale Eigenschaften f\u00fcr Ihre Produkte zu gew\u00e4hrleisten.<\/p><p>In dem Bestreben, alle Ihre Erwartungen zu erf\u00fcllen, gibt Cauvin seine Fachkompetenz im Bereich Pflanzen\u00f6le an die Kunden weiter und stellt Ihnen f\u00fcr jedes Produkt ein Informationsdokument zur Verf\u00fcgung.\u00a0<\/p>\t\t\t\t\t\t\t\t<\/div>\n\t\t\t\t<\/div>\n\t\t\t\t<div class=\"elementor-element elementor-element-ea3386e elementor-align-center elementor-widget elementor-widget-button\" data-id=\"ea3386e\" data-element_type=\"widget\" data-e-type=\"widget\" data-widget_type=\"button.default\">\n\t\t\t\t<div class=\"elementor-widget-container\">\n\t\t\t\t\t\t\t\t\t<div class=\"elementor-button-wrapper\">\n\t\t\t\t\t<a class=\"elementor-button elementor-button-link elementor-size-sm\" href=\"https:\/\/www.huilecauvin.com\/de\/cave-a-huile\/huiles-restauration\/\">\n\t\t\t\t\t\t<span class=\"elementor-button-content-wrapper\">\n\t\t\t\t\t\t\t\t\t<span class=\"elementor-button-text\">Sehen Sie sich die Foodservice-\u00d6le an<\/span>\n\t\t\t\t\t<\/span>\n\t\t\t\t\t<\/a>\n\t\t\t\t<\/div>\n\t\t\t\t\t\t\t\t<\/div>\n\t\t\t\t<\/div>\n\t\t\t\t<div class=\"elementor-element elementor-element-1820d70 elementor-widget elementor-widget-spacer\" data-id=\"1820d70\" data-element_type=\"widget\" data-e-type=\"widget\" data-widget_type=\"spacer.default\">\n\t\t\t\t<div class=\"elementor-widget-container\">\n\t\t\t\t\t\t\t<div class=\"elementor-spacer\">\n\t\t\t<div class=\"elementor-spacer-inner\"><\/div>\n\t\t<\/div>\n\t\t\t\t\t\t<\/div>\n\t\t\t\t<\/div>\n\t\t\t\t\t<\/div>\n\t\t<\/div>\n\t\t\t\t<div class=\"elementor-column elementor-col-50 elementor-top-column elementor-element elementor-element-fa1922f\" data-id=\"fa1922f\" data-element_type=\"column\" data-e-type=\"column\">\n\t\t\t<div class=\"elementor-widget-wrap elementor-element-populated\">\n\t\t\t\t\t\t<div class=\"elementor-element elementor-element-e9a14aa elementor-widget elementor-widget-image\" data-id=\"e9a14aa\" data-element_type=\"widget\" data-e-type=\"widget\" data-widget_type=\"image.default\">\n\t\t\t\t<div class=\"elementor-widget-container\">\n\t\t\t\t\t\t\t\t\t\t\t\t\t\t\t<img fetchpriority=\"high\" decoding=\"async\" width=\"593\" height=\"1024\" src=\"https:\/\/www.huilecauvin.com\/wp-content\/uploads\/2020\/09\/S\u00e9lection-593x1024.png\" class=\"attachment-large size-large wp-image-4159\" alt=\"\" srcset=\"https:\/\/www.huilecauvin.com\/wp-content\/uploads\/2020\/09\/S\u00e9lection-593x1024.png 593w, https:\/\/www.huilecauvin.com\/wp-content\/uploads\/2020\/09\/S\u00e9lection-174x300.png 174w, https:\/\/www.huilecauvin.com\/wp-content\/uploads\/2020\/09\/S\u00e9lection-768x1325.png 768w, https:\/\/www.huilecauvin.com\/wp-content\/uploads\/2020\/09\/S\u00e9lection-890x1536.png 890w, https:\/\/www.huilecauvin.com\/wp-content\/uploads\/2020\/09\/S\u00e9lection-1187x2048.png 1187w\" sizes=\"(max-width: 593px) 100vw, 593px\" \/>\t\t\t\t\t\t\t\t\t\t\t\t\t\t\t<\/div>\n\t\t\t\t<\/div>\n\t\t\t\t\t<\/div>\n\t\t<\/div>\n\t\t\t\t\t<\/div>\n\t\t<\/section>\n\t\t\t\t<section class=\"elementor-section elementor-top-section elementor-element elementor-element-6eaa389 elementor-section-boxed elementor-section-height-default elementor-section-height-default\" data-id=\"6eaa389\" data-element_type=\"section\" data-e-type=\"section\">\n\t\t\t\t\t\t\t<div class=\"elementor-background-overlay\"><\/div>\n\t\t\t\t\t\t\t<div class=\"elementor-container elementor-column-gap-default\">\n\t\t\t\t\t<div class=\"elementor-column elementor-col-50 elementor-top-column elementor-element elementor-element-cf8743b\" data-id=\"cf8743b\" data-element_type=\"column\" data-e-type=\"column\">\n\t\t\t<div class=\"elementor-widget-wrap elementor-element-populated\">\n\t\t\t\t\t\t<div class=\"elementor-element elementor-element-9775af6 elementor-widget elementor-widget-heading\" data-id=\"9775af6\" data-element_type=\"widget\" data-e-type=\"widget\" data-widget_type=\"heading.default\">\n\t\t\t\t<div class=\"elementor-widget-container\">\n\t\t\t\t\t<h2 class=\"elementor-heading-title elementor-size-default\">Beschaffung:<\/h2>\t\t\t\t<\/div>\n\t\t\t\t<\/div>\n\t\t\t\t<div class=\"elementor-element elementor-element-3b03441 elementor-widget elementor-widget-text-editor\" data-id=\"3b03441\" data-element_type=\"widget\" data-e-type=\"widget\" data-widget_type=\"text-editor.default\">\n\t\t\t\t<div class=\"elementor-widget-container\">\n\t\t\t\t\t\t\t\t\t<p>Cauvin ist in den gro\u00dfen Supermarktketten pr\u00e4sent und beobachtet das Konsumverhalten genau. Durch ein effizientes Beschaffungssystem bietet das Unternehmen vielf\u00e4ltige Produkte f\u00fcr die Profis der Lebensmittelindustrie. Durch seine Erfahrung und sein Know-how w\u00e4hlt Cauvin seine Lieferanten und Rohstoffe nach sehr pr\u00e4zisen Kriterien aus - insbesondere ist f\u00fcr die Auswahl der nativen Oliven\u00f6le extra ein IOR-Zertifikat erforderlich.<\/p>\t\t\t\t\t\t\t\t<\/div>\n\t\t\t\t<\/div>\n\t\t\t\t<div class=\"elementor-element elementor-element-62f173e elementor-widget elementor-widget-heading\" data-id=\"62f173e\" data-element_type=\"widget\" data-e-type=\"widget\" data-widget_type=\"heading.default\">\n\t\t\t\t<div class=\"elementor-widget-container\">\n\t\t\t\t\t<h2 class=\"elementor-heading-title elementor-size-default\">Industrielle Anlagen:<\/h2>\t\t\t\t<\/div>\n\t\t\t\t<\/div>\n\t\t\t\t<div class=\"elementor-element elementor-element-8cb0397 elementor-widget elementor-widget-text-editor\" data-id=\"8cb0397\" data-element_type=\"widget\" data-e-type=\"widget\" data-widget_type=\"text-editor.default\">\n\t\t\t\t<div class=\"elementor-widget-container\">\n\t\t\t\t\t\t\t\t\t<p>Das 2017 erbaute neue Produktionswerk von Cauvin vereint Modernit\u00e4t, Effizienz, Flexibilit\u00e4t und Sicherheit.\u00a0<\/p><p>Das Unternehmen bietet bei allen Produktionsschritten \u2013 Lagerung, Zerkleinerung, Verpackung und Versand - industrielle Leistung.<\/p><p>Es garantiert w\u00e4hrend des gesamten Prozesses eine effiziente R\u00fcckverfolgbarkeit und strenge Qualit\u00e4tskontrollen.<\/p>\t\t\t\t\t\t\t\t<\/div>\n\t\t\t\t<\/div>\n\t\t\t\t\t<\/div>\n\t\t<\/div>\n\t\t\t\t<div class=\"elementor-column elementor-col-50 elementor-top-column elementor-element elementor-element-b9de9bc\" data-id=\"b9de9bc\" data-element_type=\"column\" data-e-type=\"column\">\n\t\t\t<div class=\"elementor-widget-wrap elementor-element-populated\">\n\t\t\t\t\t\t<div class=\"elementor-element elementor-element-7c7f8d9 elementor-widget elementor-widget-image\" data-id=\"7c7f8d9\" data-element_type=\"widget\" data-e-type=\"widget\" data-widget_type=\"image.default\">\n\t\t\t\t<div class=\"elementor-widget-container\">\n\t\t\t\t\t\t\t\t\t\t\t\t\t\t\t<img decoding=\"async\" width=\"684\" height=\"1024\" src=\"https:\/\/www.huilecauvin.com\/wp-content\/uploads\/2020\/08\/Cauvin-30-684x1024.jpg\" class=\"attachment-large size-large wp-image-3860\" alt=\"\" srcset=\"https:\/\/www.huilecauvin.com\/wp-content\/uploads\/2020\/08\/Cauvin-30-684x1024.jpg 684w, https:\/\/www.huilecauvin.com\/wp-content\/uploads\/2020\/08\/Cauvin-30-200x300.jpg 200w, https:\/\/www.huilecauvin.com\/wp-content\/uploads\/2020\/08\/Cauvin-30-768x1150.jpg 768w, https:\/\/www.huilecauvin.com\/wp-content\/uploads\/2020\/08\/Cauvin-30-1025x1536.jpg 1025w, https:\/\/www.huilecauvin.com\/wp-content\/uploads\/2020\/08\/Cauvin-30-1367x2048.jpg 1367w, https:\/\/www.huilecauvin.com\/wp-content\/uploads\/2020\/08\/Cauvin-30-scaled.jpg 1709w\" sizes=\"(max-width: 684px) 100vw, 684px\" \/>\t\t\t\t\t\t\t\t\t\t\t\t\t\t\t<\/div>\n\t\t\t\t<\/div>\n\t\t\t\t\t<\/div>\n\t\t<\/div>\n\t\t\t\t\t<\/div>\n\t\t<\/section>\n\t\t\t\t<section class=\"elementor-section elementor-top-section elementor-element elementor-element-d25ace8 elementor-section-boxed elementor-section-height-default elementor-section-height-default\" data-id=\"d25ace8\" data-element_type=\"section\" data-e-type=\"section\">\n\t\t\t\t\t\t\t<div class=\"elementor-background-overlay\"><\/div>\n\t\t\t\t\t\t\t<div class=\"elementor-container elementor-column-gap-default\">\n\t\t\t\t\t<div class=\"elementor-column elementor-col-50 elementor-top-column elementor-element elementor-element-70f0c43\" data-id=\"70f0c43\" data-element_type=\"column\" data-e-type=\"column\">\n\t\t\t<div class=\"elementor-widget-wrap elementor-element-populated\">\n\t\t\t\t\t\t<div class=\"elementor-element elementor-element-8545063 elementor-widget elementor-widget-heading\" data-id=\"8545063\" data-element_type=\"widget\" data-e-type=\"widget\" data-widget_type=\"heading.default\">\n\t\t\t\t<div class=\"elementor-widget-container\">\n\t\t\t\t\t<h2 class=\"elementor-heading-title elementor-size-default\">Vorteile:<\/h2>\t\t\t\t<\/div>\n\t\t\t\t<\/div>\n\t\t\t\t<div class=\"elementor-element elementor-element-d240f0f elementor-widget elementor-widget-text-editor\" data-id=\"d240f0f\" data-element_type=\"widget\" data-e-type=\"widget\" data-widget_type=\"text-editor.default\">\n\t\t\t\t<div class=\"elementor-widget-container\">\n\t\t\t\t\t\t\t\t\t<ul><li>Seit 1951 Experte f\u00fcr Pflanzen\u00f6le<\/li><li>Gro\u00dfes, vielf\u00e4ltiges Angebot<\/li><li>Moderne, leistungsstarke industrielle Anlage mit IFS-Zertifizierung.<\/li><li>Das kundenorientierte Vertriebsteam bietet individuelle Unterst\u00fctzung.<\/li><\/ul>\t\t\t\t\t\t\t\t<\/div>\n\t\t\t\t<\/div>\n\t\t\t\t\t<\/div>\n\t\t<\/div>\n\t\t\t\t<div class=\"elementor-column elementor-col-50 elementor-top-column elementor-element elementor-element-edafa94\" data-id=\"edafa94\" data-element_type=\"column\" data-e-type=\"column\">\n\t\t\t<div class=\"elementor-widget-wrap elementor-element-populated\">\n\t\t\t\t\t\t<div class=\"elementor-element elementor-element-921f918 elementor-widget elementor-widget-image\" data-id=\"921f918\" data-element_type=\"widget\" data-e-type=\"widget\" data-widget_type=\"image.default\">\n\t\t\t\t<div class=\"elementor-widget-container\">\n\t\t\t\t\t\t\t\t\t\t\t\t\t\t\t<img decoding=\"async\" width=\"1707\" height=\"2560\" src=\"https:\/\/www.huilecauvin.com\/wp-content\/uploads\/2020\/09\/omelette-5018659-scaled.jpg\" class=\"attachment-full size-full wp-image-4065\" alt=\"\" srcset=\"https:\/\/www.huilecauvin.com\/wp-content\/uploads\/2020\/09\/omelette-5018659-scaled.jpg 1707w, https:\/\/www.huilecauvin.com\/wp-content\/uploads\/2020\/09\/omelette-5018659-200x300.jpg 200w, https:\/\/www.huilecauvin.com\/wp-content\/uploads\/2020\/09\/omelette-5018659-683x1024.jpg 683w, https:\/\/www.huilecauvin.com\/wp-content\/uploads\/2020\/09\/omelette-5018659-768x1152.jpg 768w, https:\/\/www.huilecauvin.com\/wp-content\/uploads\/2020\/09\/omelette-5018659-1024x1536.jpg 1024w, https:\/\/www.huilecauvin.com\/wp-content\/uploads\/2020\/09\/omelette-5018659-1365x2048.jpg 1365w\" sizes=\"(max-width: 1707px) 100vw, 1707px\" \/>\t\t\t\t\t\t\t\t\t\t\t\t\t\t\t<\/div>\n\t\t\t\t<\/div>\n\t\t\t\t\t<\/div>\n\t\t<\/div>\n\t\t\t\t\t<\/div>\n\t\t<\/section>\n\t\t\t\t<\/div>","protected":false},"excerpt":{"rendered":"<p>Foodservice Les professionnels du Food Service au c\u0153ur de Cauvin Jean-Manuel Greciet et&nbsp;Marc Fromentin forment notre \u00e9quipe industrie et sont pr\u00e9sents pour vous accompagner. Attentifs aux besoins des professionnels des m\u00e9tiers de bouche,\u00a0l\u2019huilerie\u00a0Cauvin \u00e9tend son activit\u00e9 afin de pouvoir r\u00e9pondre\u00a0aux\u00a0demandes des clients en Foodservice. Pr\u00e9sent \u00e0 vos c\u00f4t\u00e9s, Cauvin\u00a0vous\u00a0accompagne\u00a0dans le choix\u00a0des\u00a0produits, afin d\u2019adapter son offre\u00a0\u00e0\u00a0 [&hellip;]<\/p>\n","protected":false},"author":1,"featured_media":0,"parent":1074,"menu_order":0,"comment_status":"closed","ping_status":"closed","template":"elementor_header_footer","meta":{"_monsterinsights_skip_tracking":false,"_monsterinsights_sitenote_active":false,"_monsterinsights_sitenote_note":"","_monsterinsights_sitenote_category":0,"footnotes":""},"class_list":["post-6465","page","type-page","status-publish","hentry"],"_links":{"self":[{"href":"https:\/\/www.huilecauvin.com\/de\/wp-json\/wp\/v2\/pages\/6465","targetHints":{"allow":["GET"]}}],"collection":[{"href":"https:\/\/www.huilecauvin.com\/de\/wp-json\/wp\/v2\/pages"}],"about":[{"href":"https:\/\/www.huilecauvin.com\/de\/wp-json\/wp\/v2\/types\/page"}],"author":[{"embeddable":true,"href":"https:\/\/www.huilecauvin.com\/de\/wp-json\/wp\/v2\/users\/1"}],"replies":[{"embeddable":true,"href":"https:\/\/www.huilecauvin.com\/de\/wp-json\/wp\/v2\/comments?post=6465"}],"version-history":[{"count":0,"href":"https:\/\/www.huilecauvin.com\/de\/wp-json\/wp\/v2\/pages\/6465\/revisions"}],"up":[{"embeddable":true,"href":"https:\/\/www.huilecauvin.com\/de\/wp-json\/wp\/v2\/pages\/1074"}],"wp:attachment":[{"href":"https:\/\/www.huilecauvin.com\/de\/wp-json\/wp\/v2\/media?parent=6465"}],"curies":[{"name":"wp","href":"https:\/\/api.w.org\/{rel}","templated":true}]}}