{"id":532,"date":"2020-04-07T16:56:10","date_gmt":"2020-04-07T14:56:10","guid":{"rendered":"http:\/\/localhost\/wordpress\/?page_id=532"},"modified":"2021-04-08T12:07:26","modified_gmt":"2021-04-08T10:07:26","slug":"degustation","status":"publish","type":"page","link":"https:\/\/www.huilecauvin.com\/de\/about\/degustation\/","title":{"rendered":"Verkostung"},"content":{"rendered":"<div data-elementor-type=\"wp-page\" data-elementor-id=\"532\" class=\"elementor elementor-532\">\n\t\t\t\t\t\t<section class=\"elementor-section elementor-top-section elementor-element elementor-element-8f14da8 elementor-section-stretched elementor-section-boxed elementor-section-height-default elementor-section-height-default\" data-id=\"8f14da8\" data-element_type=\"section\" data-e-type=\"section\" data-settings=\"{&quot;stretch_section&quot;:&quot;section-stretched&quot;}\">\n\t\t\t\t\t\t<div class=\"elementor-container elementor-column-gap-default\">\n\t\t\t\t\t<div class=\"elementor-column elementor-col-100 elementor-top-column elementor-element elementor-element-dbba611\" data-id=\"dbba611\" data-element_type=\"column\" data-e-type=\"column\">\n\t\t\t<div class=\"elementor-widget-wrap elementor-element-populated\">\n\t\t\t\t\t\t<div class=\"elementor-element elementor-element-2c7136f elementor-widget elementor-widget-spacer\" data-id=\"2c7136f\" data-element_type=\"widget\" data-e-type=\"widget\" data-widget_type=\"spacer.default\">\n\t\t\t\t<div class=\"elementor-widget-container\">\n\t\t\t\t\t\t\t<div class=\"elementor-spacer\">\n\t\t\t<div class=\"elementor-spacer-inner\"><\/div>\n\t\t<\/div>\n\t\t\t\t\t\t<\/div>\n\t\t\t\t<\/div>\n\t\t\t\t\t<\/div>\n\t\t<\/div>\n\t\t\t\t\t<\/div>\n\t\t<\/section>\n\t\t\t\t<section class=\"elementor-section elementor-top-section elementor-element elementor-element-51533d4 elementor-section-stretched elementor-section-boxed elementor-section-height-default elementor-section-height-default\" data-id=\"51533d4\" data-element_type=\"section\" data-e-type=\"section\" data-settings=\"{&quot;stretch_section&quot;:&quot;section-stretched&quot;,&quot;background_background&quot;:&quot;classic&quot;}\">\n\t\t\t\t\t\t\t<div class=\"elementor-background-overlay\"><\/div>\n\t\t\t\t\t\t\t<div class=\"elementor-container elementor-column-gap-default\">\n\t\t\t\t\t<div class=\"elementor-column elementor-col-50 elementor-top-column elementor-element elementor-element-2fc86aa\" data-id=\"2fc86aa\" data-element_type=\"column\" data-e-type=\"column\">\n\t\t\t<div class=\"elementor-widget-wrap elementor-element-populated\">\n\t\t\t\t\t\t<div class=\"elementor-element elementor-element-3902008 elementor-widget elementor-widget-heading\" data-id=\"3902008\" data-element_type=\"widget\" data-e-type=\"widget\" data-widget_type=\"heading.default\">\n\t\t\t\t<div class=\"elementor-widget-container\">\n\t\t\t\t\t<h2 class=\"elementor-heading-title elementor-size-default\">Die Verkostung<\/h2>\t\t\t\t<\/div>\n\t\t\t\t<\/div>\n\t\t\t\t<div class=\"elementor-element elementor-element-3bd0eb6 elementor-widget elementor-widget-text-editor\" data-id=\"3bd0eb6\" data-element_type=\"widget\" data-e-type=\"widget\" data-widget_type=\"text-editor.default\">\n\t\t\t\t<div class=\"elementor-widget-container\">\n\t\t\t\t\t\t\t\t\t<p>Bei Cauvin haben wir einen Verkostungsausschuss eingerichtet, der neben den physikalischen und chemischen Analysen auch organoleptische Pr\u00fcfungen durchf\u00fchrt. Auswahl und Pr\u00fcfung sind die Aufgaben dieses Ausschusses, der sich aus 10 Personen verschiedener Unternehmensabteilungen zusammensetzt. Sie sind in den vom Internationalen Olivenrat (IOR) empfohlenen Techniken geschult und garantieren die Konformit\u00e4t und die geschmackliche Qualit\u00e4t der Produkte.<\/p>\t\t\t\t\t\t\t\t<\/div>\n\t\t\t\t<\/div>\n\t\t\t\t<div class=\"elementor-element elementor-element-57125b9 elementor-widget elementor-widget-spacer\" data-id=\"57125b9\" data-element_type=\"widget\" data-e-type=\"widget\" data-widget_type=\"spacer.default\">\n\t\t\t\t<div class=\"elementor-widget-container\">\n\t\t\t\t\t\t\t<div class=\"elementor-spacer\">\n\t\t\t<div class=\"elementor-spacer-inner\"><\/div>\n\t\t<\/div>\n\t\t\t\t\t\t<\/div>\n\t\t\t\t<\/div>\n\t\t\t\t<div class=\"elementor-element elementor-element-1b33775 elementor-widget elementor-widget-heading\" data-id=\"1b33775\" data-element_type=\"widget\" data-e-type=\"widget\" data-widget_type=\"heading.default\">\n\t\t\t\t<div class=\"elementor-widget-container\">\n\t\t\t\t\t<h2 class=\"elementor-heading-title elementor-size-default\">Unsere Tipps f\u00fcr eine erfolgreiche Verkostung<\/h2>\t\t\t\t<\/div>\n\t\t\t\t<\/div>\n\t\t\t\t<div class=\"elementor-element elementor-element-4c85839 elementor-widget elementor-widget-spacer\" data-id=\"4c85839\" data-element_type=\"widget\" data-e-type=\"widget\" data-widget_type=\"spacer.default\">\n\t\t\t\t<div class=\"elementor-widget-container\">\n\t\t\t\t\t\t\t<div class=\"elementor-spacer\">\n\t\t\t<div class=\"elementor-spacer-inner\"><\/div>\n\t\t<\/div>\n\t\t\t\t\t\t<\/div>\n\t\t\t\t<\/div>\n\t\t\t\t<div class=\"elementor-element elementor-element-aff4d8b elementor-widget elementor-widget-text-editor\" data-id=\"aff4d8b\" data-element_type=\"widget\" data-e-type=\"widget\" data-widget_type=\"text-editor.default\">\n\t\t\t\t<div class=\"elementor-widget-container\">\n\t\t\t\t\t\t\t\t\t<p><strong>Wie w\u00e4hlt unser Ausschuss die Produkte unseres \u00d6lsortiments aus? Mit Geschmackssinn, fachlichen Ratschl\u00e4gen und speziellen Tricks, die er Ihnen hier verr\u00e4t! Konzentrieren Sie sich ganz auf den Geschmack!<\/strong><\/p>\t\t\t\t\t\t\t\t<\/div>\n\t\t\t\t<\/div>\n\t\t\t\t<div class=\"elementor-element elementor-element-8341acf elementor-widget elementor-widget-text-editor\" data-id=\"8341acf\" data-element_type=\"widget\" data-e-type=\"widget\" data-widget_type=\"text-editor.default\">\n\t\t\t\t<div class=\"elementor-widget-container\">\n\t\t\t\t\t\t\t\t\tEine \u00d6lverkostung \u00e4hnelt einer Weinverkostung. Das hei\u00dft, dass f\u00fcr eine gelungene Verkostung ein strenges Verfahren eingehalten werden muss. Durch die Anwendung des Verfahrens von Cauvin folgen Sie den Empfehlungen des Internationalen Oliven\u00f6lrates und der Zertifizierungsstellen f\u00fcr gesch\u00fctzte geografische Angaben (g.g.A.). Wenn Sie selbst zum Experten werden wollen, sollten Sie weiterlesen!\t\t\t\t\t\t\t\t<\/div>\n\t\t\t\t<\/div>\n\t\t\t\t\t<\/div>\n\t\t<\/div>\n\t\t\t\t<div class=\"elementor-column elementor-col-50 elementor-top-column elementor-element elementor-element-bc85072\" data-id=\"bc85072\" data-element_type=\"column\" data-e-type=\"column\" data-settings=\"{&quot;background_background&quot;:&quot;classic&quot;}\">\n\t\t\t<div class=\"elementor-widget-wrap elementor-element-populated\">\n\t\t\t\t\t\t<div class=\"elementor-element elementor-element-545f175 elementor-widget elementor-widget-spacer\" data-id=\"545f175\" data-element_type=\"widget\" data-e-type=\"widget\" data-widget_type=\"spacer.default\">\n\t\t\t\t<div class=\"elementor-widget-container\">\n\t\t\t\t\t\t\t<div class=\"elementor-spacer\">\n\t\t\t<div class=\"elementor-spacer-inner\"><\/div>\n\t\t<\/div>\n\t\t\t\t\t\t<\/div>\n\t\t\t\t<\/div>\n\t\t\t\t<div class=\"elementor-element elementor-element-5736f28 elementor-widget elementor-widget-image\" data-id=\"5736f28\" data-element_type=\"widget\" data-e-type=\"widget\" data-widget_type=\"image.default\">\n\t\t\t\t<div class=\"elementor-widget-container\">\n\t\t\t\t\t\t\t\t\t\t\t\t\t\t\t<img fetchpriority=\"high\" decoding=\"async\" width=\"1024\" height=\"684\" src=\"https:\/\/www.huilecauvin.com\/wp-content\/uploads\/2020\/12\/Cauvin-39-2-1024x684.jpg\" class=\"attachment-large size-large wp-image-6056\" alt=\"\" srcset=\"https:\/\/www.huilecauvin.com\/wp-content\/uploads\/2020\/12\/Cauvin-39-2-1024x684.jpg 1024w, https:\/\/www.huilecauvin.com\/wp-content\/uploads\/2020\/12\/Cauvin-39-2-300x200.jpg 300w, https:\/\/www.huilecauvin.com\/wp-content\/uploads\/2020\/12\/Cauvin-39-2-768x513.jpg 768w, https:\/\/www.huilecauvin.com\/wp-content\/uploads\/2020\/12\/Cauvin-39-2-1536x1025.jpg 1536w, https:\/\/www.huilecauvin.com\/wp-content\/uploads\/2020\/12\/Cauvin-39-2-2048x1367.jpg 2048w, https:\/\/www.huilecauvin.com\/wp-content\/uploads\/2020\/12\/Cauvin-39-2-16x12.jpg 16w\" sizes=\"(max-width: 1024px) 100vw, 1024px\" \/>\t\t\t\t\t\t\t\t\t\t\t\t\t\t\t<\/div>\n\t\t\t\t<\/div>\n\t\t\t\t\t<\/div>\n\t\t<\/div>\n\t\t\t\t\t<\/div>\n\t\t<\/section>\n\t\t\t\t<section class=\"elementor-section elementor-top-section elementor-element elementor-element-85f0180 elementor-section-stretched elementor-section-boxed elementor-section-height-default elementor-section-height-default\" data-id=\"85f0180\" data-element_type=\"section\" data-e-type=\"section\" data-settings=\"{&quot;stretch_section&quot;:&quot;section-stretched&quot;,&quot;background_background&quot;:&quot;classic&quot;}\">\n\t\t\t\t\t\t\t<div class=\"elementor-background-overlay\"><\/div>\n\t\t\t\t\t\t\t<div class=\"elementor-container elementor-column-gap-default\">\n\t\t\t\t\t<div class=\"elementor-column elementor-col-100 elementor-top-column elementor-element elementor-element-932f263\" data-id=\"932f263\" data-element_type=\"column\" data-e-type=\"column\">\n\t\t\t<div class=\"elementor-widget-wrap elementor-element-populated\">\n\t\t\t\t\t\t<div class=\"elementor-element elementor-element-9aa0954 elementor-widget elementor-widget-spacer\" data-id=\"9aa0954\" data-element_type=\"widget\" data-e-type=\"widget\" data-widget_type=\"spacer.default\">\n\t\t\t\t<div class=\"elementor-widget-container\">\n\t\t\t\t\t\t\t<div class=\"elementor-spacer\">\n\t\t\t<div class=\"elementor-spacer-inner\"><\/div>\n\t\t<\/div>\n\t\t\t\t\t\t<\/div>\n\t\t\t\t<\/div>\n\t\t\t\t<div class=\"elementor-element elementor-element-6273849 elementor-widget elementor-widget-text-editor\" data-id=\"6273849\" data-element_type=\"widget\" data-e-type=\"widget\" data-widget_type=\"text-editor.default\">\n\t\t\t\t<div class=\"elementor-widget-container\">\n\t\t\t\t\t\t\t\t\t<p><strong>Die wichtigsten Punkte einer erfolgreichen Verkostung von Oliven\u00f6l<\/strong><\/p>\n<p>Achten Sie vor allem auf M\u00e4ngel der \u00d6lqualit\u00e4t: Oliven\u00f6le, die nicht der Kategorie nativ extra entsprechen, k\u00f6nnen ranzig, schal, muffig, weinartig schmecken.<\/p>\n<p>Trainieren Sie dann, die positiven Eigenschaften wahrzunehmen:<\/p>\n<ul>\n<li>Die Intensit\u00e4t des fruchtigen Charakters (gleichbedeutend mit Aromaintensit\u00e4t) \u2013 zuerst in der Nase und dann im Mund.<\/li>\n<li>Die Bitterkeit, die hinten auf der Zunge zu sp\u00fcren ist und dem \u00d6l Substanz verleiht.<\/li>\n<li>Die Sch\u00e4rfe, die sich durch ein Kribbeln auf der Zungenspitze und den Wangeninnenseiten \u00e4u\u00dfert, nimmt mit zunehmendem Alter des \u00d6ls ab.<\/li>\n<\/ul>\n<p><strong>Weitere Informationen<\/strong><\/p>\n<p>Wecken das Aroma und der Duft eines Oliven\u00f6ls bei Ihnen Erinnerungen? Bravo: Dann sind Sie auf dem richtigen Weg! Kleine Tipps, die Kenner ausmachen:<\/p>\n<ul>\n<li>Sp\u00e4ternten haben Aromen von roten Beeren, Tomate, Apfel, Ananas, Mandel, Haselnuss.<\/li>\n<li>Werden die Fr\u00fcchte zu Beginn der Ernte gepresst, schmecken Sie gr\u00fcne Aromen wie Aromen von rohen Artischocken, gr\u00fcnen Bananen oder gr\u00fcnen Tomaten.<\/li>\n<li>Bei reifem \u00d6l sind Aromen von Pilz, Kakao oder schwarzen Oliven zu schmecken.<\/li>\n<\/ul>\n<p>Um Ihren Gaumen an den Geschmack der gro\u00dfen weiten Welt zu gew\u00f6hnen, sollten Sie auch andere Frucht\u00f6le (Walnuss, Haselnuss, Argan, Avocado...) oder native Samen\u00f6le (Raps, Sonnenblume, Sesam, Leinsamen, Leindotter...) kosten, die scharfe, milde, kr\u00e4ftige oder ausgewogene Aromen haben k\u00f6nnen.<\/p>\n<p><strong>Wichtig:<\/strong> Jedes \u00d6l hat eigene Eigenschaften, die vom Anbaugebiet und insbesondere von der Sorte abh\u00e4ngig sind. Schmecken Sie sie heraus!<\/p>\t\t\t\t\t\t\t\t<\/div>\n\t\t\t\t<\/div>\n\t\t\t\t\t<\/div>\n\t\t<\/div>\n\t\t\t\t\t<\/div>\n\t\t<\/section>\n\t\t\t\t<\/div>","protected":false},"excerpt":{"rendered":"<p>La d\u00e9gustation Chez Cauvin, nous avons mis en place un comit\u00e9 de d\u00e9gustation pour r\u00e9aliser des analyses organoleptiques compl\u00e9mentaires aux analyses physico chimiques. S\u00e9lectionner et contr\u00f4ler tel est le r\u00f4le de ce comit\u00e9 compos\u00e9 de 10 personnes issues de diff\u00e9rents services de l\u2019entreprise. Form\u00e9es aux techniques pr\u00e9conis\u00e9es par le Conseil Ol\u00e9icole International, elles garantissent la [&hellip;]<\/p>\n","protected":false},"author":1,"featured_media":0,"parent":194,"menu_order":0,"comment_status":"closed","ping_status":"closed","template":"elementor_header_footer","meta":{"_monsterinsights_skip_tracking":false,"_monsterinsights_sitenote_active":false,"_monsterinsights_sitenote_note":"","_monsterinsights_sitenote_category":0,"footnotes":""},"class_list":["post-532","page","type-page","status-publish","hentry"],"_links":{"self":[{"href":"https:\/\/www.huilecauvin.com\/de\/wp-json\/wp\/v2\/pages\/532","targetHints":{"allow":["GET"]}}],"collection":[{"href":"https:\/\/www.huilecauvin.com\/de\/wp-json\/wp\/v2\/pages"}],"about":[{"href":"https:\/\/www.huilecauvin.com\/de\/wp-json\/wp\/v2\/types\/page"}],"author":[{"embeddable":true,"href":"https:\/\/www.huilecauvin.com\/de\/wp-json\/wp\/v2\/users\/1"}],"replies":[{"embeddable":true,"href":"https:\/\/www.huilecauvin.com\/de\/wp-json\/wp\/v2\/comments?post=532"}],"version-history":[{"count":0,"href":"https:\/\/www.huilecauvin.com\/de\/wp-json\/wp\/v2\/pages\/532\/revisions"}],"up":[{"embeddable":true,"href":"https:\/\/www.huilecauvin.com\/de\/wp-json\/wp\/v2\/pages\/194"}],"wp:attachment":[{"href":"https:\/\/www.huilecauvin.com\/de\/wp-json\/wp\/v2\/media?parent=532"}],"curies":[{"name":"wp","href":"https:\/\/api.w.org\/{rel}","templated":true}]}}