{"id":5069,"date":"2020-11-26T13:50:22","date_gmt":"2020-11-26T12:50:22","guid":{"rendered":"https:\/\/www.huilecauvin.com\/?page_id=5069"},"modified":"2023-02-16T15:02:12","modified_gmt":"2023-02-16T14:02:12","slug":"mentions-legales","status":"publish","type":"page","link":"https:\/\/www.huilecauvin.com\/de\/mentions-legales\/","title":{"rendered":"Rechtliche Informationen"},"content":{"rendered":"<p><\/p>\n\n\n<\/p>\n<h2 class=\"wp-block-heading\">Rechtliche Informationen<\/h2>\n<p>\n\n\n<p><\/p>\n\n\n<\/p>\n<p>Bitte lesen Sie diese Nutzungsbedingungen sorgf\u00e4ltig durch, bevor Sie die Website nutzen. Mit dem Zugriff auf diese Website akzeptieren Sie diese Bedingungen ohne Vorbehalt.<\/p>\n<p>\n\n\n<p><\/p>\n\n\n<\/p>\n<p>\n\n\n<p><\/p>\n\n\n<\/p>\n<h3 class=\"wp-block-heading\">Nutzungsbedingungen<\/h3>\n<p>\n\n\n<p><\/p>\n\n\n<\/p>\n<p>Die unter der folgenden URL zug\u00e4ngliche Website: www.huilecauvin.com wird gem\u00e4\u00df der franz\u00f6sischen Gesetzgebung betrieben. F\u00fcr die Nutzung dieser Website gelten diese allgemeinen Nutzungsbedingungen.  Durch die Nutzung der Website best\u00e4tigen Sie, dass Sie diese Bedingungen gelesen haben und sie akzeptieren. Diese Nutzungsbedingungen k\u00f6nnen jederzeit ohne Vorank\u00fcndigung durch die Firma Cauvin ge\u00e4ndert werden.<br>Natural net kann in keiner Weise f\u00fcr eine missbr\u00e4uchliche Nutzung des Dienstes verantwortlich gemacht werden.<\/p>\n<p><\/p>\n<p>\n\n\n<p><\/p>\n\n\n<\/p>\n<h3 class=\"wp-block-heading\">Begrenzung der Haftung<\/h3>\n<p>\n\n\n<p><\/p>\n\n\n<\/p>\n<p>Die auf dieser Website enthaltenen Informationen sind so korrekt wie m\u00f6glich. Die Website wird regelm\u00e4\u00dfig aktualisiert, kann jedoch Fehler, ungenaue oder fehlende Angaben enthalten. Falls Sie fehlende Angaben, Fehler oder eine scheinbare Fehlfunktion bemerken, melden Sie diese bitte per E-Mail und beschreiben Sie das Problem so genau wie m\u00f6glich (Seite, die das Problem verursacht, ausl\u00f6sende Aktion, Art des verwendeten Computers und Browsers, ...).<\/p>\n<p>Das Herunterladen von Inhalten erfolgt auf eigene Gefahr und auf eigene Verantwortung des Nutzers. Cauvin kann daher nicht f\u00fcr Sch\u00e4den am Computer des Benutzers oder f\u00fcr Datenverluste verantwortlich gemacht werden, die durch einen Download entstehen.&nbsp;&nbsp;<\/p>\n<p>Die Fotos sind nicht vertraglich bindend.<\/p>\n<p>Cauvin \u00fcbernimmt keine Verantwortung f\u00fcr die im Rahmen dieser Website eingerichteten Hyperlinks zu anderen Quellen im Internet.<\/p>\n<p>\n\n\n<p><\/p>\n\n\n<\/p>\n<h3 class=\"wp-block-heading\">Rechtsstreitigkeiten<\/h3>\n<p>\n\n\n<p><\/p>\n\n\n<\/p>\n<p>Die vorliegenden Bedingungen unterliegen franz\u00f6sischem Recht. Alle (Rechts-)Streitigkeiten, die sich aus der Auslegung oder Ausf\u00fchrung dieser Nutzungsbedingungen ergeben k\u00f6nnten, unterliegen der ausschlie\u00dflichen Gerichtsbarkeit der am Hauptsitz von Cauvin zust\u00e4ndigen Gerichte. Die geltende Sprache f\u00fcr die Beilegung von Streitigkeiten ist Franz\u00f6sisch.<\/p>\n<p>\n\n\n<p><\/p>\n\n\n<\/p>\n<h3 class=\"wp-block-heading\">Vertraulichkeit<\/h3>\n<p>\n\n\n<p><\/p>\n\n\n<\/p>\n<p>Ihre personenbezogenen Daten sind vertraulich und werden nicht an Dritte weitergegeben, au\u00dfer f\u00fcr die ordnungsgem\u00e4\u00dfe Durchf\u00fchrung des Dienstes.<\/p>\n<p>\n\n\n<p><\/p>\n\n\n<\/p>\n<h3 class=\"wp-block-heading\">\u201eCookies\u201c<\/h3>\n<p>\n\n\n<p><\/p>\n\n\n<\/p>\n<p>F\u00fcr statistische Zwecke und Anzeigezwecke verwendet diese Seite Cookies. Das sind kleine Textdateien, die auf Ihrer Festplatte gespeichert werden, um technische Daten \u00fcber Ihre Navigation aufzuzeichnen. Einige Teile dieser Website sind nicht funktionsf\u00e4hig, wenn Sie keine Cookies akzeptieren.<\/p>\n<p>\n\n\n<p><\/p>\n\n\n<\/p>\n<h3 class=\"wp-block-heading\">Kontaktieren Sie uns<\/h3>\n<p>\n\n\n<p><\/p>\n\n\n<\/p>\n<p>Cauvin steht Ihnen f\u00fcr Bemerkungen und Anregungen gerne zur Verf\u00fcgung. Schreiben Sie uns eine E-Mail in franz\u00f6sischer Sprache an: contact@huilecauvin.com<\/p>\n<p>\n\n\n<p><\/p>","protected":false},"excerpt":{"rendered":"<p>Informations l\u00e9gales Merci de lire attentivement les pr\u00e9sentes modalit\u00e9s d&#8217;utilisation du pr\u00e9sent site avant de le parcourir. En vous connectant sur ce site, vous acceptez sans r\u00e9serve les pr\u00e9sentes modalit\u00e9s. Conditions d&#8217;utilisation Le site accessible par les url suivants : www.huilecauvin.com est exploit\u00e9 dans le respect de la l\u00e9gislation fran\u00e7aise. L&#8217;utilisation de ce site est [&hellip;]<\/p>\n","protected":false},"author":1,"featured_media":0,"parent":0,"menu_order":0,"comment_status":"closed","ping_status":"closed","template":"elementor_header_footer","meta":{"_monsterinsights_skip_tracking":false,"_monsterinsights_sitenote_active":false,"_monsterinsights_sitenote_note":"","_monsterinsights_sitenote_category":0,"footnotes":""},"class_list":["post-5069","page","type-page","status-publish","hentry"],"_links":{"self":[{"href":"https:\/\/www.huilecauvin.com\/de\/wp-json\/wp\/v2\/pages\/5069","targetHints":{"allow":["GET"]}}],"collection":[{"href":"https:\/\/www.huilecauvin.com\/de\/wp-json\/wp\/v2\/pages"}],"about":[{"href":"https:\/\/www.huilecauvin.com\/de\/wp-json\/wp\/v2\/types\/page"}],"author":[{"embeddable":true,"href":"https:\/\/www.huilecauvin.com\/de\/wp-json\/wp\/v2\/users\/1"}],"replies":[{"embeddable":true,"href":"https:\/\/www.huilecauvin.com\/de\/wp-json\/wp\/v2\/comments?post=5069"}],"version-history":[{"count":0,"href":"https:\/\/www.huilecauvin.com\/de\/wp-json\/wp\/v2\/pages\/5069\/revisions"}],"wp:attachment":[{"href":"https:\/\/www.huilecauvin.com\/de\/wp-json\/wp\/v2\/media?parent=5069"}],"curies":[{"name":"wp","href":"https:\/\/api.w.org\/{rel}","templated":true}]}}