{"id":2167,"date":"2020-07-02T09:54:15","date_gmt":"2020-07-02T07:54:15","guid":{"rendered":"http:\/\/localhost\/wordpress\/?page_id=2167"},"modified":"2021-02-09T09:43:36","modified_gmt":"2021-02-09T08:43:36","slug":"mayonnaise-maison","status":"publish","type":"page","link":"https:\/\/www.huilecauvin.com\/de\/recettes\/aperitifs-entrees\/mayonnaise-maison\/","title":{"rendered":"Hausgemachte Mayonnaise"},"content":{"rendered":"<div data-elementor-type=\"wp-page\" data-elementor-id=\"2167\" class=\"elementor elementor-2167\">\n\t\t\t\t\t\t<section class=\"elementor-section elementor-top-section elementor-element elementor-element-54de69b elementor-section-stretched elementor-section-boxed elementor-section-height-default elementor-section-height-default\" data-id=\"54de69b\" data-element_type=\"section\" data-e-type=\"section\" data-settings=\"{&quot;stretch_section&quot;:&quot;section-stretched&quot;}\">\n\t\t\t\t\t\t<div class=\"elementor-container elementor-column-gap-default\">\n\t\t\t\t\t<div class=\"elementor-column elementor-col-100 elementor-top-column elementor-element elementor-element-628d0a5\" data-id=\"628d0a5\" data-element_type=\"column\" data-e-type=\"column\">\n\t\t\t<div class=\"elementor-widget-wrap elementor-element-populated\">\n\t\t\t\t\t\t<div class=\"elementor-element elementor-element-4fab92f elementor-widget elementor-widget-spacer\" data-id=\"4fab92f\" data-element_type=\"widget\" data-e-type=\"widget\" data-widget_type=\"spacer.default\">\n\t\t\t\t<div class=\"elementor-widget-container\">\n\t\t\t\t\t\t\t<div class=\"elementor-spacer\">\n\t\t\t<div class=\"elementor-spacer-inner\"><\/div>\n\t\t<\/div>\n\t\t\t\t\t\t<\/div>\n\t\t\t\t<\/div>\n\t\t\t\t<div class=\"elementor-element elementor-element-6ff6e88 elementor-widget elementor-widget-heading\" data-id=\"6ff6e88\" data-element_type=\"widget\" data-e-type=\"widget\" data-widget_type=\"heading.default\">\n\t\t\t\t<div class=\"elementor-widget-container\">\n\t\t\t\t\t<h2 class=\"elementor-heading-title elementor-size-default\">Hausgemachte Mayonnaise<\/h2>\t\t\t\t<\/div>\n\t\t\t\t<\/div>\n\t\t\t\t<div class=\"elementor-element elementor-element-343165a elementor-widget elementor-widget-spacer\" data-id=\"343165a\" data-element_type=\"widget\" data-e-type=\"widget\" data-widget_type=\"spacer.default\">\n\t\t\t\t<div class=\"elementor-widget-container\">\n\t\t\t\t\t\t\t<div class=\"elementor-spacer\">\n\t\t\t<div class=\"elementor-spacer-inner\"><\/div>\n\t\t<\/div>\n\t\t\t\t\t\t<\/div>\n\t\t\t\t<\/div>\n\t\t\t\t\t<\/div>\n\t\t<\/div>\n\t\t\t\t\t<\/div>\n\t\t<\/section>\n\t\t\t\t<section class=\"elementor-section elementor-top-section elementor-element elementor-element-db061a6 elementor-section-stretched elementor-section-boxed elementor-section-height-default elementor-section-height-default\" data-id=\"db061a6\" data-element_type=\"section\" data-e-type=\"section\" data-settings=\"{&quot;stretch_section&quot;:&quot;section-stretched&quot;}\">\n\t\t\t\t\t\t<div class=\"elementor-container elementor-column-gap-default\">\n\t\t\t\t\t<div class=\"elementor-column elementor-col-50 elementor-top-column elementor-element elementor-element-efd2089\" data-id=\"efd2089\" data-element_type=\"column\" data-e-type=\"column\">\n\t\t\t<div class=\"elementor-widget-wrap elementor-element-populated\">\n\t\t\t\t\t\t<div class=\"elementor-element elementor-element-9029069 elementor-widget elementor-widget-spacer\" data-id=\"9029069\" data-element_type=\"widget\" data-e-type=\"widget\" data-widget_type=\"spacer.default\">\n\t\t\t\t<div class=\"elementor-widget-container\">\n\t\t\t\t\t\t\t<div class=\"elementor-spacer\">\n\t\t\t<div class=\"elementor-spacer-inner\"><\/div>\n\t\t<\/div>\n\t\t\t\t\t\t<\/div>\n\t\t\t\t<\/div>\n\t\t\t\t<div class=\"elementor-element elementor-element-ad496da elementor-widget elementor-widget-text-editor\" data-id=\"ad496da\" data-element_type=\"widget\" data-e-type=\"widget\" data-widget_type=\"text-editor.default\">\n\t\t\t\t<div class=\"elementor-widget-container\">\n\t\t\t\t\t\t\t\t\t<p><b>ZUTATEN<\/b><\/p><ul><li>160 ml <a href=\"\/de\/cave-a-huile\/cuisine-equilibre\/huile-vierge-de-tournesol-bio\/\"><strong>natives Bio-Sonnenblumen\u00f6l von Cauvin<\/strong><\/a><\/li><li>1 Eigelb<\/li><li>15 g Senf\u00a0<\/li><li>1 Teel\u00f6ffel <a href=\"\/de\/cave-a-huile\/les-vinaigres\/vinaigre-de-vin-blanc-bio\/\"><strong>Bio-Wei\u00dfweinessig von Cauvin<\/strong><\/a><\/li><li>1 Prise Salz<\/li><li>1 Prise Pfeffer<\/li><\/ul><p><b>ZUBEREITUNG<\/b><\/p><ol><li><p>In eine Sch\u00fcssel geben Sie das Eigelb, 15 g Senf und den <a href=\"\/de\/cave-a-huile\/les-vinaigres\/vinaigre-de-vin-blanc-bio\/\"><strong>Bio-Wei\u00dfweinessig von Cauvin<\/strong><\/a>.<\/p><\/li><li><p>Mit Salz und Pfeffer abschmecken.<\/p><\/li><li><p>Die Mischung aufschlagen. Nach und nach das <a href=\"\/de\/cave-a-huile\/cuisine-equilibre\/huile-vierge-de-tournesol-bio\/\"><strong>Bio-Sonnenblumen\u00f6l von Ca<\/strong><\/a><a href=\"\/de\/cave-a-huile\/cuisine-equilibre\/huile-vierge-de-tournesol-bio\/\"><strong>uvin<\/strong><\/a> hinzugeben.<\/p><\/li><li><p>Solange aufschlagen, bis die gew\u00fcnschte Konsistenz erreicht ist.<\/p><\/li><\/ol>\t\t\t\t\t\t\t\t<\/div>\n\t\t\t\t<\/div>\n\t\t\t\t\t<\/div>\n\t\t<\/div>\n\t\t\t\t<div class=\"elementor-column elementor-col-50 elementor-top-column elementor-element elementor-element-6aa4235\" data-id=\"6aa4235\" data-element_type=\"column\" data-e-type=\"column\">\n\t\t\t<div class=\"elementor-widget-wrap elementor-element-populated\">\n\t\t\t\t\t\t<div class=\"elementor-element elementor-element-7306aee elementor-widget elementor-widget-spacer\" data-id=\"7306aee\" data-element_type=\"widget\" data-e-type=\"widget\" data-widget_type=\"spacer.default\">\n\t\t\t\t<div class=\"elementor-widget-container\">\n\t\t\t\t\t\t\t<div class=\"elementor-spacer\">\n\t\t\t<div class=\"elementor-spacer-inner\"><\/div>\n\t\t<\/div>\n\t\t\t\t\t\t<\/div>\n\t\t\t\t<\/div>\n\t\t\t\t<div class=\"elementor-element elementor-element-f1f3883 elementor-widget elementor-widget-image\" data-id=\"f1f3883\" data-element_type=\"widget\" data-e-type=\"widget\" data-widget_type=\"image.default\">\n\t\t\t\t<div class=\"elementor-widget-container\">\n\t\t\t\t\t\t\t\t\t\t\t\t\t\t\t<img fetchpriority=\"high\" decoding=\"async\" width=\"500\" height=\"500\" src=\"https:\/\/www.huilecauvin.com\/wp-content\/uploads\/2020\/07\/recette-mayonnaise-huile-tournesol.png\" class=\"attachment-medium_large size-medium_large wp-image-2169\" alt=\"\" srcset=\"https:\/\/www.huilecauvin.com\/wp-content\/uploads\/2020\/07\/recette-mayonnaise-huile-tournesol.png 500w, https:\/\/www.huilecauvin.com\/wp-content\/uploads\/2020\/07\/recette-mayonnaise-huile-tournesol-300x300.png 300w, https:\/\/www.huilecauvin.com\/wp-content\/uploads\/2020\/07\/recette-mayonnaise-huile-tournesol-150x150.png 150w\" sizes=\"(max-width: 500px) 100vw, 500px\" \/>\t\t\t\t\t\t\t\t\t\t\t\t\t\t\t<\/div>\n\t\t\t\t<\/div>\n\t\t\t\t\t<\/div>\n\t\t<\/div>\n\t\t\t\t\t<\/div>\n\t\t<\/section>\n\t\t\t\t<section class=\"elementor-section elementor-top-section elementor-element elementor-element-ea807b2 elementor-section-stretched elementor-section-boxed elementor-section-height-default elementor-section-height-default\" data-id=\"ea807b2\" data-element_type=\"section\" data-e-type=\"section\" data-settings=\"{&quot;stretch_section&quot;:&quot;section-stretched&quot;}\">\n\t\t\t\t\t\t<div class=\"elementor-container elementor-column-gap-default\">\n\t\t\t\t\t<div class=\"elementor-column elementor-col-100 elementor-top-column elementor-element elementor-element-ce2b618\" data-id=\"ce2b618\" data-element_type=\"column\" data-e-type=\"column\">\n\t\t\t<div class=\"elementor-widget-wrap elementor-element-populated\">\n\t\t\t\t\t\t<div class=\"elementor-element elementor-element-afc82b1 elementor-widget elementor-widget-spacer\" data-id=\"afc82b1\" data-element_type=\"widget\" data-e-type=\"widget\" data-widget_type=\"spacer.default\">\n\t\t\t\t<div class=\"elementor-widget-container\">\n\t\t\t\t\t\t\t<div class=\"elementor-spacer\">\n\t\t\t<div class=\"elementor-spacer-inner\"><\/div>\n\t\t<\/div>\n\t\t\t\t\t\t<\/div>\n\t\t\t\t<\/div>\n\t\t\t\t\t<\/div>\n\t\t<\/div>\n\t\t\t\t\t<\/div>\n\t\t<\/section>\n\t\t\t\t<\/div>","protected":false},"excerpt":{"rendered":"<p>Mayonnaise maison INGR\u00c9DIENTS 160 ml d&#8217; huile vierge de Tournesol Cauvin Bio 1 jaune d&#8217;oeuf 15 g de moutarde\u00a0 1 cuill\u00e8re \u00e0 caf\u00e9 de vinaigre de vin blanc Cauvin Bio 1 pinc\u00e9e de sel 1 pinc\u00e9e de poivre PR\u00c9PARATION Dans un bol, ajoutez le jaune d&#8217;oeuf, 15 g de moutarde, le vinaigre de Vin blanc [&hellip;]<\/p>\n","protected":false},"author":1,"featured_media":0,"parent":466,"menu_order":0,"comment_status":"closed","ping_status":"closed","template":"elementor_header_footer","meta":{"_monsterinsights_skip_tracking":false,"_monsterinsights_sitenote_active":false,"_monsterinsights_sitenote_note":"","_monsterinsights_sitenote_category":0,"footnotes":""},"class_list":["post-2167","page","type-page","status-publish","hentry"],"_links":{"self":[{"href":"https:\/\/www.huilecauvin.com\/de\/wp-json\/wp\/v2\/pages\/2167","targetHints":{"allow":["GET"]}}],"collection":[{"href":"https:\/\/www.huilecauvin.com\/de\/wp-json\/wp\/v2\/pages"}],"about":[{"href":"https:\/\/www.huilecauvin.com\/de\/wp-json\/wp\/v2\/types\/page"}],"author":[{"embeddable":true,"href":"https:\/\/www.huilecauvin.com\/de\/wp-json\/wp\/v2\/users\/1"}],"replies":[{"embeddable":true,"href":"https:\/\/www.huilecauvin.com\/de\/wp-json\/wp\/v2\/comments?post=2167"}],"version-history":[{"count":0,"href":"https:\/\/www.huilecauvin.com\/de\/wp-json\/wp\/v2\/pages\/2167\/revisions"}],"up":[{"embeddable":true,"href":"https:\/\/www.huilecauvin.com\/de\/wp-json\/wp\/v2\/pages\/466"}],"wp:attachment":[{"href":"https:\/\/www.huilecauvin.com\/de\/wp-json\/wp\/v2\/media?parent=2167"}],"curies":[{"name":"wp","href":"https:\/\/api.w.org\/{rel}","templated":true}]}}