{"id":2118,"date":"2020-07-01T11:32:33","date_gmt":"2020-07-01T09:32:33","guid":{"rendered":"http:\/\/localhost\/wordpress\/?page_id=2118"},"modified":"2021-02-09T09:44:53","modified_gmt":"2021-02-09T08:44:53","slug":"foccacia-tomates-cerises","status":"publish","type":"page","link":"https:\/\/www.huilecauvin.com\/de\/recettes\/aperitifs-entrees\/foccacia-tomates-cerises\/","title":{"rendered":"Focaccia mit Kirschtomaten"},"content":{"rendered":"<div data-elementor-type=\"wp-page\" data-elementor-id=\"2118\" class=\"elementor elementor-2118\">\n\t\t\t\t\t\t<section class=\"elementor-section elementor-top-section elementor-element elementor-element-04cbcce elementor-section-stretched elementor-section-boxed elementor-section-height-default elementor-section-height-default\" data-id=\"04cbcce\" data-element_type=\"section\" data-e-type=\"section\" data-settings=\"{&quot;stretch_section&quot;:&quot;section-stretched&quot;}\">\n\t\t\t\t\t\t<div class=\"elementor-container elementor-column-gap-default\">\n\t\t\t\t\t<div class=\"elementor-column elementor-col-100 elementor-top-column elementor-element elementor-element-2ed4899\" data-id=\"2ed4899\" data-element_type=\"column\" data-e-type=\"column\">\n\t\t\t<div class=\"elementor-widget-wrap elementor-element-populated\">\n\t\t\t\t\t\t<div class=\"elementor-element elementor-element-f2dfca1 elementor-widget elementor-widget-spacer\" data-id=\"f2dfca1\" data-element_type=\"widget\" data-e-type=\"widget\" data-widget_type=\"spacer.default\">\n\t\t\t\t<div class=\"elementor-widget-container\">\n\t\t\t\t\t\t\t<div class=\"elementor-spacer\">\n\t\t\t<div class=\"elementor-spacer-inner\"><\/div>\n\t\t<\/div>\n\t\t\t\t\t\t<\/div>\n\t\t\t\t<\/div>\n\t\t\t\t<div class=\"elementor-element elementor-element-4b5c76d elementor-widget elementor-widget-heading\" data-id=\"4b5c76d\" data-element_type=\"widget\" data-e-type=\"widget\" data-widget_type=\"heading.default\">\n\t\t\t\t<div class=\"elementor-widget-container\">\n\t\t\t\t\t<h2 class=\"elementor-heading-title elementor-size-default\">Focaccia mit Kirschtomaten<\/h2>\t\t\t\t<\/div>\n\t\t\t\t<\/div>\n\t\t\t\t<div class=\"elementor-element elementor-element-8679d90 elementor-widget elementor-widget-spacer\" data-id=\"8679d90\" data-element_type=\"widget\" data-e-type=\"widget\" data-widget_type=\"spacer.default\">\n\t\t\t\t<div class=\"elementor-widget-container\">\n\t\t\t\t\t\t\t<div class=\"elementor-spacer\">\n\t\t\t<div class=\"elementor-spacer-inner\"><\/div>\n\t\t<\/div>\n\t\t\t\t\t\t<\/div>\n\t\t\t\t<\/div>\n\t\t\t\t\t<\/div>\n\t\t<\/div>\n\t\t\t\t\t<\/div>\n\t\t<\/section>\n\t\t\t\t<section class=\"elementor-section elementor-top-section elementor-element elementor-element-db061a6 elementor-section-stretched elementor-section-boxed elementor-section-height-default elementor-section-height-default\" data-id=\"db061a6\" data-element_type=\"section\" data-e-type=\"section\" data-settings=\"{&quot;stretch_section&quot;:&quot;section-stretched&quot;}\">\n\t\t\t\t\t\t<div class=\"elementor-container elementor-column-gap-default\">\n\t\t\t\t\t<div class=\"elementor-column elementor-col-50 elementor-top-column elementor-element elementor-element-efd2089\" data-id=\"efd2089\" data-element_type=\"column\" data-e-type=\"column\">\n\t\t\t<div class=\"elementor-widget-wrap elementor-element-populated\">\n\t\t\t\t\t\t<div class=\"elementor-element elementor-element-9029069 elementor-widget elementor-widget-spacer\" data-id=\"9029069\" data-element_type=\"widget\" data-e-type=\"widget\" data-widget_type=\"spacer.default\">\n\t\t\t\t<div class=\"elementor-widget-container\">\n\t\t\t\t\t\t\t<div class=\"elementor-spacer\">\n\t\t\t<div class=\"elementor-spacer-inner\"><\/div>\n\t\t<\/div>\n\t\t\t\t\t\t<\/div>\n\t\t\t\t<\/div>\n\t\t\t\t<div class=\"elementor-element elementor-element-ad496da elementor-widget elementor-widget-text-editor\" data-id=\"ad496da\" data-element_type=\"widget\" data-e-type=\"widget\" data-widget_type=\"text-editor.default\">\n\t\t\t\t<div class=\"elementor-widget-container\">\n\t\t\t\t\t\t\t\t\t<p><strong>F\u00fcr 4 Personen<\/strong><\/p><p><b>ZUTATEN<\/b><\/p><p>F\u00fcr den Teig:<\/p><ul><li>25 cl Wasser<\/li><li>20 g Backhefe<\/li><li>420 g Mehl<\/li><li>4 cl <a href=\"\/de\/cave-a-huile\/les-huiles-dolive\/larbequine-huile-dolive-vierge-extra\/\"><strong>Arbequina-Oliven\u00f6l von Cauvin<\/strong><\/a><\/li><\/ul><p>F\u00fcr den Belag:<\/p><ul><li>1 Rispe Kirschtomaten<\/li><li>2 Knoblauchzehen<\/li><li><a href=\"\/de\/cave-a-huile\/les-huiles-creatives\/huile-pignons-basilic-les-creatives\/\"><strong>Oliven\u00f6l mit Pinienkern\u00f6l und Basilikum aus der Produktreihe Cr\u00e9atives von Cauvin<\/strong><\/a><\/li><li>Oregano<\/li><li>Salz und Pfeffer<\/li><\/ul><p><b>ZUBEREITUNG<\/b><\/p><p>F\u00fcr die Focaccia:<\/p><ol><li>Ofen auf 200\u00b0C vorheizen.<\/li><li>Warmes Wasser und Backhefe in eine Salatsch\u00fcssel geben und mischen, bis ein glatter Teig entsteht.<\/li><li>Mehl, <strong><a href=\"\/de\/cave-a-huile\/les-huiles-dolive\/larbequine-huile-dolive-vierge-extra\/\">Arbequina-Oliven\u00f6l von Cauvin<\/a><\/strong> und Salz hinzugeben und mit den H\u00e4nden vermischen.<\/li><li>Teig kneten.<\/li><li>Den Teig auf ein Backblech legen und mit den H\u00e4nden flach dr\u00fccken.<\/li><li>Die Focaccia abdecken und 30 Min. ruhen lassen.<\/li><li>Dann in den Ofen geben und bei 200\u00b0C 15-20 Min. backen.<\/li><\/ol><p>F\u00fcr den Belag:<\/p><ol><li>Kirschtomaten halbieren. Knoblauch sch\u00e4len und fein schneiden.<\/li><li>In eine Pfanne geben Sie nun etwas <a href=\"\/de\/cave-a-huile\/les-huiles-creatives\/huile-pignons-basilic-les-creatives\/\"><strong>Oliven\u00f6l mit Pinienkern\u00f6l und Basilikum von Cauvin.<\/strong><\/a>Den Knoblauch und die halbierten Kirschtomaten hinzugeben.<\/li><li>5 Min. lang anbraten.<\/li><li>Mit Origano, Salz und Pfeffer abschmecken.<\/li><li>Die Mischung auf der Focaccia verteilen und sofort servieren.<\/li><\/ol>\t\t\t\t\t\t\t\t<\/div>\n\t\t\t\t<\/div>\n\t\t\t\t\t<\/div>\n\t\t<\/div>\n\t\t\t\t<div class=\"elementor-column elementor-col-50 elementor-top-column elementor-element elementor-element-b3f7269\" data-id=\"b3f7269\" data-element_type=\"column\" data-e-type=\"column\">\n\t\t\t<div class=\"elementor-widget-wrap elementor-element-populated\">\n\t\t\t\t\t\t<div class=\"elementor-element elementor-element-d3e2f07 elementor-widget elementor-widget-spacer\" data-id=\"d3e2f07\" data-element_type=\"widget\" data-e-type=\"widget\" data-widget_type=\"spacer.default\">\n\t\t\t\t<div class=\"elementor-widget-container\">\n\t\t\t\t\t\t\t<div class=\"elementor-spacer\">\n\t\t\t<div class=\"elementor-spacer-inner\"><\/div>\n\t\t<\/div>\n\t\t\t\t\t\t<\/div>\n\t\t\t\t<\/div>\n\t\t\t\t<div class=\"elementor-element elementor-element-16ce953 elementor-widget elementor-widget-image\" data-id=\"16ce953\" data-element_type=\"widget\" data-e-type=\"widget\" data-widget_type=\"image.default\">\n\t\t\t\t<div class=\"elementor-widget-container\">\n\t\t\t\t\t\t\t\t\t\t\t\t\t\t\t<img fetchpriority=\"high\" decoding=\"async\" width=\"500\" height=\"500\" src=\"https:\/\/www.huilecauvin.com\/wp-content\/uploads\/2020\/07\/recette-foccacia-tomates-basilic.png\" class=\"attachment-medium_large size-medium_large wp-image-2123\" alt=\"\" srcset=\"https:\/\/www.huilecauvin.com\/wp-content\/uploads\/2020\/07\/recette-foccacia-tomates-basilic.png 500w, https:\/\/www.huilecauvin.com\/wp-content\/uploads\/2020\/07\/recette-foccacia-tomates-basilic-300x300.png 300w, https:\/\/www.huilecauvin.com\/wp-content\/uploads\/2020\/07\/recette-foccacia-tomates-basilic-150x150.png 150w\" sizes=\"(max-width: 500px) 100vw, 500px\" \/>\t\t\t\t\t\t\t\t\t\t\t\t\t\t\t<\/div>\n\t\t\t\t<\/div>\n\t\t\t\t\t<\/div>\n\t\t<\/div>\n\t\t\t\t\t<\/div>\n\t\t<\/section>\n\t\t\t\t<section class=\"elementor-section elementor-top-section elementor-element elementor-element-ea807b2 elementor-section-stretched elementor-section-boxed elementor-section-height-default elementor-section-height-default\" data-id=\"ea807b2\" data-element_type=\"section\" data-e-type=\"section\" data-settings=\"{&quot;stretch_section&quot;:&quot;section-stretched&quot;}\">\n\t\t\t\t\t\t<div class=\"elementor-container elementor-column-gap-default\">\n\t\t\t\t\t<div class=\"elementor-column elementor-col-100 elementor-top-column elementor-element elementor-element-ce2b618\" data-id=\"ce2b618\" data-element_type=\"column\" data-e-type=\"column\">\n\t\t\t<div class=\"elementor-widget-wrap elementor-element-populated\">\n\t\t\t\t\t\t<div class=\"elementor-element elementor-element-afc82b1 elementor-widget elementor-widget-spacer\" data-id=\"afc82b1\" data-element_type=\"widget\" data-e-type=\"widget\" data-widget_type=\"spacer.default\">\n\t\t\t\t<div class=\"elementor-widget-container\">\n\t\t\t\t\t\t\t<div class=\"elementor-spacer\">\n\t\t\t<div class=\"elementor-spacer-inner\"><\/div>\n\t\t<\/div>\n\t\t\t\t\t\t<\/div>\n\t\t\t\t<\/div>\n\t\t\t\t\t<\/div>\n\t\t<\/div>\n\t\t\t\t\t<\/div>\n\t\t<\/section>\n\t\t\t\t<\/div>","protected":false},"excerpt":{"rendered":"<p>Foccacia tomates cerises Pour 4 personnes INGR\u00c9DIENTS Pour la p\u00e2te : 25 cl d&#8217;eau 20 g de levure boulang\u00e8re 420 g de farine 4 cl d&#8217; huile d&#8217;olive Arbequine Cauvin Pour la garniture : 1 grappe de tomates cerises 2 gousses d&#8217;ail Huile Pignons Basilic Cauvin Crr\u00e9atives Origan Sel &amp; Poivre PR\u00c9PARATION Pour la foccacia [&hellip;]<\/p>\n","protected":false},"author":1,"featured_media":0,"parent":466,"menu_order":0,"comment_status":"closed","ping_status":"closed","template":"elementor_header_footer","meta":{"_monsterinsights_skip_tracking":false,"_monsterinsights_sitenote_active":false,"_monsterinsights_sitenote_note":"","_monsterinsights_sitenote_category":0,"footnotes":""},"class_list":["post-2118","page","type-page","status-publish","hentry"],"_links":{"self":[{"href":"https:\/\/www.huilecauvin.com\/de\/wp-json\/wp\/v2\/pages\/2118","targetHints":{"allow":["GET"]}}],"collection":[{"href":"https:\/\/www.huilecauvin.com\/de\/wp-json\/wp\/v2\/pages"}],"about":[{"href":"https:\/\/www.huilecauvin.com\/de\/wp-json\/wp\/v2\/types\/page"}],"author":[{"embeddable":true,"href":"https:\/\/www.huilecauvin.com\/de\/wp-json\/wp\/v2\/users\/1"}],"replies":[{"embeddable":true,"href":"https:\/\/www.huilecauvin.com\/de\/wp-json\/wp\/v2\/comments?post=2118"}],"version-history":[{"count":0,"href":"https:\/\/www.huilecauvin.com\/de\/wp-json\/wp\/v2\/pages\/2118\/revisions"}],"up":[{"embeddable":true,"href":"https:\/\/www.huilecauvin.com\/de\/wp-json\/wp\/v2\/pages\/466"}],"wp:attachment":[{"href":"https:\/\/www.huilecauvin.com\/de\/wp-json\/wp\/v2\/media?parent=2118"}],"curies":[{"name":"wp","href":"https:\/\/api.w.org\/{rel}","templated":true}]}}