{"id":2094,"date":"2020-06-30T16:32:47","date_gmt":"2020-06-30T14:32:47","guid":{"rendered":"http:\/\/localhost\/wordpress\/?page_id=2094"},"modified":"2021-02-09T10:21:02","modified_gmt":"2021-02-09T09:21:02","slug":"salade-cesar","status":"publish","type":"page","link":"https:\/\/www.huilecauvin.com\/de\/recettes\/plats\/salade-cesar\/","title":{"rendered":"C\u00e4sar-Salat"},"content":{"rendered":"<div data-elementor-type=\"wp-page\" data-elementor-id=\"2094\" class=\"elementor elementor-2094\">\n\t\t\t\t\t\t<section class=\"elementor-section elementor-top-section elementor-element elementor-element-0ed3c4d elementor-section-stretched elementor-section-boxed elementor-section-height-default elementor-section-height-default\" data-id=\"0ed3c4d\" data-element_type=\"section\" data-e-type=\"section\" data-settings=\"{&quot;stretch_section&quot;:&quot;section-stretched&quot;}\">\n\t\t\t\t\t\t<div class=\"elementor-container elementor-column-gap-default\">\n\t\t\t\t\t<div class=\"elementor-column elementor-col-100 elementor-top-column elementor-element elementor-element-545f69a\" data-id=\"545f69a\" data-element_type=\"column\" data-e-type=\"column\">\n\t\t\t<div class=\"elementor-widget-wrap elementor-element-populated\">\n\t\t\t\t\t\t<div class=\"elementor-element elementor-element-b309fbd elementor-widget elementor-widget-spacer\" data-id=\"b309fbd\" data-element_type=\"widget\" data-e-type=\"widget\" data-widget_type=\"spacer.default\">\n\t\t\t\t<div class=\"elementor-widget-container\">\n\t\t\t\t\t\t\t<div class=\"elementor-spacer\">\n\t\t\t<div class=\"elementor-spacer-inner\"><\/div>\n\t\t<\/div>\n\t\t\t\t\t\t<\/div>\n\t\t\t\t<\/div>\n\t\t\t\t<div class=\"elementor-element elementor-element-5a7b077 elementor-widget elementor-widget-heading\" data-id=\"5a7b077\" data-element_type=\"widget\" data-e-type=\"widget\" data-widget_type=\"heading.default\">\n\t\t\t\t<div class=\"elementor-widget-container\">\n\t\t\t\t\t<h2 class=\"elementor-heading-title elementor-size-default\">C\u00e4sar-Salat<\/h2>\t\t\t\t<\/div>\n\t\t\t\t<\/div>\n\t\t\t\t<div class=\"elementor-element elementor-element-f324f43 elementor-widget elementor-widget-spacer\" data-id=\"f324f43\" data-element_type=\"widget\" data-e-type=\"widget\" data-widget_type=\"spacer.default\">\n\t\t\t\t<div class=\"elementor-widget-container\">\n\t\t\t\t\t\t\t<div class=\"elementor-spacer\">\n\t\t\t<div class=\"elementor-spacer-inner\"><\/div>\n\t\t<\/div>\n\t\t\t\t\t\t<\/div>\n\t\t\t\t<\/div>\n\t\t\t\t\t<\/div>\n\t\t<\/div>\n\t\t\t\t\t<\/div>\n\t\t<\/section>\n\t\t\t\t<section class=\"elementor-section elementor-top-section elementor-element elementor-element-5fa1497 elementor-section-stretched elementor-section-boxed elementor-section-height-default elementor-section-height-default\" data-id=\"5fa1497\" data-element_type=\"section\" data-e-type=\"section\" data-settings=\"{&quot;stretch_section&quot;:&quot;section-stretched&quot;}\">\n\t\t\t\t\t\t<div class=\"elementor-container elementor-column-gap-default\">\n\t\t\t\t\t<div class=\"elementor-column elementor-col-66 elementor-top-column elementor-element elementor-element-b2f6729\" data-id=\"b2f6729\" data-element_type=\"column\" data-e-type=\"column\">\n\t\t\t<div class=\"elementor-widget-wrap elementor-element-populated\">\n\t\t\t\t\t\t<div class=\"elementor-element elementor-element-85dcf22 elementor-widget elementor-widget-text-editor\" data-id=\"85dcf22\" data-element_type=\"widget\" data-e-type=\"widget\" data-widget_type=\"text-editor.default\">\n\t\t\t\t<div class=\"elementor-widget-container\">\n\t\t\t\t\t\t\t\t\t<p><strong>F\u00fcr 4 Personen<\/strong><\/p><p><strong>Zutaten<\/strong><\/p><p>F\u00fcr den Salat:<\/p><ul><li>1 Salatkopf (Eisberg- oder R\u00f6mersalat)<\/li><li>2 Tomaten<\/li><li>5 Scheiben Brot<\/li><li>25 g Parmesansp\u00e4ne<\/li><li>2 Essl\u00f6ffel <a href=\"\/de\/cave-a-huile\/cuisine-equilibre\/huile-pepins-de-raisin\/\"><strong>Traubenkern\u00f6l von Cauvin anbraten<\/strong><\/a><\/li><li>3 oder 4 H\u00e4hnchenfilets<\/li><\/ul><p>F\u00fcr die Sauce:<\/p><ul><li>20 g geriebener Parmesan<\/li><li>1 Teel\u00f6ffel Senf\u00a0<\/li><li>1 Essl\u00f6ffel Kapern<\/li><li>Saft einer halben Zitrone<\/li><li>Salz und Pfeffer<\/li><li>10 cl <a href=\"\/de\/cave-a-huile\/cuisine-equilibre\/huile-omega-bio-4-citron\/\"><strong>Omegabio 4 Zitrone von Cauvin dazugeben<\/strong><\/a><\/li><\/ul><p><strong>Zubereitung<\/strong><\/p><ol><li>Den Ofen auf 210\u00b0C vorheizen. Die Brotscheiben in Cro\u00fbtonw\u00fcrfel schneiden. Die Cro\u00fbtons 5 Min. lang im Ofen backen<\/li><li>Die H\u00e4hnchenfilets in feine Streifen schneiden und in 2 Essl\u00f6ffeln <a href=\"\/de\/cave-a-huile\/cuisine-equilibre\/huile-pepins-de-raisin\/\"><strong>Traubenkern\u00f6l von Cauvin anbraten<\/strong><\/a>.<\/li><li>Den Salat und die Tomaten waschen.<\/li><li>\u00a0F\u00fcr die Sauce: Den geriebenen Parmesan, die Kapern, den Senf und den Zitronensaft in einem Mixer p\u00fcrieren.<\/li><li>Mit Salz und Peffer abschmecken, dann das Bio-\u00d6l <a href=\"\/de\/cave-a-huile\/cuisine-equilibre\/huile-omega-bio-4-citron\/\"><strong>Omegabio 4 Zitrone von Cauvin dazugeben<\/strong><\/a>.<\/li><li>Auf den Tellern den klein geschnittenen Salat, das H\u00e4hnchenfleisch, die Parmesansp\u00e4ne und die Cro\u00fbtons anrichten. Die Sauce dar\u00fcber gie\u00dfen.<\/li><\/ol>\t\t\t\t\t\t\t\t<\/div>\n\t\t\t\t<\/div>\n\t\t\t\t\t<\/div>\n\t\t<\/div>\n\t\t\t\t<div class=\"elementor-column elementor-col-33 elementor-top-column elementor-element elementor-element-2636339\" data-id=\"2636339\" data-element_type=\"column\" data-e-type=\"column\">\n\t\t\t<div class=\"elementor-widget-wrap elementor-element-populated\">\n\t\t\t\t\t\t<div class=\"elementor-element elementor-element-9452df7 elementor-widget elementor-widget-image\" data-id=\"9452df7\" data-element_type=\"widget\" data-e-type=\"widget\" data-widget_type=\"image.default\">\n\t\t\t\t<div class=\"elementor-widget-container\">\n\t\t\t\t\t\t\t\t\t\t\t\t\t\t\t<img fetchpriority=\"high\" decoding=\"async\" width=\"500\" height=\"500\" src=\"https:\/\/www.huilecauvin.com\/wp-content\/uploads\/2020\/06\/recette-salade-cesar-cauvin.png\" class=\"attachment-medium_large size-medium_large wp-image-2096\" alt=\"\" srcset=\"https:\/\/www.huilecauvin.com\/wp-content\/uploads\/2020\/06\/recette-salade-cesar-cauvin.png 500w, https:\/\/www.huilecauvin.com\/wp-content\/uploads\/2020\/06\/recette-salade-cesar-cauvin-300x300.png 300w, https:\/\/www.huilecauvin.com\/wp-content\/uploads\/2020\/06\/recette-salade-cesar-cauvin-150x150.png 150w\" sizes=\"(max-width: 500px) 100vw, 500px\" \/>\t\t\t\t\t\t\t\t\t\t\t\t\t\t\t<\/div>\n\t\t\t\t<\/div>\n\t\t\t\t\t<\/div>\n\t\t<\/div>\n\t\t\t\t\t<\/div>\n\t\t<\/section>\n\t\t\t\t<section class=\"elementor-section elementor-top-section elementor-element elementor-element-6c86e23 elementor-section-stretched elementor-section-boxed elementor-section-height-default elementor-section-height-default\" data-id=\"6c86e23\" data-element_type=\"section\" data-e-type=\"section\" data-settings=\"{&quot;stretch_section&quot;:&quot;section-stretched&quot;}\">\n\t\t\t\t\t\t<div class=\"elementor-container elementor-column-gap-default\">\n\t\t\t\t\t<div class=\"elementor-column elementor-col-100 elementor-top-column elementor-element elementor-element-a8a085c\" data-id=\"a8a085c\" data-element_type=\"column\" data-e-type=\"column\">\n\t\t\t<div class=\"elementor-widget-wrap elementor-element-populated\">\n\t\t\t\t\t\t<div class=\"elementor-element elementor-element-26dbe1c elementor-widget elementor-widget-spacer\" data-id=\"26dbe1c\" data-element_type=\"widget\" data-e-type=\"widget\" data-widget_type=\"spacer.default\">\n\t\t\t\t<div class=\"elementor-widget-container\">\n\t\t\t\t\t\t\t<div class=\"elementor-spacer\">\n\t\t\t<div class=\"elementor-spacer-inner\"><\/div>\n\t\t<\/div>\n\t\t\t\t\t\t<\/div>\n\t\t\t\t<\/div>\n\t\t\t\t\t<\/div>\n\t\t<\/div>\n\t\t\t\t\t<\/div>\n\t\t<\/section>\n\t\t\t\t<\/div>","protected":false},"excerpt":{"rendered":"<p>Salade C\u00e9sar Pour 4 personnes Ingr\u00e9dients Pour la salade : 1 salade type iceberg ou romaine 2 tomates 5 tranches de pain 25 g de parmesan en copeaux 2 cuill\u00e8res \u00e0 soupe d&#8217;huile de p\u00e9pins de raisin Cauvin 3 ou 4 blancs de poulet Pour la sauce : 20 g de parmesan r\u00e2p\u00e9 1 cuill\u00e8re [&hellip;]<\/p>\n","protected":false},"author":1,"featured_media":0,"parent":470,"menu_order":0,"comment_status":"closed","ping_status":"closed","template":"elementor_header_footer","meta":{"_monsterinsights_skip_tracking":false,"_monsterinsights_sitenote_active":false,"_monsterinsights_sitenote_note":"","_monsterinsights_sitenote_category":0,"footnotes":""},"class_list":["post-2094","page","type-page","status-publish","hentry"],"_links":{"self":[{"href":"https:\/\/www.huilecauvin.com\/de\/wp-json\/wp\/v2\/pages\/2094","targetHints":{"allow":["GET"]}}],"collection":[{"href":"https:\/\/www.huilecauvin.com\/de\/wp-json\/wp\/v2\/pages"}],"about":[{"href":"https:\/\/www.huilecauvin.com\/de\/wp-json\/wp\/v2\/types\/page"}],"author":[{"embeddable":true,"href":"https:\/\/www.huilecauvin.com\/de\/wp-json\/wp\/v2\/users\/1"}],"replies":[{"embeddable":true,"href":"https:\/\/www.huilecauvin.com\/de\/wp-json\/wp\/v2\/comments?post=2094"}],"version-history":[{"count":0,"href":"https:\/\/www.huilecauvin.com\/de\/wp-json\/wp\/v2\/pages\/2094\/revisions"}],"up":[{"embeddable":true,"href":"https:\/\/www.huilecauvin.com\/de\/wp-json\/wp\/v2\/pages\/470"}],"wp:attachment":[{"href":"https:\/\/www.huilecauvin.com\/de\/wp-json\/wp\/v2\/media?parent=2094"}],"curies":[{"name":"wp","href":"https:\/\/api.w.org\/{rel}","templated":true}]}}