{"id":2089,"date":"2020-06-30T16:10:03","date_gmt":"2020-06-30T14:10:03","guid":{"rendered":"http:\/\/localhost\/wordpress\/?page_id=2089"},"modified":"2021-02-09T10:33:26","modified_gmt":"2021-02-09T09:33:26","slug":"frites-de-patates-douces","status":"publish","type":"page","link":"https:\/\/www.huilecauvin.com\/de\/recettes\/plats\/frites-de-patates-douces\/","title":{"rendered":"S\u00fc\u00dfkartoffel-Pommes"},"content":{"rendered":"<div data-elementor-type=\"wp-page\" data-elementor-id=\"2089\" class=\"elementor elementor-2089\">\n\t\t\t\t\t\t<section class=\"elementor-section elementor-top-section elementor-element elementor-element-0ed3c4d elementor-section-stretched elementor-section-boxed elementor-section-height-default elementor-section-height-default\" data-id=\"0ed3c4d\" data-element_type=\"section\" data-e-type=\"section\" data-settings=\"{&quot;stretch_section&quot;:&quot;section-stretched&quot;}\">\n\t\t\t\t\t\t<div class=\"elementor-container elementor-column-gap-default\">\n\t\t\t\t\t<div class=\"elementor-column elementor-col-100 elementor-top-column elementor-element elementor-element-545f69a\" data-id=\"545f69a\" data-element_type=\"column\" data-e-type=\"column\">\n\t\t\t<div class=\"elementor-widget-wrap elementor-element-populated\">\n\t\t\t\t\t\t<div class=\"elementor-element elementor-element-b309fbd elementor-widget elementor-widget-spacer\" data-id=\"b309fbd\" data-element_type=\"widget\" data-e-type=\"widget\" data-widget_type=\"spacer.default\">\n\t\t\t\t<div class=\"elementor-widget-container\">\n\t\t\t\t\t\t\t<div class=\"elementor-spacer\">\n\t\t\t<div class=\"elementor-spacer-inner\"><\/div>\n\t\t<\/div>\n\t\t\t\t\t\t<\/div>\n\t\t\t\t<\/div>\n\t\t\t\t<div class=\"elementor-element elementor-element-5a7b077 elementor-widget elementor-widget-heading\" data-id=\"5a7b077\" data-element_type=\"widget\" data-e-type=\"widget\" data-widget_type=\"heading.default\">\n\t\t\t\t<div class=\"elementor-widget-container\">\n\t\t\t\t\t<h2 class=\"elementor-heading-title elementor-size-default\">S\u00fc\u00dfkartoffel-Pommes<\/h2>\t\t\t\t<\/div>\n\t\t\t\t<\/div>\n\t\t\t\t<div class=\"elementor-element elementor-element-f324f43 elementor-widget elementor-widget-spacer\" data-id=\"f324f43\" data-element_type=\"widget\" data-e-type=\"widget\" data-widget_type=\"spacer.default\">\n\t\t\t\t<div class=\"elementor-widget-container\">\n\t\t\t\t\t\t\t<div class=\"elementor-spacer\">\n\t\t\t<div class=\"elementor-spacer-inner\"><\/div>\n\t\t<\/div>\n\t\t\t\t\t\t<\/div>\n\t\t\t\t<\/div>\n\t\t\t\t\t<\/div>\n\t\t<\/div>\n\t\t\t\t\t<\/div>\n\t\t<\/section>\n\t\t\t\t<section class=\"elementor-section elementor-top-section elementor-element elementor-element-5fa1497 elementor-section-stretched elementor-section-boxed elementor-section-height-default elementor-section-height-default\" data-id=\"5fa1497\" data-element_type=\"section\" data-e-type=\"section\" data-settings=\"{&quot;stretch_section&quot;:&quot;section-stretched&quot;}\">\n\t\t\t\t\t\t<div class=\"elementor-container elementor-column-gap-default\">\n\t\t\t\t\t<div class=\"elementor-column elementor-col-66 elementor-top-column elementor-element elementor-element-b2f6729\" data-id=\"b2f6729\" data-element_type=\"column\" data-e-type=\"column\">\n\t\t\t<div class=\"elementor-widget-wrap elementor-element-populated\">\n\t\t\t\t\t\t<div class=\"elementor-element elementor-element-85dcf22 elementor-widget elementor-widget-text-editor\" data-id=\"85dcf22\" data-element_type=\"widget\" data-e-type=\"widget\" data-widget_type=\"text-editor.default\">\n\t\t\t\t<div class=\"elementor-widget-container\">\n\t\t\t\t\t\t\t\t\t<p><strong>F\u00fcr 4 Personen<\/strong><\/p><p><strong>Zutaten<\/strong><\/p><ul><li>2 S\u00fc\u00dfkartoffeln<\/li><li>Salz und Pfeffer<\/li><li>Paprika<\/li><li><a href=\"\/de\/cave-a-huile\/cuisine-equilibre\/huile-de-tournesol-oleique-bio\/\">4 Essl\u00f6ffel <strong>natives Bio High-oleic-Sonnenblumen\u00f6l von Cauvin<\/strong><\/a><\/li><\/ul><p><strong>Zubereitung<\/strong><\/p><ol><li>Die S\u00fc\u00dfkartoffeln sch\u00e4len und l\u00e4ngs in Stifte schneiden.<\/li><li>Die S\u00fc\u00dfkartoffelstifte, das Salz, den Pfeffer, den Paprika und die 4 Essl\u00f6ffel <a href=\"\/de\/cave-a-huile\/cuisine-equilibre\/huile-de-tournesol-oleique-bio\/\"><strong>Bio High-oleic-Sonnenblumen\u00f6l<\/strong><\/a>in eine Salatsch\u00fcssel geben. Alles gut vermengen, damit alle S\u00fc\u00dfkartoffelstifte rundum einge\u00f6lt werden.<\/li><li>Die Stifte auf einem mit Backpapier ausgelegtem Backblech verteilen.<\/li><li>Im vorgeheizten Ofen bei 210\u00b0C etwa 30 Minuten lang backen.\u00a0<\/li><\/ol>\t\t\t\t\t\t\t\t<\/div>\n\t\t\t\t<\/div>\n\t\t\t\t\t<\/div>\n\t\t<\/div>\n\t\t\t\t<div class=\"elementor-column elementor-col-33 elementor-top-column elementor-element elementor-element-2636339\" data-id=\"2636339\" data-element_type=\"column\" data-e-type=\"column\">\n\t\t\t<div class=\"elementor-widget-wrap elementor-element-populated\">\n\t\t\t\t\t\t<div class=\"elementor-element elementor-element-9452df7 elementor-widget elementor-widget-image\" data-id=\"9452df7\" data-element_type=\"widget\" data-e-type=\"widget\" data-widget_type=\"image.default\">\n\t\t\t\t<div class=\"elementor-widget-container\">\n\t\t\t\t\t\t\t\t\t\t\t\t\t\t\t<img fetchpriority=\"high\" decoding=\"async\" width=\"500\" height=\"500\" src=\"https:\/\/www.huilecauvin.com\/wp-content\/uploads\/2020\/06\/recette-patates-douces-cauvin.png\" class=\"attachment-medium_large size-medium_large wp-image-2091\" alt=\"\" srcset=\"https:\/\/www.huilecauvin.com\/wp-content\/uploads\/2020\/06\/recette-patates-douces-cauvin.png 500w, https:\/\/www.huilecauvin.com\/wp-content\/uploads\/2020\/06\/recette-patates-douces-cauvin-300x300.png 300w, https:\/\/www.huilecauvin.com\/wp-content\/uploads\/2020\/06\/recette-patates-douces-cauvin-150x150.png 150w\" sizes=\"(max-width: 500px) 100vw, 500px\" \/>\t\t\t\t\t\t\t\t\t\t\t\t\t\t\t<\/div>\n\t\t\t\t<\/div>\n\t\t\t\t\t<\/div>\n\t\t<\/div>\n\t\t\t\t\t<\/div>\n\t\t<\/section>\n\t\t\t\t<section class=\"elementor-section elementor-top-section elementor-element elementor-element-6c86e23 elementor-section-stretched elementor-section-boxed elementor-section-height-default elementor-section-height-default\" data-id=\"6c86e23\" data-element_type=\"section\" data-e-type=\"section\" data-settings=\"{&quot;stretch_section&quot;:&quot;section-stretched&quot;}\">\n\t\t\t\t\t\t<div class=\"elementor-container elementor-column-gap-default\">\n\t\t\t\t\t<div class=\"elementor-column elementor-col-100 elementor-top-column elementor-element elementor-element-a8a085c\" data-id=\"a8a085c\" data-element_type=\"column\" data-e-type=\"column\">\n\t\t\t<div class=\"elementor-widget-wrap elementor-element-populated\">\n\t\t\t\t\t\t<div class=\"elementor-element elementor-element-26dbe1c elementor-widget elementor-widget-spacer\" data-id=\"26dbe1c\" data-element_type=\"widget\" data-e-type=\"widget\" data-widget_type=\"spacer.default\">\n\t\t\t\t<div class=\"elementor-widget-container\">\n\t\t\t\t\t\t\t<div class=\"elementor-spacer\">\n\t\t\t<div class=\"elementor-spacer-inner\"><\/div>\n\t\t<\/div>\n\t\t\t\t\t\t<\/div>\n\t\t\t\t<\/div>\n\t\t\t\t\t<\/div>\n\t\t<\/div>\n\t\t\t\t\t<\/div>\n\t\t<\/section>\n\t\t\t\t<\/div>","protected":false},"excerpt":{"rendered":"<p>Frites de patates douces Pour 4 personnes Ingr\u00e9dients 2 patates douces Sel et poivre Paprika 4 cuill\u00e8res \u00e0 soupe d&#8217;huile vierge de Tournesol Ol\u00e9ique Bio Cauvin Pr\u00e9paration \u00c9pluchez les patates douces et coupez-les en forme de b\u00e2tonnets dans le sens de la longueur. Dans un saladier, ajoutez les frites de patates douces, le sel, le [&hellip;]<\/p>\n","protected":false},"author":1,"featured_media":0,"parent":470,"menu_order":0,"comment_status":"closed","ping_status":"closed","template":"elementor_header_footer","meta":{"_monsterinsights_skip_tracking":false,"_monsterinsights_sitenote_active":false,"_monsterinsights_sitenote_note":"","_monsterinsights_sitenote_category":0,"footnotes":""},"class_list":["post-2089","page","type-page","status-publish","hentry"],"_links":{"self":[{"href":"https:\/\/www.huilecauvin.com\/de\/wp-json\/wp\/v2\/pages\/2089","targetHints":{"allow":["GET"]}}],"collection":[{"href":"https:\/\/www.huilecauvin.com\/de\/wp-json\/wp\/v2\/pages"}],"about":[{"href":"https:\/\/www.huilecauvin.com\/de\/wp-json\/wp\/v2\/types\/page"}],"author":[{"embeddable":true,"href":"https:\/\/www.huilecauvin.com\/de\/wp-json\/wp\/v2\/users\/1"}],"replies":[{"embeddable":true,"href":"https:\/\/www.huilecauvin.com\/de\/wp-json\/wp\/v2\/comments?post=2089"}],"version-history":[{"count":0,"href":"https:\/\/www.huilecauvin.com\/de\/wp-json\/wp\/v2\/pages\/2089\/revisions"}],"up":[{"embeddable":true,"href":"https:\/\/www.huilecauvin.com\/de\/wp-json\/wp\/v2\/pages\/470"}],"wp:attachment":[{"href":"https:\/\/www.huilecauvin.com\/de\/wp-json\/wp\/v2\/media?parent=2089"}],"curies":[{"name":"wp","href":"https:\/\/api.w.org\/{rel}","templated":true}]}}