{"id":2067,"date":"2020-06-30T11:53:37","date_gmt":"2020-06-30T09:53:37","guid":{"rendered":"http:\/\/localhost\/wordpress\/?page_id=2067"},"modified":"2021-02-09T09:44:00","modified_gmt":"2021-02-09T08:44:00","slug":"salade-de-chevre","status":"publish","type":"page","link":"https:\/\/www.huilecauvin.com\/de\/recettes\/aperitifs-entrees\/salade-de-chevre\/","title":{"rendered":"Salat mit \u00fcberbackenem Ziegenk\u00e4se"},"content":{"rendered":"<div data-elementor-type=\"wp-page\" data-elementor-id=\"2067\" class=\"elementor elementor-2067\">\n\t\t\t\t\t\t<section class=\"elementor-section elementor-top-section elementor-element elementor-element-2b53e00 elementor-section-stretched elementor-section-boxed elementor-section-height-default elementor-section-height-default\" data-id=\"2b53e00\" data-element_type=\"section\" data-e-type=\"section\" data-settings=\"{&quot;stretch_section&quot;:&quot;section-stretched&quot;}\">\n\t\t\t\t\t\t<div class=\"elementor-container elementor-column-gap-default\">\n\t\t\t\t\t<div class=\"elementor-column elementor-col-100 elementor-top-column elementor-element elementor-element-4cd8d41\" data-id=\"4cd8d41\" data-element_type=\"column\" data-e-type=\"column\">\n\t\t\t<div class=\"elementor-widget-wrap elementor-element-populated\">\n\t\t\t\t\t\t<div class=\"elementor-element elementor-element-cd39a1e elementor-widget elementor-widget-spacer\" data-id=\"cd39a1e\" data-element_type=\"widget\" data-e-type=\"widget\" data-widget_type=\"spacer.default\">\n\t\t\t\t<div class=\"elementor-widget-container\">\n\t\t\t\t\t\t\t<div class=\"elementor-spacer\">\n\t\t\t<div class=\"elementor-spacer-inner\"><\/div>\n\t\t<\/div>\n\t\t\t\t\t\t<\/div>\n\t\t\t\t<\/div>\n\t\t\t\t<div class=\"elementor-element elementor-element-4b5c76d elementor-widget elementor-widget-heading\" data-id=\"4b5c76d\" data-element_type=\"widget\" data-e-type=\"widget\" data-widget_type=\"heading.default\">\n\t\t\t\t<div class=\"elementor-widget-container\">\n\t\t\t\t\t<h2 class=\"elementor-heading-title elementor-size-default\">Salat mit \u00fcberbackenem Ziegenk\u00e4se<\/h2>\t\t\t\t<\/div>\n\t\t\t\t<\/div>\n\t\t\t\t<div class=\"elementor-element elementor-element-ced6b0f elementor-widget elementor-widget-spacer\" data-id=\"ced6b0f\" data-element_type=\"widget\" data-e-type=\"widget\" data-widget_type=\"spacer.default\">\n\t\t\t\t<div class=\"elementor-widget-container\">\n\t\t\t\t\t\t\t<div class=\"elementor-spacer\">\n\t\t\t<div class=\"elementor-spacer-inner\"><\/div>\n\t\t<\/div>\n\t\t\t\t\t\t<\/div>\n\t\t\t\t<\/div>\n\t\t\t\t\t<\/div>\n\t\t<\/div>\n\t\t\t\t\t<\/div>\n\t\t<\/section>\n\t\t\t\t<section class=\"elementor-section elementor-top-section elementor-element elementor-element-db061a6 elementor-section-stretched elementor-section-boxed elementor-section-height-default elementor-section-height-default\" data-id=\"db061a6\" data-element_type=\"section\" data-e-type=\"section\" data-settings=\"{&quot;stretch_section&quot;:&quot;section-stretched&quot;}\">\n\t\t\t\t\t\t<div class=\"elementor-container elementor-column-gap-default\">\n\t\t\t\t\t<div class=\"elementor-column elementor-col-50 elementor-top-column elementor-element elementor-element-efd2089\" data-id=\"efd2089\" data-element_type=\"column\" data-e-type=\"column\">\n\t\t\t<div class=\"elementor-widget-wrap elementor-element-populated\">\n\t\t\t\t\t\t<div class=\"elementor-element elementor-element-ad496da elementor-widget elementor-widget-text-editor\" data-id=\"ad496da\" data-element_type=\"widget\" data-e-type=\"widget\" data-widget_type=\"text-editor.default\">\n\t\t\t\t<div class=\"elementor-widget-container\">\n\t\t\t\t\t\t\t\t\t<div dir=\"ltr\"><strong>F\u00fcr 4 Personen<\/strong><\/div><div dir=\"ltr\">\u00a0<\/div><div dir=\"ltr\"><b>ZUTATEN<\/b><strong>\u00a0\u00a0<\/strong><\/div><ul><li>1 Salat Ihrer Wahl (Endiviensalat, Eichenblattsalat\u2026)<\/li><li>150 g Speckw\u00fcrfel<\/li><li>1 Ziegenk\u00e4serolle<\/li><li>2 Tomaten<\/li><li>Baguette oder eine andere Brotsorte<\/li><li>3 Essl\u00f6ffel <a href=\"\/de\/cave-a-huile\/cuisine-equilibre\/assaisonnement-bio-colza-olive\/\"><strong>Bio-Salat\u00f6l Raps\/Olive von Cauvin<\/strong><\/a><\/li><li>1 Essl\u00f6ffel <a href=\"\/de\/cave-a-huile\/les-vinaigres\/vinaigre-balsamique-de-modene-bio\/\"><strong>Bio Balsamico-Essig von Cauvin<\/strong><\/a><\/li><\/ul><div dir=\"ltr\"><b>ZUBEREITUNG<\/b><\/div><div dir=\"ltr\">\u00a0<\/div><ol><li dir=\"ltr\">Ofen auf 200\u00b0C vorheizen.<\/li><li dir=\"ltr\">Salat und Tomaten waschen, Tomaten in Scheiben schneiden.<\/li><li dir=\"ltr\">Speckw\u00fcrfel in der Pfanne anbraten und abk\u00fchlen lassen.<\/li><li dir=\"ltr\">Ziegenk\u00e4se in Scheiben schneiden, die Brotscheiben damit belegen und 5 Min. im Ofen \u00fcberbacken, bis der Ziegenk\u00e4se schmilzt.<\/li><li dir=\"ltr\">Den Salat und die Tomaten auf Tellern anrichten, die Speckw\u00fcrfel hinzuf\u00fcgen und die hei\u00dfen Brotscheiben mit Ziegenk\u00e4se obenauf legen.<\/li><li dir=\"ltr\">Mit etwas <a href=\"\/de\/cave-a-huile\/cuisine-equilibre\/assaisonnement-bio-colza-olive\/\"><strong>Bio-Salat\u00f6l Raps\/Olive von Cauvin<\/strong><\/a> und etwas <a href=\"\/de\/cave-a-huile\/les-vinaigres\/vinaigre-balsamique-de-modene-bio\/\"><strong>Bio Balsamico-Essig von Cauvin anmachen.<\/strong><\/a><\/li><\/ol>\t\t\t\t\t\t\t\t<\/div>\n\t\t\t\t<\/div>\n\t\t\t\t\t<\/div>\n\t\t<\/div>\n\t\t\t\t<div class=\"elementor-column elementor-col-50 elementor-top-column elementor-element elementor-element-6aa4235\" data-id=\"6aa4235\" data-element_type=\"column\" data-e-type=\"column\">\n\t\t\t<div class=\"elementor-widget-wrap elementor-element-populated\">\n\t\t\t\t\t\t<div class=\"elementor-element elementor-element-f1f3883 elementor-widget elementor-widget-image\" data-id=\"f1f3883\" data-element_type=\"widget\" data-e-type=\"widget\" data-widget_type=\"image.default\">\n\t\t\t\t<div class=\"elementor-widget-container\">\n\t\t\t\t\t\t\t\t\t\t\t\t\t\t\t<img fetchpriority=\"high\" decoding=\"async\" width=\"768\" height=\"768\" src=\"https:\/\/www.huilecauvin.com\/wp-content\/uploads\/2020\/06\/salade-chevre-768x768.png\" class=\"attachment-medium_large size-medium_large wp-image-1192\" alt=\"\" srcset=\"https:\/\/www.huilecauvin.com\/wp-content\/uploads\/2020\/06\/salade-chevre-768x768.png 768w, https:\/\/www.huilecauvin.com\/wp-content\/uploads\/2020\/06\/salade-chevre-300x300.png 300w, https:\/\/www.huilecauvin.com\/wp-content\/uploads\/2020\/06\/salade-chevre-1024x1024.png 1024w, https:\/\/www.huilecauvin.com\/wp-content\/uploads\/2020\/06\/salade-chevre-150x150.png 150w, https:\/\/www.huilecauvin.com\/wp-content\/uploads\/2020\/06\/salade-chevre-1536x1536.png 1536w, https:\/\/www.huilecauvin.com\/wp-content\/uploads\/2020\/06\/salade-chevre.png 2000w\" sizes=\"(max-width: 768px) 100vw, 768px\" \/>\t\t\t\t\t\t\t\t\t\t\t\t\t\t\t<\/div>\n\t\t\t\t<\/div>\n\t\t\t\t\t<\/div>\n\t\t<\/div>\n\t\t\t\t\t<\/div>\n\t\t<\/section>\n\t\t\t\t<section class=\"elementor-section elementor-top-section elementor-element elementor-element-ea807b2 elementor-section-stretched elementor-section-boxed elementor-section-height-default elementor-section-height-default\" data-id=\"ea807b2\" data-element_type=\"section\" data-e-type=\"section\" data-settings=\"{&quot;stretch_section&quot;:&quot;section-stretched&quot;}\">\n\t\t\t\t\t\t<div class=\"elementor-container elementor-column-gap-default\">\n\t\t\t\t\t<div class=\"elementor-column elementor-col-100 elementor-top-column elementor-element elementor-element-ce2b618\" data-id=\"ce2b618\" data-element_type=\"column\" data-e-type=\"column\">\n\t\t\t<div class=\"elementor-widget-wrap elementor-element-populated\">\n\t\t\t\t\t\t<div class=\"elementor-element elementor-element-afc82b1 elementor-widget elementor-widget-spacer\" data-id=\"afc82b1\" data-element_type=\"widget\" data-e-type=\"widget\" data-widget_type=\"spacer.default\">\n\t\t\t\t<div class=\"elementor-widget-container\">\n\t\t\t\t\t\t\t<div class=\"elementor-spacer\">\n\t\t\t<div class=\"elementor-spacer-inner\"><\/div>\n\t\t<\/div>\n\t\t\t\t\t\t<\/div>\n\t\t\t\t<\/div>\n\t\t\t\t\t<\/div>\n\t\t<\/div>\n\t\t\t\t\t<\/div>\n\t\t<\/section>\n\t\t\t\t<\/div>","protected":false},"excerpt":{"rendered":"<p>Salade de ch\u00e8vre Pour 4 personnes\u00a0INGR\u00c9DIENTS\u00a0\u00a0 1 salade de votre choix (fris\u00e9e, feuille de ch\u00eane&#8230;) 150 g de lardons 1 b\u00fbche de fromage de ch\u00e8vre 2 tomates baguette ou autres pains 3 cuill\u00e8res \u00e0 soupe d\u2019 assaisonnement Colza &amp; Olive Bio Cauvin 1 cuill\u00e8re \u00e0 soupe de vinaigre balsamique Bio Cauvin PR\u00c9PARATION\u00a0 Pr\u00e9chauffez votre four [&hellip;]<\/p>\n","protected":false},"author":1,"featured_media":0,"parent":466,"menu_order":0,"comment_status":"closed","ping_status":"closed","template":"elementor_header_footer","meta":{"_monsterinsights_skip_tracking":false,"_monsterinsights_sitenote_active":false,"_monsterinsights_sitenote_note":"","_monsterinsights_sitenote_category":0,"footnotes":""},"class_list":["post-2067","page","type-page","status-publish","hentry"],"_links":{"self":[{"href":"https:\/\/www.huilecauvin.com\/de\/wp-json\/wp\/v2\/pages\/2067","targetHints":{"allow":["GET"]}}],"collection":[{"href":"https:\/\/www.huilecauvin.com\/de\/wp-json\/wp\/v2\/pages"}],"about":[{"href":"https:\/\/www.huilecauvin.com\/de\/wp-json\/wp\/v2\/types\/page"}],"author":[{"embeddable":true,"href":"https:\/\/www.huilecauvin.com\/de\/wp-json\/wp\/v2\/users\/1"}],"replies":[{"embeddable":true,"href":"https:\/\/www.huilecauvin.com\/de\/wp-json\/wp\/v2\/comments?post=2067"}],"version-history":[{"count":0,"href":"https:\/\/www.huilecauvin.com\/de\/wp-json\/wp\/v2\/pages\/2067\/revisions"}],"up":[{"embeddable":true,"href":"https:\/\/www.huilecauvin.com\/de\/wp-json\/wp\/v2\/pages\/466"}],"wp:attachment":[{"href":"https:\/\/www.huilecauvin.com\/de\/wp-json\/wp\/v2\/media?parent=2067"}],"curies":[{"name":"wp","href":"https:\/\/api.w.org\/{rel}","templated":true}]}}