{"id":2062,"date":"2020-06-30T11:06:34","date_gmt":"2020-06-30T09:06:34","guid":{"rendered":"http:\/\/localhost\/wordpress\/?page_id=2062"},"modified":"2021-02-09T14:23:33","modified_gmt":"2021-02-09T13:23:33","slug":"pain-perdu-2","status":"publish","type":"page","link":"https:\/\/www.huilecauvin.com\/de\/recettes\/desserts\/pain-perdu-2\/","title":{"rendered":"Arme Ritter"},"content":{"rendered":"<div data-elementor-type=\"wp-page\" data-elementor-id=\"2062\" class=\"elementor elementor-2062\">\n\t\t\t\t\t\t<section class=\"elementor-section elementor-top-section elementor-element elementor-element-45a358f elementor-section-stretched elementor-section-boxed elementor-section-height-default elementor-section-height-default\" data-id=\"45a358f\" data-element_type=\"section\" data-e-type=\"section\" data-settings=\"{&quot;stretch_section&quot;:&quot;section-stretched&quot;}\">\n\t\t\t\t\t\t<div class=\"elementor-container elementor-column-gap-default\">\n\t\t\t\t\t<div class=\"elementor-column elementor-col-100 elementor-top-column elementor-element elementor-element-e3acb99\" data-id=\"e3acb99\" data-element_type=\"column\" data-e-type=\"column\">\n\t\t\t<div class=\"elementor-widget-wrap elementor-element-populated\">\n\t\t\t\t\t\t<div class=\"elementor-element elementor-element-e8bcbe9 elementor-widget elementor-widget-spacer\" data-id=\"e8bcbe9\" data-element_type=\"widget\" data-e-type=\"widget\" data-widget_type=\"spacer.default\">\n\t\t\t\t<div class=\"elementor-widget-container\">\n\t\t\t\t\t\t\t<div class=\"elementor-spacer\">\n\t\t\t<div class=\"elementor-spacer-inner\"><\/div>\n\t\t<\/div>\n\t\t\t\t\t\t<\/div>\n\t\t\t\t<\/div>\n\t\t\t\t<div class=\"elementor-element elementor-element-0364421 elementor-widget elementor-widget-heading\" data-id=\"0364421\" data-element_type=\"widget\" data-e-type=\"widget\" data-widget_type=\"heading.default\">\n\t\t\t\t<div class=\"elementor-widget-container\">\n\t\t\t\t\t<h2 class=\"elementor-heading-title elementor-size-default\">Arme Ritter<\/h2>\t\t\t\t<\/div>\n\t\t\t\t<\/div>\n\t\t\t\t<div class=\"elementor-element elementor-element-6c559b6 elementor-widget elementor-widget-spacer\" data-id=\"6c559b6\" data-element_type=\"widget\" data-e-type=\"widget\" data-widget_type=\"spacer.default\">\n\t\t\t\t<div class=\"elementor-widget-container\">\n\t\t\t\t\t\t\t<div class=\"elementor-spacer\">\n\t\t\t<div class=\"elementor-spacer-inner\"><\/div>\n\t\t<\/div>\n\t\t\t\t\t\t<\/div>\n\t\t\t\t<\/div>\n\t\t\t\t\t<\/div>\n\t\t<\/div>\n\t\t\t\t\t<\/div>\n\t\t<\/section>\n\t\t\t\t<section class=\"elementor-section elementor-top-section elementor-element elementor-element-c8d216a elementor-section-stretched elementor-section-boxed elementor-section-height-default elementor-section-height-default\" data-id=\"c8d216a\" data-element_type=\"section\" data-e-type=\"section\" data-settings=\"{&quot;stretch_section&quot;:&quot;section-stretched&quot;}\">\n\t\t\t\t\t\t<div class=\"elementor-container elementor-column-gap-default\">\n\t\t\t\t\t<div class=\"elementor-column elementor-col-66 elementor-top-column elementor-element elementor-element-2781149\" data-id=\"2781149\" data-element_type=\"column\" data-e-type=\"column\">\n\t\t\t<div class=\"elementor-widget-wrap elementor-element-populated\">\n\t\t\t\t\t\t<div class=\"elementor-element elementor-element-0607e13 elementor-widget elementor-widget-text-editor\" data-id=\"0607e13\" data-element_type=\"widget\" data-e-type=\"widget\" data-widget_type=\"text-editor.default\">\n\t\t\t\t<div class=\"elementor-widget-container\">\n\t\t\t\t\t\t\t\t\t<p><strong>F\u00fcr 4 Personen<\/strong><\/p>\n<p>&nbsp;<strong>ZUTATEN<\/strong><\/p>\n<ul>\n<li>Trockenes Brot oder Brioche-Brot<\/li>\n<li>3 Essl\u00f6ffel Zucker<\/li>\n<li>1 Glas Milch<\/li>\n<li>1 Ei<\/li>\n<li><a href=\"\/de\/cave-a-huile\/les-huiles-decouvertes-bio\/huile-vierge-dargan-grille-bio\/\"><strong>Natives BIO-Argan\u00f6l, ger\u00f6stet, von Cauvin<\/strong><\/a><\/li>\n<\/ul>\n<p><strong>ZUBEREITUNG<\/strong><\/p>\n<ol>\n<li>In einer Sch\u00fcssel das Ei mit dem Zucker aufschlagen. Die Milch hinzuf\u00fcgen.<\/li>\n<li>Das Brot oder Brioche-Brot in Scheiben schneiden.<\/li>\n<li>Die Brotscheiben in die Ei-Milch-Mischung legen.<\/li>\n<li>Etwas <strong><a href=\"\/de\/cave-a-huile\/les-huiles-decouvertes-bio\/huile-vierge-dargan-grille-bio\/\">Natives BIO-Argan\u00f6l, ger\u00f6stet, von Cauvin<\/a>&nbsp;<\/strong>erhitzen.<\/li>\n<li>Die Brotscheiben darin an beiden Seiten goldbraun anbraten. Anschlie\u00dfend auf ein K\u00fcchentuch legen.<\/li>\n<\/ol>\t\t\t\t\t\t\t\t<\/div>\n\t\t\t\t<\/div>\n\t\t\t\t\t<\/div>\n\t\t<\/div>\n\t\t\t\t<div class=\"elementor-column elementor-col-33 elementor-top-column elementor-element elementor-element-79009b2\" data-id=\"79009b2\" data-element_type=\"column\" data-e-type=\"column\">\n\t\t\t<div class=\"elementor-widget-wrap elementor-element-populated\">\n\t\t\t\t\t\t<div class=\"elementor-element elementor-element-67b3bb0 elementor-widget elementor-widget-image\" data-id=\"67b3bb0\" data-element_type=\"widget\" data-e-type=\"widget\" data-widget_type=\"image.default\">\n\t\t\t\t<div class=\"elementor-widget-container\">\n\t\t\t\t\t\t\t\t\t\t\t\t\t\t\t<img fetchpriority=\"high\" decoding=\"async\" width=\"768\" height=\"768\" src=\"https:\/\/www.huilecauvin.com\/wp-content\/uploads\/2020\/05\/PAIN-Perdu-768x768.png\" class=\"attachment-medium_large size-medium_large wp-image-1017\" alt=\"\" srcset=\"https:\/\/www.huilecauvin.com\/wp-content\/uploads\/2020\/05\/PAIN-Perdu-768x768.png 768w, https:\/\/www.huilecauvin.com\/wp-content\/uploads\/2020\/05\/PAIN-Perdu-300x300.png 300w, https:\/\/www.huilecauvin.com\/wp-content\/uploads\/2020\/05\/PAIN-Perdu-1024x1024.png 1024w, https:\/\/www.huilecauvin.com\/wp-content\/uploads\/2020\/05\/PAIN-Perdu-150x150.png 150w, https:\/\/www.huilecauvin.com\/wp-content\/uploads\/2020\/05\/PAIN-Perdu-1536x1536.png 1536w, https:\/\/www.huilecauvin.com\/wp-content\/uploads\/2020\/05\/PAIN-Perdu.png 2000w\" sizes=\"(max-width: 768px) 100vw, 768px\" \/>\t\t\t\t\t\t\t\t\t\t\t\t\t\t\t<\/div>\n\t\t\t\t<\/div>\n\t\t\t\t\t<\/div>\n\t\t<\/div>\n\t\t\t\t\t<\/div>\n\t\t<\/section>\n\t\t\t\t<section class=\"elementor-section elementor-top-section elementor-element elementor-element-8163175 elementor-section-stretched elementor-section-boxed elementor-section-height-default elementor-section-height-default\" data-id=\"8163175\" data-element_type=\"section\" data-e-type=\"section\" data-settings=\"{&quot;stretch_section&quot;:&quot;section-stretched&quot;}\">\n\t\t\t\t\t\t<div class=\"elementor-container elementor-column-gap-default\">\n\t\t\t\t\t<div class=\"elementor-column elementor-col-100 elementor-top-column elementor-element elementor-element-e899325\" data-id=\"e899325\" data-element_type=\"column\" data-e-type=\"column\">\n\t\t\t<div class=\"elementor-widget-wrap elementor-element-populated\">\n\t\t\t\t\t\t<div class=\"elementor-element elementor-element-bf60f7a elementor-widget elementor-widget-spacer\" data-id=\"bf60f7a\" data-element_type=\"widget\" data-e-type=\"widget\" data-widget_type=\"spacer.default\">\n\t\t\t\t<div class=\"elementor-widget-container\">\n\t\t\t\t\t\t\t<div class=\"elementor-spacer\">\n\t\t\t<div class=\"elementor-spacer-inner\"><\/div>\n\t\t<\/div>\n\t\t\t\t\t\t<\/div>\n\t\t\t\t<\/div>\n\t\t\t\t\t<\/div>\n\t\t<\/div>\n\t\t\t\t\t<\/div>\n\t\t<\/section>\n\t\t\t\t<\/div>","protected":false},"excerpt":{"rendered":"<p>Pain perdu Pour 4 personnes &nbsp;INGR\u00c9DIENTS Pain rassis ou brioches 3 cuill\u00e8res \u00e0 soupe de sucre 1 verre de lait 1 oeuf Huile vierge d&#8217;argan grill\u00e9 Bio Cauvin PR\u00c9PARATION Dans un r\u00e9cipient, battez l&#8217;\u0153uf avec le sucre. Ajoutez-y le lait. Coupez le pain ou la brioche en tranches. Mettez les tranches \u00e0 tremper dans la [&hellip;]<\/p>\n","protected":false},"author":1,"featured_media":0,"parent":481,"menu_order":0,"comment_status":"closed","ping_status":"closed","template":"elementor_header_footer","meta":{"_monsterinsights_skip_tracking":false,"_monsterinsights_sitenote_active":false,"_monsterinsights_sitenote_note":"","_monsterinsights_sitenote_category":0,"footnotes":""},"class_list":["post-2062","page","type-page","status-publish","hentry"],"_links":{"self":[{"href":"https:\/\/www.huilecauvin.com\/de\/wp-json\/wp\/v2\/pages\/2062","targetHints":{"allow":["GET"]}}],"collection":[{"href":"https:\/\/www.huilecauvin.com\/de\/wp-json\/wp\/v2\/pages"}],"about":[{"href":"https:\/\/www.huilecauvin.com\/de\/wp-json\/wp\/v2\/types\/page"}],"author":[{"embeddable":true,"href":"https:\/\/www.huilecauvin.com\/de\/wp-json\/wp\/v2\/users\/1"}],"replies":[{"embeddable":true,"href":"https:\/\/www.huilecauvin.com\/de\/wp-json\/wp\/v2\/comments?post=2062"}],"version-history":[{"count":0,"href":"https:\/\/www.huilecauvin.com\/de\/wp-json\/wp\/v2\/pages\/2062\/revisions"}],"up":[{"embeddable":true,"href":"https:\/\/www.huilecauvin.com\/de\/wp-json\/wp\/v2\/pages\/481"}],"wp:attachment":[{"href":"https:\/\/www.huilecauvin.com\/de\/wp-json\/wp\/v2\/media?parent=2062"}],"curies":[{"name":"wp","href":"https:\/\/api.w.org\/{rel}","templated":true}]}}