{"id":1937,"date":"2020-06-24T16:22:07","date_gmt":"2020-06-24T14:22:07","guid":{"rendered":"http:\/\/localhost\/wordpress\/?page_id=1937"},"modified":"2020-07-15T09:26:53","modified_gmt":"2020-07-15T07:26:53","slug":"soupe-verte","status":"publish","type":"page","link":"https:\/\/www.huilecauvin.com\/de\/recettes\/aperitifs-entrees\/soupe-verte\/","title":{"rendered":"Gr\u00fcne Suppe"},"content":{"rendered":"<div data-elementor-type=\"wp-page\" data-elementor-id=\"1937\" class=\"elementor elementor-1937\">\n\t\t\t\t\t\t<section class=\"elementor-section elementor-top-section elementor-element elementor-element-54de69b elementor-section-stretched elementor-section-boxed elementor-section-height-default elementor-section-height-default\" data-id=\"54de69b\" data-element_type=\"section\" data-e-type=\"section\" data-settings=\"{&quot;stretch_section&quot;:&quot;section-stretched&quot;}\">\n\t\t\t\t\t\t<div class=\"elementor-container elementor-column-gap-default\">\n\t\t\t\t\t<div class=\"elementor-column elementor-col-100 elementor-top-column elementor-element elementor-element-628d0a5\" data-id=\"628d0a5\" data-element_type=\"column\" data-e-type=\"column\">\n\t\t\t<div class=\"elementor-widget-wrap elementor-element-populated\">\n\t\t\t\t\t\t<div class=\"elementor-element elementor-element-4fab92f elementor-widget elementor-widget-spacer\" data-id=\"4fab92f\" data-element_type=\"widget\" data-e-type=\"widget\" data-widget_type=\"spacer.default\">\n\t\t\t\t<div class=\"elementor-widget-container\">\n\t\t\t\t\t\t\t<div class=\"elementor-spacer\">\n\t\t\t<div class=\"elementor-spacer-inner\"><\/div>\n\t\t<\/div>\n\t\t\t\t\t\t<\/div>\n\t\t\t\t<\/div>\n\t\t\t\t<div class=\"elementor-element elementor-element-6ff6e88 elementor-widget elementor-widget-heading\" data-id=\"6ff6e88\" data-element_type=\"widget\" data-e-type=\"widget\" data-widget_type=\"heading.default\">\n\t\t\t\t<div class=\"elementor-widget-container\">\n\t\t\t\t\t<h2 class=\"elementor-heading-title elementor-size-default\">Gr\u00fcne Suppe<\/h2>\t\t\t\t<\/div>\n\t\t\t\t<\/div>\n\t\t\t\t<div class=\"elementor-element elementor-element-36c79ca elementor-widget elementor-widget-spacer\" data-id=\"36c79ca\" data-element_type=\"widget\" data-e-type=\"widget\" data-widget_type=\"spacer.default\">\n\t\t\t\t<div class=\"elementor-widget-container\">\n\t\t\t\t\t\t\t<div class=\"elementor-spacer\">\n\t\t\t<div class=\"elementor-spacer-inner\"><\/div>\n\t\t<\/div>\n\t\t\t\t\t\t<\/div>\n\t\t\t\t<\/div>\n\t\t\t\t\t<\/div>\n\t\t<\/div>\n\t\t\t\t\t<\/div>\n\t\t<\/section>\n\t\t\t\t<section class=\"elementor-section elementor-top-section elementor-element elementor-element-db061a6 elementor-section-stretched elementor-section-boxed elementor-section-height-default elementor-section-height-default\" data-id=\"db061a6\" data-element_type=\"section\" data-e-type=\"section\" data-settings=\"{&quot;stretch_section&quot;:&quot;section-stretched&quot;}\">\n\t\t\t\t\t\t<div class=\"elementor-container elementor-column-gap-default\">\n\t\t\t\t\t<div class=\"elementor-column elementor-col-50 elementor-top-column elementor-element elementor-element-efd2089\" data-id=\"efd2089\" data-element_type=\"column\" data-e-type=\"column\">\n\t\t\t<div class=\"elementor-widget-wrap elementor-element-populated\">\n\t\t\t\t\t\t<div class=\"elementor-element elementor-element-ad496da elementor-widget elementor-widget-text-editor\" data-id=\"ad496da\" data-element_type=\"widget\" data-e-type=\"widget\" data-widget_type=\"text-editor.default\">\n\t\t\t\t<div class=\"elementor-widget-container\">\n\t\t\t\t\t\t\t\t\t<p><strong>F\u00fcr 4 Personen<\/strong><\/p><p><b>ZUTATEN<\/b><\/p><ul><li>2 poireaux<\/li><li>2 courgettes<\/li><li>2 branches de c\u00e9leri<\/li><li>1 fenouil<\/li><li>1 Zwiebel<\/li><li>1 gousse d\u2019ail<\/li><li>2 Essl\u00f6ffel<a href=\"http:\/\/localhost\/wordpress\/cave-a-huile\/les-huiles-dolive\/la-fruitee-huile-dolive-vierge-extra\/\" data-wplink-url-error=\"true\"><strong>huile d\u2019olive vierge extra &#8220;Fruit\u00e9e&#8221; Cauvin<\/strong><\/a><\/li><li>Pfeffer<\/li><li>Salz<\/li><\/ul><p><b>ZUBEREITUNG<\/b><\/p><ol><li>Lavez tous les l\u00e9gumes, \u00e9pluchez-les puis coupez-les en petits morceaux.<\/li><li>Pelez et hachez finement l\u2019oignon et l\u2019ail. Faites les revenir quelques minutes dans une casserole avec l\u2019<a href=\"http:\/\/localhost\/wordpress\/cave-a-huile\/les-huiles-dolive\/la-fruitee-huile-dolive-vierge-extra\/\" data-wplink-url-error=\"true\"><strong>huile d\u2019olive &#8220;Fruit\u00e9e&#8221; Cauvin<\/strong><\/a>.<\/li><li>Ajoutez-y les l\u00e9gumes et couvrez d\u2019eau aux trois-quarts.<br \/>Salez et poivrez selon votre go\u00fbt. Laissez cuire 30min \u00e0 couvert et feu doux.<\/li><li>Mixez le tout en conservant bien l\u2019eau de cuisson. Votre soupe est pr\u00eate \u00e0 \u00eatre d\u00e9gust\u00e9e<\/li><\/ol>\t\t\t\t\t\t\t\t<\/div>\n\t\t\t\t<\/div>\n\t\t\t\t\t<\/div>\n\t\t<\/div>\n\t\t\t\t<div class=\"elementor-column elementor-col-50 elementor-top-column elementor-element elementor-element-6aa4235\" data-id=\"6aa4235\" data-element_type=\"column\" data-e-type=\"column\">\n\t\t\t<div class=\"elementor-widget-wrap elementor-element-populated\">\n\t\t\t\t\t\t<div class=\"elementor-element elementor-element-7306aee elementor-widget elementor-widget-spacer\" data-id=\"7306aee\" data-element_type=\"widget\" data-e-type=\"widget\" data-widget_type=\"spacer.default\">\n\t\t\t\t<div class=\"elementor-widget-container\">\n\t\t\t\t\t\t\t<div class=\"elementor-spacer\">\n\t\t\t<div class=\"elementor-spacer-inner\"><\/div>\n\t\t<\/div>\n\t\t\t\t\t\t<\/div>\n\t\t\t\t<\/div>\n\t\t\t\t<div class=\"elementor-element elementor-element-f1f3883 elementor-widget elementor-widget-image\" data-id=\"f1f3883\" data-element_type=\"widget\" data-e-type=\"widget\" data-widget_type=\"image.default\">\n\t\t\t\t<div class=\"elementor-widget-container\">\n\t\t\t\t\t\t\t\t\t\t\t\t\t\t\t<img fetchpriority=\"high\" decoding=\"async\" width=\"500\" height=\"500\" src=\"https:\/\/www.huilecauvin.com\/wp-content\/uploads\/2020\/06\/recette-soupe-verte-cauvin.png\" class=\"attachment-medium_large size-medium_large wp-image-1939\" alt=\"Gr\u00fcne Suppe\" srcset=\"https:\/\/www.huilecauvin.com\/wp-content\/uploads\/2020\/06\/recette-soupe-verte-cauvin.png 500w, https:\/\/www.huilecauvin.com\/wp-content\/uploads\/2020\/06\/recette-soupe-verte-cauvin-300x300.png 300w, https:\/\/www.huilecauvin.com\/wp-content\/uploads\/2020\/06\/recette-soupe-verte-cauvin-150x150.png 150w\" sizes=\"(max-width: 500px) 100vw, 500px\" \/>\t\t\t\t\t\t\t\t\t\t\t\t\t\t\t<\/div>\n\t\t\t\t<\/div>\n\t\t\t\t\t<\/div>\n\t\t<\/div>\n\t\t\t\t\t<\/div>\n\t\t<\/section>\n\t\t\t\t<section class=\"elementor-section elementor-top-section elementor-element elementor-element-ea807b2 elementor-section-stretched elementor-section-boxed elementor-section-height-default elementor-section-height-default\" data-id=\"ea807b2\" data-element_type=\"section\" data-e-type=\"section\" data-settings=\"{&quot;stretch_section&quot;:&quot;section-stretched&quot;}\">\n\t\t\t\t\t\t<div class=\"elementor-container elementor-column-gap-default\">\n\t\t\t\t\t<div class=\"elementor-column elementor-col-100 elementor-top-column elementor-element elementor-element-ce2b618\" data-id=\"ce2b618\" data-element_type=\"column\" data-e-type=\"column\">\n\t\t\t<div class=\"elementor-widget-wrap elementor-element-populated\">\n\t\t\t\t\t\t<div class=\"elementor-element elementor-element-afc82b1 elementor-widget elementor-widget-spacer\" data-id=\"afc82b1\" data-element_type=\"widget\" data-e-type=\"widget\" data-widget_type=\"spacer.default\">\n\t\t\t\t<div class=\"elementor-widget-container\">\n\t\t\t\t\t\t\t<div class=\"elementor-spacer\">\n\t\t\t<div class=\"elementor-spacer-inner\"><\/div>\n\t\t<\/div>\n\t\t\t\t\t\t<\/div>\n\t\t\t\t<\/div>\n\t\t\t\t\t<\/div>\n\t\t<\/div>\n\t\t\t\t\t<\/div>\n\t\t<\/section>\n\t\t\t\t<\/div>","protected":false},"excerpt":{"rendered":"<p>Soupe verte Pour 4 personnes INGR\u00c9DIENTS 2 poireaux 2 courgettes 2 branches de c\u00e9leri 1 fenouil 1 oignon 1 gousse d\u2019ail 2 cuil. \u00e0 soupe d\u2019huile d\u2019olive vierge extra &#8220;Fruit\u00e9e&#8221; Cauvin Poivre Sel PR\u00c9PARATION Lavez tous les l\u00e9gumes, \u00e9pluchez-les puis coupez-les en petits morceaux. Pelez et hachez finement l\u2019oignon et l\u2019ail. Faites les revenir quelques [&hellip;]<\/p>\n","protected":false},"author":1,"featured_media":0,"parent":466,"menu_order":0,"comment_status":"closed","ping_status":"closed","template":"elementor_header_footer","meta":{"_monsterinsights_skip_tracking":false,"_monsterinsights_sitenote_active":false,"_monsterinsights_sitenote_note":"","_monsterinsights_sitenote_category":0,"footnotes":""},"class_list":["post-1937","page","type-page","status-publish","hentry"],"_links":{"self":[{"href":"https:\/\/www.huilecauvin.com\/de\/wp-json\/wp\/v2\/pages\/1937","targetHints":{"allow":["GET"]}}],"collection":[{"href":"https:\/\/www.huilecauvin.com\/de\/wp-json\/wp\/v2\/pages"}],"about":[{"href":"https:\/\/www.huilecauvin.com\/de\/wp-json\/wp\/v2\/types\/page"}],"author":[{"embeddable":true,"href":"https:\/\/www.huilecauvin.com\/de\/wp-json\/wp\/v2\/users\/1"}],"replies":[{"embeddable":true,"href":"https:\/\/www.huilecauvin.com\/de\/wp-json\/wp\/v2\/comments?post=1937"}],"version-history":[{"count":0,"href":"https:\/\/www.huilecauvin.com\/de\/wp-json\/wp\/v2\/pages\/1937\/revisions"}],"up":[{"embeddable":true,"href":"https:\/\/www.huilecauvin.com\/de\/wp-json\/wp\/v2\/pages\/466"}],"wp:attachment":[{"href":"https:\/\/www.huilecauvin.com\/de\/wp-json\/wp\/v2\/media?parent=1937"}],"curies":[{"name":"wp","href":"https:\/\/api.w.org\/{rel}","templated":true}]}}