{"id":1877,"date":"2020-06-23T16:46:46","date_gmt":"2020-06-23T14:46:46","guid":{"rendered":"http:\/\/localhost\/wordpress\/?page_id=1877"},"modified":"2021-02-09T10:19:50","modified_gmt":"2021-02-09T09:19:50","slug":"pizza","status":"publish","type":"page","link":"https:\/\/www.huilecauvin.com\/de\/recettes\/plats\/pizza\/","title":{"rendered":"Pizza"},"content":{"rendered":"<div data-elementor-type=\"wp-page\" data-elementor-id=\"1877\" class=\"elementor elementor-1877\">\n\t\t\t\t\t\t<section class=\"elementor-section elementor-top-section elementor-element elementor-element-0ed3c4d elementor-section-stretched elementor-section-boxed elementor-section-height-default elementor-section-height-default\" data-id=\"0ed3c4d\" data-element_type=\"section\" data-e-type=\"section\" data-settings=\"{&quot;stretch_section&quot;:&quot;section-stretched&quot;}\">\n\t\t\t\t\t\t<div class=\"elementor-container elementor-column-gap-default\">\n\t\t\t\t\t<div class=\"elementor-column elementor-col-100 elementor-top-column elementor-element elementor-element-545f69a\" data-id=\"545f69a\" data-element_type=\"column\" data-e-type=\"column\">\n\t\t\t<div class=\"elementor-widget-wrap elementor-element-populated\">\n\t\t\t\t\t\t<div class=\"elementor-element elementor-element-b309fbd elementor-widget elementor-widget-spacer\" data-id=\"b309fbd\" data-element_type=\"widget\" data-e-type=\"widget\" data-widget_type=\"spacer.default\">\n\t\t\t\t<div class=\"elementor-widget-container\">\n\t\t\t\t\t\t\t<div class=\"elementor-spacer\">\n\t\t\t<div class=\"elementor-spacer-inner\"><\/div>\n\t\t<\/div>\n\t\t\t\t\t\t<\/div>\n\t\t\t\t<\/div>\n\t\t\t\t<div class=\"elementor-element elementor-element-5a7b077 elementor-widget elementor-widget-heading\" data-id=\"5a7b077\" data-element_type=\"widget\" data-e-type=\"widget\" data-widget_type=\"heading.default\">\n\t\t\t\t<div class=\"elementor-widget-container\">\n\t\t\t\t\t<h2 class=\"elementor-heading-title elementor-size-default\">Pizza<\/h2>\t\t\t\t<\/div>\n\t\t\t\t<\/div>\n\t\t\t\t<div class=\"elementor-element elementor-element-f324f43 elementor-widget elementor-widget-spacer\" data-id=\"f324f43\" data-element_type=\"widget\" data-e-type=\"widget\" data-widget_type=\"spacer.default\">\n\t\t\t\t<div class=\"elementor-widget-container\">\n\t\t\t\t\t\t\t<div class=\"elementor-spacer\">\n\t\t\t<div class=\"elementor-spacer-inner\"><\/div>\n\t\t<\/div>\n\t\t\t\t\t\t<\/div>\n\t\t\t\t<\/div>\n\t\t\t\t\t<\/div>\n\t\t<\/div>\n\t\t\t\t\t<\/div>\n\t\t<\/section>\n\t\t\t\t<section class=\"elementor-section elementor-top-section elementor-element elementor-element-5fa1497 elementor-section-stretched elementor-section-boxed elementor-section-height-default elementor-section-height-default\" data-id=\"5fa1497\" data-element_type=\"section\" data-e-type=\"section\" data-settings=\"{&quot;stretch_section&quot;:&quot;section-stretched&quot;}\">\n\t\t\t\t\t\t<div class=\"elementor-container elementor-column-gap-default\">\n\t\t\t\t\t<div class=\"elementor-column elementor-col-66 elementor-top-column elementor-element elementor-element-b2f6729\" data-id=\"b2f6729\" data-element_type=\"column\" data-e-type=\"column\">\n\t\t\t<div class=\"elementor-widget-wrap elementor-element-populated\">\n\t\t\t\t\t\t<div class=\"elementor-element elementor-element-85dcf22 elementor-widget elementor-widget-text-editor\" data-id=\"85dcf22\" data-element_type=\"widget\" data-e-type=\"widget\" data-widget_type=\"text-editor.default\">\n\t\t\t\t<div class=\"elementor-widget-container\">\n\t\t\t\t\t\t\t\t\t<p><strong>Zutaten<\/strong><\/p><p>F\u00fcr den Teig:<\/p><ul><li>350 g Weizenmehl (f\u00fcr Brotteig)<\/li><li>2 Teel\u00f6ffel Salz<\/li><li>1 Beutel Backhefe<\/li><li>3 Essl\u00f6ffel <a href=\"\/de\/cave-a-huile\/les-huiles-selection\/huile-dolive-vierge-extra-arbequine-non-filtree-selection-2\/\"><strong>Ungefiltertes Oliven\u00f6l der Produktreihe S\u00e9lection von Cauvin<\/strong><\/a><\/li><li>25 ml lauwarmes Wasser<\/li><\/ul><p>F\u00fcr den Belag:<\/p><ul><li>4 Essl\u00f6ffel Tomatenso\u00dfe<\/li><li>100 g geriebener K\u00e4se<\/li><li>1 Kugel Mozzarella<\/li><li>Einige schwarze Oliven<\/li><li>Einige Bl\u00e4tter Rucola<\/li><li><a href=\"\/de\/cave-a-huile\/les-huiles-decouvertes\/huile-pimentee-pour-pizza\/\"><strong>Chili\u00f6l f\u00fcr Pizza der Produktreihe D\u00e9couvertes von Cauvin<\/strong><\/a><\/li><\/ul><p><strong>Zubereitung<\/strong><\/p><ol><li>Das Mehl (350 g) in eine gro\u00dfe Sch\u00fcssel geben. Dann das Salz, die Backhefe und das Oliven\u00f6l dazugeben.<\/li><li>Nach und nach mit einem Holzl\u00f6ffel das lauwarme Wasser einarbeiten.<\/li><li>Den Teig einige Minuten lang lang kneten, bis er sich leicht von der Sch\u00fcssel l\u00f6st.<\/li><li>Die Sch\u00fcssel mit einem K\u00fcchentuch abdecken und den Teig 1 Std. lang bei Zimmertemperatur ruhen lassen.<\/li><li>Nach einer Stunde die Arbeitsplatte mit Mehl best\u00e4uben und den Pizzateig darauf legen.<\/li><li>Den Teig einige Minuten lang durchkneten.<\/li><li>Den Teig in der passenden Gr\u00f6\u00dfe ausrollen und auf das mit Backpapier ausgelegte Backblech legen.<\/li><li>Die Pizza mit der in Scheiben geschnittenen Mozzarella und den Oliven belegen und mit dem geriebenen K\u00e4se bestreuen.<\/li><li>10 bis 15 Minuten lang bei 210\u00b0C backen.<\/li><\/ol><p>Vor dem Servieren mit den Rucola-Bl\u00e4ttern verzieren und mit etwas Chili\u00f6l f\u00fcr Pizza der Produktreihe S\u00e9lection von CAUVIN betr\u00e4ufeln.<\/p>\t\t\t\t\t\t\t\t<\/div>\n\t\t\t\t<\/div>\n\t\t\t\t\t<\/div>\n\t\t<\/div>\n\t\t\t\t<div class=\"elementor-column elementor-col-33 elementor-top-column elementor-element elementor-element-2636339\" data-id=\"2636339\" data-element_type=\"column\" data-e-type=\"column\">\n\t\t\t<div class=\"elementor-widget-wrap elementor-element-populated\">\n\t\t\t\t\t\t<div class=\"elementor-element elementor-element-9452df7 elementor-widget elementor-widget-image\" data-id=\"9452df7\" data-element_type=\"widget\" data-e-type=\"widget\" data-widget_type=\"image.default\">\n\t\t\t\t<div class=\"elementor-widget-container\">\n\t\t\t\t\t\t\t\t\t\t\t\t\t\t\t<img fetchpriority=\"high\" decoding=\"async\" width=\"500\" height=\"500\" src=\"https:\/\/www.huilecauvin.com\/wp-content\/uploads\/2020\/06\/pizza-roquette-cauvin.png\" class=\"attachment-medium_large size-medium_large wp-image-1633\" alt=\"\" srcset=\"https:\/\/www.huilecauvin.com\/wp-content\/uploads\/2020\/06\/pizza-roquette-cauvin.png 500w, https:\/\/www.huilecauvin.com\/wp-content\/uploads\/2020\/06\/pizza-roquette-cauvin-300x300.png 300w, https:\/\/www.huilecauvin.com\/wp-content\/uploads\/2020\/06\/pizza-roquette-cauvin-150x150.png 150w\" sizes=\"(max-width: 500px) 100vw, 500px\" \/>\t\t\t\t\t\t\t\t\t\t\t\t\t\t\t<\/div>\n\t\t\t\t<\/div>\n\t\t\t\t\t<\/div>\n\t\t<\/div>\n\t\t\t\t\t<\/div>\n\t\t<\/section>\n\t\t\t\t<section class=\"elementor-section elementor-top-section elementor-element elementor-element-6c86e23 elementor-section-stretched elementor-section-boxed elementor-section-height-default elementor-section-height-default\" data-id=\"6c86e23\" data-element_type=\"section\" data-e-type=\"section\" data-settings=\"{&quot;stretch_section&quot;:&quot;section-stretched&quot;}\">\n\t\t\t\t\t\t<div class=\"elementor-container elementor-column-gap-default\">\n\t\t\t\t\t<div class=\"elementor-column elementor-col-100 elementor-top-column elementor-element elementor-element-a8a085c\" data-id=\"a8a085c\" data-element_type=\"column\" data-e-type=\"column\">\n\t\t\t<div class=\"elementor-widget-wrap elementor-element-populated\">\n\t\t\t\t\t\t<div class=\"elementor-element elementor-element-26dbe1c elementor-widget elementor-widget-spacer\" data-id=\"26dbe1c\" data-element_type=\"widget\" data-e-type=\"widget\" data-widget_type=\"spacer.default\">\n\t\t\t\t<div class=\"elementor-widget-container\">\n\t\t\t\t\t\t\t<div class=\"elementor-spacer\">\n\t\t\t<div class=\"elementor-spacer-inner\"><\/div>\n\t\t<\/div>\n\t\t\t\t\t\t<\/div>\n\t\t\t\t<\/div>\n\t\t\t\t\t<\/div>\n\t\t<\/div>\n\t\t\t\t\t<\/div>\n\t\t<\/section>\n\t\t\t\t<\/div>","protected":false},"excerpt":{"rendered":"<p>Pizza Ingr\u00e9dients Pour la p\u00e2te : 350 g de farine (type p\u00e2te \u00e0 pain) 2 cuill\u00e8res \u00e0 caf\u00e9 de sel 1 sachet de levure boulang\u00e8re 3 cuill\u00e8res \u00e0 soupe d&#8217;huile d&#8217;olive Cauvin S\u00e9lection Non filtr\u00e9e 25 cl d&#8217;eau ti\u00e8de Pour la garniture : 4 cuill\u00e8res \u00e0 soupe de sauce tomate 100g de fromage r\u00e2p\u00e9 1 [&hellip;]<\/p>\n","protected":false},"author":1,"featured_media":0,"parent":470,"menu_order":0,"comment_status":"closed","ping_status":"closed","template":"elementor_header_footer","meta":{"_monsterinsights_skip_tracking":false,"_monsterinsights_sitenote_active":false,"_monsterinsights_sitenote_note":"","_monsterinsights_sitenote_category":0,"footnotes":""},"class_list":["post-1877","page","type-page","status-publish","hentry"],"_links":{"self":[{"href":"https:\/\/www.huilecauvin.com\/de\/wp-json\/wp\/v2\/pages\/1877","targetHints":{"allow":["GET"]}}],"collection":[{"href":"https:\/\/www.huilecauvin.com\/de\/wp-json\/wp\/v2\/pages"}],"about":[{"href":"https:\/\/www.huilecauvin.com\/de\/wp-json\/wp\/v2\/types\/page"}],"author":[{"embeddable":true,"href":"https:\/\/www.huilecauvin.com\/de\/wp-json\/wp\/v2\/users\/1"}],"replies":[{"embeddable":true,"href":"https:\/\/www.huilecauvin.com\/de\/wp-json\/wp\/v2\/comments?post=1877"}],"version-history":[{"count":0,"href":"https:\/\/www.huilecauvin.com\/de\/wp-json\/wp\/v2\/pages\/1877\/revisions"}],"up":[{"embeddable":true,"href":"https:\/\/www.huilecauvin.com\/de\/wp-json\/wp\/v2\/pages\/470"}],"wp:attachment":[{"href":"https:\/\/www.huilecauvin.com\/de\/wp-json\/wp\/v2\/media?parent=1877"}],"curies":[{"name":"wp","href":"https:\/\/api.w.org\/{rel}","templated":true}]}}