{"id":1841,"date":"2020-06-23T09:24:17","date_gmt":"2020-06-23T07:24:17","guid":{"rendered":"http:\/\/localhost\/wordpress\/?page_id=1841"},"modified":"2021-02-09T14:13:17","modified_gmt":"2021-02-09T13:13:17","slug":"crumble-aux-fraises","status":"publish","type":"page","link":"https:\/\/www.huilecauvin.com\/de\/recettes\/desserts\/crumble-aux-fraises\/","title":{"rendered":"Erdbeer-Crumble"},"content":{"rendered":"<div data-elementor-type=\"wp-page\" data-elementor-id=\"1841\" class=\"elementor elementor-1841\">\n\t\t\t\t\t\t<section class=\"elementor-section elementor-top-section elementor-element elementor-element-ce85930 elementor-section-stretched elementor-section-boxed elementor-section-height-default elementor-section-height-default\" data-id=\"ce85930\" data-element_type=\"section\" data-e-type=\"section\" data-settings=\"{&quot;stretch_section&quot;:&quot;section-stretched&quot;}\">\n\t\t\t\t\t\t<div class=\"elementor-container elementor-column-gap-default\">\n\t\t\t\t\t<div class=\"elementor-column elementor-col-100 elementor-top-column elementor-element elementor-element-2d8a59f\" data-id=\"2d8a59f\" data-element_type=\"column\" data-e-type=\"column\">\n\t\t\t<div class=\"elementor-widget-wrap elementor-element-populated\">\n\t\t\t\t\t\t<div class=\"elementor-element elementor-element-14cd0de elementor-widget elementor-widget-spacer\" data-id=\"14cd0de\" data-element_type=\"widget\" data-e-type=\"widget\" data-widget_type=\"spacer.default\">\n\t\t\t\t<div class=\"elementor-widget-container\">\n\t\t\t\t\t\t\t<div class=\"elementor-spacer\">\n\t\t\t<div class=\"elementor-spacer-inner\"><\/div>\n\t\t<\/div>\n\t\t\t\t\t\t<\/div>\n\t\t\t\t<\/div>\n\t\t\t\t<div class=\"elementor-element elementor-element-d8c05bc elementor-widget elementor-widget-heading\" data-id=\"d8c05bc\" data-element_type=\"widget\" data-e-type=\"widget\" data-widget_type=\"heading.default\">\n\t\t\t\t<div class=\"elementor-widget-container\">\n\t\t\t\t\t<h2 class=\"elementor-heading-title elementor-size-default\">Erdbeer-Crumble<\/h2>\t\t\t\t<\/div>\n\t\t\t\t<\/div>\n\t\t\t\t<div class=\"elementor-element elementor-element-d5e40b6 elementor-widget elementor-widget-spacer\" data-id=\"d5e40b6\" data-element_type=\"widget\" data-e-type=\"widget\" data-widget_type=\"spacer.default\">\n\t\t\t\t<div class=\"elementor-widget-container\">\n\t\t\t\t\t\t\t<div class=\"elementor-spacer\">\n\t\t\t<div class=\"elementor-spacer-inner\"><\/div>\n\t\t<\/div>\n\t\t\t\t\t\t<\/div>\n\t\t\t\t<\/div>\n\t\t\t\t\t<\/div>\n\t\t<\/div>\n\t\t\t\t\t<\/div>\n\t\t<\/section>\n\t\t\t\t<section class=\"elementor-section elementor-top-section elementor-element elementor-element-5fa1497 elementor-section-stretched elementor-section-boxed elementor-section-height-default elementor-section-height-default\" data-id=\"5fa1497\" data-element_type=\"section\" data-e-type=\"section\" data-settings=\"{&quot;stretch_section&quot;:&quot;section-stretched&quot;}\">\n\t\t\t\t\t\t<div class=\"elementor-container elementor-column-gap-default\">\n\t\t\t\t\t<div class=\"elementor-column elementor-col-66 elementor-top-column elementor-element elementor-element-b2f6729\" data-id=\"b2f6729\" data-element_type=\"column\" data-e-type=\"column\">\n\t\t\t<div class=\"elementor-widget-wrap elementor-element-populated\">\n\t\t\t\t\t\t<div class=\"elementor-element elementor-element-85dcf22 elementor-widget elementor-widget-text-editor\" data-id=\"85dcf22\" data-element_type=\"widget\" data-e-type=\"widget\" data-widget_type=\"text-editor.default\">\n\t\t\t\t<div class=\"elementor-widget-container\">\n\t\t\t\t\t\t\t\t\t<p><strong>F\u00fcr 4 Personen\u00a0<\/strong><\/p><p><strong>Zutaten<\/strong><\/p><ul><li>100 g Mehl<\/li><li>300 g Erdbeeren<\/li><li>80 g Zucker<\/li><li>70 g\u00a0<a href=\"\/de\/cave-a-huile\/les-huiles-decouvertes\/huile-vierge-de-noisette\/\"><strong>natives Haselnuss\u00f6l der Produktreihe D\u00e9couvertes von Cauvin<\/strong><\/a><\/li><\/ul><p><strong>Zubereitung<\/strong><\/p><ol><li>Alle trockenen Zutaten vermischen<\/li><li>Das <a href=\"\/de\/cave-a-huile\/les-huiles-decouvertes\/huile-vierge-de-noisette\/\"><strong>native Haselnuss\u00f6l der Produktreihe D\u00e9couvertes von Cauvin<\/strong><\/a> und die restlichen Zutaten hinzugeben.<\/li><li>Den Teig mit den Fingern vermengen und zu einem kr\u00fcmeligen Teig verarbeiten.<\/li><li>Die Erdbeeren unter flie\u00dfendem Wasser absp\u00fclen.<\/li><li>Die Erdbeeren auf dem Boden einer Auflaufform verteilen, dann den Teig als Streusel dar\u00fcber verteilen.<\/li><li>25-30 Minuten bei 180\u00b0C backen.<\/li><li>Das Crumble ist fertig, wenn der Teig goldbraun ist. Warm oder kalt genie\u00dfen. Noch k\u00f6stlicher: Mit einer Kugel Vanilleeis servieren!<\/li><\/ol>\t\t\t\t\t\t\t\t<\/div>\n\t\t\t\t<\/div>\n\t\t\t\t\t<\/div>\n\t\t<\/div>\n\t\t\t\t<div class=\"elementor-column elementor-col-33 elementor-top-column elementor-element elementor-element-2636339\" data-id=\"2636339\" data-element_type=\"column\" data-e-type=\"column\">\n\t\t\t<div class=\"elementor-widget-wrap elementor-element-populated\">\n\t\t\t\t\t\t<div class=\"elementor-element elementor-element-9452df7 elementor-widget elementor-widget-image\" data-id=\"9452df7\" data-element_type=\"widget\" data-e-type=\"widget\" data-widget_type=\"image.default\">\n\t\t\t\t<div class=\"elementor-widget-container\">\n\t\t\t\t\t\t\t\t\t\t\t\t\t\t\t<img fetchpriority=\"high\" decoding=\"async\" width=\"500\" height=\"500\" src=\"https:\/\/www.huilecauvin.com\/wp-content\/uploads\/2020\/06\/CRUMBLE_FRAISES.png\" class=\"attachment-medium_large size-medium_large wp-image-1335\" alt=\"\" srcset=\"https:\/\/www.huilecauvin.com\/wp-content\/uploads\/2020\/06\/CRUMBLE_FRAISES.png 500w, https:\/\/www.huilecauvin.com\/wp-content\/uploads\/2020\/06\/CRUMBLE_FRAISES-300x300.png 300w, https:\/\/www.huilecauvin.com\/wp-content\/uploads\/2020\/06\/CRUMBLE_FRAISES-150x150.png 150w\" sizes=\"(max-width: 500px) 100vw, 500px\" \/>\t\t\t\t\t\t\t\t\t\t\t\t\t\t\t<\/div>\n\t\t\t\t<\/div>\n\t\t\t\t\t<\/div>\n\t\t<\/div>\n\t\t\t\t\t<\/div>\n\t\t<\/section>\n\t\t\t\t<section class=\"elementor-section elementor-top-section elementor-element elementor-element-450ff2c elementor-section-stretched elementor-section-boxed elementor-section-height-default elementor-section-height-default\" data-id=\"450ff2c\" data-element_type=\"section\" data-e-type=\"section\" data-settings=\"{&quot;stretch_section&quot;:&quot;section-stretched&quot;}\">\n\t\t\t\t\t\t<div class=\"elementor-container elementor-column-gap-default\">\n\t\t\t\t\t<div class=\"elementor-column elementor-col-100 elementor-top-column elementor-element elementor-element-6fb0968\" data-id=\"6fb0968\" data-element_type=\"column\" data-e-type=\"column\">\n\t\t\t<div class=\"elementor-widget-wrap elementor-element-populated\">\n\t\t\t\t\t\t<div class=\"elementor-element elementor-element-9355d17 elementor-widget elementor-widget-spacer\" data-id=\"9355d17\" data-element_type=\"widget\" data-e-type=\"widget\" data-widget_type=\"spacer.default\">\n\t\t\t\t<div class=\"elementor-widget-container\">\n\t\t\t\t\t\t\t<div class=\"elementor-spacer\">\n\t\t\t<div class=\"elementor-spacer-inner\"><\/div>\n\t\t<\/div>\n\t\t\t\t\t\t<\/div>\n\t\t\t\t<\/div>\n\t\t\t\t\t<\/div>\n\t\t<\/div>\n\t\t\t\t\t<\/div>\n\t\t<\/section>\n\t\t\t\t<\/div>","protected":false},"excerpt":{"rendered":"<p>Crumble aux fraises Pour 4 personnes\u00a0 Ingr\u00e9dients 100 g de farine 300 g de fraises 80 g de sucre 70 g\u00a0d&#8217;huile vierge de Noisette Cauvin D\u00e9couvertes Pr\u00e9paration M\u00e9langez tous les ingr\u00e9dients secs Versez l&#8217;huile vierge de noisette Cauvin D\u00e9couvertes avec le reste des ingr\u00e9dients. Malaxez aux doigts la p\u00e2te pour obtenir une texture granuleuse. Rincez [&hellip;]<\/p>\n","protected":false},"author":1,"featured_media":0,"parent":481,"menu_order":0,"comment_status":"closed","ping_status":"closed","template":"elementor_header_footer","meta":{"_monsterinsights_skip_tracking":false,"_monsterinsights_sitenote_active":false,"_monsterinsights_sitenote_note":"","_monsterinsights_sitenote_category":0,"footnotes":""},"class_list":["post-1841","page","type-page","status-publish","hentry"],"_links":{"self":[{"href":"https:\/\/www.huilecauvin.com\/de\/wp-json\/wp\/v2\/pages\/1841","targetHints":{"allow":["GET"]}}],"collection":[{"href":"https:\/\/www.huilecauvin.com\/de\/wp-json\/wp\/v2\/pages"}],"about":[{"href":"https:\/\/www.huilecauvin.com\/de\/wp-json\/wp\/v2\/types\/page"}],"author":[{"embeddable":true,"href":"https:\/\/www.huilecauvin.com\/de\/wp-json\/wp\/v2\/users\/1"}],"replies":[{"embeddable":true,"href":"https:\/\/www.huilecauvin.com\/de\/wp-json\/wp\/v2\/comments?post=1841"}],"version-history":[{"count":0,"href":"https:\/\/www.huilecauvin.com\/de\/wp-json\/wp\/v2\/pages\/1841\/revisions"}],"up":[{"embeddable":true,"href":"https:\/\/www.huilecauvin.com\/de\/wp-json\/wp\/v2\/pages\/481"}],"wp:attachment":[{"href":"https:\/\/www.huilecauvin.com\/de\/wp-json\/wp\/v2\/media?parent=1841"}],"curies":[{"name":"wp","href":"https:\/\/api.w.org\/{rel}","templated":true}]}}