{"id":532,"date":"2020-04-07T16:56:10","date_gmt":"2020-04-07T14:56:10","guid":{"rendered":"http:\/\/localhost\/wordpress\/?page_id=532"},"modified":"2021-04-08T12:07:26","modified_gmt":"2021-04-08T10:07:26","slug":"degustation","status":"publish","type":"page","link":"http:\/\/www.huilecauvin.com\/en\/about\/degustation\/","title":{"rendered":"Tasting"},"content":{"rendered":"<div data-elementor-type=\"wp-page\" data-elementor-id=\"532\" class=\"elementor elementor-532\">\n\t\t\t\t\t\t<section class=\"elementor-section elementor-top-section elementor-element elementor-element-8f14da8 elementor-section-stretched elementor-section-boxed elementor-section-height-default elementor-section-height-default\" data-id=\"8f14da8\" data-element_type=\"section\" data-e-type=\"section\" data-settings=\"{&quot;stretch_section&quot;:&quot;section-stretched&quot;}\">\n\t\t\t\t\t\t<div class=\"elementor-container elementor-column-gap-default\">\n\t\t\t\t\t<div class=\"elementor-column elementor-col-100 elementor-top-column elementor-element elementor-element-dbba611\" data-id=\"dbba611\" data-element_type=\"column\" data-e-type=\"column\">\n\t\t\t<div class=\"elementor-widget-wrap elementor-element-populated\">\n\t\t\t\t\t\t<div class=\"elementor-element elementor-element-2c7136f elementor-widget elementor-widget-spacer\" data-id=\"2c7136f\" data-element_type=\"widget\" data-e-type=\"widget\" data-widget_type=\"spacer.default\">\n\t\t\t\t<div class=\"elementor-widget-container\">\n\t\t\t\t\t\t\t<div class=\"elementor-spacer\">\n\t\t\t<div class=\"elementor-spacer-inner\"><\/div>\n\t\t<\/div>\n\t\t\t\t\t\t<\/div>\n\t\t\t\t<\/div>\n\t\t\t\t\t<\/div>\n\t\t<\/div>\n\t\t\t\t\t<\/div>\n\t\t<\/section>\n\t\t\t\t<section class=\"elementor-section elementor-top-section elementor-element elementor-element-51533d4 elementor-section-stretched elementor-section-boxed elementor-section-height-default elementor-section-height-default\" data-id=\"51533d4\" data-element_type=\"section\" data-e-type=\"section\" data-settings=\"{&quot;stretch_section&quot;:&quot;section-stretched&quot;,&quot;background_background&quot;:&quot;classic&quot;}\">\n\t\t\t\t\t\t\t<div class=\"elementor-background-overlay\"><\/div>\n\t\t\t\t\t\t\t<div class=\"elementor-container elementor-column-gap-default\">\n\t\t\t\t\t<div class=\"elementor-column elementor-col-50 elementor-top-column elementor-element elementor-element-2fc86aa\" data-id=\"2fc86aa\" data-element_type=\"column\" data-e-type=\"column\">\n\t\t\t<div class=\"elementor-widget-wrap elementor-element-populated\">\n\t\t\t\t\t\t<div class=\"elementor-element elementor-element-3902008 elementor-widget elementor-widget-heading\" data-id=\"3902008\" data-element_type=\"widget\" data-e-type=\"widget\" data-widget_type=\"heading.default\">\n\t\t\t\t<div class=\"elementor-widget-container\">\n\t\t\t\t\t<h2 class=\"elementor-heading-title elementor-size-default\">Tasting<\/h2>\t\t\t\t<\/div>\n\t\t\t\t<\/div>\n\t\t\t\t<div class=\"elementor-element elementor-element-3bd0eb6 elementor-widget elementor-widget-text-editor\" data-id=\"3bd0eb6\" data-element_type=\"widget\" data-e-type=\"widget\" data-widget_type=\"text-editor.default\">\n\t\t\t\t<div class=\"elementor-widget-container\">\n\t\t\t\t\t\t\t\t\t<p>At Cauvin, we have set up a tasting panel to carry out organoleptic tests, which are complementary to our physico-chemical analyses. Selection and monitoring are the role of this panel made up of 10 people from different departments of the company. Trained in the techniques recommended by the International Olive Council, they guarantee the conformity and taste quality of our products.<\/p>\t\t\t\t\t\t\t\t<\/div>\n\t\t\t\t<\/div>\n\t\t\t\t<div class=\"elementor-element elementor-element-57125b9 elementor-widget elementor-widget-spacer\" data-id=\"57125b9\" data-element_type=\"widget\" data-e-type=\"widget\" data-widget_type=\"spacer.default\">\n\t\t\t\t<div class=\"elementor-widget-container\">\n\t\t\t\t\t\t\t<div class=\"elementor-spacer\">\n\t\t\t<div class=\"elementor-spacer-inner\"><\/div>\n\t\t<\/div>\n\t\t\t\t\t\t<\/div>\n\t\t\t\t<\/div>\n\t\t\t\t<div class=\"elementor-element elementor-element-1b33775 elementor-widget elementor-widget-heading\" data-id=\"1b33775\" data-element_type=\"widget\" data-e-type=\"widget\" data-widget_type=\"heading.default\">\n\t\t\t\t<div class=\"elementor-widget-container\">\n\t\t\t\t\t<h2 class=\"elementor-heading-title elementor-size-default\">Our tips for a successful tasting<\/h2>\t\t\t\t<\/div>\n\t\t\t\t<\/div>\n\t\t\t\t<div class=\"elementor-element elementor-element-4c85839 elementor-widget elementor-widget-spacer\" data-id=\"4c85839\" data-element_type=\"widget\" data-e-type=\"widget\" data-widget_type=\"spacer.default\">\n\t\t\t\t<div class=\"elementor-widget-container\">\n\t\t\t\t\t\t\t<div class=\"elementor-spacer\">\n\t\t\t<div class=\"elementor-spacer-inner\"><\/div>\n\t\t<\/div>\n\t\t\t\t\t\t<\/div>\n\t\t\t\t<\/div>\n\t\t\t\t<div class=\"elementor-element elementor-element-aff4d8b elementor-widget elementor-widget-text-editor\" data-id=\"aff4d8b\" data-element_type=\"widget\" data-e-type=\"widget\" data-widget_type=\"text-editor.default\">\n\t\t\t\t<div class=\"elementor-widget-container\">\n\t\t\t\t\t\t\t\t\t<p><strong>How does our panel select products for our Oil Cellar? With sensitivity, technical advice and tips that make the difference, it will share its secrets with you. Have your taste buds at the ready!<\/strong><\/p>\t\t\t\t\t\t\t\t<\/div>\n\t\t\t\t<\/div>\n\t\t\t\t<div class=\"elementor-element elementor-element-8341acf elementor-widget elementor-widget-text-editor\" data-id=\"8341acf\" data-element_type=\"widget\" data-e-type=\"widget\" data-widget_type=\"text-editor.default\">\n\t\t\t\t<div class=\"elementor-widget-container\">\n\t\t\t\t\t\t\t\t\tTasting an oil is akin to tasting a wine, meaning that for the operation to be successful, it must follow a rigorous process. Adopting the Cauvin approach puts you in line with the recommendations of the International Olive Oil Committee and IGP (Protected Geographical Indication) certification bodies. If you want to become an expert too, read on!\t\t\t\t\t\t\t\t<\/div>\n\t\t\t\t<\/div>\n\t\t\t\t\t<\/div>\n\t\t<\/div>\n\t\t\t\t<div class=\"elementor-column elementor-col-50 elementor-top-column elementor-element elementor-element-bc85072\" data-id=\"bc85072\" data-element_type=\"column\" data-e-type=\"column\" data-settings=\"{&quot;background_background&quot;:&quot;classic&quot;}\">\n\t\t\t<div class=\"elementor-widget-wrap elementor-element-populated\">\n\t\t\t\t\t\t<div class=\"elementor-element elementor-element-545f175 elementor-widget elementor-widget-spacer\" data-id=\"545f175\" data-element_type=\"widget\" data-e-type=\"widget\" data-widget_type=\"spacer.default\">\n\t\t\t\t<div class=\"elementor-widget-container\">\n\t\t\t\t\t\t\t<div class=\"elementor-spacer\">\n\t\t\t<div class=\"elementor-spacer-inner\"><\/div>\n\t\t<\/div>\n\t\t\t\t\t\t<\/div>\n\t\t\t\t<\/div>\n\t\t\t\t<div class=\"elementor-element elementor-element-5736f28 elementor-widget elementor-widget-image\" data-id=\"5736f28\" data-element_type=\"widget\" data-e-type=\"widget\" data-widget_type=\"image.default\">\n\t\t\t\t<div class=\"elementor-widget-container\">\n\t\t\t\t\t\t\t\t\t\t\t\t\t\t\t<img fetchpriority=\"high\" decoding=\"async\" width=\"1024\" height=\"684\" src=\"https:\/\/www.huilecauvin.com\/wp-content\/uploads\/2020\/12\/Cauvin-39-2-1024x684.jpg\" class=\"attachment-large size-large wp-image-6056\" alt=\"\" srcset=\"https:\/\/www.huilecauvin.com\/wp-content\/uploads\/2020\/12\/Cauvin-39-2-1024x684.jpg 1024w, https:\/\/www.huilecauvin.com\/wp-content\/uploads\/2020\/12\/Cauvin-39-2-300x200.jpg 300w, https:\/\/www.huilecauvin.com\/wp-content\/uploads\/2020\/12\/Cauvin-39-2-768x513.jpg 768w, https:\/\/www.huilecauvin.com\/wp-content\/uploads\/2020\/12\/Cauvin-39-2-1536x1025.jpg 1536w, https:\/\/www.huilecauvin.com\/wp-content\/uploads\/2020\/12\/Cauvin-39-2-2048x1367.jpg 2048w, https:\/\/www.huilecauvin.com\/wp-content\/uploads\/2020\/12\/Cauvin-39-2-16x12.jpg 16w\" sizes=\"(max-width: 1024px) 100vw, 1024px\" \/>\t\t\t\t\t\t\t\t\t\t\t\t\t\t\t<\/div>\n\t\t\t\t<\/div>\n\t\t\t\t\t<\/div>\n\t\t<\/div>\n\t\t\t\t\t<\/div>\n\t\t<\/section>\n\t\t\t\t<section class=\"elementor-section elementor-top-section elementor-element elementor-element-85f0180 elementor-section-stretched elementor-section-boxed elementor-section-height-default elementor-section-height-default\" data-id=\"85f0180\" data-element_type=\"section\" data-e-type=\"section\" data-settings=\"{&quot;stretch_section&quot;:&quot;section-stretched&quot;,&quot;background_background&quot;:&quot;classic&quot;}\">\n\t\t\t\t\t\t\t<div class=\"elementor-background-overlay\"><\/div>\n\t\t\t\t\t\t\t<div class=\"elementor-container elementor-column-gap-default\">\n\t\t\t\t\t<div class=\"elementor-column elementor-col-100 elementor-top-column elementor-element elementor-element-932f263\" data-id=\"932f263\" data-element_type=\"column\" data-e-type=\"column\">\n\t\t\t<div class=\"elementor-widget-wrap elementor-element-populated\">\n\t\t\t\t\t\t<div class=\"elementor-element elementor-element-9aa0954 elementor-widget elementor-widget-spacer\" data-id=\"9aa0954\" data-element_type=\"widget\" data-e-type=\"widget\" data-widget_type=\"spacer.default\">\n\t\t\t\t<div class=\"elementor-widget-container\">\n\t\t\t\t\t\t\t<div class=\"elementor-spacer\">\n\t\t\t<div class=\"elementor-spacer-inner\"><\/div>\n\t\t<\/div>\n\t\t\t\t\t\t<\/div>\n\t\t\t\t<\/div>\n\t\t\t\t<div class=\"elementor-element elementor-element-6273849 elementor-widget elementor-widget-text-editor\" data-id=\"6273849\" data-element_type=\"widget\" data-e-type=\"widget\" data-widget_type=\"text-editor.default\">\n\t\t\t\t<div class=\"elementor-widget-container\">\n\t\t\t\t\t\t\t\t\t<p><strong>The key elements of a successful tasting: olive oil as a practical example<\/strong><\/p>\n<p>First of all, pay attention to any defects that could adversely affect the quality of the oil: rancidity, fustiness, mustiness, wineyness. These negative attributes characterise an olive oil that is not extra virgin.<\/p>\n<p>Then train yourself to identify the positive attributes:<\/p>\n<ul>\n<li>the intensity of the fruit (synonymous with the strength of the aroma), first on the nose and then on the palate.<\/li>\n<li>the bitterness (which gives body), tasted at the back of the tongue.<\/li>\n<li>le piquant (ou ardence), qui s\u2019exprime par un picotement sur le bout de la langue et dans les joues, diminue avec le vieillissement de l&#8217;huile.<\/li>\n<\/ul>\n<p><strong>To go further<\/strong><\/p>\n<p>Do the aroma and fragrance of an olive oil awaken memories in you? Well done! That means you are on the right track. Here are some things to note as you become a real connoisseur:<\/p>\n<ul>\n<li>If the oil reveals flavours of red berries, tomato, apple, pineapple, almond or hazelnut, it has been a late harvest.<\/li>\n<li>If you detect flavours of greenness, raw artichoke, green banana or green tomato, the fruit was pressed at the start of the harvest.<\/li>\n<li>If aromas of mushroom, cocoa or black olive are expressed, it is a mature oil.<\/li>\n<\/ul>\n<p>And to take your palate to the four corners of the world, try tasting other fruit oils (walnut, hazelnut, argan, avocado, etc.) or virgin seed oils (rapeseed, sunflower, sesame, flax, camelina) whose flavours vary from harsh to sweet and from robust to round.<\/p>\n<p><strong>Remember:<\/strong> Depending on the terroir and especially the variety, each oil expresses its own characteristics. It's up to you to identify them! \u2003<\/p>\t\t\t\t\t\t\t\t<\/div>\n\t\t\t\t<\/div>\n\t\t\t\t\t<\/div>\n\t\t<\/div>\n\t\t\t\t\t<\/div>\n\t\t<\/section>\n\t\t\t\t<\/div>","protected":false},"excerpt":{"rendered":"<p>La d\u00e9gustation Chez Cauvin, nous avons mis en place un comit\u00e9 de d\u00e9gustation pour r\u00e9aliser des analyses organoleptiques compl\u00e9mentaires aux analyses physico chimiques. S\u00e9lectionner et contr\u00f4ler tel est le r\u00f4le de ce comit\u00e9 compos\u00e9 de 10 personnes issues de diff\u00e9rents services de l\u2019entreprise. Form\u00e9es aux techniques pr\u00e9conis\u00e9es par le Conseil Ol\u00e9icole International, elles garantissent la [&hellip;]<\/p>\n","protected":false},"author":1,"featured_media":0,"parent":194,"menu_order":0,"comment_status":"closed","ping_status":"closed","template":"elementor_header_footer","meta":{"_monsterinsights_skip_tracking":false,"_monsterinsights_sitenote_active":false,"_monsterinsights_sitenote_note":"","_monsterinsights_sitenote_category":0,"footnotes":""},"class_list":["post-532","page","type-page","status-publish","hentry"],"_links":{"self":[{"href":"http:\/\/www.huilecauvin.com\/en\/wp-json\/wp\/v2\/pages\/532","targetHints":{"allow":["GET"]}}],"collection":[{"href":"http:\/\/www.huilecauvin.com\/en\/wp-json\/wp\/v2\/pages"}],"about":[{"href":"http:\/\/www.huilecauvin.com\/en\/wp-json\/wp\/v2\/types\/page"}],"author":[{"embeddable":true,"href":"http:\/\/www.huilecauvin.com\/en\/wp-json\/wp\/v2\/users\/1"}],"replies":[{"embeddable":true,"href":"http:\/\/www.huilecauvin.com\/en\/wp-json\/wp\/v2\/comments?post=532"}],"version-history":[{"count":0,"href":"http:\/\/www.huilecauvin.com\/en\/wp-json\/wp\/v2\/pages\/532\/revisions"}],"up":[{"embeddable":true,"href":"http:\/\/www.huilecauvin.com\/en\/wp-json\/wp\/v2\/pages\/194"}],"wp:attachment":[{"href":"http:\/\/www.huilecauvin.com\/en\/wp-json\/wp\/v2\/media?parent=532"}],"curies":[{"name":"wp","href":"https:\/\/api.w.org\/{rel}","templated":true}]}}