{"id":5069,"date":"2020-11-26T13:50:22","date_gmt":"2020-11-26T12:50:22","guid":{"rendered":"https:\/\/www.huilecauvin.com\/?page_id=5069"},"modified":"2023-02-16T15:02:12","modified_gmt":"2023-02-16T14:02:12","slug":"mentions-legales","status":"publish","type":"page","link":"http:\/\/www.huilecauvin.com\/en\/mentions-legales\/","title":{"rendered":"Legal Notice"},"content":{"rendered":"<p><\/p>\n\n\n<\/p>\n<h2 class=\"wp-block-heading\">Informations l\u00e9gales<\/h2>\n<p>\n\n\n<p><\/p>\n\n\n<\/p>\n<p>Merci de lire attentivement les pr\u00e9sentes modalit\u00e9s d&#8217;utilisation du pr\u00e9sent site avant de le parcourir. En vous connectant sur ce site, vous acceptez sans r\u00e9serve les pr\u00e9sentes modalit\u00e9s.<\/p>\n<p>\n\n\n<p><\/p>\n\n\n<\/p>\n<p>\n\n\n<p><\/p>\n\n\n<\/p>\n<h3 class=\"wp-block-heading\">Conditions d&#8217;utilisation<\/h3>\n<p>\n\n\n<p><\/p>\n\n\n<\/p>\n<p>Le site accessible par les url suivants : www.huilecauvin.com est exploit\u00e9 dans le respect de la l\u00e9gislation fran\u00e7aise. L&#8217;utilisation de ce site est r\u00e9gie par les pr\u00e9sentes conditions g\u00e9n\u00e9rales.&nbsp;&nbsp;En utilisant le site, vous reconnaissez avoir pris connaissance de ces conditions et les avoir accept\u00e9es. Celles-ci pourront \u00eatres modifi\u00e9es \u00e0 tout moment et sans pr\u00e9avis par la soci\u00e9t\u00e9 Cauvin.<br>Natural net ne saurait \u00eatre tenu pour responsable en aucune mani\u00e8re d\u2019une mauvaise utilisation du service.<\/p>\n<p><\/p>\n<p>\n\n\n<p><\/p>\n\n\n<\/p>\n<h3 class=\"wp-block-heading\">Limitation de responsabilit\u00e9<\/h3>\n<p>\n\n\n<p><\/p>\n\n\n<\/p>\n<p>Les informations contenues sur ce site sont aussi pr\u00e9cises que possibles et le site est p\u00e9riodiquement remis \u00e0 jour, mais peut toutefois contenir des inexactitudes, des omissions ou des lacunes. Si vous constatez une lacune, erreur ou ce qui parait \u00eatre un dysfonctionnement, merci de bien vouloir le signaler par mail&nbsp;en d\u00e9crivant le probl\u00e8me de la mani\u00e8re la plus pr\u00e9cise possible (page posant probl\u00e8me, action d\u00e9clenchante, type d\u2019ordinateur et de navigateur utilis\u00e9, \u2026).<\/p>\n<p>Tout contenu t\u00e9l\u00e9charg\u00e9 se fait aux risques et p\u00e9rils de l&#8217;utilisateur et sous sa seule responsabilit\u00e9. En cons\u00e9quence, Cauvin ne saurait \u00eatre tenu responsable d&#8217;un quelconque dommage subi par l&#8217;ordinateur de l&#8217;utilisateur ou d&#8217;une quelconque perte de donn\u00e9es cons\u00e9cutives au t\u00e9l\u00e9chargement.&nbsp;&nbsp;<\/p>\n<p>Les photos sont non contractuelles.<\/p>\n<p>Les liens hypertextes mis en place dans le cadre du pr\u00e9sent site internet en direction d&#8217;autres ressources pr\u00e9sentes sur le r\u00e9seau Internet ne sauraient engager la responsabilit\u00e9 de Cauvin.<\/p>\n<p>\n\n\n<p><\/p>\n\n\n<\/p>\n<h3 class=\"wp-block-heading\">Litiges<\/h3>\n<p>\n\n\n<p><\/p>\n\n\n<\/p>\n<p>Les pr\u00e9sentes conditions sont r\u00e9gies par les lois fran\u00e7aises et toute contestation ou litiges qui pourraient na\u00eetre de l&#8217;interpr\u00e9tation ou de l&#8217;ex\u00e9cution de celles-ci seront de la comp\u00e9tence exclusive des tribunaux dont d\u00e9pend le&nbsp;&nbsp;si\u00e8ge social de la soci\u00e9t\u00e9 Cauvin. La langue de r\u00e9f\u00e9rence, pour le r\u00e8glement de contentieux \u00e9ventuels, est le fran\u00e7ais.<\/p>\n<p>\n\n\n<p><\/p>\n\n\n<\/p>\n<h3 class=\"wp-block-heading\">Confidentialit\u00e9<\/h3>\n<p>\n\n\n<p><\/p>\n\n\n<\/p>\n<p>Vos donn\u00e9es personnelles sont confidentielles et ne seront en aucun cas communiqu\u00e9es \u00e0 des tiers hormis pour la bonne ex\u00e9cution de la prestation.<\/p>\n<p>\n\n\n<p><\/p>\n\n\n<\/p>\n<h3 class=\"wp-block-heading\">Cookies<\/h3>\n<p>\n\n\n<p><\/p>\n\n\n<\/p>\n<p>Pour des besoins de statistiques et d&#8217;affichage, le pr\u00e9sent site utilise des cookies. Il s&#8217;agit de petits fichiers textes stock\u00e9s sur votre disque dur afin d&#8217;enregistrer des donn\u00e9es techniques sur votre navigation. Certaines parties de ce site ne peuvent \u00eatre fonctionnelle sans l\u2019acceptation de cookies.<\/p>\n<p>\n\n\n<p><\/p>\n\n\n<\/p>\n<h3 class=\"wp-block-heading\">Contact us<\/h3>\n<p>\n\n\n<p><\/p>\n\n\n<\/p>\n<p>Cauvin est \u00e0 votre disposition pour tous vos commentaires ou suggestions. Vous pouvez nous \u00e9crire en fran\u00e7ais par courrier \u00e9lectronique \u00e0 : contact@huilecauvin.com<\/p>\n<p>\n\n\n<p><\/p>","protected":false},"excerpt":{"rendered":"<p>Informations l\u00e9gales Merci de lire attentivement les pr\u00e9sentes modalit\u00e9s d&#8217;utilisation du pr\u00e9sent site avant de le parcourir. En vous connectant sur ce site, vous acceptez sans r\u00e9serve les pr\u00e9sentes modalit\u00e9s. Conditions d&#8217;utilisation Le site accessible par les url suivants : www.huilecauvin.com est exploit\u00e9 dans le respect de la l\u00e9gislation fran\u00e7aise. L&#8217;utilisation de ce site est [&hellip;]<\/p>\n","protected":false},"author":1,"featured_media":0,"parent":0,"menu_order":0,"comment_status":"closed","ping_status":"closed","template":"elementor_header_footer","meta":{"_monsterinsights_skip_tracking":false,"_monsterinsights_sitenote_active":false,"_monsterinsights_sitenote_note":"","_monsterinsights_sitenote_category":0,"footnotes":""},"class_list":["post-5069","page","type-page","status-publish","hentry"],"_links":{"self":[{"href":"http:\/\/www.huilecauvin.com\/en\/wp-json\/wp\/v2\/pages\/5069","targetHints":{"allow":["GET"]}}],"collection":[{"href":"http:\/\/www.huilecauvin.com\/en\/wp-json\/wp\/v2\/pages"}],"about":[{"href":"http:\/\/www.huilecauvin.com\/en\/wp-json\/wp\/v2\/types\/page"}],"author":[{"embeddable":true,"href":"http:\/\/www.huilecauvin.com\/en\/wp-json\/wp\/v2\/users\/1"}],"replies":[{"embeddable":true,"href":"http:\/\/www.huilecauvin.com\/en\/wp-json\/wp\/v2\/comments?post=5069"}],"version-history":[{"count":0,"href":"http:\/\/www.huilecauvin.com\/en\/wp-json\/wp\/v2\/pages\/5069\/revisions"}],"wp:attachment":[{"href":"http:\/\/www.huilecauvin.com\/en\/wp-json\/wp\/v2\/media?parent=5069"}],"curies":[{"name":"wp","href":"https:\/\/api.w.org\/{rel}","templated":true}]}}