{"id":2008,"date":"2020-06-29T14:27:57","date_gmt":"2020-06-29T12:27:57","guid":{"rendered":"http:\/\/localhost\/wordpress\/?page_id=2008"},"modified":"2021-02-09T10:25:24","modified_gmt":"2021-02-09T09:25:24","slug":"ratatouille","status":"publish","type":"page","link":"http:\/\/www.huilecauvin.com\/en\/recettes\/plats\/ratatouille\/","title":{"rendered":"Ratatouille"},"content":{"rendered":"<div data-elementor-type=\"wp-page\" data-elementor-id=\"2008\" class=\"elementor elementor-2008\">\n\t\t\t\t\t\t<section class=\"elementor-section elementor-top-section elementor-element elementor-element-0ed3c4d elementor-section-stretched elementor-section-boxed elementor-section-height-default elementor-section-height-default\" data-id=\"0ed3c4d\" data-element_type=\"section\" data-e-type=\"section\" data-settings=\"{&quot;stretch_section&quot;:&quot;section-stretched&quot;}\">\n\t\t\t\t\t\t<div class=\"elementor-container elementor-column-gap-default\">\n\t\t\t\t\t<div class=\"elementor-column elementor-col-100 elementor-top-column elementor-element elementor-element-545f69a\" data-id=\"545f69a\" data-element_type=\"column\" data-e-type=\"column\">\n\t\t\t<div class=\"elementor-widget-wrap elementor-element-populated\">\n\t\t\t\t\t\t<div class=\"elementor-element elementor-element-b309fbd elementor-widget elementor-widget-spacer\" data-id=\"b309fbd\" data-element_type=\"widget\" data-e-type=\"widget\" data-widget_type=\"spacer.default\">\n\t\t\t\t<div class=\"elementor-widget-container\">\n\t\t\t\t\t\t\t<div class=\"elementor-spacer\">\n\t\t\t<div class=\"elementor-spacer-inner\"><\/div>\n\t\t<\/div>\n\t\t\t\t\t\t<\/div>\n\t\t\t\t<\/div>\n\t\t\t\t<div class=\"elementor-element elementor-element-5a7b077 elementor-widget elementor-widget-heading\" data-id=\"5a7b077\" data-element_type=\"widget\" data-e-type=\"widget\" data-widget_type=\"heading.default\">\n\t\t\t\t<div class=\"elementor-widget-container\">\n\t\t\t\t\t<h2 class=\"elementor-heading-title elementor-size-default\">Ratatouille<\/h2>\t\t\t\t<\/div>\n\t\t\t\t<\/div>\n\t\t\t\t<div class=\"elementor-element elementor-element-f324f43 elementor-widget elementor-widget-spacer\" data-id=\"f324f43\" data-element_type=\"widget\" data-e-type=\"widget\" data-widget_type=\"spacer.default\">\n\t\t\t\t<div class=\"elementor-widget-container\">\n\t\t\t\t\t\t\t<div class=\"elementor-spacer\">\n\t\t\t<div class=\"elementor-spacer-inner\"><\/div>\n\t\t<\/div>\n\t\t\t\t\t\t<\/div>\n\t\t\t\t<\/div>\n\t\t\t\t\t<\/div>\n\t\t<\/div>\n\t\t\t\t\t<\/div>\n\t\t<\/section>\n\t\t\t\t<section class=\"elementor-section elementor-top-section elementor-element elementor-element-5fa1497 elementor-section-stretched elementor-section-boxed elementor-section-height-default elementor-section-height-default\" data-id=\"5fa1497\" data-element_type=\"section\" data-e-type=\"section\" data-settings=\"{&quot;stretch_section&quot;:&quot;section-stretched&quot;}\">\n\t\t\t\t\t\t<div class=\"elementor-container elementor-column-gap-default\">\n\t\t\t\t\t<div class=\"elementor-column elementor-col-66 elementor-top-column elementor-element elementor-element-b2f6729\" data-id=\"b2f6729\" data-element_type=\"column\" data-e-type=\"column\">\n\t\t\t<div class=\"elementor-widget-wrap elementor-element-populated\">\n\t\t\t\t\t\t<div class=\"elementor-element elementor-element-85dcf22 elementor-widget elementor-widget-text-editor\" data-id=\"85dcf22\" data-element_type=\"widget\" data-e-type=\"widget\" data-widget_type=\"text-editor.default\">\n\t\t\t\t<div class=\"elementor-widget-container\">\n\t\t\t\t\t\t\t\t\t<p><strong>For 4 people<\/strong><\/p><p><strong>INGREDIENTS<\/strong><\/p><ul><li>4 tomatoes\u00a0<\/li><li>2 aubergines<\/li><li>2 onions<\/li><li>1 sweet red pepper<\/li><li>1 zucchini<\/li><li>2 garlic cloves<\/li><li>thyme &amp; rosemary\u00a0<\/li><li><a href=\"\/en\/cave-a-huile\/les-huiles-selection\/huile-dolive-vierge-extra-arbequine-bio-selection\/\"><strong>Cauvin Selection organic extra virgin olive oil<\/strong><\/a><\/li><li>salt &amp; pepper<\/li><\/ul><p><strong>PREPARATION<\/strong><\/p><ol><li>Rinse the vegetables and slice the zucchini and aubergines into rounds. Slice the sweet pepper, making sure to remove the seeds.<\/li><li>Peel the tomatoes and slice into rounds.<\/li><li>Finely chop the onions and garlic.<\/li><li>Add the <a href=\"\/en\/cave-a-huile\/les-huiles-selection\/huile-dolive-vierge-extra-arbequine-bio-selection\/\"><strong>Cauvin Selection organic extra virgin olive oil<\/strong><\/a> et y faire revenir l&#8217;ail puis les oignons.<\/li><li>\u00a0Add the aubergines and then the sweet pepper. Reduce the heat and cook for 7 minutes.<\/li><li>Add the zucchini and cook on low heat for 6 minutes.<\/li><li>Finally, add the tomatoes, season with thyme and rosemary and then with salt and pepper to taste. Cover with a lid and cook for another 20 minutes on low heat.<\/li><\/ol>\t\t\t\t\t\t\t\t<\/div>\n\t\t\t\t<\/div>\n\t\t\t\t\t<\/div>\n\t\t<\/div>\n\t\t\t\t<div class=\"elementor-column elementor-col-33 elementor-top-column elementor-element elementor-element-2636339\" data-id=\"2636339\" data-element_type=\"column\" data-e-type=\"column\">\n\t\t\t<div class=\"elementor-widget-wrap elementor-element-populated\">\n\t\t\t\t\t\t<div class=\"elementor-element elementor-element-9452df7 elementor-widget elementor-widget-image\" data-id=\"9452df7\" data-element_type=\"widget\" data-e-type=\"widget\" data-widget_type=\"image.default\">\n\t\t\t\t<div class=\"elementor-widget-container\">\n\t\t\t\t\t\t\t\t\t\t\t\t\t\t\t<img fetchpriority=\"high\" decoding=\"async\" width=\"500\" height=\"500\" src=\"https:\/\/www.huilecauvin.com\/wp-content\/uploads\/2020\/06\/recette-ratatouille-cauvin-bio.png\" class=\"attachment-medium_large size-medium_large wp-image-2011\" alt=\"Ratatouille - Arbequine bio\" srcset=\"https:\/\/www.huilecauvin.com\/wp-content\/uploads\/2020\/06\/recette-ratatouille-cauvin-bio.png 500w, https:\/\/www.huilecauvin.com\/wp-content\/uploads\/2020\/06\/recette-ratatouille-cauvin-bio-300x300.png 300w, https:\/\/www.huilecauvin.com\/wp-content\/uploads\/2020\/06\/recette-ratatouille-cauvin-bio-150x150.png 150w\" sizes=\"(max-width: 500px) 100vw, 500px\" \/>\t\t\t\t\t\t\t\t\t\t\t\t\t\t\t<\/div>\n\t\t\t\t<\/div>\n\t\t\t\t\t<\/div>\n\t\t<\/div>\n\t\t\t\t\t<\/div>\n\t\t<\/section>\n\t\t\t\t<section class=\"elementor-section elementor-top-section elementor-element elementor-element-6c86e23 elementor-section-stretched elementor-section-boxed elementor-section-height-default elementor-section-height-default\" data-id=\"6c86e23\" data-element_type=\"section\" data-e-type=\"section\" data-settings=\"{&quot;stretch_section&quot;:&quot;section-stretched&quot;}\">\n\t\t\t\t\t\t<div class=\"elementor-container elementor-column-gap-default\">\n\t\t\t\t\t<div class=\"elementor-column elementor-col-100 elementor-top-column elementor-element elementor-element-a8a085c\" data-id=\"a8a085c\" data-element_type=\"column\" data-e-type=\"column\">\n\t\t\t<div class=\"elementor-widget-wrap elementor-element-populated\">\n\t\t\t\t\t\t<div class=\"elementor-element elementor-element-26dbe1c elementor-widget elementor-widget-spacer\" data-id=\"26dbe1c\" data-element_type=\"widget\" data-e-type=\"widget\" data-widget_type=\"spacer.default\">\n\t\t\t\t<div class=\"elementor-widget-container\">\n\t\t\t\t\t\t\t<div class=\"elementor-spacer\">\n\t\t\t<div class=\"elementor-spacer-inner\"><\/div>\n\t\t<\/div>\n\t\t\t\t\t\t<\/div>\n\t\t\t\t<\/div>\n\t\t\t\t\t<\/div>\n\t\t<\/div>\n\t\t\t\t\t<\/div>\n\t\t<\/section>\n\t\t\t\t<\/div>","protected":false},"excerpt":{"rendered":"<p>Ratatouille Pour 4 personnes Ingr\u00e9dients 4 tomates\u00a0 2 aubergines 2 oignons 1 poivron rouge 1 courgette 2 gousses d&#8217;ail thym &amp; romarin\u00a0 Huile d&#8217;olive vierge extra S\u00e9lection Cauvin BIO Sel &amp; Poivre Pr\u00e9paration Lavez les l\u00e9gumes, coupez la courgette et les aubergines en rondelles. Coupez les poivrons en prenant soin de retirer les p\u00e9pins. \u00c9pluchez [&hellip;]<\/p>\n","protected":false},"author":1,"featured_media":0,"parent":470,"menu_order":0,"comment_status":"closed","ping_status":"closed","template":"elementor_header_footer","meta":{"_monsterinsights_skip_tracking":false,"_monsterinsights_sitenote_active":false,"_monsterinsights_sitenote_note":"","_monsterinsights_sitenote_category":0,"footnotes":""},"class_list":["post-2008","page","type-page","status-publish","hentry"],"_links":{"self":[{"href":"http:\/\/www.huilecauvin.com\/en\/wp-json\/wp\/v2\/pages\/2008","targetHints":{"allow":["GET"]}}],"collection":[{"href":"http:\/\/www.huilecauvin.com\/en\/wp-json\/wp\/v2\/pages"}],"about":[{"href":"http:\/\/www.huilecauvin.com\/en\/wp-json\/wp\/v2\/types\/page"}],"author":[{"embeddable":true,"href":"http:\/\/www.huilecauvin.com\/en\/wp-json\/wp\/v2\/users\/1"}],"replies":[{"embeddable":true,"href":"http:\/\/www.huilecauvin.com\/en\/wp-json\/wp\/v2\/comments?post=2008"}],"version-history":[{"count":0,"href":"http:\/\/www.huilecauvin.com\/en\/wp-json\/wp\/v2\/pages\/2008\/revisions"}],"up":[{"embeddable":true,"href":"http:\/\/www.huilecauvin.com\/en\/wp-json\/wp\/v2\/pages\/470"}],"wp:attachment":[{"href":"http:\/\/www.huilecauvin.com\/en\/wp-json\/wp\/v2\/media?parent=2008"}],"curies":[{"name":"wp","href":"https:\/\/api.w.org\/{rel}","templated":true}]}}