{"id":1695,"date":"2020-06-12T15:34:29","date_gmt":"2020-06-12T13:34:29","guid":{"rendered":"http:\/\/localhost\/wordpress\/?page_id=1695"},"modified":"2021-02-09T10:13:36","modified_gmt":"2021-02-09T09:13:36","slug":"salade-de-quinoa-aux-aubergines-grillees","status":"publish","type":"page","link":"http:\/\/www.huilecauvin.com\/en\/recettes\/plats\/salade-de-quinoa-aux-aubergines-grillees\/","title":{"rendered":"Quinoa and grilled aubergine salad"},"content":{"rendered":"<div data-elementor-type=\"wp-page\" data-elementor-id=\"1695\" class=\"elementor elementor-1695\">\n\t\t\t\t\t\t<section class=\"elementor-section elementor-top-section elementor-element elementor-element-2b53e00 elementor-section-stretched elementor-section-boxed elementor-section-height-default elementor-section-height-default\" data-id=\"2b53e00\" data-element_type=\"section\" data-e-type=\"section\" data-settings=\"{&quot;stretch_section&quot;:&quot;section-stretched&quot;}\">\n\t\t\t\t\t\t<div class=\"elementor-container elementor-column-gap-default\">\n\t\t\t\t\t<div class=\"elementor-column elementor-col-100 elementor-top-column elementor-element elementor-element-4cd8d41\" data-id=\"4cd8d41\" data-element_type=\"column\" data-e-type=\"column\">\n\t\t\t<div class=\"elementor-widget-wrap elementor-element-populated\">\n\t\t\t\t\t\t<div class=\"elementor-element elementor-element-cd39a1e elementor-widget elementor-widget-spacer\" data-id=\"cd39a1e\" data-element_type=\"widget\" data-e-type=\"widget\" data-widget_type=\"spacer.default\">\n\t\t\t\t<div class=\"elementor-widget-container\">\n\t\t\t\t\t\t\t<div class=\"elementor-spacer\">\n\t\t\t<div class=\"elementor-spacer-inner\"><\/div>\n\t\t<\/div>\n\t\t\t\t\t\t<\/div>\n\t\t\t\t<\/div>\n\t\t\t\t<div class=\"elementor-element elementor-element-4b5c76d elementor-widget elementor-widget-heading\" data-id=\"4b5c76d\" data-element_type=\"widget\" data-e-type=\"widget\" data-widget_type=\"heading.default\">\n\t\t\t\t<div class=\"elementor-widget-container\">\n\t\t\t\t\t<h2 class=\"elementor-heading-title elementor-size-default\">Quinoa and grilled aubergine salad<\/h2>\t\t\t\t<\/div>\n\t\t\t\t<\/div>\n\t\t\t\t<div class=\"elementor-element elementor-element-ced6b0f elementor-widget elementor-widget-spacer\" data-id=\"ced6b0f\" data-element_type=\"widget\" data-e-type=\"widget\" data-widget_type=\"spacer.default\">\n\t\t\t\t<div class=\"elementor-widget-container\">\n\t\t\t\t\t\t\t<div class=\"elementor-spacer\">\n\t\t\t<div class=\"elementor-spacer-inner\"><\/div>\n\t\t<\/div>\n\t\t\t\t\t\t<\/div>\n\t\t\t\t<\/div>\n\t\t\t\t\t<\/div>\n\t\t<\/div>\n\t\t\t\t\t<\/div>\n\t\t<\/section>\n\t\t\t\t<section class=\"elementor-section elementor-top-section elementor-element elementor-element-db061a6 elementor-section-stretched elementor-section-boxed elementor-section-height-default elementor-section-height-default\" data-id=\"db061a6\" data-element_type=\"section\" data-e-type=\"section\" data-settings=\"{&quot;stretch_section&quot;:&quot;section-stretched&quot;}\">\n\t\t\t\t\t\t<div class=\"elementor-container elementor-column-gap-default\">\n\t\t\t\t\t<div class=\"elementor-column elementor-col-50 elementor-top-column elementor-element elementor-element-efd2089\" data-id=\"efd2089\" data-element_type=\"column\" data-e-type=\"column\">\n\t\t\t<div class=\"elementor-widget-wrap elementor-element-populated\">\n\t\t\t\t\t\t<div class=\"elementor-element elementor-element-9029069 elementor-widget elementor-widget-spacer\" data-id=\"9029069\" data-element_type=\"widget\" data-e-type=\"widget\" data-widget_type=\"spacer.default\">\n\t\t\t\t<div class=\"elementor-widget-container\">\n\t\t\t\t\t\t\t<div class=\"elementor-spacer\">\n\t\t\t<div class=\"elementor-spacer-inner\"><\/div>\n\t\t<\/div>\n\t\t\t\t\t\t<\/div>\n\t\t\t\t<\/div>\n\t\t\t\t<div class=\"elementor-element elementor-element-ad496da elementor-widget elementor-widget-text-editor\" data-id=\"ad496da\" data-element_type=\"widget\" data-e-type=\"widget\" data-widget_type=\"text-editor.default\">\n\t\t\t\t<div class=\"elementor-widget-container\">\n\t\t\t\t\t\t\t\t\t<div dir=\"ltr\"><strong>For 4 people<\/strong><\/div>\n<div dir=\"ltr\">&nbsp;<\/div>\n<div dir=\"ltr\"><strong>INGREDIENTS&nbsp;&nbsp;<\/strong><\/div>\n<ul>\n<li dir=\"ltr\">200 g quinoa<\/li>\n<li dir=\"ltr\">2 aubergines<\/li>\n<li dir=\"ltr\">100 g  dried tomatoes<\/li>\n<li dir=\"ltr\">100 g feta cheese<\/li>\n<li dir=\"ltr\">150 g baby spinach<\/li>\n<li dir=\"ltr\">1 onion<\/li>\n<li dir=\"ltr\">2 cloves of garlic<\/li>\n<li dir=\"ltr\">2 tbsp <a href=\"\/en\/cave-a-huile\/les-huiles-selection\/huile-dolive-vierge-extra-arbequine-bio-non-filtree-selection\/\"><strong>Cauvin Selection organic unfiltered olive oil<\/strong><\/a><\/li>\n<li dir=\"ltr\">8 tbsp <a href=\"\/en\/cave-a-huile\/les-huiles-decouvertes-bio\/huile-vierge-de-lin-bio\/\"><strong>Cauvin organic flaxseed oil<\/strong><\/a><\/li>\n<li dir=\"ltr\">3 tbsp <a href=\"\/en\/cave-a-huile\/les-huiles-bioleane\/vinaigre-balsamique-de-modene-bio-bioleane\/\"><strong>Bioleane balsamic vinegar<\/strong><\/a><\/li>\n<li dir=\"ltr\">1 tbsp mustard<\/li>\n<li dir=\"ltr\">pepper<\/li>\n<li dir=\"ltr\">salt&nbsp;<\/li>\n<\/ul>\n<div dir=\"ltr\"><b>PREPARATION<\/b><\/div>\n<div dir=\"ltr\">&nbsp;<\/div>\n<ol>\n<li dir=\"ltr\">Bring a large volume of water to the boil and cook the quinoa according to the instructions on the package. Set aside to cool.<\/li>\n<li dir=\"ltr\">Cut the aubergines into rounds.<\/li>\n<li dir=\"ltr\">Peel and coarsely chop the onion. Finely chop the garlic.<\/li>\n<li dir=\"ltr\">In a frying pan, heat the <a href=\"\/en\/cave-a-huile\/les-huiles-selection\/huile-dolive-vierge-extra-arbequine-bio-non-filtree-selection\/\"><strong>Cauvin Selection organic unfiltered olive oil<\/strong><\/a>.<\/li>\n<li dir=\"ltr\">Saut\u00e9 the onion and garlic, then grill the aubergines. Set aside to cool.<\/li>\n<li dir=\"ltr\">In a salad bowl, mix the quinoa, aubergines, dried tomatoes, baby spinach and feta cheese.<\/li>\n<li dir=\"ltr\">Prepare the vinaigrette by mixing the <a href=\"\/en\/cave-a-huile\/les-huiles-decouvertes-bio\/huile-vierge-de-lin-bio\/\"><strong>Cauvin organic flaxseed oil<\/strong><\/a>, <a href=\"\/en\/cave-a-huile\/les-huiles-bioleane\/vinaigre-balsamique-de-modene-bio-bioleane\/\"><strong>balsamic vinegar<\/strong><\/a> and mustard in a bowl.<\/li>\n<li dir=\"ltr\">Incorporate into the salad. Add salt and pepper to taste.<\/li>\n<li dir=\"ltr\">Your salad is ready to serve!<\/li>\n<\/ol>\t\t\t\t\t\t\t\t<\/div>\n\t\t\t\t<\/div>\n\t\t\t\t\t<\/div>\n\t\t<\/div>\n\t\t\t\t<div class=\"elementor-column elementor-col-50 elementor-top-column elementor-element elementor-element-6aa4235\" data-id=\"6aa4235\" data-element_type=\"column\" data-e-type=\"column\">\n\t\t\t<div class=\"elementor-widget-wrap elementor-element-populated\">\n\t\t\t\t\t\t<div class=\"elementor-element elementor-element-7306aee elementor-widget elementor-widget-spacer\" data-id=\"7306aee\" data-element_type=\"widget\" data-e-type=\"widget\" data-widget_type=\"spacer.default\">\n\t\t\t\t<div class=\"elementor-widget-container\">\n\t\t\t\t\t\t\t<div class=\"elementor-spacer\">\n\t\t\t<div class=\"elementor-spacer-inner\"><\/div>\n\t\t<\/div>\n\t\t\t\t\t\t<\/div>\n\t\t\t\t<\/div>\n\t\t\t\t<div class=\"elementor-element elementor-element-f1f3883 elementor-widget elementor-widget-image\" data-id=\"f1f3883\" data-element_type=\"widget\" data-e-type=\"widget\" data-widget_type=\"image.default\">\n\t\t\t\t<div class=\"elementor-widget-container\">\n\t\t\t\t\t\t\t\t\t\t\t\t\t\t\t<img fetchpriority=\"high\" decoding=\"async\" width=\"768\" height=\"768\" src=\"https:\/\/www.huilecauvin.com\/wp-content\/uploads\/2020\/06\/SALADE_QUINOA-768x768.png\" class=\"attachment-medium_large size-medium_large wp-image-1293\" alt=\"\" srcset=\"https:\/\/www.huilecauvin.com\/wp-content\/uploads\/2020\/06\/SALADE_QUINOA-768x768.png 768w, https:\/\/www.huilecauvin.com\/wp-content\/uploads\/2020\/06\/SALADE_QUINOA-300x300.png 300w, https:\/\/www.huilecauvin.com\/wp-content\/uploads\/2020\/06\/SALADE_QUINOA-1024x1024.png 1024w, https:\/\/www.huilecauvin.com\/wp-content\/uploads\/2020\/06\/SALADE_QUINOA-150x150.png 150w, https:\/\/www.huilecauvin.com\/wp-content\/uploads\/2020\/06\/SALADE_QUINOA-1536x1536.png 1536w, https:\/\/www.huilecauvin.com\/wp-content\/uploads\/2020\/06\/SALADE_QUINOA.png 2001w\" sizes=\"(max-width: 768px) 100vw, 768px\" \/>\t\t\t\t\t\t\t\t\t\t\t\t\t\t\t<\/div>\n\t\t\t\t<\/div>\n\t\t\t\t\t<\/div>\n\t\t<\/div>\n\t\t\t\t\t<\/div>\n\t\t<\/section>\n\t\t\t\t<section class=\"elementor-section elementor-top-section elementor-element elementor-element-ea807b2 elementor-section-stretched elementor-section-boxed elementor-section-height-default elementor-section-height-default\" data-id=\"ea807b2\" data-element_type=\"section\" data-e-type=\"section\" data-settings=\"{&quot;stretch_section&quot;:&quot;section-stretched&quot;}\">\n\t\t\t\t\t\t<div class=\"elementor-container elementor-column-gap-default\">\n\t\t\t\t\t<div class=\"elementor-column elementor-col-100 elementor-top-column elementor-element elementor-element-ce2b618\" data-id=\"ce2b618\" data-element_type=\"column\" data-e-type=\"column\">\n\t\t\t<div class=\"elementor-widget-wrap elementor-element-populated\">\n\t\t\t\t\t\t<div class=\"elementor-element elementor-element-afc82b1 elementor-widget elementor-widget-spacer\" data-id=\"afc82b1\" data-element_type=\"widget\" data-e-type=\"widget\" data-widget_type=\"spacer.default\">\n\t\t\t\t<div class=\"elementor-widget-container\">\n\t\t\t\t\t\t\t<div class=\"elementor-spacer\">\n\t\t\t<div class=\"elementor-spacer-inner\"><\/div>\n\t\t<\/div>\n\t\t\t\t\t\t<\/div>\n\t\t\t\t<\/div>\n\t\t\t\t\t<\/div>\n\t\t<\/div>\n\t\t\t\t\t<\/div>\n\t\t<\/section>\n\t\t\t\t<\/div>","protected":false},"excerpt":{"rendered":"<p>Salade de quinoa aux aubergines grill\u00e9es Pour 4 personnes &nbsp; INGREDIENTS&nbsp;&nbsp; 200g de quinoa 2 aubergines 100 g de tomates s\u00e9ch\u00e9es 100 g de f\u00e9ta 150g de pousses d\u2019\u00e9pinard 1 oignon 2 gousses d\u2019ail 2 cuil. \u00e0 soupe d\u2019 huile d\u2019olive&nbsp;Bio Non filtr\u00e9e Cauvin S\u00e9lection 8 cuil. \u00e0 soupe d\u2019 huile de Lin Bio Cauvin [&hellip;]<\/p>\n","protected":false},"author":1,"featured_media":0,"parent":470,"menu_order":0,"comment_status":"closed","ping_status":"closed","template":"elementor_header_footer","meta":{"_monsterinsights_skip_tracking":false,"_monsterinsights_sitenote_active":false,"_monsterinsights_sitenote_note":"","_monsterinsights_sitenote_category":0,"footnotes":""},"class_list":["post-1695","page","type-page","status-publish","hentry"],"_links":{"self":[{"href":"http:\/\/www.huilecauvin.com\/en\/wp-json\/wp\/v2\/pages\/1695","targetHints":{"allow":["GET"]}}],"collection":[{"href":"http:\/\/www.huilecauvin.com\/en\/wp-json\/wp\/v2\/pages"}],"about":[{"href":"http:\/\/www.huilecauvin.com\/en\/wp-json\/wp\/v2\/types\/page"}],"author":[{"embeddable":true,"href":"http:\/\/www.huilecauvin.com\/en\/wp-json\/wp\/v2\/users\/1"}],"replies":[{"embeddable":true,"href":"http:\/\/www.huilecauvin.com\/en\/wp-json\/wp\/v2\/comments?post=1695"}],"version-history":[{"count":0,"href":"http:\/\/www.huilecauvin.com\/en\/wp-json\/wp\/v2\/pages\/1695\/revisions"}],"up":[{"embeddable":true,"href":"http:\/\/www.huilecauvin.com\/en\/wp-json\/wp\/v2\/pages\/470"}],"wp:attachment":[{"href":"http:\/\/www.huilecauvin.com\/en\/wp-json\/wp\/v2\/media?parent=1695"}],"curies":[{"name":"wp","href":"https:\/\/api.w.org\/{rel}","templated":true}]}}