{"id":795,"date":"2020-05-12T16:50:39","date_gmt":"2020-05-12T14:50:39","guid":{"rendered":"http:\/\/localhost\/wordpress\/?page_id=795"},"modified":"2026-01-15T15:33:04","modified_gmt":"2026-01-15T14:33:04","slug":"les-huiles-selection","status":"publish","type":"page","link":"http:\/\/www.huilecauvin.com\/de\/cave-a-huile\/les-huiles-selection\/","title":{"rendered":"Die \u00d6le der Produktreihe S\u00e9lection"},"content":{"rendered":"<div data-elementor-type=\"wp-page\" data-elementor-id=\"795\" class=\"elementor elementor-795\">\n\t\t\t\t\t\t<section class=\"elementor-section elementor-top-section elementor-element elementor-element-2d25d9b elementor-section-stretched elementor-section-boxed elementor-section-height-default elementor-section-height-default\" data-id=\"2d25d9b\" data-element_type=\"section\" data-e-type=\"section\" data-settings=\"{&quot;stretch_section&quot;:&quot;section-stretched&quot;}\">\n\t\t\t\t\t\t<div class=\"elementor-container elementor-column-gap-default\">\n\t\t\t\t\t<div class=\"elementor-column elementor-col-100 elementor-top-column elementor-element elementor-element-2d4cefb\" data-id=\"2d4cefb\" data-element_type=\"column\" data-e-type=\"column\">\n\t\t\t<div class=\"elementor-widget-wrap elementor-element-populated\">\n\t\t\t\t\t\t<div class=\"elementor-element elementor-element-d27f0fd elementor-widget elementor-widget-spacer\" data-id=\"d27f0fd\" data-element_type=\"widget\" data-e-type=\"widget\" data-widget_type=\"spacer.default\">\n\t\t\t\t<div class=\"elementor-widget-container\">\n\t\t\t\t\t\t\t<div class=\"elementor-spacer\">\n\t\t\t<div class=\"elementor-spacer-inner\"><\/div>\n\t\t<\/div>\n\t\t\t\t\t\t<\/div>\n\t\t\t\t<\/div>\n\t\t\t\t<div class=\"elementor-element elementor-element-659cd92 elementor-widget elementor-widget-heading\" data-id=\"659cd92\" data-element_type=\"widget\" data-e-type=\"widget\" data-widget_type=\"heading.default\">\n\t\t\t\t<div class=\"elementor-widget-container\">\n\t\t\t\t\t<h2 class=\"elementor-heading-title elementor-size-default\">Die \u00d6le der Produktreihe S\u00e9lection<\/h2>\t\t\t\t<\/div>\n\t\t\t\t<\/div>\n\t\t\t\t<div class=\"elementor-element elementor-element-eb6d07d elementor-widget elementor-widget-text-editor\" data-id=\"eb6d07d\" data-element_type=\"widget\" data-e-type=\"widget\" data-widget_type=\"text-editor.default\">\n\t\t\t\t<div class=\"elementor-widget-container\">\n\t\t\t\t\t\t\t\t\t<p>&nbsp;La gamme PREMIUM de CAUVIN, recommand\u00e9e par le guide gastronomique Gault et Millau, se compose de 4 huiles d\u2019olive monovari\u00e9tales, Arbequine, issues d\u2019un territoire pr\u00e9serv\u00e9 du nord de l\u2019Espagne et de 4 huiles avec \u00e9clats de fruits. D\u00e9couvrez nos huiles s\u00e9lection juste ici !<\/p>\t\t\t\t\t\t\t\t<\/div>\n\t\t\t\t<\/div>\n\t\t\t\t\t<\/div>\n\t\t<\/div>\n\t\t\t\t\t<\/div>\n\t\t<\/section>\n\t\t\t\t<section class=\"elementor-section elementor-top-section elementor-element elementor-element-9b62c7f elementor-section-stretched elementor-section-boxed elementor-section-height-default elementor-section-height-default\" data-id=\"9b62c7f\" data-element_type=\"section\" data-e-type=\"section\" data-settings=\"{&quot;stretch_section&quot;:&quot;section-stretched&quot;}\">\n\t\t\t\t\t\t<div class=\"elementor-container elementor-column-gap-default\">\n\t\t\t\t\t<div class=\"elementor-column elementor-col-50 elementor-top-column elementor-element elementor-element-490c880\" data-id=\"490c880\" data-element_type=\"column\" data-e-type=\"column\">\n\t\t\t<div class=\"elementor-widget-wrap elementor-element-populated\">\n\t\t\t\t\t\t<div class=\"elementor-element elementor-element-18fc020 elementor-widget__width-initial elementor-widget elementor-widget-image\" data-id=\"18fc020\" data-element_type=\"widget\" data-e-type=\"widget\" data-widget_type=\"image.default\">\n\t\t\t\t<div class=\"elementor-widget-container\">\n\t\t\t\t\t\t\t\t\t\t\t\t\t\t\t\t<a href=\"\/de\/cave-a-huile\/les-huiles-selection\/huile-dolive-vierge-extra-arbequine-selection\/\">\n\t\t\t\t\t\t\t<img fetchpriority=\"high\" decoding=\"async\" width=\"768\" height=\"768\" src=\"https:\/\/www.huilecauvin.com\/wp-content\/uploads\/2025\/03\/arbequine-selection.png\" class=\"elementor-animation-pop attachment-medium_large size-medium_large wp-image-14300\" alt=\"Gamme s\u00e9lection - Olive arbequine\" \/>\t\t\t\t\t\t\t\t<\/a>\n\t\t\t\t\t\t\t\t\t\t\t\t\t\t\t<\/div>\n\t\t\t\t<\/div>\n\t\t\t\t<div class=\"elementor-element elementor-element-740c2b3 elementor-widget elementor-widget-heading\" data-id=\"740c2b3\" data-element_type=\"widget\" data-e-type=\"widget\" data-widget_type=\"heading.default\">\n\t\t\t\t<div class=\"elementor-widget-container\">\n\t\t\t\t\t<h2 class=\"elementor-heading-title elementor-size-default\"><a href=\"\/de\/cave-a-huile\/les-huiles-selection\/huile-dolive-vierge-extra-arbequine-selection\/\">Gefiltertes Arbequina-Oliven\u00f6l \u2013 S\u00e9lection<\/a><\/h2>\t\t\t\t<\/div>\n\t\t\t\t<\/div>\n\t\t\t\t\t<\/div>\n\t\t<\/div>\n\t\t\t\t<div class=\"elementor-column elementor-col-50 elementor-top-column elementor-element elementor-element-7a93bc6\" data-id=\"7a93bc6\" data-element_type=\"column\" data-e-type=\"column\">\n\t\t\t<div class=\"elementor-widget-wrap elementor-element-populated\">\n\t\t\t\t\t\t<div class=\"elementor-element elementor-element-acb3cb9 elementor-widget__width-initial elementor-invisible elementor-widget elementor-widget-image\" data-id=\"acb3cb9\" data-element_type=\"widget\" data-e-type=\"widget\" data-settings=\"{&quot;_animation&quot;:&quot;pulse&quot;}\" data-widget_type=\"image.default\">\n\t\t\t\t<div class=\"elementor-widget-container\">\n\t\t\t\t\t\t\t\t\t\t\t\t\t\t\t\t<a href=\"\/de\/cave-a-huile\/les-huiles-selection\/huile-dolive-vierge-extra-arbequine-bio-selection\/\">\n\t\t\t\t\t\t\t<img decoding=\"async\" width=\"300\" height=\"300\" src=\"https:\/\/www.huilecauvin.com\/wp-content\/uploads\/2025\/03\/arbequine-bio-selection-300x300.png\" class=\"elementor-animation-pop attachment-medium size-medium wp-image-14304\" alt=\"Gamme s\u00e9lection - Olive arbequine bio\" srcset=\"https:\/\/www.huilecauvin.com\/wp-content\/uploads\/2025\/03\/arbequine-bio-selection-300x300.png 300w, https:\/\/www.huilecauvin.com\/wp-content\/uploads\/2025\/03\/arbequine-bio-selection-1024x1024.png 1024w, https:\/\/www.huilecauvin.com\/wp-content\/uploads\/2025\/03\/arbequine-bio-selection-150x150.png 150w, https:\/\/www.huilecauvin.com\/wp-content\/uploads\/2025\/03\/arbequine-bio-selection-768x768.png 768w, https:\/\/www.huilecauvin.com\/wp-content\/uploads\/2025\/03\/arbequine-bio-selection-1536x1536.png 1536w, https:\/\/www.huilecauvin.com\/wp-content\/uploads\/2025\/03\/arbequine-bio-selection-2048x2048.png 2048w, https:\/\/www.huilecauvin.com\/wp-content\/uploads\/2025\/03\/arbequine-bio-selection-12x12.png 12w, https:\/\/www.huilecauvin.com\/wp-content\/uploads\/2025\/03\/arbequine-bio-selection-75x75.png 75w\" sizes=\"(max-width: 300px) 100vw, 300px\" \/>\t\t\t\t\t\t\t\t<\/a>\n\t\t\t\t\t\t\t\t\t\t\t\t\t\t\t<\/div>\n\t\t\t\t<\/div>\n\t\t\t\t<div class=\"elementor-element elementor-element-93345ec elementor-widget__width-initial elementor-widget elementor-widget-heading\" data-id=\"93345ec\" data-element_type=\"widget\" data-e-type=\"widget\" data-widget_type=\"heading.default\">\n\t\t\t\t<div class=\"elementor-widget-container\">\n\t\t\t\t\t<h2 class=\"elementor-heading-title elementor-size-default\"><a href=\"\/de\/cave-a-huile\/les-huiles-selection\/huile-dolive-vierge-extra-arbequine-bio-selection\/\">Bio Arbequina-Oliven\u00f6l S\u00e9lection<\/a><\/h2>\t\t\t\t<\/div>\n\t\t\t\t<\/div>\n\t\t\t\t\t<\/div>\n\t\t<\/div>\n\t\t\t\t\t<\/div>\n\t\t<\/section>\n\t\t\t\t<section class=\"elementor-section elementor-top-section elementor-element elementor-element-0d41fb9 elementor-section-stretched elementor-section-boxed elementor-section-height-default elementor-section-height-default\" data-id=\"0d41fb9\" data-element_type=\"section\" data-e-type=\"section\" data-settings=\"{&quot;stretch_section&quot;:&quot;section-stretched&quot;}\">\n\t\t\t\t\t\t<div class=\"elementor-container elementor-column-gap-default\">\n\t\t\t\t\t<div class=\"elementor-column elementor-col-25 elementor-top-column elementor-element elementor-element-6089735\" data-id=\"6089735\" data-element_type=\"column\" data-e-type=\"column\">\n\t\t\t<div class=\"elementor-widget-wrap elementor-element-populated\">\n\t\t\t\t\t\t<div class=\"elementor-element elementor-element-38d0639 elementor-invisible elementor-widget elementor-widget-image\" data-id=\"38d0639\" data-element_type=\"widget\" data-e-type=\"widget\" data-settings=\"{&quot;_animation&quot;:&quot;pulse&quot;}\" data-widget_type=\"image.default\">\n\t\t\t\t<div class=\"elementor-widget-container\">\n\t\t\t\t\t\t\t\t\t\t\t\t\t\t\t\t<a href=\"https:\/\/www.huilecauvin.com\/de\/cave-a-huile\/les-huiles-selection\/huile-de-noisette-selection\/\">\n\t\t\t\t\t\t\t<img decoding=\"async\" width=\"300\" height=\"300\" src=\"https:\/\/www.huilecauvin.com\/wp-content\/uploads\/2025\/03\/NOISETTE-SELECTION-300x300.png\" class=\"elementor-animation-pop attachment-medium size-medium wp-image-14305\" alt=\"Noisette avec \u00e9clats\" srcset=\"https:\/\/www.huilecauvin.com\/wp-content\/uploads\/2025\/03\/NOISETTE-SELECTION-300x300.png 300w, https:\/\/www.huilecauvin.com\/wp-content\/uploads\/2025\/03\/NOISETTE-SELECTION-1024x1024.png 1024w, https:\/\/www.huilecauvin.com\/wp-content\/uploads\/2025\/03\/NOISETTE-SELECTION-150x150.png 150w, https:\/\/www.huilecauvin.com\/wp-content\/uploads\/2025\/03\/NOISETTE-SELECTION-768x768.png 768w, https:\/\/www.huilecauvin.com\/wp-content\/uploads\/2025\/03\/NOISETTE-SELECTION-1536x1536.png 1536w, https:\/\/www.huilecauvin.com\/wp-content\/uploads\/2025\/03\/NOISETTE-SELECTION-2048x2048.png 2048w, https:\/\/www.huilecauvin.com\/wp-content\/uploads\/2025\/03\/NOISETTE-SELECTION-12x12.png 12w, https:\/\/www.huilecauvin.com\/wp-content\/uploads\/2025\/03\/NOISETTE-SELECTION-75x75.png 75w\" sizes=\"(max-width: 300px) 100vw, 300px\" \/>\t\t\t\t\t\t\t\t<\/a>\n\t\t\t\t\t\t\t\t\t\t\t\t\t\t\t<\/div>\n\t\t\t\t<\/div>\n\t\t\t\t<div class=\"elementor-element elementor-element-0efc1d3 elementor-widget elementor-widget-heading\" data-id=\"0efc1d3\" data-element_type=\"widget\" data-e-type=\"widget\" data-widget_type=\"heading.default\">\n\t\t\t\t<div class=\"elementor-widget-container\">\n\t\t\t\t\t<h2 class=\"elementor-heading-title elementor-size-default\"><a href=\"https:\/\/www.huilecauvin.com\/de\/cave-a-huile\/les-huiles-selection\/huile-de-noisette-selection\/\">Haselnuss\u00f6l mit Haselnussst\u00fccken \u2013 S\u00e9lection<\/a><\/h2>\t\t\t\t<\/div>\n\t\t\t\t<\/div>\n\t\t\t\t\t<\/div>\n\t\t<\/div>\n\t\t\t\t<div class=\"elementor-column elementor-col-25 elementor-top-column elementor-element elementor-element-6e49b8a\" data-id=\"6e49b8a\" data-element_type=\"column\" data-e-type=\"column\">\n\t\t\t<div class=\"elementor-widget-wrap elementor-element-populated\">\n\t\t\t\t\t\t<div class=\"elementor-element elementor-element-51ecb56 elementor-invisible elementor-widget elementor-widget-image\" data-id=\"51ecb56\" data-element_type=\"widget\" data-e-type=\"widget\" data-settings=\"{&quot;_animation&quot;:&quot;pulse&quot;}\" data-widget_type=\"image.default\">\n\t\t\t\t<div class=\"elementor-widget-container\">\n\t\t\t\t\t\t\t\t\t\t\t\t\t\t\t\t<a href=\"https:\/\/www.huilecauvin.com\/de\/cave-a-huile\/les-huiles-selection\/huile-de-noix-avec-eclats-selection\/\">\n\t\t\t\t\t\t\t<img loading=\"lazy\" decoding=\"async\" width=\"300\" height=\"300\" src=\"https:\/\/www.huilecauvin.com\/wp-content\/uploads\/2025\/03\/NOIX-SELECTION-300x300.png\" class=\"elementor-animation-pop attachment-medium size-medium wp-image-14306\" alt=\"Noix avec \u00e9clats\" srcset=\"https:\/\/www.huilecauvin.com\/wp-content\/uploads\/2025\/03\/NOIX-SELECTION-300x300.png 300w, https:\/\/www.huilecauvin.com\/wp-content\/uploads\/2025\/03\/NOIX-SELECTION-1024x1024.png 1024w, https:\/\/www.huilecauvin.com\/wp-content\/uploads\/2025\/03\/NOIX-SELECTION-150x150.png 150w, https:\/\/www.huilecauvin.com\/wp-content\/uploads\/2025\/03\/NOIX-SELECTION-768x768.png 768w, https:\/\/www.huilecauvin.com\/wp-content\/uploads\/2025\/03\/NOIX-SELECTION-1536x1536.png 1536w, https:\/\/www.huilecauvin.com\/wp-content\/uploads\/2025\/03\/NOIX-SELECTION-2048x2048.png 2048w, https:\/\/www.huilecauvin.com\/wp-content\/uploads\/2025\/03\/NOIX-SELECTION-12x12.png 12w, https:\/\/www.huilecauvin.com\/wp-content\/uploads\/2025\/03\/NOIX-SELECTION-75x75.png 75w\" sizes=\"(max-width: 300px) 100vw, 300px\" \/>\t\t\t\t\t\t\t\t<\/a>\n\t\t\t\t\t\t\t\t\t\t\t\t\t\t\t<\/div>\n\t\t\t\t<\/div>\n\t\t\t\t<div class=\"elementor-element elementor-element-ff49158 elementor-widget elementor-widget-heading\" data-id=\"ff49158\" data-element_type=\"widget\" data-e-type=\"widget\" data-widget_type=\"heading.default\">\n\t\t\t\t<div class=\"elementor-widget-container\">\n\t\t\t\t\t<h2 class=\"elementor-heading-title elementor-size-default\"><a href=\"\/de\/cave-a-huile\/les-huiles-selection\/huile-a-la-truffe-avec-eclats-selection\/\">Walnuss\u00f6l mit Walnussst\u00fccken \u2013 S\u00e9lection<\/a><\/h2>\t\t\t\t<\/div>\n\t\t\t\t<\/div>\n\t\t\t\t\t<\/div>\n\t\t<\/div>\n\t\t\t\t<div class=\"elementor-column elementor-col-25 elementor-top-column elementor-element elementor-element-c3a8415\" data-id=\"c3a8415\" data-element_type=\"column\" data-e-type=\"column\">\n\t\t\t<div class=\"elementor-widget-wrap elementor-element-populated\">\n\t\t\t\t\t\t<div class=\"elementor-element elementor-element-e4b1e71 elementor-widget__width-initial elementor-invisible elementor-widget elementor-widget-image\" data-id=\"e4b1e71\" data-element_type=\"widget\" data-e-type=\"widget\" data-settings=\"{&quot;_animation&quot;:&quot;pulse&quot;}\" data-widget_type=\"image.default\">\n\t\t\t\t<div class=\"elementor-widget-container\">\n\t\t\t\t\t\t\t\t\t\t\t\t\t\t\t\t<a href=\"\/de\/cave-a-huile\/les-huiles-selection\/huile-pimentee-pour-pizza-selection\/\" target=\"_blank\">\n\t\t\t\t\t\t\t<img loading=\"lazy\" decoding=\"async\" width=\"300\" height=\"300\" src=\"https:\/\/www.huilecauvin.com\/wp-content\/uploads\/2025\/03\/PIZZA-SELECTION-1-300x300.png\" class=\"elementor-animation-pop attachment-medium size-medium wp-image-14311\" alt=\"Gamme s\u00e9lection - Pizza\" srcset=\"https:\/\/www.huilecauvin.com\/wp-content\/uploads\/2025\/03\/PIZZA-SELECTION-1-300x300.png 300w, https:\/\/www.huilecauvin.com\/wp-content\/uploads\/2025\/03\/PIZZA-SELECTION-1-1024x1024.png 1024w, https:\/\/www.huilecauvin.com\/wp-content\/uploads\/2025\/03\/PIZZA-SELECTION-1-150x150.png 150w, https:\/\/www.huilecauvin.com\/wp-content\/uploads\/2025\/03\/PIZZA-SELECTION-1-768x768.png 768w, https:\/\/www.huilecauvin.com\/wp-content\/uploads\/2025\/03\/PIZZA-SELECTION-1-1536x1536.png 1536w, https:\/\/www.huilecauvin.com\/wp-content\/uploads\/2025\/03\/PIZZA-SELECTION-1-2048x2048.png 2048w, https:\/\/www.huilecauvin.com\/wp-content\/uploads\/2025\/03\/PIZZA-SELECTION-1-12x12.png 12w, https:\/\/www.huilecauvin.com\/wp-content\/uploads\/2025\/03\/PIZZA-SELECTION-1-75x75.png 75w\" sizes=\"(max-width: 300px) 100vw, 300px\" \/>\t\t\t\t\t\t\t\t<\/a>\n\t\t\t\t\t\t\t\t\t\t\t\t\t\t\t<\/div>\n\t\t\t\t<\/div>\n\t\t\t\t<div class=\"elementor-element elementor-element-d4aabb3 elementor-widget elementor-widget-spacer\" data-id=\"d4aabb3\" data-element_type=\"widget\" data-e-type=\"widget\" data-widget_type=\"spacer.default\">\n\t\t\t\t<div class=\"elementor-widget-container\">\n\t\t\t\t\t\t\t<div class=\"elementor-spacer\">\n\t\t\t<div class=\"elementor-spacer-inner\"><\/div>\n\t\t<\/div>\n\t\t\t\t\t\t<\/div>\n\t\t\t\t<\/div>\n\t\t\t\t<div class=\"elementor-element elementor-element-71ce6ab elementor-widget elementor-widget-spacer\" data-id=\"71ce6ab\" data-element_type=\"widget\" data-e-type=\"widget\" data-widget_type=\"spacer.default\">\n\t\t\t\t<div class=\"elementor-widget-container\">\n\t\t\t\t\t\t\t<div class=\"elementor-spacer\">\n\t\t\t<div class=\"elementor-spacer-inner\"><\/div>\n\t\t<\/div>\n\t\t\t\t\t\t<\/div>\n\t\t\t\t<\/div>\n\t\t\t\t<div class=\"elementor-element elementor-element-2ad17eb elementor-widget elementor-widget-heading\" data-id=\"2ad17eb\" data-element_type=\"widget\" data-e-type=\"widget\" data-widget_type=\"heading.default\">\n\t\t\t\t<div class=\"elementor-widget-container\">\n\t\t\t\t\t<h2 class=\"elementor-heading-title elementor-size-default\"><a href=\"\/de\/cave-a-huile\/les-huiles-selection\/huile-pimentee-pour-pizza-selection\/\">Chili\u00f6l f\u00fcr Pizza \u2013 S\u00e9lection<\/a><\/h2>\t\t\t\t<\/div>\n\t\t\t\t<\/div>\n\t\t\t\t\t<\/div>\n\t\t<\/div>\n\t\t\t\t<div class=\"elementor-column elementor-col-25 elementor-top-column elementor-element elementor-element-0ce5ecc\" data-id=\"0ce5ecc\" data-element_type=\"column\" data-e-type=\"column\">\n\t\t\t<div class=\"elementor-widget-wrap elementor-element-populated\">\n\t\t\t\t\t\t<div class=\"elementor-element elementor-element-a90706e elementor-invisible elementor-widget elementor-widget-image\" data-id=\"a90706e\" data-element_type=\"widget\" data-e-type=\"widget\" data-settings=\"{&quot;_animation&quot;:&quot;pulse&quot;}\" data-widget_type=\"image.default\">\n\t\t\t\t<div class=\"elementor-widget-container\">\n\t\t\t\t\t\t\t\t\t\t\t\t\t\t\t\t<a href=\"https:\/\/www.huilecauvin.com\/de\/cave-a-huile\/les-huiles-selection\/huile-a-la-truffe-cauvin\/\">\n\t\t\t\t\t\t\t<img loading=\"lazy\" decoding=\"async\" width=\"300\" height=\"300\" src=\"https:\/\/www.huilecauvin.com\/wp-content\/uploads\/2025\/03\/TRUFFE-SELECTION-1-300x300.png\" class=\"elementor-animation-pop attachment-medium size-medium wp-image-14314\" alt=\"Gamme s\u00e9lection - Truffe avec \u00e9clats\" srcset=\"https:\/\/www.huilecauvin.com\/wp-content\/uploads\/2025\/03\/TRUFFE-SELECTION-1-300x300.png 300w, https:\/\/www.huilecauvin.com\/wp-content\/uploads\/2025\/03\/TRUFFE-SELECTION-1-1024x1024.png 1024w, https:\/\/www.huilecauvin.com\/wp-content\/uploads\/2025\/03\/TRUFFE-SELECTION-1-150x150.png 150w, https:\/\/www.huilecauvin.com\/wp-content\/uploads\/2025\/03\/TRUFFE-SELECTION-1-768x768.png 768w, https:\/\/www.huilecauvin.com\/wp-content\/uploads\/2025\/03\/TRUFFE-SELECTION-1-1536x1536.png 1536w, https:\/\/www.huilecauvin.com\/wp-content\/uploads\/2025\/03\/TRUFFE-SELECTION-1-2048x2048.png 2048w, https:\/\/www.huilecauvin.com\/wp-content\/uploads\/2025\/03\/TRUFFE-SELECTION-1-12x12.png 12w, https:\/\/www.huilecauvin.com\/wp-content\/uploads\/2025\/03\/TRUFFE-SELECTION-1-75x75.png 75w\" sizes=\"(max-width: 300px) 100vw, 300px\" \/>\t\t\t\t\t\t\t\t<\/a>\n\t\t\t\t\t\t\t\t\t\t\t\t\t\t\t<\/div>\n\t\t\t\t<\/div>\n\t\t\t\t<div class=\"elementor-element elementor-element-8f33967 elementor-widget elementor-widget-heading\" data-id=\"8f33967\" data-element_type=\"widget\" data-e-type=\"widget\" data-widget_type=\"heading.default\">\n\t\t\t\t<div class=\"elementor-widget-container\">\n\t\t\t\t\t<h2 class=\"elementor-heading-title elementor-size-default\"><a href=\"https:\/\/www.huilecauvin.com\/de\/cave-a-huile\/les-huiles-selection\/huile-a-la-truffe-cauvin\/\">Tr\u00fcffel\u00f6l mit Tr\u00fcffelbruch S\u00e9lection<\/a><\/h2>\t\t\t\t<\/div>\n\t\t\t\t<\/div>\n\t\t\t\t\t<\/div>\n\t\t<\/div>\n\t\t\t\t\t<\/div>\n\t\t<\/section>\n\t\t\t\t<section class=\"elementor-section elementor-top-section elementor-element elementor-element-28a897d elementor-section-stretched elementor-section-boxed elementor-section-height-default elementor-section-height-default\" data-id=\"28a897d\" data-element_type=\"section\" data-e-type=\"section\" data-settings=\"{&quot;stretch_section&quot;:&quot;section-stretched&quot;}\">\n\t\t\t\t\t\t<div class=\"elementor-container elementor-column-gap-default\">\n\t\t\t\t\t<div class=\"elementor-column elementor-col-100 elementor-top-column elementor-element elementor-element-0bb0a5a\" data-id=\"0bb0a5a\" data-element_type=\"column\" data-e-type=\"column\">\n\t\t\t<div class=\"elementor-widget-wrap elementor-element-populated\">\n\t\t\t\t\t\t<div class=\"elementor-element elementor-element-2c785c1 elementor-widget elementor-widget-spacer\" data-id=\"2c785c1\" data-element_type=\"widget\" data-e-type=\"widget\" data-widget_type=\"spacer.default\">\n\t\t\t\t<div class=\"elementor-widget-container\">\n\t\t\t\t\t\t\t<div class=\"elementor-spacer\">\n\t\t\t<div class=\"elementor-spacer-inner\"><\/div>\n\t\t<\/div>\n\t\t\t\t\t\t<\/div>\n\t\t\t\t<\/div>\n\t\t\t\t\t<\/div>\n\t\t<\/div>\n\t\t\t\t\t<\/div>\n\t\t<\/section>\n\t\t\t\t<section class=\"elementor-section elementor-top-section elementor-element elementor-element-3976f26 elementor-section-boxed elementor-section-height-default elementor-section-height-default\" data-id=\"3976f26\" data-element_type=\"section\" data-e-type=\"section\">\n\t\t\t\t\t\t<div class=\"elementor-container elementor-column-gap-default\">\n\t\t\t\t\t<div class=\"elementor-column elementor-col-100 elementor-top-column elementor-element elementor-element-7ae46f2\" data-id=\"7ae46f2\" data-element_type=\"column\" data-e-type=\"column\">\n\t\t\t<div class=\"elementor-widget-wrap\">\n\t\t\t\t\t\t\t<\/div>\n\t\t<\/div>\n\t\t\t\t\t<\/div>\n\t\t<\/section>\n\t\t\t\t<\/div>","protected":false},"excerpt":{"rendered":"<p>Les Huiles S\u00e9lection &nbsp;La gamme PREMIUM de CAUVIN, recommand\u00e9e par le guide gastronomique Gault et Millau, se compose de 4 huiles d\u2019olive monovari\u00e9tales, Arbequine, issues d\u2019un territoire pr\u00e9serv\u00e9 du nord de l\u2019Espagne et de 4 huiles avec \u00e9clats de fruits. D\u00e9couvrez nos huiles s\u00e9lection juste ici ! Huile d&#8217;olive Arbequine filtr\u00e9e S\u00e9lection Huile d&#8217;olive Arbequine [&hellip;]<\/p>\n","protected":false},"author":1,"featured_media":0,"parent":133,"menu_order":0,"comment_status":"closed","ping_status":"closed","template":"elementor_header_footer","meta":{"_monsterinsights_skip_tracking":false,"_monsterinsights_sitenote_active":false,"_monsterinsights_sitenote_note":"","_monsterinsights_sitenote_category":0,"footnotes":""},"class_list":["post-795","page","type-page","status-publish","hentry"],"_links":{"self":[{"href":"http:\/\/www.huilecauvin.com\/de\/wp-json\/wp\/v2\/pages\/795","targetHints":{"allow":["GET"]}}],"collection":[{"href":"http:\/\/www.huilecauvin.com\/de\/wp-json\/wp\/v2\/pages"}],"about":[{"href":"http:\/\/www.huilecauvin.com\/de\/wp-json\/wp\/v2\/types\/page"}],"author":[{"embeddable":true,"href":"http:\/\/www.huilecauvin.com\/de\/wp-json\/wp\/v2\/users\/1"}],"replies":[{"embeddable":true,"href":"http:\/\/www.huilecauvin.com\/de\/wp-json\/wp\/v2\/comments?post=795"}],"version-history":[{"count":12,"href":"http:\/\/www.huilecauvin.com\/de\/wp-json\/wp\/v2\/pages\/795\/revisions"}],"predecessor-version":[{"id":15598,"href":"http:\/\/www.huilecauvin.com\/de\/wp-json\/wp\/v2\/pages\/795\/revisions\/15598"}],"up":[{"embeddable":true,"href":"http:\/\/www.huilecauvin.com\/de\/wp-json\/wp\/v2\/pages\/133"}],"wp:attachment":[{"href":"http:\/\/www.huilecauvin.com\/de\/wp-json\/wp\/v2\/media?parent=795"}],"curies":[{"name":"wp","href":"https:\/\/api.w.org\/{rel}","templated":true}]}}