{"id":525,"date":"2020-04-07T16:47:55","date_gmt":"2020-04-07T14:47:55","guid":{"rendered":"http:\/\/localhost\/wordpress\/?page_id=525"},"modified":"2022-05-04T09:41:37","modified_gmt":"2022-05-04T07:41:37","slug":"huile-et-nutrition","status":"publish","type":"page","link":"http:\/\/www.huilecauvin.com\/de\/about\/huile-et-nutrition\/","title":{"rendered":"\u00d6l und Ern\u00e4hrung"},"content":{"rendered":"<div data-elementor-type=\"wp-page\" data-elementor-id=\"525\" class=\"elementor elementor-525\">\n\t\t\t\t\t\t<section class=\"elementor-section elementor-top-section elementor-element elementor-element-395bccd elementor-section-stretched elementor-section-boxed elementor-section-height-default elementor-section-height-default\" data-id=\"395bccd\" data-element_type=\"section\" data-e-type=\"section\" data-settings=\"{&quot;stretch_section&quot;:&quot;section-stretched&quot;}\">\n\t\t\t\t\t\t<div class=\"elementor-container elementor-column-gap-default\">\n\t\t\t\t\t<div class=\"elementor-column elementor-col-100 elementor-top-column elementor-element elementor-element-1505080\" data-id=\"1505080\" data-element_type=\"column\" data-e-type=\"column\">\n\t\t\t<div class=\"elementor-widget-wrap elementor-element-populated\">\n\t\t\t\t\t\t<div class=\"elementor-element elementor-element-6a950a7 elementor-widget elementor-widget-spacer\" data-id=\"6a950a7\" data-element_type=\"widget\" data-e-type=\"widget\" data-widget_type=\"spacer.default\">\n\t\t\t\t<div class=\"elementor-widget-container\">\n\t\t\t\t\t\t\t<div class=\"elementor-spacer\">\n\t\t\t<div class=\"elementor-spacer-inner\"><\/div>\n\t\t<\/div>\n\t\t\t\t\t\t<\/div>\n\t\t\t\t<\/div>\n\t\t\t\t<div class=\"elementor-element elementor-element-6e808ba elementor-widget elementor-widget-heading\" data-id=\"6e808ba\" data-element_type=\"widget\" data-e-type=\"widget\" data-widget_type=\"heading.default\">\n\t\t\t\t<div class=\"elementor-widget-container\">\n\t\t\t\t\t<h2 class=\"elementor-heading-title elementor-size-default\">L\u2019assortiment optimal entre plaisir et sant\u00e9<\/h2>\t\t\t\t<\/div>\n\t\t\t\t<\/div>\n\t\t\t\t<div class=\"elementor-element elementor-element-278e227 elementor-widget elementor-widget-spacer\" data-id=\"278e227\" data-element_type=\"widget\" data-e-type=\"widget\" data-widget_type=\"spacer.default\">\n\t\t\t\t<div class=\"elementor-widget-container\">\n\t\t\t\t\t\t\t<div class=\"elementor-spacer\">\n\t\t\t<div class=\"elementor-spacer-inner\"><\/div>\n\t\t<\/div>\n\t\t\t\t\t\t<\/div>\n\t\t\t\t<\/div>\n\t\t\t\t<div class=\"elementor-element elementor-element-d84f662 elementor-align-center elementor-widget elementor-widget-button\" data-id=\"d84f662\" data-element_type=\"widget\" data-e-type=\"widget\" data-widget_type=\"button.default\">\n\t\t\t\t<div class=\"elementor-widget-container\">\n\t\t\t\t\t\t\t\t\t<div class=\"elementor-button-wrapper\">\n\t\t\t\t\t<a class=\"elementor-button elementor-button-link elementor-size-md\" href=\"https:\/\/www.huilecauvin.com\/wp-content\/uploads\/2022\/04\/CAUVIN_GUIDE-OF-OILS_EN-1.pdf\" target=\"_blank\">\n\t\t\t\t\t\t<span class=\"elementor-button-content-wrapper\">\n\t\t\t\t\t\t<span class=\"elementor-button-icon\">\n\t\t\t\t<i aria-hidden=\"true\" class=\"far fa-file\"><\/i>\t\t\t<\/span>\n\t\t\t\t\t\t\t\t\t<span class=\"elementor-button-text\">\u00dcberblick \u00fcber unsere \u00d6le<\/span>\n\t\t\t\t\t<\/span>\n\t\t\t\t\t<\/a>\n\t\t\t\t<\/div>\n\t\t\t\t\t\t\t\t<\/div>\n\t\t\t\t<\/div>\n\t\t\t\t<div class=\"elementor-element elementor-element-1d39f4a elementor-widget elementor-widget-spacer\" data-id=\"1d39f4a\" data-element_type=\"widget\" data-e-type=\"widget\" data-widget_type=\"spacer.default\">\n\t\t\t\t<div class=\"elementor-widget-container\">\n\t\t\t\t\t\t\t<div class=\"elementor-spacer\">\n\t\t\t<div class=\"elementor-spacer-inner\"><\/div>\n\t\t<\/div>\n\t\t\t\t\t\t<\/div>\n\t\t\t\t<\/div>\n\t\t\t\t\t<\/div>\n\t\t<\/div>\n\t\t\t\t\t<\/div>\n\t\t<\/section>\n\t\t\t\t<section class=\"elementor-section elementor-top-section elementor-element elementor-element-046e620 elementor-section-stretched elementor-section-boxed elementor-section-height-default elementor-section-height-default\" data-id=\"046e620\" data-element_type=\"section\" data-e-type=\"section\" data-settings=\"{&quot;stretch_section&quot;:&quot;section-stretched&quot;}\">\n\t\t\t\t\t\t<div class=\"elementor-container elementor-column-gap-default\">\n\t\t\t\t\t<div class=\"elementor-column elementor-col-100 elementor-top-column elementor-element elementor-element-e9e09fe\" data-id=\"e9e09fe\" data-element_type=\"column\" data-e-type=\"column\">\n\t\t\t<div class=\"elementor-widget-wrap elementor-element-populated\">\n\t\t\t\t\t\t<div class=\"elementor-element elementor-element-5d51796 elementor-widget elementor-widget-spacer\" data-id=\"5d51796\" data-element_type=\"widget\" data-e-type=\"widget\" data-widget_type=\"spacer.default\">\n\t\t\t\t<div class=\"elementor-widget-container\">\n\t\t\t\t\t\t\t<div class=\"elementor-spacer\">\n\t\t\t<div class=\"elementor-spacer-inner\"><\/div>\n\t\t<\/div>\n\t\t\t\t\t\t<\/div>\n\t\t\t\t<\/div>\n\t\t\t\t\t<\/div>\n\t\t<\/div>\n\t\t\t\t\t<\/div>\n\t\t<\/section>\n\t\t\t\t<section class=\"elementor-section elementor-top-section elementor-element elementor-element-1ea8259 elementor-section-stretched elementor-section-boxed elementor-section-height-default elementor-section-height-default\" data-id=\"1ea8259\" data-element_type=\"section\" data-e-type=\"section\" data-settings=\"{&quot;stretch_section&quot;:&quot;section-stretched&quot;}\">\n\t\t\t\t\t\t<div class=\"elementor-container elementor-column-gap-default\">\n\t\t\t\t\t<div class=\"elementor-column elementor-col-100 elementor-top-column elementor-element elementor-element-e1df3ce\" data-id=\"e1df3ce\" data-element_type=\"column\" data-e-type=\"column\">\n\t\t\t<div class=\"elementor-widget-wrap elementor-element-populated\">\n\t\t\t\t\t\t<div class=\"elementor-element elementor-element-17a13c8 elementor-widget elementor-widget-heading\" data-id=\"17a13c8\" data-element_type=\"widget\" data-e-type=\"widget\" data-widget_type=\"heading.default\">\n\t\t\t\t<div class=\"elementor-widget-container\">\n\t\t\t\t\t<h2 class=\"elementor-heading-title elementor-size-default\">L\u2019huile, c\u2019est QUOI ?<\/h2>\t\t\t\t<\/div>\n\t\t\t\t<\/div>\n\t\t\t\t<div class=\"elementor-element elementor-element-99670a9 elementor-widget elementor-widget-text-editor\" data-id=\"99670a9\" data-element_type=\"widget\" data-e-type=\"widget\" data-widget_type=\"text-editor.default\">\n\t\t\t\t<div class=\"elementor-widget-container\">\n\t\t\t\t\t\t\t\t\t<p>Les huiles v\u00e9g\u00e9tales sont constitu\u00e9es exclusivement de <strong>lipides<\/strong>. Elles poss\u00e8dent \u00e0 ce titre des qualit\u00e9s nutritionnelles tr\u00e8s int\u00e9ressantes. D\u2019apr\u00e8s l\u2019ANSES (Agence National de S\u00e9curit\u00e9 Sanitaire de l\u2019alimentation, de l\u2019environnement et du travail), il est recommand\u00e9 de consommer des lipides \u00e0 hauteur de <strong>35% \u00e0 40%<\/strong> de notre apport calorique journalier. Par cons\u00e9quent, l\u2019utilisation quotidienne des huiles v\u00e9g\u00e9tales dans notre alimentation participe \u00e0 <strong>un bon \u00e9quilibre alimentaire<\/strong>. Les huiles v\u00e9g\u00e9tales ont de nombreux <strong>b\u00e9n\u00e9fices sur la sant\u00e9<\/strong> et de part leurs ar\u00f4mes, permettent de r\u00e9aliser une <strong>cuisine savoureuse<\/strong>.<\/p>\t\t\t\t\t\t\t\t<\/div>\n\t\t\t\t<\/div>\n\t\t\t\t<div class=\"elementor-element elementor-element-44ee554 elementor-widget-divider--separator-type-pattern elementor-widget-divider--no-spacing elementor-widget-divider--view-line elementor-widget elementor-widget-divider\" data-id=\"44ee554\" data-element_type=\"widget\" data-e-type=\"widget\" data-widget_type=\"divider.default\">\n\t\t\t\t<div class=\"elementor-widget-container\">\n\t\t\t\t\t\t\t<div class=\"elementor-divider\" style=\"--divider-pattern-url: url(&quot;data:image\/svg+xml,%3Csvg xmlns=&#039;http:\/\/www.w3.org\/2000\/svg&#039; preserveAspectRatio=&#039;xMidYMid meet&#039; overflow=&#039;visible&#039; height=&#039;100%&#039; viewBox=&#039;0 0 126 26&#039; fill=&#039;black&#039; stroke=&#039;none&#039;%3E%3Cpath d=&#039;M3,10.2c2.6,0,2.6,2,2.6,3.2S4.4,16.5,3,16.5s-3-1.4-3-3.2S0.4,10.2,3,10.2z M18.8,10.2c1.7,0,3.2,1.4,3.2,3.2s-1.4,3.2-3.2,3.2c-1.7,0-3.2-1.4-3.2-3.2S17,10.2,18.8,10.2z M34.6,10.2c1.5,0,2.6,1.4,2.6,3.2s-0.5,3.2-1.9,3.2c-1.5,0-3.4-1.4-3.4-3.2S33.1,10.2,34.6,10.2z M50.5,10.2c1.7,0,3.2,1.4,3.2,3.2s-1.4,3.2-3.2,3.2c-1.7,0-3.3-0.9-3.3-2.6S48.7,10.2,50.5,10.2z M66.2,10.2c1.5,0,3.4,1.4,3.4,3.2s-1.9,3.2-3.4,3.2c-1.5,0-2.6-0.4-2.6-2.1S64.8,10.2,66.2,10.2z M82.2,10.2c1.7,0.8,2.6,1.4,2.6,3.2s-0.1,3.2-1.6,3.2c-1.5,0-3.7-1.4-3.7-3.2S80.5,9.4,82.2,10.2zM98.6,10.2c1.5,0,2.6,0.4,2.6,2.1s-1.2,4.2-2.6,4.2c-1.5,0-3.7-0.4-3.7-2.1S97.1,10.2,98.6,10.2z M113.4,10.2c1.2,0,2.2,0.9,2.2,3.2s-0.1,3.2-1.3,3.2s-3.1-1.4-3.1-3.2S112.2,10.2,113.4,10.2z&#039;\/%3E%3C\/svg%3E&quot;);\">\n\t\t\t<span class=\"elementor-divider-separator\">\n\t\t\t\t\t\t<\/span>\n\t\t<\/div>\n\t\t\t\t\t\t<\/div>\n\t\t\t\t<\/div>\n\t\t\t\t<div class=\"elementor-element elementor-element-c6d9802 elementor-widget elementor-widget-spacer\" data-id=\"c6d9802\" data-element_type=\"widget\" data-e-type=\"widget\" data-widget_type=\"spacer.default\">\n\t\t\t\t<div class=\"elementor-widget-container\">\n\t\t\t\t\t\t\t<div class=\"elementor-spacer\">\n\t\t\t<div class=\"elementor-spacer-inner\"><\/div>\n\t\t<\/div>\n\t\t\t\t\t\t<\/div>\n\t\t\t\t<\/div>\n\t\t\t\t<div class=\"elementor-element elementor-element-5bc52d4 elementor-widget elementor-widget-heading\" data-id=\"5bc52d4\" data-element_type=\"widget\" data-e-type=\"widget\" data-widget_type=\"heading.default\">\n\t\t\t\t<div class=\"elementor-widget-container\">\n\t\t\t\t\t<h2 class=\"elementor-heading-title elementor-size-default\">Les diff\u00e9rents types de lipides<\/h2>\t\t\t\t<\/div>\n\t\t\t\t<\/div>\n\t\t\t\t<div class=\"elementor-element elementor-element-436f54d elementor-widget elementor-widget-text-editor\" data-id=\"436f54d\" data-element_type=\"widget\" data-e-type=\"widget\" data-widget_type=\"text-editor.default\">\n\t\t\t\t<div class=\"elementor-widget-container\">\n\t\t\t\t\t\t\t\t\t<p>Dans l\u2019alimentation, on retrouve deux cat\u00e9gories de lipides\u00a0:<\/p><ul><li>ceux d\u2019origine<strong> animale\u00a0<\/strong>;<\/li><li>ceux d\u2019origine <strong>v\u00e9g\u00e9tale<\/strong>.<\/li><\/ul><p>Les lipides d\u2019origine v\u00e9g\u00e9tale (ceux pr\u00e9sents dans les huiles) sont bien plus avantageux.<\/p>\t\t\t\t\t\t\t\t<\/div>\n\t\t\t\t<\/div>\n\t\t\t\t<div class=\"elementor-element elementor-element-baee006 elementor-widget elementor-widget-text-editor\" data-id=\"baee006\" data-element_type=\"widget\" data-e-type=\"widget\" data-widget_type=\"text-editor.default\">\n\t\t\t\t<div class=\"elementor-widget-container\">\n\t\t\t\t\t\t\t\t\t<p>Chaque huile \u00e0 son propre\u00a0<b>profil lipidique\u00a0<\/b>\u00a0: quantit\u00e9 variable des diff\u00e9rents acides gras (constituants des lipides).<\/p>\t\t\t\t\t\t\t\t<\/div>\n\t\t\t\t<\/div>\n\t\t\t\t<div class=\"elementor-element elementor-element-1f37d52 elementor-widget elementor-widget-image\" data-id=\"1f37d52\" data-element_type=\"widget\" data-e-type=\"widget\" data-widget_type=\"image.default\">\n\t\t\t\t<div class=\"elementor-widget-container\">\n\t\t\t\t\t\t\t\t\t\t\t\t\t\t\t<img fetchpriority=\"high\" decoding=\"async\" width=\"945\" height=\"473\" src=\"https:\/\/www.huilecauvin.com\/wp-content\/uploads\/2021\/07\/sitewebnutrition.png\" class=\"attachment-large size-large wp-image-9502\" alt=\"\" srcset=\"https:\/\/www.huilecauvin.com\/wp-content\/uploads\/2021\/07\/sitewebnutrition.png 945w, https:\/\/www.huilecauvin.com\/wp-content\/uploads\/2021\/07\/sitewebnutrition-300x150.png 300w, https:\/\/www.huilecauvin.com\/wp-content\/uploads\/2021\/07\/sitewebnutrition-768x384.png 768w, https:\/\/www.huilecauvin.com\/wp-content\/uploads\/2021\/07\/sitewebnutrition-16x8.png 16w\" sizes=\"(max-width: 945px) 100vw, 945px\" \/>\t\t\t\t\t\t\t\t\t\t\t\t\t\t\t<\/div>\n\t\t\t\t<\/div>\n\t\t\t\t<div class=\"elementor-element elementor-element-0ad6626 elementor-widget elementor-widget-spacer\" data-id=\"0ad6626\" data-element_type=\"widget\" data-e-type=\"widget\" data-widget_type=\"spacer.default\">\n\t\t\t\t<div class=\"elementor-widget-container\">\n\t\t\t\t\t\t\t<div class=\"elementor-spacer\">\n\t\t\t<div class=\"elementor-spacer-inner\"><\/div>\n\t\t<\/div>\n\t\t\t\t\t\t<\/div>\n\t\t\t\t<\/div>\n\t\t\t\t<div class=\"elementor-element elementor-element-ca202ea elementor-widget elementor-widget-heading\" data-id=\"ca202ea\" data-element_type=\"widget\" data-e-type=\"widget\" data-widget_type=\"heading.default\">\n\t\t\t\t<div class=\"elementor-widget-container\">\n\t\t\t\t\t<h2 class=\"elementor-heading-title elementor-size-default\">Les acides gras satur\u00e9s<\/h2>\t\t\t\t<\/div>\n\t\t\t\t<\/div>\n\t\t\t\t<div class=\"elementor-element elementor-element-45ffac7 elementor-widget elementor-widget-text-editor\" data-id=\"45ffac7\" data-element_type=\"widget\" data-e-type=\"widget\" data-widget_type=\"text-editor.default\">\n\t\t\t\t<div class=\"elementor-widget-container\">\n\t\t\t\t\t\t\t\t\t<div><p>Ces acides gras sont susceptibles d\u2019avoir des <b>effets n\u00e9fastes<\/b> pour notre organisme. Absorb\u00e9s en trop grande quantit\u00e9, ces derniers peuvent favoriser une <b>hypercholest\u00e9rol\u00e9mie<\/b>. On les retrouve principalement dans les <b>graisses d\u2019origine animale<\/b> (cr\u00e8me fra\u00eeche, beurre, fromage). Les huiles ne sont <b>pas une source importante\u00a0<\/b>d\u2019acides gras satur\u00e9s, ce qui les rend d\u2019autant plus int\u00e9ressantes d\u2019un point de vue nutritionnel.<\/p><\/div>\t\t\t\t\t\t\t\t<\/div>\n\t\t\t\t<\/div>\n\t\t\t\t<div class=\"elementor-element elementor-element-2953817 elementor-widget elementor-widget-heading\" data-id=\"2953817\" data-element_type=\"widget\" data-e-type=\"widget\" data-widget_type=\"heading.default\">\n\t\t\t\t<div class=\"elementor-widget-container\">\n\t\t\t\t\t<h2 class=\"elementor-heading-title elementor-size-default\">Les acides gras monoinsatur\u00e9s (ou om\u00e9ga 9)<\/h2>\t\t\t\t<\/div>\n\t\t\t\t<\/div>\n\t\t\t\t<div class=\"elementor-element elementor-element-3422a68 elementor-widget elementor-widget-text-editor\" data-id=\"3422a68\" data-element_type=\"widget\" data-e-type=\"widget\" data-widget_type=\"text-editor.default\">\n\t\t\t\t<div class=\"elementor-widget-container\">\n\t\t\t\t\t\t\t\t\t<p>Ces acides gras ont de nombreux bienfaits tels que leur r\u00f4le<strong> r\u00e9gulateur dans la cholest\u00e9rol\u00e9mie <\/strong>et leur\u00a0<strong>effet positif sur la tension art\u00e9rielle<\/strong>. Cela induit une <strong>pr\u00e9vention des maladies cardiovasculaires<\/strong>. Les om\u00e9ga 9 ont aussi un effet positif sur la <strong>sensibilit\u00e9 \u00e0 l\u2019insuline<\/strong> qui entraine une diminution des risques de survenue du <strong>diab\u00e8te de type 2 et de l\u2019ob\u00e9sit\u00e9<\/strong>.<\/p><p>Les huiles les plus riches en om\u00e9ga 9 sont\u00a0: l\u2019huile d\u2019olive, l\u2019huile de noisette, l\u2019huile de colza, le THO* et l\u2019huile d\u2019avocat.<\/p><p><em>* THO\u00a0: Tournesol hautement ol\u00e9ique<\/em><\/p>\t\t\t\t\t\t\t\t<\/div>\n\t\t\t\t<\/div>\n\t\t\t\t<div class=\"elementor-element elementor-element-a7eb4ee elementor-widget elementor-widget-heading\" data-id=\"a7eb4ee\" data-element_type=\"widget\" data-e-type=\"widget\" data-widget_type=\"heading.default\">\n\t\t\t\t<div class=\"elementor-widget-container\">\n\t\t\t\t\t<h2 class=\"elementor-heading-title elementor-size-default\">Les acides gras polyinsatur\u00e9s (om\u00e9ga 3 et om\u00e9ga 6)<\/h2>\t\t\t\t<\/div>\n\t\t\t\t<\/div>\n\t\t\t\t<div class=\"elementor-element elementor-element-7d623c9 elementor-widget elementor-widget-text-editor\" data-id=\"7d623c9\" data-element_type=\"widget\" data-e-type=\"widget\" data-widget_type=\"text-editor.default\">\n\t\t\t\t<div class=\"elementor-widget-container\">\n\t\t\t\t\t\t\t\t\t<div><p><strong>On trouve 2 sortes : les <\/strong><b>om\u00e9ga 3<\/b> <strong>(acide alpha-linol\u00e9nique) et les<\/strong> <b>om\u00e9ga 6 <\/b><strong>(acide linol\u00e9ique). <\/strong>Ils sont dits \u00ab <b>essentiels<\/b> \u00bb, car ils ne sont pas fabriqu\u00e9s par notre organisme et doivent donc \u00eatre apport\u00e9s par l\u2019alimentation.<\/p><\/div><div><p>Les om\u00e9gas 3 et 6 contribuent au maintien d\u2019une <b>cholest\u00e9rol\u00e9mie normale<\/b>.<\/p><\/div><div><p>Die<span class=\"apple-converted-space\"><b>\u00a0<\/b><\/span><strong>AJR<\/strong> en om\u00e9ga 3 sont de <b>2.2 grammes\/jour<\/b>. On les retrouve principalement dans les huiles de colza, de noix, de lin et de cameline. \u00c0 titre d\u2019exemple, 1 cuill\u00e8re \u00e0 caf\u00e9 d\u2019huile de lin (10g) apporte 100% des AJR* en om\u00e9ga 3.<\/p><\/div><div><p>Die<span class=\"apple-converted-space\"><b>\u00a0<\/b><\/span><strong>AJR<\/strong> en om\u00e9ga 6 doivent \u00eatre 5 fois sup\u00e9rieur \u00e0 ceux des om\u00e9gas 3 pour atteindre un <b>rapport om\u00e9ga 3 sur om\u00e9ga 6 proche de 5<\/b>. On les retrouve principalement dans l\u2019huile de p\u00e9pin de raisin, l\u2019huile de tournesol, l\u2019huile de p\u00e9pins de courge et l\u2019huile de s\u00e9same.<\/p><\/div><div><p><em>* AJR\u00a0: Apport Journalier Recommand\u00e9<\/em><\/p><\/div>\t\t\t\t\t\t\t\t<\/div>\n\t\t\t\t<\/div>\n\t\t\t\t<div class=\"elementor-element elementor-element-0a3c2e0 elementor-widget-divider--separator-type-pattern elementor-widget-divider--no-spacing elementor-widget-divider--view-line elementor-widget elementor-widget-divider\" data-id=\"0a3c2e0\" data-element_type=\"widget\" data-e-type=\"widget\" data-widget_type=\"divider.default\">\n\t\t\t\t<div class=\"elementor-widget-container\">\n\t\t\t\t\t\t\t<div class=\"elementor-divider\" style=\"--divider-pattern-url: url(&quot;data:image\/svg+xml,%3Csvg xmlns=&#039;http:\/\/www.w3.org\/2000\/svg&#039; preserveAspectRatio=&#039;xMidYMid meet&#039; overflow=&#039;visible&#039; height=&#039;100%&#039; viewBox=&#039;0 0 126 26&#039; fill=&#039;black&#039; stroke=&#039;none&#039;%3E%3Cpath d=&#039;M3,10.2c2.6,0,2.6,2,2.6,3.2S4.4,16.5,3,16.5s-3-1.4-3-3.2S0.4,10.2,3,10.2z M18.8,10.2c1.7,0,3.2,1.4,3.2,3.2s-1.4,3.2-3.2,3.2c-1.7,0-3.2-1.4-3.2-3.2S17,10.2,18.8,10.2z M34.6,10.2c1.5,0,2.6,1.4,2.6,3.2s-0.5,3.2-1.9,3.2c-1.5,0-3.4-1.4-3.4-3.2S33.1,10.2,34.6,10.2z M50.5,10.2c1.7,0,3.2,1.4,3.2,3.2s-1.4,3.2-3.2,3.2c-1.7,0-3.3-0.9-3.3-2.6S48.7,10.2,50.5,10.2z M66.2,10.2c1.5,0,3.4,1.4,3.4,3.2s-1.9,3.2-3.4,3.2c-1.5,0-2.6-0.4-2.6-2.1S64.8,10.2,66.2,10.2z M82.2,10.2c1.7,0.8,2.6,1.4,2.6,3.2s-0.1,3.2-1.6,3.2c-1.5,0-3.7-1.4-3.7-3.2S80.5,9.4,82.2,10.2zM98.6,10.2c1.5,0,2.6,0.4,2.6,2.1s-1.2,4.2-2.6,4.2c-1.5,0-3.7-0.4-3.7-2.1S97.1,10.2,98.6,10.2z M113.4,10.2c1.2,0,2.2,0.9,2.2,3.2s-0.1,3.2-1.3,3.2s-3.1-1.4-3.1-3.2S112.2,10.2,113.4,10.2z&#039;\/%3E%3C\/svg%3E&quot;);\">\n\t\t\t<span class=\"elementor-divider-separator\">\n\t\t\t\t\t\t<\/span>\n\t\t<\/div>\n\t\t\t\t\t\t<\/div>\n\t\t\t\t<\/div>\n\t\t\t\t<div class=\"elementor-element elementor-element-d6d15d4 elementor-widget elementor-widget-spacer\" data-id=\"d6d15d4\" data-element_type=\"widget\" data-e-type=\"widget\" data-widget_type=\"spacer.default\">\n\t\t\t\t<div class=\"elementor-widget-container\">\n\t\t\t\t\t\t\t<div class=\"elementor-spacer\">\n\t\t\t<div class=\"elementor-spacer-inner\"><\/div>\n\t\t<\/div>\n\t\t\t\t\t\t<\/div>\n\t\t\t\t<\/div>\n\t\t\t\t<div class=\"elementor-element elementor-element-84430a7 elementor-widget elementor-widget-heading\" data-id=\"84430a7\" data-element_type=\"widget\" data-e-type=\"widget\" data-widget_type=\"heading.default\">\n\t\t\t\t<div class=\"elementor-widget-container\">\n\t\t\t\t\t<h2 class=\"elementor-heading-title elementor-size-default\">Les vitamines<\/h2>\t\t\t\t<\/div>\n\t\t\t\t<\/div>\n\t\t\t\t<div class=\"elementor-element elementor-element-7df9586 elementor-widget elementor-widget-text-editor\" data-id=\"7df9586\" data-element_type=\"widget\" data-e-type=\"widget\" data-widget_type=\"text-editor.default\">\n\t\t\t\t<div class=\"elementor-widget-container\">\n\t\t\t\t\t\t\t\t\t<div><p>Deux vitamines sont pr\u00e9sentes majoritairement dans les huiles alimentaires\u00a0: la <b>vitamine D<\/b> et la <b>vitamine E<\/b>.<\/p><\/div><div><p>La vitamine D est une vitamine essentielle au bon fonctionnement de l\u2019organisme, elle permet <b>l\u2019augmentation des concentrations en calcium et en phosphore<\/b> dans le sang.\u00a0 Les apports journaliers recommand\u00e9s en Vitamine D sont de <b>3,1 microgrammes\/jour<\/b>.<\/p><\/div><div><p>La vitamine E, quant \u00e0 elle, est un puissant anti-oxydant qui contribue \u00e0 la <b>protection des cellules contre le stress oxydatif*<\/b>. Les huiles de tournesol, de p\u00e9pin de raisin, d\u2019avocat, de noisette et de colza sont riches en vitamine E. Les apports journaliers recommand\u00e9s en Vitamine E sont de <b>12 microgrammes\/jour.<\/b><\/p><p><b>*Le <span class=\"link-wrapper\">stress oxydatif<\/span> Oder <span class=\"link-wrapper\">stress<\/span> oxydant correspond \u00e0 une agression des cellules induite par des mol\u00e9cules n\u00e9fastes (radicaux libres).\u00a0<\/b><\/p><\/div>\t\t\t\t\t\t\t\t<\/div>\n\t\t\t\t<\/div>\n\t\t\t\t<div class=\"elementor-element elementor-element-f430ce4 elementor-widget elementor-widget-spacer\" data-id=\"f430ce4\" data-element_type=\"widget\" data-e-type=\"widget\" data-widget_type=\"spacer.default\">\n\t\t\t\t<div class=\"elementor-widget-container\">\n\t\t\t\t\t\t\t<div class=\"elementor-spacer\">\n\t\t\t<div class=\"elementor-spacer-inner\"><\/div>\n\t\t<\/div>\n\t\t\t\t\t\t<\/div>\n\t\t\t\t<\/div>\n\t\t\t\t<div class=\"elementor-element elementor-element-cdfbe1a elementor-widget-divider--separator-type-pattern elementor-widget-divider--no-spacing elementor-widget-divider--view-line elementor-widget elementor-widget-divider\" data-id=\"cdfbe1a\" data-element_type=\"widget\" data-e-type=\"widget\" data-widget_type=\"divider.default\">\n\t\t\t\t<div class=\"elementor-widget-container\">\n\t\t\t\t\t\t\t<div class=\"elementor-divider\" style=\"--divider-pattern-url: url(&quot;data:image\/svg+xml,%3Csvg xmlns=&#039;http:\/\/www.w3.org\/2000\/svg&#039; preserveAspectRatio=&#039;xMidYMid meet&#039; overflow=&#039;visible&#039; height=&#039;100%&#039; viewBox=&#039;0 0 126 26&#039; fill=&#039;black&#039; stroke=&#039;none&#039;%3E%3Cpath d=&#039;M3,10.2c2.6,0,2.6,2,2.6,3.2S4.4,16.5,3,16.5s-3-1.4-3-3.2S0.4,10.2,3,10.2z M18.8,10.2c1.7,0,3.2,1.4,3.2,3.2s-1.4,3.2-3.2,3.2c-1.7,0-3.2-1.4-3.2-3.2S17,10.2,18.8,10.2z M34.6,10.2c1.5,0,2.6,1.4,2.6,3.2s-0.5,3.2-1.9,3.2c-1.5,0-3.4-1.4-3.4-3.2S33.1,10.2,34.6,10.2z M50.5,10.2c1.7,0,3.2,1.4,3.2,3.2s-1.4,3.2-3.2,3.2c-1.7,0-3.3-0.9-3.3-2.6S48.7,10.2,50.5,10.2z M66.2,10.2c1.5,0,3.4,1.4,3.4,3.2s-1.9,3.2-3.4,3.2c-1.5,0-2.6-0.4-2.6-2.1S64.8,10.2,66.2,10.2z M82.2,10.2c1.7,0.8,2.6,1.4,2.6,3.2s-0.1,3.2-1.6,3.2c-1.5,0-3.7-1.4-3.7-3.2S80.5,9.4,82.2,10.2zM98.6,10.2c1.5,0,2.6,0.4,2.6,2.1s-1.2,4.2-2.6,4.2c-1.5,0-3.7-0.4-3.7-2.1S97.1,10.2,98.6,10.2z M113.4,10.2c1.2,0,2.2,0.9,2.2,3.2s-0.1,3.2-1.3,3.2s-3.1-1.4-3.1-3.2S112.2,10.2,113.4,10.2z&#039;\/%3E%3C\/svg%3E&quot;);\">\n\t\t\t<span class=\"elementor-divider-separator\">\n\t\t\t\t\t\t<\/span>\n\t\t<\/div>\n\t\t\t\t\t\t<\/div>\n\t\t\t\t<\/div>\n\t\t\t\t\t<\/div>\n\t\t<\/div>\n\t\t\t\t\t<\/div>\n\t\t<\/section>\n\t\t\t\t<section class=\"elementor-section elementor-top-section elementor-element elementor-element-d1ace19 elementor-section-stretched elementor-section-boxed elementor-section-height-default elementor-section-height-default\" data-id=\"d1ace19\" data-element_type=\"section\" data-e-type=\"section\" data-settings=\"{&quot;stretch_section&quot;:&quot;section-stretched&quot;}\">\n\t\t\t\t\t\t<div class=\"elementor-container elementor-column-gap-default\">\n\t\t\t\t\t<div class=\"elementor-column elementor-col-100 elementor-top-column elementor-element elementor-element-95f7ed2\" data-id=\"95f7ed2\" data-element_type=\"column\" data-e-type=\"column\">\n\t\t\t<div class=\"elementor-widget-wrap elementor-element-populated\">\n\t\t\t\t\t\t<div class=\"elementor-element elementor-element-81173f8 elementor-widget elementor-widget-spacer\" data-id=\"81173f8\" data-element_type=\"widget\" data-e-type=\"widget\" data-widget_type=\"spacer.default\">\n\t\t\t\t<div class=\"elementor-widget-container\">\n\t\t\t\t\t\t\t<div class=\"elementor-spacer\">\n\t\t\t<div class=\"elementor-spacer-inner\"><\/div>\n\t\t<\/div>\n\t\t\t\t\t\t<\/div>\n\t\t\t\t<\/div>\n\t\t\t\t\t<\/div>\n\t\t<\/div>\n\t\t\t\t\t<\/div>\n\t\t<\/section>\n\t\t\t\t<\/div>","protected":false},"excerpt":{"rendered":"<p>L\u2019assortiment optimal entre plaisir et sant\u00e9 Visionnez notre guide des huiles L\u2019huile, c\u2019est QUOI ? Les huiles v\u00e9g\u00e9tales sont constitu\u00e9es exclusivement de lipides. Elles poss\u00e8dent \u00e0 ce titre des qualit\u00e9s nutritionnelles tr\u00e8s int\u00e9ressantes. D\u2019apr\u00e8s l\u2019ANSES (Agence National de S\u00e9curit\u00e9 Sanitaire de l\u2019alimentation, de l\u2019environnement et du travail), il est recommand\u00e9 de consommer des lipides \u00e0 [&hellip;]<\/p>\n","protected":false},"author":1,"featured_media":0,"parent":194,"menu_order":0,"comment_status":"closed","ping_status":"closed","template":"elementor_header_footer","meta":{"_monsterinsights_skip_tracking":false,"_monsterinsights_sitenote_active":false,"_monsterinsights_sitenote_note":"","_monsterinsights_sitenote_category":0,"footnotes":""},"class_list":["post-525","page","type-page","status-publish","hentry"],"_links":{"self":[{"href":"http:\/\/www.huilecauvin.com\/de\/wp-json\/wp\/v2\/pages\/525","targetHints":{"allow":["GET"]}}],"collection":[{"href":"http:\/\/www.huilecauvin.com\/de\/wp-json\/wp\/v2\/pages"}],"about":[{"href":"http:\/\/www.huilecauvin.com\/de\/wp-json\/wp\/v2\/types\/page"}],"author":[{"embeddable":true,"href":"http:\/\/www.huilecauvin.com\/de\/wp-json\/wp\/v2\/users\/1"}],"replies":[{"embeddable":true,"href":"http:\/\/www.huilecauvin.com\/de\/wp-json\/wp\/v2\/comments?post=525"}],"version-history":[{"count":0,"href":"http:\/\/www.huilecauvin.com\/de\/wp-json\/wp\/v2\/pages\/525\/revisions"}],"up":[{"embeddable":true,"href":"http:\/\/www.huilecauvin.com\/de\/wp-json\/wp\/v2\/pages\/194"}],"wp:attachment":[{"href":"http:\/\/www.huilecauvin.com\/de\/wp-json\/wp\/v2\/media?parent=525"}],"curies":[{"name":"wp","href":"https:\/\/api.w.org\/{rel}","templated":true}]}}