{"id":15025,"date":"2025-05-26T14:09:06","date_gmt":"2025-05-26T12:09:06","guid":{"rendered":"https:\/\/www.huilecauvin.com\/?page_id=15025"},"modified":"2025-09-16T16:41:58","modified_gmt":"2025-09-16T14:41:58","slug":"pilier-social-2","status":"publish","type":"page","link":"http:\/\/www.huilecauvin.com\/de\/pilier-social-2\/","title":{"rendered":"Pilier social"},"content":{"rendered":"<div data-elementor-type=\"wp-page\" data-elementor-id=\"15025\" class=\"elementor elementor-15025\">\n\t\t\t\t\t\t<section class=\"elementor-section elementor-top-section elementor-element elementor-element-37e4b3c elementor-section-boxed elementor-section-height-default elementor-section-height-default\" data-id=\"37e4b3c\" data-element_type=\"section\" data-e-type=\"section\">\n\t\t\t\t\t\t<div class=\"elementor-container elementor-column-gap-default\">\n\t\t\t\t\t<div class=\"elementor-column elementor-col-100 elementor-top-column elementor-element elementor-element-dff9221\" data-id=\"dff9221\" data-element_type=\"column\" data-e-type=\"column\">\n\t\t\t<div class=\"elementor-widget-wrap elementor-element-populated\">\n\t\t\t\t\t\t<div class=\"elementor-element elementor-element-420adaa elementor-widget elementor-widget-heading\" data-id=\"420adaa\" data-element_type=\"widget\" data-e-type=\"widget\" data-widget_type=\"heading.default\">\n\t\t\t\t<div class=\"elementor-widget-container\">\n\t\t\t\t\t<h2 class=\"elementor-heading-title elementor-size-default\">Le pilier social<\/h2>\t\t\t\t<\/div>\n\t\t\t\t<\/div>\n\t\t\t\t<div class=\"elementor-element elementor-element-fcf6314 elementor-widget elementor-widget-text-editor\" data-id=\"fcf6314\" data-element_type=\"widget\" data-e-type=\"widget\" data-widget_type=\"text-editor.default\">\n\t\t\t\t<div class=\"elementor-widget-container\">\n\t\t\t\t\t\t\t\t\t<p style=\"text-align: center;\"><span class=\"_fadeIn_m1hgl_8\">L\u2019engagement\u00a0<\/span><span class=\"_fadeIn_m1hgl_8\">RSE\u00a0<\/span><span class=\"_fadeIn_m1hgl_8\">de\u00a0<\/span><span class=\"_fadeIn_m1hgl_8\">l\u2019entreprise,\u00a0<\/span><span class=\"_fadeIn_m1hgl_8\">d\u2019un\u00a0<\/span><span class=\"_fadeIn_m1hgl_8\">point\u00a0<\/span><span class=\"_fadeIn_m1hgl_8\">de\u00a0<\/span><span class=\"_fadeIn_m1hgl_8\">vue\u00a0<\/span><span class=\"_fadeIn_m1hgl_8\">social,\u00a0<\/span><span class=\"_fadeIn_m1hgl_8\">s\u2019exprime\u00a0<\/span><span class=\"_fadeIn_m1hgl_8\">principalement\u00a0<\/span><span class=\"_fadeIn_m1hgl_8\">\u00e0\u00a0<\/span><span class=\"_fadeIn_m1hgl_8\">travers\u00a0<\/span><span class=\"_fadeIn_m1hgl_8\">des\u00a0<\/span><span class=\"_fadeIn_m1hgl_8\">actions\u00a0<\/span><span class=\"_fadeIn_m1hgl_8\">en\u00a0<\/span><span class=\"_fadeIn_m1hgl_8\">faveur\u00a0<\/span><span class=\"_fadeIn_m1hgl_8\">des\u00a0<\/span><span class=\"_fadeIn_m1hgl_8\">salari\u00e9s,\u00a0<br \/><\/span><span class=\"_fadeIn_m1hgl_8\">notamment\u00a0<\/span><span class=\"_fadeIn_m1hgl_8\">en\u00a0<\/span><span class=\"_fadeIn_m1hgl_8\">mati\u00e8re\u00a0<\/span><span class=\"_fadeIn_m1hgl_8\">de\u00a0<\/span><span class=\"_fadeIn_m1hgl_8\">qualit\u00e9\u00a0<\/span><span class=\"_fadeIn_m1hgl_8\">de\u00a0<\/span><span class=\"_fadeIn_m1hgl_8\">vie\u00a0<\/span><span class=\"_fadeIn_m1hgl_8\">au\u00a0<\/span><span class=\"_fadeIn_m1hgl_8\">travail\u00a0<\/span><span class=\"_fadeIn_m1hgl_8\">die\u00a0<\/span><span class=\"_fadeIn_m1hgl_8\">de\u00a0<\/span><span class=\"_fadeIn_m1hgl_8\">coh\u00e9sion\u00a0<\/span><span class=\"_fadeIn_m1hgl_8\">d\u2019\u00e9quipe.<\/span><\/p>\t\t\t\t\t\t\t\t<\/div>\n\t\t\t\t<\/div>\n\t\t\t\t<div class=\"elementor-element elementor-element-bae14e4 elementor-widget elementor-widget-spacer\" data-id=\"bae14e4\" data-element_type=\"widget\" data-e-type=\"widget\" data-widget_type=\"spacer.default\">\n\t\t\t\t<div class=\"elementor-widget-container\">\n\t\t\t\t\t\t\t<div class=\"elementor-spacer\">\n\t\t\t<div class=\"elementor-spacer-inner\"><\/div>\n\t\t<\/div>\n\t\t\t\t\t\t<\/div>\n\t\t\t\t<\/div>\n\t\t\t\t<div class=\"elementor-element elementor-element-514957d elementor-widget elementor-widget-heading\" data-id=\"514957d\" data-element_type=\"widget\" data-e-type=\"widget\" data-widget_type=\"heading.default\">\n\t\t\t\t<div class=\"elementor-widget-container\">\n\t\t\t\t\t<h2 class=\"elementor-heading-title elementor-size-default\">Actions en faveur des salari\u00e9s<\/h2>\t\t\t\t<\/div>\n\t\t\t\t<\/div>\n\t\t\t\t\t<\/div>\n\t\t<\/div>\n\t\t\t\t\t<\/div>\n\t\t<\/section>\n\t\t\t\t<section class=\"elementor-section elementor-top-section elementor-element elementor-element-6ecfed9 elementor-section-boxed elementor-section-height-default elementor-section-height-default\" data-id=\"6ecfed9\" data-element_type=\"section\" data-e-type=\"section\">\n\t\t\t\t\t\t<div class=\"elementor-container elementor-column-gap-default\">\n\t\t\t\t\t<div class=\"elementor-column elementor-col-25 elementor-top-column elementor-element elementor-element-e3479cf\" data-id=\"e3479cf\" data-element_type=\"column\" data-e-type=\"column\" data-settings=\"{&quot;background_background&quot;:&quot;classic&quot;}\">\n\t\t\t<div class=\"elementor-widget-wrap elementor-element-populated\">\n\t\t\t\t\t\t<div class=\"elementor-element elementor-element-b971b32 elementor-widget elementor-widget-spacer\" data-id=\"b971b32\" data-element_type=\"widget\" data-e-type=\"widget\" data-widget_type=\"spacer.default\">\n\t\t\t\t<div class=\"elementor-widget-container\">\n\t\t\t\t\t\t\t<div class=\"elementor-spacer\">\n\t\t\t<div class=\"elementor-spacer-inner\"><\/div>\n\t\t<\/div>\n\t\t\t\t\t\t<\/div>\n\t\t\t\t<\/div>\n\t\t\t\t<div class=\"elementor-element elementor-element-363bc72 elementor-widget elementor-widget-image\" data-id=\"363bc72\" data-element_type=\"widget\" data-e-type=\"widget\" data-widget_type=\"image.default\">\n\t\t\t\t<div class=\"elementor-widget-container\">\n\t\t\t\t\t\t\t\t\t\t\t\t\t\t\t<img decoding=\"async\" width=\"234\" height=\"177\" src=\"https:\/\/www.huilecauvin.com\/wp-content\/uploads\/2025\/05\/PICTO-SITE-1-1.png\" class=\"attachment-medium size-medium wp-image-15089\" alt=\"\" srcset=\"https:\/\/www.huilecauvin.com\/wp-content\/uploads\/2025\/05\/PICTO-SITE-1-1.png 234w, https:\/\/www.huilecauvin.com\/wp-content\/uploads\/2025\/05\/PICTO-SITE-1-1-16x12.png 16w\" sizes=\"(max-width: 234px) 100vw, 234px\" \/>\t\t\t\t\t\t\t\t\t\t\t\t\t\t\t<\/div>\n\t\t\t\t<\/div>\n\t\t\t\t<div class=\"elementor-element elementor-element-3ea70d3 elementor-widget elementor-widget-text-editor\" data-id=\"3ea70d3\" data-element_type=\"widget\" data-e-type=\"widget\" data-widget_type=\"text-editor.default\">\n\t\t\t\t<div class=\"elementor-widget-container\">\n\t\t\t\t\t\t\t\t\t<p style=\"text-align: center;\"><span style=\"color: #008000;\">Formation et int\u00e9gration pour 100% du personnel<\/span><\/p>\t\t\t\t\t\t\t\t<\/div>\n\t\t\t\t<\/div>\n\t\t\t\t\t<\/div>\n\t\t<\/div>\n\t\t\t\t<div class=\"elementor-column elementor-col-25 elementor-top-column elementor-element elementor-element-1764515\" data-id=\"1764515\" data-element_type=\"column\" data-e-type=\"column\" data-settings=\"{&quot;background_background&quot;:&quot;classic&quot;}\">\n\t\t\t<div class=\"elementor-widget-wrap elementor-element-populated\">\n\t\t\t\t\t\t<div class=\"elementor-element elementor-element-51395f0 elementor-widget elementor-widget-spacer\" data-id=\"51395f0\" data-element_type=\"widget\" data-e-type=\"widget\" data-widget_type=\"spacer.default\">\n\t\t\t\t<div class=\"elementor-widget-container\">\n\t\t\t\t\t\t\t<div class=\"elementor-spacer\">\n\t\t\t<div class=\"elementor-spacer-inner\"><\/div>\n\t\t<\/div>\n\t\t\t\t\t\t<\/div>\n\t\t\t\t<\/div>\n\t\t\t\t<div class=\"elementor-element elementor-element-3ffc249 elementor-widget elementor-widget-image\" data-id=\"3ffc249\" data-element_type=\"widget\" data-e-type=\"widget\" data-widget_type=\"image.default\">\n\t\t\t\t<div class=\"elementor-widget-container\">\n\t\t\t\t\t\t\t\t\t\t\t\t\t\t\t<img decoding=\"async\" width=\"270\" height=\"148\" src=\"https:\/\/www.huilecauvin.com\/wp-content\/uploads\/2025\/05\/PICTO-SITE-2-2-e1748246364788.png\" class=\"attachment-large size-large wp-image-15176\" alt=\"\" srcset=\"https:\/\/www.huilecauvin.com\/wp-content\/uploads\/2025\/05\/PICTO-SITE-2-2-e1748246364788.png 270w, https:\/\/www.huilecauvin.com\/wp-content\/uploads\/2025\/05\/PICTO-SITE-2-2-e1748246364788-18x10.png 18w\" sizes=\"(max-width: 270px) 100vw, 270px\" \/>\t\t\t\t\t\t\t\t\t\t\t\t\t\t\t<\/div>\n\t\t\t\t<\/div>\n\t\t\t\t<div class=\"elementor-element elementor-element-c9179ec elementor-widget elementor-widget-text-editor\" data-id=\"c9179ec\" data-element_type=\"widget\" data-e-type=\"widget\" data-widget_type=\"text-editor.default\">\n\t\t\t\t<div class=\"elementor-widget-container\">\n\t\t\t\t\t\t\t\t\t<p style=\"text-align: center;\"><span style=\"color: #993300;\">Des \u00e9quipements de\u00a0<span style=\"font-style: inherit; font-weight: inherit;\">qualit\u00e9 pour tous<\/span><\/span><\/p>\t\t\t\t\t\t\t\t<\/div>\n\t\t\t\t<\/div>\n\t\t\t\t\t<\/div>\n\t\t<\/div>\n\t\t\t\t<div class=\"elementor-column elementor-col-25 elementor-top-column elementor-element elementor-element-47e2279\" data-id=\"47e2279\" data-element_type=\"column\" data-e-type=\"column\" data-settings=\"{&quot;background_background&quot;:&quot;classic&quot;}\">\n\t\t\t<div class=\"elementor-widget-wrap elementor-element-populated\">\n\t\t\t\t\t\t<div class=\"elementor-element elementor-element-5c2bb05 elementor-widget elementor-widget-image\" data-id=\"5c2bb05\" data-element_type=\"widget\" data-e-type=\"widget\" data-widget_type=\"image.default\">\n\t\t\t\t<div class=\"elementor-widget-container\">\n\t\t\t\t\t\t\t\t\t\t\t\t\t\t\t<img decoding=\"async\" width=\"270\" height=\"169\" src=\"https:\/\/www.huilecauvin.com\/wp-content\/uploads\/2025\/05\/PICTO-SITE-3-3-e1748246597279.png\" class=\"attachment-large size-large wp-image-15182\" alt=\"\" srcset=\"https:\/\/www.huilecauvin.com\/wp-content\/uploads\/2025\/05\/PICTO-SITE-3-3-e1748246597279.png 270w, https:\/\/www.huilecauvin.com\/wp-content\/uploads\/2025\/05\/PICTO-SITE-3-3-e1748246597279-18x12.png 18w\" sizes=\"(max-width: 270px) 100vw, 270px\" \/>\t\t\t\t\t\t\t\t\t\t\t\t\t\t\t<\/div>\n\t\t\t\t<\/div>\n\t\t\t\t<div class=\"elementor-element elementor-element-eb838c0 elementor-widget elementor-widget-text-editor\" data-id=\"eb838c0\" data-element_type=\"widget\" data-e-type=\"widget\" data-widget_type=\"text-editor.default\">\n\t\t\t\t<div class=\"elementor-widget-container\">\n\t\t\t\t\t\t\t\t\t<p style=\"text-align: center;\">100% des entretiens professionnels sont r\u00e9alis\u00e9s tous les ans<\/p>\t\t\t\t\t\t\t\t<\/div>\n\t\t\t\t<\/div>\n\t\t\t\t\t<\/div>\n\t\t<\/div>\n\t\t\t\t<div class=\"elementor-column elementor-col-25 elementor-top-column elementor-element elementor-element-7361ff3\" data-id=\"7361ff3\" data-element_type=\"column\" data-e-type=\"column\" data-settings=\"{&quot;background_background&quot;:&quot;classic&quot;}\">\n\t\t\t<div class=\"elementor-widget-wrap elementor-element-populated\">\n\t\t\t\t\t\t<div class=\"elementor-element elementor-element-3fd685d elementor-widget elementor-widget-image\" data-id=\"3fd685d\" data-element_type=\"widget\" data-e-type=\"widget\" data-widget_type=\"image.default\">\n\t\t\t\t<div class=\"elementor-widget-container\">\n\t\t\t\t\t\t\t\t\t\t\t\t\t\t\t<img loading=\"lazy\" decoding=\"async\" width=\"270\" height=\"169\" src=\"https:\/\/www.huilecauvin.com\/wp-content\/uploads\/2025\/05\/PICTO-SITE-4-1-e1748247292687.png\" class=\"attachment-large size-large wp-image-15183\" alt=\"\" srcset=\"https:\/\/www.huilecauvin.com\/wp-content\/uploads\/2025\/05\/PICTO-SITE-4-1-e1748247292687.png 270w, https:\/\/www.huilecauvin.com\/wp-content\/uploads\/2025\/05\/PICTO-SITE-4-1-e1748247292687-18x12.png 18w\" sizes=\"(max-width: 270px) 100vw, 270px\" \/>\t\t\t\t\t\t\t\t\t\t\t\t\t\t\t<\/div>\n\t\t\t\t<\/div>\n\t\t\t\t<div class=\"elementor-element elementor-element-5e39790 elementor-widget elementor-widget-text-editor\" data-id=\"5e39790\" data-element_type=\"widget\" data-e-type=\"widget\" data-widget_type=\"text-editor.default\">\n\t\t\t\t<div class=\"elementor-widget-container\">\n\t\t\t\t\t\t\t\t\t<p style=\"text-align: center;\">Organisation d&#8217;\u00e9v\u00e8nements de convivialit\u00e9 pour le personnel<\/p>\t\t\t\t\t\t\t\t<\/div>\n\t\t\t\t<\/div>\n\t\t\t\t\t<\/div>\n\t\t<\/div>\n\t\t\t\t\t<\/div>\n\t\t<\/section>\n\t\t\t\t<section class=\"elementor-section elementor-top-section elementor-element elementor-element-993722a elementor-section-boxed elementor-section-height-default elementor-section-height-default\" data-id=\"993722a\" data-element_type=\"section\" data-e-type=\"section\">\n\t\t\t\t\t\t<div class=\"elementor-container elementor-column-gap-default\">\n\t\t\t\t\t<div class=\"elementor-column elementor-col-100 elementor-top-column elementor-element elementor-element-52a02dd\" data-id=\"52a02dd\" data-element_type=\"column\" data-e-type=\"column\">\n\t\t\t<div class=\"elementor-widget-wrap elementor-element-populated\">\n\t\t\t\t\t\t<div class=\"elementor-element elementor-element-24b6d00 elementor-widget elementor-widget-spacer\" data-id=\"24b6d00\" data-element_type=\"widget\" data-e-type=\"widget\" data-widget_type=\"spacer.default\">\n\t\t\t\t<div class=\"elementor-widget-container\">\n\t\t\t\t\t\t\t<div class=\"elementor-spacer\">\n\t\t\t<div class=\"elementor-spacer-inner\"><\/div>\n\t\t<\/div>\n\t\t\t\t\t\t<\/div>\n\t\t\t\t<\/div>\n\t\t\t\t<div class=\"elementor-element elementor-element-cd25322 elementor-widget elementor-widget-heading\" data-id=\"cd25322\" data-element_type=\"widget\" data-e-type=\"widget\" data-widget_type=\"heading.default\">\n\t\t\t\t<div class=\"elementor-widget-container\">\n\t\t\t\t\t<h2 class=\"elementor-heading-title elementor-size-default\">Conditions de travail d\u2019un point de vue sant\u00e9 et s\u00e9curit\u00e9<\/h2>\t\t\t\t<\/div>\n\t\t\t\t<\/div>\n\t\t\t\t\t<\/div>\n\t\t<\/div>\n\t\t\t\t\t<\/div>\n\t\t<\/section>\n\t\t\t\t<section class=\"elementor-section elementor-top-section elementor-element elementor-element-152cca4 elementor-section-boxed elementor-section-height-default elementor-section-height-default\" data-id=\"152cca4\" data-element_type=\"section\" data-e-type=\"section\">\n\t\t\t\t\t\t<div class=\"elementor-container elementor-column-gap-default\">\n\t\t\t\t\t<div class=\"elementor-column elementor-col-33 elementor-top-column elementor-element elementor-element-9ee99d4\" data-id=\"9ee99d4\" data-element_type=\"column\" data-e-type=\"column\">\n\t\t\t<div class=\"elementor-widget-wrap elementor-element-populated\">\n\t\t\t\t\t\t<div class=\"elementor-element elementor-element-6107e9f elementor-widget elementor-widget-heading\" data-id=\"6107e9f\" data-element_type=\"widget\" data-e-type=\"widget\" data-widget_type=\"heading.default\">\n\t\t\t\t<div class=\"elementor-widget-container\">\n\t\t\t\t\t<h2 class=\"elementor-heading-title elementor-size-default\">100%<\/h2>\t\t\t\t<\/div>\n\t\t\t\t<\/div>\n\t\t\t\t<div class=\"elementor-element elementor-element-dfeecb7 elementor-widget elementor-widget-text-editor\" data-id=\"dfeecb7\" data-element_type=\"widget\" data-e-type=\"widget\" data-widget_type=\"text-editor.default\">\n\t\t\t\t<div class=\"elementor-widget-container\">\n\t\t\t\t\t\t\t\t\t<p style=\"text-align: center;\">du personnel form\u00e9 en qualit\u00e9 et s\u00e9curit\u00e9<\/p>\t\t\t\t\t\t\t\t<\/div>\n\t\t\t\t<\/div>\n\t\t\t\t<div class=\"elementor-element elementor-element-90e8a23 elementor-widget elementor-widget-image\" data-id=\"90e8a23\" data-element_type=\"widget\" data-e-type=\"widget\" data-widget_type=\"image.default\">\n\t\t\t\t<div class=\"elementor-widget-container\">\n\t\t\t\t\t\t\t\t\t\t\t\t\t\t\t<img loading=\"lazy\" decoding=\"async\" width=\"812\" height=\"542\" src=\"https:\/\/www.huilecauvin.com\/wp-content\/uploads\/2025\/04\/photoco-121-90x60-1-1024x684.png\" class=\"attachment-large size-large wp-image-14850\" alt=\"\" srcset=\"https:\/\/www.huilecauvin.com\/wp-content\/uploads\/2025\/04\/photoco-121-90x60-1-1024x684.png 1024w, https:\/\/www.huilecauvin.com\/wp-content\/uploads\/2025\/04\/photoco-121-90x60-1-300x200.png 300w, https:\/\/www.huilecauvin.com\/wp-content\/uploads\/2025\/04\/photoco-121-90x60-1-768x513.png 768w, https:\/\/www.huilecauvin.com\/wp-content\/uploads\/2025\/04\/photoco-121-90x60-1-1536x1025.png 1536w, https:\/\/www.huilecauvin.com\/wp-content\/uploads\/2025\/04\/photoco-121-90x60-1-2048x1367.png 2048w, https:\/\/www.huilecauvin.com\/wp-content\/uploads\/2025\/04\/photoco-121-90x60-1-18x12.png 18w\" sizes=\"(max-width: 812px) 100vw, 812px\" \/>\t\t\t\t\t\t\t\t\t\t\t\t\t\t\t<\/div>\n\t\t\t\t<\/div>\n\t\t\t\t\t<\/div>\n\t\t<\/div>\n\t\t\t\t<div class=\"elementor-column elementor-col-33 elementor-top-column elementor-element elementor-element-98e51c8\" data-id=\"98e51c8\" data-element_type=\"column\" data-e-type=\"column\">\n\t\t\t<div class=\"elementor-widget-wrap elementor-element-populated\">\n\t\t\t\t\t\t<div class=\"elementor-element elementor-element-0fade39 elementor-widget elementor-widget-heading\" data-id=\"0fade39\" data-element_type=\"widget\" data-e-type=\"widget\" data-widget_type=\"heading.default\">\n\t\t\t\t<div class=\"elementor-widget-container\">\n\t\t\t\t\t<h2 class=\"elementor-heading-title elementor-size-default\">35%<\/h2>\t\t\t\t<\/div>\n\t\t\t\t<\/div>\n\t\t\t\t<div class=\"elementor-element elementor-element-bdfd25c elementor-widget elementor-widget-text-editor\" data-id=\"bdfd25c\" data-element_type=\"widget\" data-e-type=\"widget\" data-widget_type=\"text-editor.default\">\n\t\t\t\t<div class=\"elementor-widget-container\">\n\t\t\t\t\t\t\t\t\t<p style=\"text-align: center;\">du personnel form\u00e9 en SST (Sauveteur Secouriste du Travail)<\/p>\t\t\t\t\t\t\t\t<\/div>\n\t\t\t\t<\/div>\n\t\t\t\t<div class=\"elementor-element elementor-element-1519f9b elementor-widget elementor-widget-image\" data-id=\"1519f9b\" data-element_type=\"widget\" data-e-type=\"widget\" data-widget_type=\"image.default\">\n\t\t\t\t<div class=\"elementor-widget-container\">\n\t\t\t\t\t\t\t\t\t\t\t\t\t\t\t<img loading=\"lazy\" decoding=\"async\" width=\"812\" height=\"406\" src=\"https:\/\/www.huilecauvin.com\/wp-content\/uploads\/2025\/04\/SST-1024x512.jpg\" class=\"attachment-large size-large wp-image-14852\" alt=\"\" srcset=\"https:\/\/www.huilecauvin.com\/wp-content\/uploads\/2025\/04\/SST-1024x512.jpg 1024w, https:\/\/www.huilecauvin.com\/wp-content\/uploads\/2025\/04\/SST-300x150.jpg 300w, https:\/\/www.huilecauvin.com\/wp-content\/uploads\/2025\/04\/SST-768x384.jpg 768w, https:\/\/www.huilecauvin.com\/wp-content\/uploads\/2025\/04\/SST-18x9.jpg 18w, https:\/\/www.huilecauvin.com\/wp-content\/uploads\/2025\/04\/SST.jpg 1200w\" sizes=\"(max-width: 812px) 100vw, 812px\" \/>\t\t\t\t\t\t\t\t\t\t\t\t\t\t\t<\/div>\n\t\t\t\t<\/div>\n\t\t\t\t\t<\/div>\n\t\t<\/div>\n\t\t\t\t<div class=\"elementor-column elementor-col-33 elementor-top-column elementor-element elementor-element-e4eda7b\" data-id=\"e4eda7b\" data-element_type=\"column\" data-e-type=\"column\">\n\t\t\t<div class=\"elementor-widget-wrap elementor-element-populated\">\n\t\t\t\t\t\t<div class=\"elementor-element elementor-element-77d6372 elementor-widget elementor-widget-heading\" data-id=\"77d6372\" data-element_type=\"widget\" data-e-type=\"widget\" data-widget_type=\"heading.default\">\n\t\t\t\t<div class=\"elementor-widget-container\">\n\t\t\t\t\t<h2 class=\"elementor-heading-title elementor-size-default\">100%<\/h2>\t\t\t\t<\/div>\n\t\t\t\t<\/div>\n\t\t\t\t<div class=\"elementor-element elementor-element-6f02fec elementor-widget elementor-widget-text-editor\" data-id=\"6f02fec\" data-element_type=\"widget\" data-e-type=\"widget\" data-widget_type=\"text-editor.default\">\n\t\t\t\t<div class=\"elementor-widget-container\">\n\t\t\t\t\t\t\t\t\t<p style=\"text-align: center;\">du personnel sensibilis\u00e9 \u00e0 la s\u00e9curit\u00e9 routi\u00e8re<\/p>\t\t\t\t\t\t\t\t<\/div>\n\t\t\t\t<\/div>\n\t\t\t\t<div class=\"elementor-element elementor-element-b9192a9 elementor-widget elementor-widget-image\" data-id=\"b9192a9\" data-element_type=\"widget\" data-e-type=\"widget\" data-widget_type=\"image.default\">\n\t\t\t\t<div class=\"elementor-widget-container\">\n\t\t\t\t\t\t\t\t\t\t\t\t\t\t\t<img loading=\"lazy\" decoding=\"async\" width=\"812\" height=\"542\" src=\"https:\/\/www.huilecauvin.com\/wp-content\/uploads\/2025\/04\/AdobeStock_91957614-1024x683.jpeg\" class=\"attachment-large size-large wp-image-14856\" alt=\"\" srcset=\"https:\/\/www.huilecauvin.com\/wp-content\/uploads\/2025\/04\/AdobeStock_91957614-1024x683.jpeg 1024w, https:\/\/www.huilecauvin.com\/wp-content\/uploads\/2025\/04\/AdobeStock_91957614-300x200.jpeg 300w, https:\/\/www.huilecauvin.com\/wp-content\/uploads\/2025\/04\/AdobeStock_91957614-768x512.jpeg 768w, https:\/\/www.huilecauvin.com\/wp-content\/uploads\/2025\/04\/AdobeStock_91957614-1536x1024.jpeg 1536w, https:\/\/www.huilecauvin.com\/wp-content\/uploads\/2025\/04\/AdobeStock_91957614-2048x1365.jpeg 2048w, https:\/\/www.huilecauvin.com\/wp-content\/uploads\/2025\/04\/AdobeStock_91957614-18x12.jpeg 18w\" sizes=\"(max-width: 812px) 100vw, 812px\" \/>\t\t\t\t\t\t\t\t\t\t\t\t\t\t\t<\/div>\n\t\t\t\t<\/div>\n\t\t\t\t\t<\/div>\n\t\t<\/div>\n\t\t\t\t\t<\/div>\n\t\t<\/section>\n\t\t\t\t<\/div>","protected":false},"excerpt":{"rendered":"<p>Le pilier social L\u2019engagement\u00a0RSE\u00a0de\u00a0l\u2019entreprise,\u00a0d\u2019un\u00a0point\u00a0de\u00a0vue\u00a0social,\u00a0s\u2019exprime\u00a0principalement\u00a0\u00e0\u00a0travers\u00a0des\u00a0actions\u00a0en\u00a0faveur\u00a0des\u00a0salari\u00e9s,\u00a0notamment\u00a0en\u00a0mati\u00e8re\u00a0de\u00a0qualit\u00e9\u00a0de\u00a0vie\u00a0au\u00a0travail\u00a0et\u00a0de\u00a0coh\u00e9sion\u00a0d\u2019\u00e9quipe. Actions en faveur des salari\u00e9s Formation et int\u00e9gration pour 100% du personnel Des \u00e9quipements de\u00a0qualit\u00e9 pour tous 100% des entretiens professionnels sont r\u00e9alis\u00e9s tous les ans Organisation d&#8217;\u00e9v\u00e8nements de convivialit\u00e9 pour le personnel Conditions de travail d\u2019un point de vue sant\u00e9 et s\u00e9curit\u00e9 100% du personnel form\u00e9 en qualit\u00e9 et s\u00e9curit\u00e9 [&hellip;]<\/p>\n","protected":false},"author":1,"featured_media":0,"parent":0,"menu_order":0,"comment_status":"closed","ping_status":"closed","template":"","meta":{"_monsterinsights_skip_tracking":false,"_monsterinsights_sitenote_active":false,"_monsterinsights_sitenote_note":"","_monsterinsights_sitenote_category":0,"footnotes":""},"class_list":["post-15025","page","type-page","status-publish","hentry"],"_links":{"self":[{"href":"http:\/\/www.huilecauvin.com\/de\/wp-json\/wp\/v2\/pages\/15025","targetHints":{"allow":["GET"]}}],"collection":[{"href":"http:\/\/www.huilecauvin.com\/de\/wp-json\/wp\/v2\/pages"}],"about":[{"href":"http:\/\/www.huilecauvin.com\/de\/wp-json\/wp\/v2\/types\/page"}],"author":[{"embeddable":true,"href":"http:\/\/www.huilecauvin.com\/de\/wp-json\/wp\/v2\/users\/1"}],"replies":[{"embeddable":true,"href":"http:\/\/www.huilecauvin.com\/de\/wp-json\/wp\/v2\/comments?post=15025"}],"version-history":[{"count":0,"href":"http:\/\/www.huilecauvin.com\/de\/wp-json\/wp\/v2\/pages\/15025\/revisions"}],"wp:attachment":[{"href":"http:\/\/www.huilecauvin.com\/de\/wp-json\/wp\/v2\/media?parent=15025"}],"curies":[{"name":"wp","href":"https:\/\/api.w.org\/{rel}","templated":true}]}}